{"id":1449,"date":"2025-11-25T09:15:44","date_gmt":"2025-11-25T09:15:44","guid":{"rendered":"https:\/\/www.kedali.com\/?post_type=product&#038;p=1449"},"modified":"2025-11-25T09:47:33","modified_gmt":"2025-11-25T09:47:33","slug":"wholesale-3-piece-rectangular-ceramic-baking-dish-set","status":"publish","type":"product","link":"https:\/\/www.kedali.com\/pt\/produto\/wholesale-3-piece-rectangular-ceramic-baking-dish-set\/","title":{"rendered":"Conjunto de 3 pe\u00e7as rectangulares para assar em cer\u00e2mica"},"content":{"rendered":"<div class=\"wp-block-columns is-layout-flex wp-container-core-columns-is-layout-9d6595d7 wp-block-columns-is-layout-flex\">\n<div class=\"wp-block-column is-layout-flow wp-block-column-is-layout-flow\">\n<h3 class=\"wp-block-heading\">Carater\u00edsticas do conjunto de 3 pe\u00e7as para assar em cer\u00e2mica<\/h3>\n\n\n\n<ul class=\"wp-block-list\">\n<li><strong>Do forno \u00e0 mesa<\/strong>: O material cer\u00e2mico limpo e o design atraente permitem que sejam servidos diretamente do forno para a mesa sem necessidade de serem mudados.<\/li>\n\n\n\n<li><strong>Resist\u00eancia a altas temperaturas: <\/strong>Os nossos pratos de pastelaria por grosso de alta qualidade podem suportar as altas temperaturas dos fornos, micro-ondas e outros ambientes de cozedura.<\/li>\n\n\n\n<li><strong>F\u00e1cil de limpar:<\/strong> A superf\u00edcie lisa das placas de cer\u00e2mica permite uma lavagem simples com \u00e1gua ou um pano ap\u00f3s a cozedura.<\/li>\n\n\n\n<li><strong>Design de armazenamento: <\/strong>As assadeiras de cer\u00e2mica de 3 pe\u00e7as podem ser empilhadas de forma organizada, o que as torna ideais para utilizadores com espa\u00e7o limitado nos arm\u00e1rios da cozinha.<\/li>\n\n\n\n<li><strong>Servi\u00e7o profissional:<\/strong> Como profissional <strong><a href=\"https:\/\/www.kedali.com\/pt\/categoria-produto\/wholesale-ceramic-kitchenware\/\" target=\"_blank\" rel=\"noreferrer noopener\">fabricante de utens\u00edlios de cozinha em cer\u00e2mica<\/a><\/strong>, A nossa empresa oferece uma grande variedade de utens\u00edlios de cozinha em cer\u00e2mica por atacado, fornecendo cota\u00e7\u00f5es de f\u00e1brica e apoiando servi\u00e7os OEM e ODM.<\/li>\n<\/ul>\n\n\n\n<h3 class=\"wp-block-heading\">Servi\u00e7o personalizado<\/h3>\n\n\n\n<ul class=\"wp-block-list\">\n<li>Suporte OEM e ODM<\/li>\n\n\n\n<li>Entrega r\u00e1pida de amostras.<\/li>\n\n\n\n<li>Fornecer forma personalizada do produto, cor, padr\u00e3o, embalagem e outros servi\u00e7os personalizados.<\/li>\n<\/ul>\n<\/div>\n\n\n\n<div class=\"wp-block-column is-layout-flow wp-block-column-is-layout-flow\">\n<figure class=\"wp-block-image size-full\"><img decoding=\"async\" width=\"800\" height=\"800\" src=\"https:\/\/www.kedali.com\/wp-content\/uploads\/2025\/11\/specifications-of-ceramic-baking-dishes.webp\" alt=\"especifica\u00e7\u00f5es de assadeiras de cer\u00e2mica\" class=\"wp-image-1450\" srcset=\"https:\/\/www.kedali.com\/wp-content\/uploads\/2025\/11\/specifications-of-ceramic-baking-dishes.webp 800w, https:\/\/www.kedali.com\/wp-content\/uploads\/2025\/11\/specifications-of-ceramic-baking-dishes-300x300.webp 300w, https:\/\/www.kedali.com\/wp-content\/uploads\/2025\/11\/specifications-of-ceramic-baking-dishes-150x150.webp 150w, https:\/\/www.kedali.com\/wp-content\/uploads\/2025\/11\/specifications-of-ceramic-baking-dishes-768x768.webp 768w, https:\/\/www.kedali.com\/wp-content\/uploads\/2025\/11\/specifications-of-ceramic-baking-dishes-12x12.webp 12w, https:\/\/www.kedali.com\/wp-content\/uploads\/2025\/11\/specifications-of-ceramic-baking-dishes-600x600.webp 600w, https:\/\/www.kedali.com\/wp-content\/uploads\/2025\/11\/specifications-of-ceramic-baking-dishes-100x100.webp 100w\" sizes=\"(max-width: 800px) 100vw, 800px\" \/><\/figure>\n<\/div>\n<\/div>\n\n\n\n<div class=\"wp-block-columns is-layout-flex wp-container-core-columns-is-layout-9d6595d7 wp-block-columns-is-layout-flex\">\n<div class=\"wp-block-column is-layout-flow wp-block-column-is-layout-flow\">\n<figure class=\"wp-block-image size-full\"><img decoding=\"async\" width=\"800\" height=\"800\" src=\"https:\/\/www.kedali.com\/wp-content\/uploads\/2025\/11\/wholesale-ceramic-baking-dishes-2-1.webp\" alt=\"pratos de cer\u00e2mica para assar por atacado (2)\" class=\"wp-image-1452\" srcset=\"https:\/\/www.kedali.com\/wp-content\/uploads\/2025\/11\/wholesale-ceramic-baking-dishes-2-1.webp 800w, https:\/\/www.kedali.com\/wp-content\/uploads\/2025\/11\/wholesale-ceramic-baking-dishes-2-1-300x300.webp 300w, https:\/\/www.kedali.com\/wp-content\/uploads\/2025\/11\/wholesale-ceramic-baking-dishes-2-1-150x150.webp 150w, https:\/\/www.kedali.com\/wp-content\/uploads\/2025\/11\/wholesale-ceramic-baking-dishes-2-1-768x768.webp 768w, https:\/\/www.kedali.com\/wp-content\/uploads\/2025\/11\/wholesale-ceramic-baking-dishes-2-1-12x12.webp 12w, https:\/\/www.kedali.com\/wp-content\/uploads\/2025\/11\/wholesale-ceramic-baking-dishes-2-1-600x600.webp 600w, https:\/\/www.kedali.com\/wp-content\/uploads\/2025\/11\/wholesale-ceramic-baking-dishes-2-1-100x100.webp 100w\" sizes=\"(max-width: 800px) 100vw, 800px\" \/><\/figure>\n<\/div>\n\n\n\n<div class=\"wp-block-column is-layout-flow wp-block-column-is-layout-flow\">\n<figure class=\"wp-block-image size-full\"><img decoding=\"async\" width=\"800\" height=\"800\" src=\"https:\/\/www.kedali.com\/wp-content\/uploads\/2025\/11\/wholesale-ceramic-baking-dishes-3-1.webp\" alt=\"pratos de cer\u00e2mica para assar por atacado (3)\" class=\"wp-image-1453\" srcset=\"https:\/\/www.kedali.com\/wp-content\/uploads\/2025\/11\/wholesale-ceramic-baking-dishes-3-1.webp 800w, https:\/\/www.kedali.com\/wp-content\/uploads\/2025\/11\/wholesale-ceramic-baking-dishes-3-1-300x300.webp 300w, https:\/\/www.kedali.com\/wp-content\/uploads\/2025\/11\/wholesale-ceramic-baking-dishes-3-1-150x150.webp 150w, https:\/\/www.kedali.com\/wp-content\/uploads\/2025\/11\/wholesale-ceramic-baking-dishes-3-1-768x768.webp 768w, https:\/\/www.kedali.com\/wp-content\/uploads\/2025\/11\/wholesale-ceramic-baking-dishes-3-1-12x12.webp 12w, https:\/\/www.kedali.com\/wp-content\/uploads\/2025\/11\/wholesale-ceramic-baking-dishes-3-1-600x600.webp 600w, https:\/\/www.kedali.com\/wp-content\/uploads\/2025\/11\/wholesale-ceramic-baking-dishes-3-1-100x100.webp 100w\" sizes=\"(max-width: 800px) 100vw, 800px\" \/><\/figure>\n<\/div>\n<\/div>","protected":false},"excerpt":{"rendered":"<p>Conjunto de 3 pe\u00e7as de cer\u00e2mica para assar por atacado. Com uma est\u00e9tica moderna a preto e branco, o seu design elegante permite refei\u00e7\u00f5es diretas do forno para a mesa, melhorando a experi\u00eancia gastron\u00f3mica. O design empilh\u00e1vel e economizador de espa\u00e7o facilita uma arruma\u00e7\u00e3o eficiente, tornando-o adequado tanto para cozinhas comerciais como dom\u00e9sticas. Este conjunto est\u00e1 dispon\u00edvel para encomendas por grosso a pre\u00e7os altamente competitivos, ideal para compradores B2B.<\/p>\n<p>Somos uma empresa profissional <a href=\"https:\/\/www.kedali.com\/pt\/categoria-produto\/wholesale-ceramic-kitchenware\/\" target=\"_blank\" rel=\"noopener\"><strong>fabricante de utens\u00edlios de cozinha em cer\u00e2mica<\/strong><\/a>, fornecendo v\u00e1rios tipos de utens\u00edlios de cozinha em cer\u00e2mica. Contacte-nos agora!<\/p>\n<h2>Especifica\u00e7\u00f5es do Conjunto de assadeiras de cer\u00e2mica<\/h2>\n<table width=\"235\">\n<tbody>\n<tr>\n<td width=\"69\">Marca<\/td>\n<td width=\"166\">KDL<\/td>\n<\/tr>\n<tr>\n<td width=\"69\">Modelo<\/td>\n<td width=\"166\">TDS1569-13AH-A446<\/td>\n<\/tr>\n<tr>\n<td width=\"69\">Material<\/td>\n<td width=\"166\">cer\u00e2mica<\/td>\n<\/tr>\n<tr>\n<td width=\"69\">cor<\/td>\n<td width=\"166\">branco<\/td>\n<\/tr>\n<tr>\n<td width=\"69\">Aplica\u00e7\u00e3o<\/td>\n<td width=\"166\">panelas de cer\u00e2mica<\/td>\n<\/tr>\n<tr>\n<td width=\"69\">Carater\u00edstica<\/td>\n<td width=\"166\">decalque<\/td>\n<\/tr>\n<tr>\n<td width=\"69\">Dimens\u00f5es<\/td>\n<td width=\"166\">\n<p data-pm-slice=\"0 0 []\">23,2 \u00d7 13,7 \u00d7 5,1 cm \uff080,72 kg\uff09<\/p>\n<p>28,3 \u00d7 16,8 \u00d7 5,1 cm \uff081 kg\uff09<\/p>\n<p>33,5 \u00d7 20 \u00d7 5,1 cm \uff081,6 kg\uff09<\/p>\n<\/td>\n<\/tr>\n<tr>\n<td width=\"69\">Quantidade m\u00ednima de encomenda<\/td>\n<td width=\"166\">800 conjuntos<\/td>\n<\/tr>\n<\/tbody>\n<\/table>\n<p>&nbsp;<\/p>\n<p>\n<script src=\"chrome-extension:\/\/fpelahbljekknahkcaegamhcndkfpfnc\/iFrame.js\" type=\"text\/javascript\"><\/script><\/p>","protected":false},"featured_media":1451,"comment_status":"closed","ping_status":"closed","template":"","meta":{"_acf_changed":false},"product_brand":[],"product_cat":[18,34],"product_tag":[],"class_list":{"0":"post-1449","1":"product","2":"type-product","3":"status-publish","4":"has-post-thumbnail","6":"product_cat-wholesale-ceramic-kitchenware","7":"product_cat-wholesale-ceramic-bakeware","9":"first","10":"instock","11":"shipping-taxable","12":"product-type-simple"},"acf":[],"_links":{"self":[{"href":"https:\/\/www.kedali.com\/pt\/wp-json\/wp\/v2\/product\/1449","targetHints":{"allow":["GET"]}}],"collection":[{"href":"https:\/\/www.kedali.com\/pt\/wp-json\/wp\/v2\/product"}],"about":[{"href":"https:\/\/www.kedali.com\/pt\/wp-json\/wp\/v2\/types\/product"}],"replies":[{"embeddable":true,"href":"https:\/\/www.kedali.com\/pt\/wp-json\/wp\/v2\/comments?post=1449"}],"wp:featuredmedia":[{"embeddable":true,"href":"https:\/\/www.kedali.com\/pt\/wp-json\/wp\/v2\/media\/1451"}],"wp:attachment":[{"href":"https:\/\/www.kedali.com\/pt\/wp-json\/wp\/v2\/media?parent=1449"}],"wp:term":[{"taxonomy":"product_brand","embeddable":true,"href":"https:\/\/www.kedali.com\/pt\/wp-json\/wp\/v2\/product_brand?post=1449"},{"taxonomy":"product_cat","embeddable":true,"href":"https:\/\/www.kedali.com\/pt\/wp-json\/wp\/v2\/product_cat?post=1449"},{"taxonomy":"product_tag","embeddable":true,"href":"https:\/\/www.kedali.com\/pt\/wp-json\/wp\/v2\/product_tag?post=1449"}],"curies":[{"name":"wp","href":"https:\/\/api.w.org\/{rel}","templated":true}]}}