{"id":1456,"date":"2025-11-25T09:48:29","date_gmt":"2025-11-25T09:48:29","guid":{"rendered":"https:\/\/www.kedali.com\/?post_type=product&#038;p=1456"},"modified":"2025-11-25T10:12:41","modified_gmt":"2025-11-25T10:12:41","slug":"wholesale-ceramic-baking-and-roasting-dish-set","status":"publish","type":"product","link":"https:\/\/www.kedali.com\/pt\/produto\/wholesale-ceramic-baking-and-roasting-dish-set\/","title":{"rendered":"Conjunto de 3 pe\u00e7as de cer\u00e2mica para cozer e assar por atacado em v\u00e1rias cores"},"content":{"rendered":"<div class=\"wp-block-columns is-layout-flex wp-container-core-columns-is-layout-9d6595d7 wp-block-columns-is-layout-flex\">\n<div class=\"wp-block-column is-layout-flow wp-block-column-is-layout-flow\">\n<h3 class=\"wp-block-heading\">Carater\u00edsticas do conjunto de assadeiras de cer\u00e2mica<\/h3>\n\n\n\n<ul class=\"wp-block-list\">\n<li><strong>Aspeto elegante: <\/strong>O conjunto de assadeiras de cer\u00e2mica para venda por grosso apresenta cores vibrantes, acrescentando beleza \u00e0 cozinha e tornando os alimentos servidos mais apelativos.<\/li>\n\n\n\n<li><strong>V\u00e1rios tamanhos:<\/strong> O conjunto de assadeiras de cer\u00e2mica \u00e9 fornecido numa variedade de tamanhos, permitindo aos utilizadores escolher o prato perfeito para uma variedade de alimentos, desde gratinados de dose \u00fanica a frangos assados inteiros.<\/li>\n\n\n\n<li><strong>Compatibilidade com v\u00e1rias cenas: <\/strong>O conjunto de assadeiras de cer\u00e2mica para venda por grosso \u00e9 compat\u00edvel com fornos, micro-ondas, frigor\u00edficos e outros aparelhos de cozinha, permitindo opera\u00e7\u00f5es integradas de \u201crefrigera\u00e7\u00e3o \u2192 assar \u2192 servir\u201d, melhorando a efici\u00eancia da cozedura.<\/li>\n\n\n\n<li><strong>Multi-funcionalidade: <\/strong>Desde a cozedura (bolos, p\u00e3o), passando pela cozedura (cozer a vapor, assar, estufar) at\u00e9 ao servi\u00e7o di\u00e1rio (massa instant\u00e2nea, salada de frutas), satisfaz as necessidades das refei\u00e7\u00f5es familiares di\u00e1rias e da cozinha criativa.<\/li>\n\n\n\n<li><strong>Design centrado no ser humano:<\/strong> O design do cabo com orelha dupla\/curvo evita queimaduras e proporciona uma ader\u00eancia confort\u00e1vel.<\/li>\n<\/ul>\n\n\n\n<h3 class=\"wp-block-heading\">Servi\u00e7o personalizado<\/h3>\n\n\n\n<ul class=\"wp-block-list\">\n<li>Suporte OEM e ODM<\/li>\n\n\n\n<li>Entrega r\u00e1pida de amostras.<\/li>\n\n\n\n<li>Fornecer forma personalizada do produto, cor, padr\u00e3o, embalagem e outros servi\u00e7os personalizados.<\/li>\n<\/ul>\n<\/div>\n\n\n\n<div class=\"wp-block-column is-layout-flow wp-block-column-is-layout-flow\">\n<figure class=\"wp-block-image size-full\"><img decoding=\"async\" width=\"750\" height=\"750\" src=\"https:\/\/www.kedali.com\/wp-content\/uploads\/2025\/11\/details-of-ceramic-roasting-dish.webp\" alt=\"pormenores da assadeira de cer\u00e2mica\" class=\"wp-image-1457\" srcset=\"https:\/\/www.kedali.com\/wp-content\/uploads\/2025\/11\/details-of-ceramic-roasting-dish.webp 750w, https:\/\/www.kedali.com\/wp-content\/uploads\/2025\/11\/details-of-ceramic-roasting-dish-300x300.webp 300w, https:\/\/www.kedali.com\/wp-content\/uploads\/2025\/11\/details-of-ceramic-roasting-dish-150x150.webp 150w, https:\/\/www.kedali.com\/wp-content\/uploads\/2025\/11\/details-of-ceramic-roasting-dish-12x12.webp 12w, https:\/\/www.kedali.com\/wp-content\/uploads\/2025\/11\/details-of-ceramic-roasting-dish-600x600.webp 600w, https:\/\/www.kedali.com\/wp-content\/uploads\/2025\/11\/details-of-ceramic-roasting-dish-100x100.webp 100w\" sizes=\"(max-width: 750px) 100vw, 750px\" \/><\/figure>\n<\/div>\n<\/div>\n\n\n\n<div class=\"wp-block-columns is-layout-flex wp-container-core-columns-is-layout-9d6595d7 wp-block-columns-is-layout-flex\">\n<div class=\"wp-block-column is-layout-flow wp-block-column-is-layout-flow\">\n<figure class=\"wp-block-image size-full\"><img decoding=\"async\" width=\"750\" height=\"750\" src=\"https:\/\/www.kedali.com\/wp-content\/uploads\/2025\/11\/wholesale-ceramic-roasting-dishes-3.webp\" alt=\"pratos para assar em cer\u00e2mica por atacado (3)\" class=\"wp-image-1460\" srcset=\"https:\/\/www.kedali.com\/wp-content\/uploads\/2025\/11\/wholesale-ceramic-roasting-dishes-3.webp 750w, https:\/\/www.kedali.com\/wp-content\/uploads\/2025\/11\/wholesale-ceramic-roasting-dishes-3-300x300.webp 300w, https:\/\/www.kedali.com\/wp-content\/uploads\/2025\/11\/wholesale-ceramic-roasting-dishes-3-150x150.webp 150w, https:\/\/www.kedali.com\/wp-content\/uploads\/2025\/11\/wholesale-ceramic-roasting-dishes-3-12x12.webp 12w, https:\/\/www.kedali.com\/wp-content\/uploads\/2025\/11\/wholesale-ceramic-roasting-dishes-3-600x600.webp 600w, https:\/\/www.kedali.com\/wp-content\/uploads\/2025\/11\/wholesale-ceramic-roasting-dishes-3-100x100.webp 100w\" sizes=\"(max-width: 750px) 100vw, 750px\" \/><\/figure>\n<\/div>\n\n\n\n<div class=\"wp-block-column is-layout-flow wp-block-column-is-layout-flow\">\n<figure class=\"wp-block-image size-full\"><img decoding=\"async\" width=\"750\" height=\"750\" src=\"https:\/\/www.kedali.com\/wp-content\/uploads\/2025\/11\/wholesale-ceramic-roasting-dishes-4.webp\" alt=\"pratos para assar em cer\u00e2mica por atacado (4)\" class=\"wp-image-1461\" srcset=\"https:\/\/www.kedali.com\/wp-content\/uploads\/2025\/11\/wholesale-ceramic-roasting-dishes-4.webp 750w, https:\/\/www.kedali.com\/wp-content\/uploads\/2025\/11\/wholesale-ceramic-roasting-dishes-4-300x300.webp 300w, https:\/\/www.kedali.com\/wp-content\/uploads\/2025\/11\/wholesale-ceramic-roasting-dishes-4-150x150.webp 150w, https:\/\/www.kedali.com\/wp-content\/uploads\/2025\/11\/wholesale-ceramic-roasting-dishes-4-12x12.webp 12w, https:\/\/www.kedali.com\/wp-content\/uploads\/2025\/11\/wholesale-ceramic-roasting-dishes-4-600x600.webp 600w, https:\/\/www.kedali.com\/wp-content\/uploads\/2025\/11\/wholesale-ceramic-roasting-dishes-4-100x100.webp 100w\" sizes=\"(max-width: 750px) 100vw, 750px\" \/><\/figure>\n<\/div>\n<\/div>","protected":false},"excerpt":{"rendered":"<p>Conjunto de 3 pe\u00e7as de cer\u00e2mica para cozer e assar por grosso. Dispon\u00edvel em v\u00e1rias cores e personaliz\u00e1vel para se adequar \u00e0s necessidades de estilo do seu restaurante ou marca. Estas panelas s\u00e3o feitas de cer\u00e2mica de alta qualidade, garantindo uma distribui\u00e7\u00e3o uniforme do calor para resultados perfeitos de cozedura e assadura. Os restaurantes, os fornecedores de servi\u00e7os de catering e os grossistas retalhistas podem fazer encomendas a granel.<\/p>\n<h2>Especifica\u00e7\u00f5es do Conjunto de assadeiras de cer\u00e2mica<\/h2>\n<table width=\"235\">\n<tbody>\n<tr>\n<td width=\"69\">Marca<\/td>\n<td width=\"166\">KDL<\/td>\n<\/tr>\n<tr>\n<td width=\"69\">Modelo<\/td>\n<td width=\"166\">TDS1667<\/td>\n<\/tr>\n<tr>\n<td width=\"69\">Material<\/td>\n<td width=\"166\">cer\u00e2mica<\/td>\n<\/tr>\n<tr>\n<td width=\"69\">cor<\/td>\n<td width=\"166\">personaliz\u00e1vel<\/td>\n<\/tr>\n<tr>\n<td width=\"69\">Aplica\u00e7\u00e3o<\/td>\n<td width=\"166\">panifica\u00e7\u00e3o<\/td>\n<\/tr>\n<tr>\n<td width=\"69\">Carater\u00edstica<\/td>\n<td width=\"166\">vidrado a cores<\/td>\n<\/tr>\n<tr>\n<td width=\"69\">Dimens\u00f5es<\/td>\n<td width=\"166\">25 \u00d7 14 \u00d7 6,5 cm (0,8 kg)<br data-start=\"23\" data-end=\"26\" \/>31,2 \u00d7 18,5 \u00d7 7,2 cm (1,3 kg)<br data-start=\"53\" data-end=\"56\" \/>39,7 \u00d7 22,9 \u00d7 7,5 cm (1,56 kg)<\/td>\n<\/tr>\n<tr>\n<td width=\"69\">Quantidade m\u00ednima de encomenda<\/td>\n<td width=\"166\">800 conjuntos<\/td>\n<\/tr>\n<\/tbody>\n<\/table>\n<p>&nbsp;<\/p>","protected":false},"featured_media":1458,"comment_status":"closed","ping_status":"closed","template":"","meta":{"_acf_changed":false},"product_brand":[],"product_cat":[18,34],"product_tag":[],"class_list":{"0":"post-1456","1":"product","2":"type-product","3":"status-publish","4":"has-post-thumbnail","6":"product_cat-wholesale-ceramic-kitchenware","7":"product_cat-wholesale-ceramic-bakeware","9":"first","10":"instock","11":"shipping-taxable","12":"product-type-simple"},"acf":[],"_links":{"self":[{"href":"https:\/\/www.kedali.com\/pt\/wp-json\/wp\/v2\/product\/1456","targetHints":{"allow":["GET"]}}],"collection":[{"href":"https:\/\/www.kedali.com\/pt\/wp-json\/wp\/v2\/product"}],"about":[{"href":"https:\/\/www.kedali.com\/pt\/wp-json\/wp\/v2\/types\/product"}],"replies":[{"embeddable":true,"href":"https:\/\/www.kedali.com\/pt\/wp-json\/wp\/v2\/comments?post=1456"}],"wp:featuredmedia":[{"embeddable":true,"href":"https:\/\/www.kedali.com\/pt\/wp-json\/wp\/v2\/media\/1458"}],"wp:attachment":[{"href":"https:\/\/www.kedali.com\/pt\/wp-json\/wp\/v2\/media?parent=1456"}],"wp:term":[{"taxonomy":"product_brand","embeddable":true,"href":"https:\/\/www.kedali.com\/pt\/wp-json\/wp\/v2\/product_brand?post=1456"},{"taxonomy":"product_cat","embeddable":true,"href":"https:\/\/www.kedali.com\/pt\/wp-json\/wp\/v2\/product_cat?post=1456"},{"taxonomy":"product_tag","embeddable":true,"href":"https:\/\/www.kedali.com\/pt\/wp-json\/wp\/v2\/product_tag?post=1456"}],"curies":[{"name":"wp","href":"https:\/\/api.w.org\/{rel}","templated":true}]}}