{"id":1469,"date":"2025-11-27T01:26:59","date_gmt":"2025-11-27T01:26:59","guid":{"rendered":"https:\/\/www.kedali.com\/?post_type=product&#038;p=1469"},"modified":"2025-11-27T01:50:49","modified_gmt":"2025-11-27T01:50:49","slug":"wholesale-creative-cow-shaped-ceramic-butter-dishes","status":"publish","type":"product","link":"https:\/\/www.kedali.com\/pt\/produto\/wholesale-creative-cow-shaped-ceramic-butter-dishes\/","title":{"rendered":"Manteigueiras de cer\u00e2mica branca por atacado - Manteigueira em forma de vaca"},"content":{"rendered":"<div class=\"wp-block-columns is-layout-flex wp-container-core-columns-is-layout-9d6595d7 wp-block-columns-is-layout-flex\">\n<div class=\"wp-block-column is-layout-flow wp-block-column-is-layout-flow\">\n<h3 class=\"wp-block-heading\">Carater\u00edsticas dos pratos de manteiga em cer\u00e2mica<\/h3>\n\n\n\n<ul class=\"wp-block-list\">\n<li><strong>Desenho da vaca: <\/strong>Este prato para manteiga apresenta uma forma de vaca em 3D, gira e inovadora, rompendo com a monotonia dos pratos para manteiga tradicionais e tornando-o um ponto focal visual na mesa.<\/li>\n\n\n\n<li><strong>Versatilidade de utiliza\u00e7\u00e3o: <\/strong>O prato plano retangular \u00e9 adequado para barras de manteiga normais e tamb\u00e9m pode ser utilizado independentemente para servir outros itens pequenos, como p\u00e3o, \u00f3leos para molhar, azeitonas ou aperitivos.<\/li>\n\n\n\n<li><strong>F\u00e1cil de limpar: <\/strong>A superf\u00edcie lisa e n\u00e3o porosa da cer\u00e2mica pode ser lavada na m\u00e1quina de lavar lou\u00e7a, o que torna a limpeza r\u00e1pida e f\u00e1cil.<\/li>\n\n\n\n<li><strong>Fornecimento a granel:<\/strong> Somos um fabricante profissional de utens\u00edlios de cozinha em cer\u00e2mica com linhas de produ\u00e7\u00e3o est\u00e1veis, fornecendo pratos de manteiga a granel a pre\u00e7os de f\u00e1brica.<\/li>\n<\/ul>\n\n\n\n<h3 class=\"wp-block-heading\">Servi\u00e7o personalizado<\/h3>\n\n\n\n<ul class=\"wp-block-list\">\n<li>Suporte OEM e ODM<\/li>\n\n\n\n<li>Entrega r\u00e1pida de amostras.<\/li>\n\n\n\n<li>Fornecer forma personalizada do produto, cor, padr\u00e3o, embalagem e outros servi\u00e7os personalizados.<\/li>\n<\/ul>\n<\/div>\n\n\n\n<div class=\"wp-block-column is-layout-flow wp-block-column-is-layout-flow\">\n<figure class=\"wp-block-image size-full\"><img decoding=\"async\" width=\"800\" height=\"800\" src=\"https:\/\/www.kedali.com\/wp-content\/uploads\/2025\/11\/details-of-butter-dish.webp\" alt=\"pormenores da manteigueira\" class=\"wp-image-1475\" srcset=\"https:\/\/www.kedali.com\/wp-content\/uploads\/2025\/11\/details-of-butter-dish.webp 800w, https:\/\/www.kedali.com\/wp-content\/uploads\/2025\/11\/details-of-butter-dish-300x300.webp 300w, https:\/\/www.kedali.com\/wp-content\/uploads\/2025\/11\/details-of-butter-dish-150x150.webp 150w, https:\/\/www.kedali.com\/wp-content\/uploads\/2025\/11\/details-of-butter-dish-768x768.webp 768w, https:\/\/www.kedali.com\/wp-content\/uploads\/2025\/11\/details-of-butter-dish-12x12.webp 12w, https:\/\/www.kedali.com\/wp-content\/uploads\/2025\/11\/details-of-butter-dish-600x600.webp 600w, https:\/\/www.kedali.com\/wp-content\/uploads\/2025\/11\/details-of-butter-dish-100x100.webp 100w\" sizes=\"(max-width: 800px) 100vw, 800px\" \/><\/figure>\n<\/div>\n<\/div>\n\n\n\n<p><\/p>","protected":false},"excerpt":{"rendered":"<p data-pm-slice=\"0 0 []\">Bem-vindo ao comprar pratos de manteiga de cer\u00e2mica por atacado. Este elegante e herm\u00e9tico prato para manteiga n\u00e3o s\u00f3 mant\u00e9m a manteiga fresca e saborosa, como tamb\u00e9m d\u00e1 um toque divertido a qualquer cozinha. Feito de cer\u00e2mica n\u00e3o t\u00f3xica, dur\u00e1vel e segura para micro-ondas, combina praticidade com charme decorativo, tornando-o ideal para encomendas a granel e retalho.<\/p>\n<p>Como profissional <a href=\"https:\/\/www.kedali.com\/pt\/categoria-produto\/wholesale-ceramic-kitchenware\/\" target=\"_blank\" rel=\"noopener\"><strong>fabricante de utens\u00edlios de cozinha em cer\u00e2mica<\/strong><\/a>, A nossa empresa apoia o fornecimento a granel, bem como os servi\u00e7os OEM e ODM. Contacte-nos hoje.<\/p>\n<h2>Especifica\u00e7\u00f5es dos pratos de manteiga em cer\u00e2mica branca<\/h2>\n<table width=\"235\">\n<tbody>\n<tr>\n<td width=\"69\">Marca<\/td>\n<td width=\"166\">KDL<\/td>\n<\/tr>\n<tr>\n<td width=\"69\">Modelo<\/td>\n<td width=\"166\">TDP486-7<\/td>\n<\/tr>\n<tr>\n<td width=\"69\">Material<\/td>\n<td width=\"166\">cer\u00e2mica<\/td>\n<\/tr>\n<tr>\n<td width=\"69\">cor<\/td>\n<td width=\"166\">branco<\/td>\n<\/tr>\n<tr>\n<td width=\"69\">Aplica\u00e7\u00e3o<\/td>\n<td width=\"166\">manteigueira de cer\u00e2mica<\/td>\n<\/tr>\n<tr>\n<td width=\"69\">Carater\u00edstica<\/td>\n<td width=\"166\">esculpidas<\/td>\n<\/tr>\n<tr>\n<td width=\"69\">Dimens\u00f5es<\/td>\n<td width=\"166\">tampa: 15,8 \u00d7 8,3 \u00d7 9,7 cm<br data-start=\"24\" data-end=\"27\" \/>corpo: CONJUNTO: 18,5 \u00d7 10 \u00d7 11 cm<\/td>\n<\/tr>\n<tr>\n<td width=\"69\">Peso bruto (kg)<\/td>\n<td width=\"166\">1kg<\/td>\n<\/tr>\n<tr>\n<td width=\"69\">Quantidade m\u00ednima de encomenda<\/td>\n<td width=\"166\">800 conjuntos<\/td>\n<\/tr>\n<\/tbody>\n<\/table>\n<p>&nbsp;<\/p>\n<p>\n<script src=\"chrome-extension:\/\/fpelahbljekknahkcaegamhcndkfpfnc\/iFrame.js\" type=\"text\/javascript\"><\/script><\/p>","protected":false},"featured_media":1470,"comment_status":"closed","ping_status":"closed","template":"","meta":{"_acf_changed":false},"product_brand":[],"product_cat":[18,35],"product_tag":[],"class_list":{"0":"post-1469","1":"product","2":"type-product","3":"status-publish","4":"has-post-thumbnail","6":"product_cat-wholesale-ceramic-kitchenware","7":"product_cat-wholesale-ceramic-butter-dishes","9":"first","10":"instock","11":"shipping-taxable","12":"product-type-simple"},"acf":[],"_links":{"self":[{"href":"https:\/\/www.kedali.com\/pt\/wp-json\/wp\/v2\/product\/1469","targetHints":{"allow":["GET"]}}],"collection":[{"href":"https:\/\/www.kedali.com\/pt\/wp-json\/wp\/v2\/product"}],"about":[{"href":"https:\/\/www.kedali.com\/pt\/wp-json\/wp\/v2\/types\/product"}],"replies":[{"embeddable":true,"href":"https:\/\/www.kedali.com\/pt\/wp-json\/wp\/v2\/comments?post=1469"}],"wp:featuredmedia":[{"embeddable":true,"href":"https:\/\/www.kedali.com\/pt\/wp-json\/wp\/v2\/media\/1470"}],"wp:attachment":[{"href":"https:\/\/www.kedali.com\/pt\/wp-json\/wp\/v2\/media?parent=1469"}],"wp:term":[{"taxonomy":"product_brand","embeddable":true,"href":"https:\/\/www.kedali.com\/pt\/wp-json\/wp\/v2\/product_brand?post=1469"},{"taxonomy":"product_cat","embeddable":true,"href":"https:\/\/www.kedali.com\/pt\/wp-json\/wp\/v2\/product_cat?post=1469"},{"taxonomy":"product_tag","embeddable":true,"href":"https:\/\/www.kedali.com\/pt\/wp-json\/wp\/v2\/product_tag?post=1469"}],"curies":[{"name":"wp","href":"https:\/\/api.w.org\/{rel}","templated":true}]}}