{"id":1476,"date":"2025-11-27T01:55:24","date_gmt":"2025-11-27T01:55:24","guid":{"rendered":"https:\/\/www.kedali.com\/?post_type=product&#038;p=1476"},"modified":"2025-11-27T02:21:59","modified_gmt":"2025-11-27T02:21:59","slug":"wholesale-ceramic-canister-set","status":"publish","type":"product","link":"https:\/\/www.kedali.com\/pt\/produto\/wholesale-ceramic-canister-set\/","title":{"rendered":"Conjunto de recipientes de cer\u00e2mica por atacado - Frascos de armazenamento herm\u00e9ticos para caf\u00e9, ch\u00e1, a\u00e7\u00facar e muito mais"},"content":{"rendered":"<div class=\"wp-block-columns is-layout-flex wp-container-core-columns-is-layout-9d6595d7 wp-block-columns-is-layout-flex\">\n<div class=\"wp-block-column is-layout-flow wp-block-column-is-layout-flow\">\n<h3 class=\"wp-block-heading\">Carater\u00edsticas do conjunto de recipientes de cer\u00e2mica<\/h3>\n\n\n\n<ul class=\"wp-block-list\">\n<li><strong>Est\u00e9tica:<\/strong> O nosso conjunto de recipientes de cer\u00e2mica por atacado apresenta um esquema de cores preto e branco combinado com uma tampa de bambu natural, apresentando um aspeto limpo, moderno e atraente, adequado para uma decora\u00e7\u00e3o contempor\u00e2nea.<\/li>\n\n\n\n<li><strong>Armazenamento seguro: <\/strong>A cer\u00e2mica \u00e9 um material de qualidade alimentar, ideal para armazenar produtos secos, como caf\u00e9 em gr\u00e3o, ch\u00e1, a\u00e7\u00facar, especiarias ou farinha.<\/li>\n\n\n\n<li><strong>Veda\u00e7\u00e3o: <\/strong>Ap\u00f3s a cozedura a alta temperatura, o material cer\u00e2mico possui uma excelente estanquidade ao ar e resist\u00eancia \u00e0 corros\u00e3o, isolando eficazmente o ar e a humidade externos.<\/li>\n\n\n\n<li><strong>Tamanhos e utiliza\u00e7\u00f5es vers\u00e1teis: <\/strong>O conjunto de recipientes de cer\u00e2mica est\u00e1 dispon\u00edvel em v\u00e1rios tamanhos, proporcionando op\u00e7\u00f5es de armazenamento flex\u00edveis para diferentes quantidades e tipos de artigos, desde gr\u00e3os de caf\u00e9, ch\u00e1 e a\u00e7\u00facar a snacks e at\u00e9 artigos n\u00e3o alimentares, como cotonetes ou material de artesanato.<\/li>\n\n\n\n<li><strong>Fornecimento est\u00e1vel a granel:<\/strong> Como profissional <strong><a href=\"https:\/\/www.kedali.com\/pt\/categoria-produto\/wholesale-ceramic-kitchenware\/wholesale-ceramic-canister-storage-jars\/\" target=\"_blank\" rel=\"noreferrer noopener\">fabricante e fornecedor de recipientes de cer\u00e2mica<\/a><\/strong>, Fornecemos conjuntos de recipientes de cer\u00e2mica a granel a pre\u00e7os competitivos e apoiamos OEM e ODM.<\/li>\n<\/ul>\n\n\n\n<h3 class=\"wp-block-heading\">Servi\u00e7o personalizado<\/h3>\n\n\n\n<ul class=\"wp-block-list\">\n<li>Suporte OEM e ODM<\/li>\n\n\n\n<li>Entrega r\u00e1pida de amostras.<\/li>\n\n\n\n<li>Fornecer forma personalizada do produto, cor, padr\u00e3o, embalagem e outros servi\u00e7os personalizados.<\/li>\n<\/ul>\n<\/div>\n\n\n\n<div class=\"wp-block-column is-layout-flow wp-block-column-is-layout-flow\">\n<figure class=\"wp-block-image size-full\"><img decoding=\"async\" width=\"800\" height=\"800\" src=\"https:\/\/www.kedali.com\/wp-content\/uploads\/2025\/11\/details-of-ceramic-canister-set.webp\" alt=\"pormenores do conjunto de recipientes de cer\u00e2mica\" class=\"wp-image-1477\" srcset=\"https:\/\/www.kedali.com\/wp-content\/uploads\/2025\/11\/details-of-ceramic-canister-set.webp 800w, https:\/\/www.kedali.com\/wp-content\/uploads\/2025\/11\/details-of-ceramic-canister-set-300x300.webp 300w, https:\/\/www.kedali.com\/wp-content\/uploads\/2025\/11\/details-of-ceramic-canister-set-150x150.webp 150w, https:\/\/www.kedali.com\/wp-content\/uploads\/2025\/11\/details-of-ceramic-canister-set-768x768.webp 768w, https:\/\/www.kedali.com\/wp-content\/uploads\/2025\/11\/details-of-ceramic-canister-set-12x12.webp 12w, https:\/\/www.kedali.com\/wp-content\/uploads\/2025\/11\/details-of-ceramic-canister-set-600x600.webp 600w, https:\/\/www.kedali.com\/wp-content\/uploads\/2025\/11\/details-of-ceramic-canister-set-100x100.webp 100w\" sizes=\"(max-width: 800px) 100vw, 800px\" \/><\/figure>\n<\/div>\n<\/div>","protected":false},"excerpt":{"rendered":"<p>Conjunto de recipientes de cer\u00e2mica por grosso. Este elegante conjunto de recipientes de cer\u00e2mica para armazenamento de alimentos, com uma tampa de bambu quente e natural, eleva o estilo do seu espa\u00e7o de armazenamento. O conjunto inclui recipientes de v\u00e1rios tamanhos, perfeitos para armazenar caf\u00e9, ch\u00e1 e produtos secos, mantendo-os frescos e organizados. <\/p>\n<p>Como profissional <a href=\"https:\/\/www.kedali.com\/pt\/categoria-produto\/wholesale-ceramic-kitchenware\/wholesale-ceramic-canister-storage-jars\/\" target=\"_blank\" rel=\"noopener\"><strong>fabricante de recipientes de cer\u00e2mica<\/strong><\/a>, A nossa empresa oferece um fornecimento est\u00e1vel e a granel a compradores B2B. Contacte-nos para compras a granel.<\/p>\n<h2>Especifica\u00e7\u00f5es do conjunto de recipientes de cer\u00e2mica<\/h2>\n<table width=\"235\">\n<tbody>\n<tr>\n<td width=\"69\">Marca<\/td>\n<td width=\"166\">KDL<\/td>\n<\/tr>\n<tr>\n<td width=\"69\">Modelo<\/td>\n<td width=\"166\">tgs1758-ah<\/td>\n<\/tr>\n<tr>\n<td width=\"69\">Material<\/td>\n<td width=\"166\">cer\u00e2mica<\/td>\n<\/tr>\n<tr>\n<td width=\"69\">cor<\/td>\n<td width=\"166\">preto\/branco<\/td>\n<\/tr>\n<tr>\n<td width=\"69\">Aplica\u00e7\u00e3o<\/td>\n<td width=\"166\">armazenamento de alimentos<\/td>\n<\/tr>\n<tr>\n<td width=\"69\">Carater\u00edstica<\/td>\n<td width=\"166\">vidrado a cores<\/td>\n<\/tr>\n<tr>\n<td width=\"69\">Dimens\u00f5es<\/td>\n<td width=\"166\">8,2 \u00d7 8,2 \u00d7 7,5 cm<br data-start=\"18\" data-end=\"21\" \/>10,4 \u00d7 10,4 \u00d7 14,5 cm<br data-start=\"42\" data-end=\"45\" \/>10,4 \u00d7 10,4 \u00d7 18,8 cm<\/td>\n<\/tr>\n<tr>\n<td width=\"69\">Peso bruto (kg)<\/td>\n<td width=\"166\">0,24kg\/0,59kg\/0,83kg<\/td>\n<\/tr>\n<tr>\n<td width=\"69\">Quantidade m\u00ednima de encomenda<\/td>\n<td width=\"166\">800 conjuntos<\/td>\n<\/tr>\n<\/tbody>\n<\/table>\n<p>&nbsp;<\/p>\n<p>\n<script src=\"chrome-extension:\/\/fpelahbljekknahkcaegamhcndkfpfnc\/iFrame.js\" type=\"text\/javascript\"><\/script><\/p>","protected":false},"featured_media":1478,"comment_status":"closed","ping_status":"closed","template":"","meta":{"_acf_changed":false},"product_brand":[],"product_cat":[18,37],"product_tag":[],"class_list":{"0":"post-1476","1":"product","2":"type-product","3":"status-publish","4":"has-post-thumbnail","6":"product_cat-wholesale-ceramic-kitchenware","7":"product_cat-wholesale-ceramic-canister-storage-jars","9":"first","10":"instock","11":"shipping-taxable","12":"product-type-simple"},"acf":[],"_links":{"self":[{"href":"https:\/\/www.kedali.com\/pt\/wp-json\/wp\/v2\/product\/1476","targetHints":{"allow":["GET"]}}],"collection":[{"href":"https:\/\/www.kedali.com\/pt\/wp-json\/wp\/v2\/product"}],"about":[{"href":"https:\/\/www.kedali.com\/pt\/wp-json\/wp\/v2\/types\/product"}],"replies":[{"embeddable":true,"href":"https:\/\/www.kedali.com\/pt\/wp-json\/wp\/v2\/comments?post=1476"}],"wp:featuredmedia":[{"embeddable":true,"href":"https:\/\/www.kedali.com\/pt\/wp-json\/wp\/v2\/media\/1478"}],"wp:attachment":[{"href":"https:\/\/www.kedali.com\/pt\/wp-json\/wp\/v2\/media?parent=1476"}],"wp:term":[{"taxonomy":"product_brand","embeddable":true,"href":"https:\/\/www.kedali.com\/pt\/wp-json\/wp\/v2\/product_brand?post=1476"},{"taxonomy":"product_cat","embeddable":true,"href":"https:\/\/www.kedali.com\/pt\/wp-json\/wp\/v2\/product_cat?post=1476"},{"taxonomy":"product_tag","embeddable":true,"href":"https:\/\/www.kedali.com\/pt\/wp-json\/wp\/v2\/product_tag?post=1476"}],"curies":[{"name":"wp","href":"https:\/\/api.w.org\/{rel}","templated":true}]}}