{"id":1512,"date":"2025-12-02T09:52:02","date_gmt":"2025-12-02T09:52:02","guid":{"rendered":"https:\/\/www.kedali.com\/?post_type=product&#038;p=1512"},"modified":"2025-12-02T10:35:51","modified_gmt":"2025-12-02T10:35:51","slug":"wholesale-ceramic-marble-effect-storage-canister-set","status":"publish","type":"product","link":"https:\/\/www.kedali.com\/pt\/produto\/wholesale-ceramic-marble-effect-storage-canister-set\/","title":{"rendered":"Conjunto de recipientes de armazenagem de cer\u00e2mica com efeito de m\u00e1rmore e tampas de bambu"},"content":{"rendered":"<div class=\"wp-block-columns is-layout-flex wp-container-core-columns-is-layout-9d6595d7 wp-block-columns-is-layout-flex\">\n<div class=\"wp-block-column is-layout-flow wp-block-column-is-layout-flow\">\n<h3 class=\"wp-block-heading\">Carater\u00edsticas dos recipientes de cer\u00e2mica para conserva\u00e7\u00e3o de alimentos<\/h3>\n\n\n\n<ul class=\"wp-block-list\">\n<li><strong>Esquema de cores atrativo:<\/strong> O conjunto de recipientes de cer\u00e2mica apresenta tons pastel suaves combinados com uma textura de m\u00e1rmore, criando um aspeto luxuoso mas moderno que se adequa ao design de interiores contempor\u00e2neo.<\/li>\n\n\n\n<li><strong>Desempenho de veda\u00e7\u00e3o: <\/strong>A tampa encaixa firmemente na abertura do frasco, impedindo eficazmente a entrada de humidade e pragas e mantendo os alimentos frescos.<\/li>\n\n\n\n<li><strong>V\u00e1rios tamanhos: <\/strong>Os nossos conjuntos de recipientes de cer\u00e2mica por atacado est\u00e3o dispon\u00edveis em v\u00e1rios tamanhos (alto, m\u00e9dio, pequeno e curto), permitindo aos utilizadores organizar eficazmente diferentes itens.<\/li>\n\n\n\n<li><strong>Funcionalidade para v\u00e1rias divis\u00f5es: <\/strong>Estes recipientes de cer\u00e2mica podem ser utilizados na cozinha para guardar caf\u00e9, ch\u00e1, a\u00e7\u00facar e especiarias, ou na casa de banho para guardar cotonetes, sais de banho e muito mais.<\/li>\n<\/ul>\n\n\n\n<h3 class=\"wp-block-heading\">Servi\u00e7o personalizado<\/h3>\n\n\n\n<ul class=\"wp-block-list\">\n<li>Suporte OEM e ODM<\/li>\n\n\n\n<li>Entrega r\u00e1pida de amostras.<\/li>\n\n\n\n<li>Fornecer forma personalizada do produto, cor, padr\u00e3o, embalagem e outros servi\u00e7os personalizados.<\/li>\n<\/ul>\n<\/div>\n\n\n\n<div class=\"wp-block-column is-layout-flow wp-block-column-is-layout-flow\">\n<figure class=\"wp-block-image size-full\"><img decoding=\"async\" width=\"800\" height=\"800\" src=\"https:\/\/www.kedali.com\/wp-content\/uploads\/2025\/12\/specifications-of-ceramic-food-storage-canister-set.webp\" alt=\"especifica\u00e7\u00f5es do conjunto de recipientes de cer\u00e2mica para armazenagem de alimentos\" class=\"wp-image-1513\" srcset=\"https:\/\/www.kedali.com\/wp-content\/uploads\/2025\/12\/specifications-of-ceramic-food-storage-canister-set.webp 800w, https:\/\/www.kedali.com\/wp-content\/uploads\/2025\/12\/specifications-of-ceramic-food-storage-canister-set-300x300.webp 300w, https:\/\/www.kedali.com\/wp-content\/uploads\/2025\/12\/specifications-of-ceramic-food-storage-canister-set-150x150.webp 150w, https:\/\/www.kedali.com\/wp-content\/uploads\/2025\/12\/specifications-of-ceramic-food-storage-canister-set-768x768.webp 768w, https:\/\/www.kedali.com\/wp-content\/uploads\/2025\/12\/specifications-of-ceramic-food-storage-canister-set-12x12.webp 12w, https:\/\/www.kedali.com\/wp-content\/uploads\/2025\/12\/specifications-of-ceramic-food-storage-canister-set-600x600.webp 600w, https:\/\/www.kedali.com\/wp-content\/uploads\/2025\/12\/specifications-of-ceramic-food-storage-canister-set-100x100.webp 100w\" sizes=\"(max-width: 800px) 100vw, 800px\" \/><\/figure>\n<\/div>\n<\/div>\n\n\n\n<div class=\"wp-block-columns is-layout-flex wp-container-core-columns-is-layout-9d6595d7 wp-block-columns-is-layout-flex\">\n<div class=\"wp-block-column is-layout-flow wp-block-column-is-layout-flow\">\n<figure class=\"wp-block-image size-full\"><img decoding=\"async\" width=\"800\" height=\"800\" src=\"https:\/\/www.kedali.com\/wp-content\/uploads\/2025\/12\/wholesale-ceramic-food-storage-canister-set-4.webp\" alt=\"conjunto de recipientes de cer\u00e2mica para armazenamento de alimentos por atacado (4)\" class=\"wp-image-1517\" srcset=\"https:\/\/www.kedali.com\/wp-content\/uploads\/2025\/12\/wholesale-ceramic-food-storage-canister-set-4.webp 800w, https:\/\/www.kedali.com\/wp-content\/uploads\/2025\/12\/wholesale-ceramic-food-storage-canister-set-4-300x300.webp 300w, https:\/\/www.kedali.com\/wp-content\/uploads\/2025\/12\/wholesale-ceramic-food-storage-canister-set-4-150x150.webp 150w, https:\/\/www.kedali.com\/wp-content\/uploads\/2025\/12\/wholesale-ceramic-food-storage-canister-set-4-768x768.webp 768w, https:\/\/www.kedali.com\/wp-content\/uploads\/2025\/12\/wholesale-ceramic-food-storage-canister-set-4-12x12.webp 12w, https:\/\/www.kedali.com\/wp-content\/uploads\/2025\/12\/wholesale-ceramic-food-storage-canister-set-4-600x600.webp 600w, https:\/\/www.kedali.com\/wp-content\/uploads\/2025\/12\/wholesale-ceramic-food-storage-canister-set-4-100x100.webp 100w\" sizes=\"(max-width: 800px) 100vw, 800px\" \/><\/figure>\n<\/div>\n\n\n\n<div class=\"wp-block-column is-layout-flow wp-block-column-is-layout-flow\">\n<figure class=\"wp-block-image size-full\"><img decoding=\"async\" width=\"800\" height=\"800\" src=\"https:\/\/www.kedali.com\/wp-content\/uploads\/2025\/12\/wholesale-ceramic-food-storage-canister-set-5.webp\" alt=\"conjunto de recipientes de cer\u00e2mica para armazenamento de alimentos por atacado (5)\" class=\"wp-image-1518\" srcset=\"https:\/\/www.kedali.com\/wp-content\/uploads\/2025\/12\/wholesale-ceramic-food-storage-canister-set-5.webp 800w, https:\/\/www.kedali.com\/wp-content\/uploads\/2025\/12\/wholesale-ceramic-food-storage-canister-set-5-300x300.webp 300w, https:\/\/www.kedali.com\/wp-content\/uploads\/2025\/12\/wholesale-ceramic-food-storage-canister-set-5-150x150.webp 150w, https:\/\/www.kedali.com\/wp-content\/uploads\/2025\/12\/wholesale-ceramic-food-storage-canister-set-5-768x768.webp 768w, https:\/\/www.kedali.com\/wp-content\/uploads\/2025\/12\/wholesale-ceramic-food-storage-canister-set-5-12x12.webp 12w, https:\/\/www.kedali.com\/wp-content\/uploads\/2025\/12\/wholesale-ceramic-food-storage-canister-set-5-600x600.webp 600w, https:\/\/www.kedali.com\/wp-content\/uploads\/2025\/12\/wholesale-ceramic-food-storage-canister-set-5-100x100.webp 100w\" sizes=\"(max-width: 800px) 100vw, 800px\" \/><\/figure>\n<\/div>\n<\/div>","protected":false},"excerpt":{"rendered":"<p>Conjuntos de recipientes de cer\u00e2mica para armazenamento de alimentos por grosso, dispon\u00edveis em v\u00e1rios tamanhos. Este conjunto de recipientes de cer\u00e2mica com padr\u00e3o de m\u00e1rmore para armazenamento de alimentos n\u00e3o \u00e9 apenas adequado para armazenar ch\u00e1, caf\u00e9, a\u00e7\u00facar e produtos secos, mas tamb\u00e9m aumenta efetivamente o apelo da decora\u00e7\u00e3o da sua casa e cozinha.<\/p>\n<p>Como profissional <a href=\"https:\/\/www.kedali.com\/pt\/categoria-produto\/wholesale-ceramic-kitchenware\/\" target=\"_blank\" rel=\"noopener\"><strong>fabricante de utens\u00edlios de cozinha em cer\u00e2mica,<\/strong><\/a> fornecemos v\u00e1rios estilos de recipientes de cer\u00e2mica a compradores por grosso. Contacte-nos para obter um cat\u00e1logo e uma cota\u00e7\u00e3o de pre\u00e7os.<\/p>\n<h2>Especifica\u00e7\u00f5es do Conjunto de recipientes cer\u00e2micos para conserva\u00e7\u00e3o de alimentos<\/h2>\n<table width=\"235\">\n<tbody>\n<tr>\n<td width=\"69\">Marca<\/td>\n<td width=\"166\">KDL<\/td>\n<\/tr>\n<tr>\n<td width=\"69\">Modelo<\/td>\n<td width=\"166\">tgs1758<\/td>\n<\/tr>\n<tr>\n<td width=\"69\">Material<\/td>\n<td width=\"166\">cer\u00e2mica<\/td>\n<\/tr>\n<tr>\n<td width=\"69\">cor<\/td>\n<td width=\"166\">cor-de-rosa\/verde<\/td>\n<\/tr>\n<tr>\n<td width=\"69\">Aplica\u00e7\u00e3o<\/td>\n<td width=\"166\">armazenamento de alimentos<\/td>\n<\/tr>\n<tr>\n<td width=\"69\">Carater\u00edstica<\/td>\n<td width=\"166\">vidrado a cores<\/td>\n<\/tr>\n<tr>\n<td width=\"69\">Dimens\u00f5es<\/td>\n<td width=\"166\">\n<p data-start=\"25\" data-end=\"45\">8,2 \u00d7 8,2 \u00d7 7,5 cm<\/p>\n<p data-start=\"25\" data-end=\"45\">10,4 \u00d7 10,4 \u00d7 14,5 cm<\/p>\n<p data-start=\"25\" data-end=\"45\">10,4 \u00d7 10,4 \u00d7 18,8 cm<\/p>\n<\/td>\n<\/tr>\n<tr>\n<td width=\"69\">Quantidade m\u00ednima de encomenda<\/td>\n<td width=\"166\">800 conjuntos<\/td>\n<\/tr>\n<\/tbody>\n<\/table>\n<p>&nbsp;<\/p>","protected":false},"featured_media":1514,"comment_status":"closed","ping_status":"closed","template":"","meta":{"_acf_changed":false},"product_brand":[],"product_cat":[18,37],"product_tag":[],"class_list":{"0":"post-1512","1":"product","2":"type-product","3":"status-publish","4":"has-post-thumbnail","6":"product_cat-wholesale-ceramic-kitchenware","7":"product_cat-wholesale-ceramic-canister-storage-jars","9":"first","10":"instock","11":"shipping-taxable","12":"product-type-simple"},"acf":[],"_links":{"self":[{"href":"https:\/\/www.kedali.com\/pt\/wp-json\/wp\/v2\/product\/1512","targetHints":{"allow":["GET"]}}],"collection":[{"href":"https:\/\/www.kedali.com\/pt\/wp-json\/wp\/v2\/product"}],"about":[{"href":"https:\/\/www.kedali.com\/pt\/wp-json\/wp\/v2\/types\/product"}],"replies":[{"embeddable":true,"href":"https:\/\/www.kedali.com\/pt\/wp-json\/wp\/v2\/comments?post=1512"}],"wp:featuredmedia":[{"embeddable":true,"href":"https:\/\/www.kedali.com\/pt\/wp-json\/wp\/v2\/media\/1514"}],"wp:attachment":[{"href":"https:\/\/www.kedali.com\/pt\/wp-json\/wp\/v2\/media?parent=1512"}],"wp:term":[{"taxonomy":"product_brand","embeddable":true,"href":"https:\/\/www.kedali.com\/pt\/wp-json\/wp\/v2\/product_brand?post=1512"},{"taxonomy":"product_cat","embeddable":true,"href":"https:\/\/www.kedali.com\/pt\/wp-json\/wp\/v2\/product_cat?post=1512"},{"taxonomy":"product_tag","embeddable":true,"href":"https:\/\/www.kedali.com\/pt\/wp-json\/wp\/v2\/product_tag?post=1512"}],"curies":[{"name":"wp","href":"https:\/\/api.w.org\/{rel}","templated":true}]}}