{"id":1519,"date":"2025-12-02T10:42:31","date_gmt":"2025-12-02T10:42:31","guid":{"rendered":"https:\/\/www.kedali.com\/?post_type=product&#038;p=1519"},"modified":"2025-12-02T10:59:37","modified_gmt":"2025-12-02T10:59:37","slug":"wholesale-ceramic-canister-with-lid-for-kitchen","status":"publish","type":"product","link":"https:\/\/www.kedali.com\/pt\/produto\/wholesale-ceramic-canister-with-lid-for-kitchen\/","title":{"rendered":"Recipiente de cer\u00e2mica por atacado com tampa para cozinha, frasco de armazenamento de alimentos a granel para venda"},"content":{"rendered":"<div class=\"wp-block-columns is-layout-flex wp-container-core-columns-is-layout-9d6595d7 wp-block-columns-is-layout-flex\">\n<div class=\"wp-block-column is-layout-flow wp-block-column-is-layout-flow\">\n<h3 class=\"wp-block-heading\">Carater\u00edsticas do recipiente cer\u00e2mico com tampa <\/h3>\n\n\n\n<ul class=\"wp-block-list\">\n<li><strong>Design com textura de m\u00e1rmore:<\/strong> O recipiente de cer\u00e2mica para cozinha apresenta uma textura de m\u00e1rmore cinzento-branco, com um design simples e elegante, adequado a v\u00e1rios estilos de decora\u00e7\u00e3o de casa.<\/li>\n\n\n\n<li><strong>Melhorar a est\u00e9tica da casa:<\/strong> O frasco de cer\u00e2mica emparelhado com uma tampa de madeira cria um efeito visual natural e harmonioso, melhorando a est\u00e9tica geral. O design com textura de m\u00e1rmore d\u00e1 um toque de luxo, elevando o estilo da sua casa.<\/li>\n\n\n\n<li><strong>Desempenho de veda\u00e7\u00e3o: <\/strong>A tampa encaixa firmemente na abertura do frasco, impedindo eficazmente a humidade e os insectos, mantendo os alimentos frescos.<\/li>\n\n\n\n<li><strong>V\u00e1rios tamanhos: <\/strong>O conjunto de recipientes de cer\u00e2mica para cozinha est\u00e1 dispon\u00edvel em tr\u00eas tamanhos diferentes, de pequeno a grande, para satisfazer v\u00e1rias necessidades de arruma\u00e7\u00e3o.<\/li>\n\n\n\n<li><strong>Utiliza\u00e7\u00f5es m\u00faltiplas:<\/strong> Adequado para cozinhas dom\u00e9sticas, para armazenar alimentos em bancadas de cozinha e em arm\u00e1rios; adequado para restaurantes e caf\u00e9s, para armazenar e expor alimentos; tamb\u00e9m adequado para escrit\u00f3rios, para armazenar snacks, ch\u00e1 e outros artigos.<\/li>\n<\/ul>\n\n\n\n<h3 class=\"wp-block-heading\">Servi\u00e7o personalizado<\/h3>\n\n\n\n<ul class=\"wp-block-list\">\n<li>Suporte OEM e ODM<\/li>\n\n\n\n<li>Entrega r\u00e1pida de amostras.<\/li>\n\n\n\n<li>Fornecer forma personalizada do produto, cor, padr\u00e3o, embalagem e outros servi\u00e7os personalizados.<\/li>\n<\/ul>\n<\/div>\n\n\n\n<div class=\"wp-block-column is-layout-flow wp-block-column-is-layout-flow\">\n<figure class=\"wp-block-image size-full\"><img decoding=\"async\" width=\"800\" height=\"800\" src=\"https:\/\/www.kedali.com\/wp-content\/uploads\/2025\/12\/specifications-of-ceramic-canister-with-lid.webp\" alt=\"especifica\u00e7\u00f5es do recipiente de cer\u00e2mica com tampa\" class=\"wp-image-1520\" srcset=\"https:\/\/www.kedali.com\/wp-content\/uploads\/2025\/12\/specifications-of-ceramic-canister-with-lid.webp 800w, https:\/\/www.kedali.com\/wp-content\/uploads\/2025\/12\/specifications-of-ceramic-canister-with-lid-300x300.webp 300w, https:\/\/www.kedali.com\/wp-content\/uploads\/2025\/12\/specifications-of-ceramic-canister-with-lid-150x150.webp 150w, https:\/\/www.kedali.com\/wp-content\/uploads\/2025\/12\/specifications-of-ceramic-canister-with-lid-768x768.webp 768w, https:\/\/www.kedali.com\/wp-content\/uploads\/2025\/12\/specifications-of-ceramic-canister-with-lid-12x12.webp 12w, https:\/\/www.kedali.com\/wp-content\/uploads\/2025\/12\/specifications-of-ceramic-canister-with-lid-600x600.webp 600w, https:\/\/www.kedali.com\/wp-content\/uploads\/2025\/12\/specifications-of-ceramic-canister-with-lid-100x100.webp 100w\" sizes=\"(max-width: 800px) 100vw, 800px\" \/><\/figure>\n<\/div>\n<\/div>","protected":false},"excerpt":{"rendered":"<p>A s\u00e9rie Wholesale Kitchen Ceramic Canister \u00e9 fabricada em porcelana duradoura e est\u00e1 dispon\u00edvel em tr\u00eas tamanhos pr\u00e1ticos. O design cil\u00edndrico simples, combinado com uma tampa de bambu natural, torna-o perfeito para cozinhas modernas, casas de banho ou arruma\u00e7\u00e3o de escrit\u00f3rio. Contacte-nos para um or\u00e7amento.<\/p>\n<h2>Especifica\u00e7\u00f5es do recipiente cer\u00e2mico com tampa<\/h2>\n<table width=\"235\">\n<tbody>\n<tr>\n<td width=\"69\">Marca<\/td>\n<td width=\"166\">KDL<\/td>\n<\/tr>\n<tr>\n<td width=\"69\">Modelo<\/td>\n<td width=\"166\">tgs1758<\/td>\n<\/tr>\n<tr>\n<td width=\"69\">Material<\/td>\n<td width=\"166\">cer\u00e2mica<\/td>\n<\/tr>\n<tr>\n<td width=\"69\">cor<\/td>\n<td width=\"166\">cinzento<\/td>\n<\/tr>\n<tr>\n<td width=\"69\">Aplica\u00e7\u00e3o<\/td>\n<td width=\"166\">armazenamento de alimentos<\/td>\n<\/tr>\n<tr>\n<td width=\"69\">Carater\u00edstica<\/td>\n<td width=\"166\">vidrado a cores<\/td>\n<\/tr>\n<tr>\n<td width=\"69\">Dimens\u00f5es<\/td>\n<td width=\"166\">\n<p data-pm-slice=\"0 0 []\">8,2 \u00d7 8,2 \u00d7 7,5 cm<\/p>\n<p>10,4 \u00d7 10,4 \u00d7 14,5 cm<\/p>\n<p>10,4 \u00d7 10,4 \u00d7 18,8 cm<\/p>\n<\/td>\n<\/tr>\n<tr>\n<td width=\"69\">Quantidade m\u00ednima de encomenda<\/td>\n<td width=\"166\">800 conjuntos<\/td>\n<\/tr>\n<\/tbody>\n<\/table>\n<p>&nbsp;<\/p>","protected":false},"featured_media":1521,"comment_status":"closed","ping_status":"closed","template":"","meta":{"_acf_changed":false},"product_brand":[],"product_cat":[18,37],"product_tag":[],"class_list":{"0":"post-1519","1":"product","2":"type-product","3":"status-publish","4":"has-post-thumbnail","6":"product_cat-wholesale-ceramic-kitchenware","7":"product_cat-wholesale-ceramic-canister-storage-jars","9":"first","10":"instock","11":"shipping-taxable","12":"product-type-simple"},"acf":[],"_links":{"self":[{"href":"https:\/\/www.kedali.com\/pt\/wp-json\/wp\/v2\/product\/1519","targetHints":{"allow":["GET"]}}],"collection":[{"href":"https:\/\/www.kedali.com\/pt\/wp-json\/wp\/v2\/product"}],"about":[{"href":"https:\/\/www.kedali.com\/pt\/wp-json\/wp\/v2\/types\/product"}],"replies":[{"embeddable":true,"href":"https:\/\/www.kedali.com\/pt\/wp-json\/wp\/v2\/comments?post=1519"}],"wp:featuredmedia":[{"embeddable":true,"href":"https:\/\/www.kedali.com\/pt\/wp-json\/wp\/v2\/media\/1521"}],"wp:attachment":[{"href":"https:\/\/www.kedali.com\/pt\/wp-json\/wp\/v2\/media?parent=1519"}],"wp:term":[{"taxonomy":"product_brand","embeddable":true,"href":"https:\/\/www.kedali.com\/pt\/wp-json\/wp\/v2\/product_brand?post=1519"},{"taxonomy":"product_cat","embeddable":true,"href":"https:\/\/www.kedali.com\/pt\/wp-json\/wp\/v2\/product_cat?post=1519"},{"taxonomy":"product_tag","embeddable":true,"href":"https:\/\/www.kedali.com\/pt\/wp-json\/wp\/v2\/product_tag?post=1519"}],"curies":[{"name":"wp","href":"https:\/\/api.w.org\/{rel}","templated":true}]}}