{"id":1540,"date":"2025-12-03T01:56:15","date_gmt":"2025-12-03T01:56:15","guid":{"rendered":"https:\/\/www.kedali.com\/?post_type=product&#038;p=1540"},"modified":"2025-12-03T02:17:55","modified_gmt":"2025-12-03T02:17:55","slug":"wholesale-ceramic-popcorn-bucket-set","status":"publish","type":"product","link":"https:\/\/www.kedali.com\/pt\/produto\/wholesale-ceramic-popcorn-bucket-set\/","title":{"rendered":"Conjunto de baldes de pipocas em cer\u00e2mica por grosso - Conjunto de ta\u00e7as para snacks para a noite de cinema"},"content":{"rendered":"<div class=\"wp-block-columns is-layout-flex wp-container-core-columns-is-layout-9d6595d7 wp-block-columns-is-layout-flex\">\n<div class=\"wp-block-column is-layout-flow wp-block-column-is-layout-flow\">\n<h3 class=\"wp-block-heading\">Carater\u00edsticas do conjunto de baldes para pipocas em cer\u00e2mica<\/h3>\n\n\n\n<ul class=\"wp-block-list\">\n<li><strong>Cer\u00e2mica Premium de qualidade alimentar:<\/strong> Este conjunto de baldes de pipocas de cer\u00e2mica para venda por grosso \u00e9 feito de cer\u00e2mica de qualidade alimentar de primeira qualidade, completamente isenta de BPA (Ban-Phenol A) e de outros produtos qu\u00edmicos nocivos. A cer\u00e2mica n\u00e3o se infiltra nos alimentos, o que a torna uma escolha mais segura e amiga do ambiente para uma utiliza\u00e7\u00e3o a longo prazo.<\/li>\n\n\n\n<li><strong>Limpeza e manuten\u00e7\u00e3o f\u00e1ceis: <\/strong>O balde de pipocas em cer\u00e2mica apresenta uma superf\u00edcie de cer\u00e2mica lisa e vidrada que impede a ader\u00eancia de gorduras e res\u00edduos e pode ser lavado na m\u00e1quina de lavar lou\u00e7a.<\/li>\n\n\n\n<li><strong>Tr\u00eas op\u00e7\u00f5es de capacidade:<\/strong> Dispon\u00edvel em tamanhos pequeno, m\u00e9dio e grande para satisfazer diferentes necessidades de conserva\u00e7\u00e3o e armazenamento. Quer se trate de um prazer pessoal, de partilha em fam\u00edlia ou de aperitivos para festas.<\/li>\n\n\n\n<li><strong>Organizador de lanches multifuncional: <\/strong>Esta caixa para snacks \u00e9 perfeita para guardar pipocas, batatas fritas, nozes, doces, chocolate e outros pequenos snacks. Mant\u00e9m os snacks limpos e arrumados, tornando-a ideal para home theaters, salas de estar e lojas de sobremesas.<\/li>\n\n\n\n<li><strong>Utiliza\u00e7\u00e3o em v\u00e1rias cenas:<\/strong> Para al\u00e9m das noites de cinema, pode ser utilizada para arruma\u00e7\u00e3o di\u00e1ria, ta\u00e7as para servir em festas ou mesmo como pe\u00e7a decorativa para dar um toque divertido e vibrante \u00e0 decora\u00e7\u00e3o da sua casa.<\/li>\n<\/ul>\n\n\n\n<h3 class=\"wp-block-heading\">Servi\u00e7o personalizado<\/h3>\n\n\n\n<ul class=\"wp-block-list\">\n<li>Suporte OEM e ODM<\/li>\n\n\n\n<li>Entrega r\u00e1pida de amostras.<\/li>\n\n\n\n<li>Fornecer forma personalizada do produto, cor, padr\u00e3o, embalagem e outros servi\u00e7os personalizados.<\/li>\n<\/ul>\n<\/div>\n\n\n\n<div class=\"wp-block-column is-layout-flow wp-block-column-is-layout-flow\">\n<figure class=\"wp-block-image size-full\"><img decoding=\"async\" width=\"800\" height=\"800\" src=\"https:\/\/www.kedali.com\/wp-content\/uploads\/2025\/12\/specifications-of-ceramic-popcorn-bucket-set.webp\" alt=\"especifica\u00e7\u00f5es do conjunto de baldes para pipocas em cer\u00e2mica\" class=\"wp-image-1541\" srcset=\"https:\/\/www.kedali.com\/wp-content\/uploads\/2025\/12\/specifications-of-ceramic-popcorn-bucket-set.webp 800w, https:\/\/www.kedali.com\/wp-content\/uploads\/2025\/12\/specifications-of-ceramic-popcorn-bucket-set-300x300.webp 300w, https:\/\/www.kedali.com\/wp-content\/uploads\/2025\/12\/specifications-of-ceramic-popcorn-bucket-set-150x150.webp 150w, https:\/\/www.kedali.com\/wp-content\/uploads\/2025\/12\/specifications-of-ceramic-popcorn-bucket-set-768x768.webp 768w, https:\/\/www.kedali.com\/wp-content\/uploads\/2025\/12\/specifications-of-ceramic-popcorn-bucket-set-12x12.webp 12w, https:\/\/www.kedali.com\/wp-content\/uploads\/2025\/12\/specifications-of-ceramic-popcorn-bucket-set-600x600.webp 600w, https:\/\/www.kedali.com\/wp-content\/uploads\/2025\/12\/specifications-of-ceramic-popcorn-bucket-set-100x100.webp 100w\" sizes=\"(max-width: 800px) 100vw, 800px\" \/><\/figure>\n<\/div>\n<\/div>\n\n\n\n<div class=\"wp-block-columns is-layout-flex wp-container-core-columns-is-layout-9d6595d7 wp-block-columns-is-layout-flex\">\n<div class=\"wp-block-column is-layout-flow wp-block-column-is-layout-flow\">\n<figure class=\"wp-block-image size-full\"><img decoding=\"async\" width=\"800\" height=\"800\" src=\"https:\/\/www.kedali.com\/wp-content\/uploads\/2025\/12\/wholesale-ceramic-popcorn-bucket-set-4.webp\" alt=\"conjunto de baldes de pipocas em cer\u00e2mica para venda por grosso (4)\" class=\"wp-image-1545\" srcset=\"https:\/\/www.kedali.com\/wp-content\/uploads\/2025\/12\/wholesale-ceramic-popcorn-bucket-set-4.webp 800w, https:\/\/www.kedali.com\/wp-content\/uploads\/2025\/12\/wholesale-ceramic-popcorn-bucket-set-4-300x300.webp 300w, https:\/\/www.kedali.com\/wp-content\/uploads\/2025\/12\/wholesale-ceramic-popcorn-bucket-set-4-150x150.webp 150w, https:\/\/www.kedali.com\/wp-content\/uploads\/2025\/12\/wholesale-ceramic-popcorn-bucket-set-4-768x768.webp 768w, https:\/\/www.kedali.com\/wp-content\/uploads\/2025\/12\/wholesale-ceramic-popcorn-bucket-set-4-12x12.webp 12w, https:\/\/www.kedali.com\/wp-content\/uploads\/2025\/12\/wholesale-ceramic-popcorn-bucket-set-4-600x600.webp 600w, https:\/\/www.kedali.com\/wp-content\/uploads\/2025\/12\/wholesale-ceramic-popcorn-bucket-set-4-100x100.webp 100w\" sizes=\"(max-width: 800px) 100vw, 800px\" \/><\/figure>\n<\/div>\n\n\n\n<div class=\"wp-block-column is-layout-flow wp-block-column-is-layout-flow\">\n<figure class=\"wp-block-image size-full\"><img decoding=\"async\" width=\"800\" height=\"800\" src=\"https:\/\/www.kedali.com\/wp-content\/uploads\/2025\/12\/wholesale-ceramic-popcorn-bucket-set-5.webp\" alt=\"conjunto de baldes para pipocas em cer\u00e2mica por atacado (5)\" class=\"wp-image-1546\" srcset=\"https:\/\/www.kedali.com\/wp-content\/uploads\/2025\/12\/wholesale-ceramic-popcorn-bucket-set-5.webp 800w, https:\/\/www.kedali.com\/wp-content\/uploads\/2025\/12\/wholesale-ceramic-popcorn-bucket-set-5-300x300.webp 300w, https:\/\/www.kedali.com\/wp-content\/uploads\/2025\/12\/wholesale-ceramic-popcorn-bucket-set-5-150x150.webp 150w, https:\/\/www.kedali.com\/wp-content\/uploads\/2025\/12\/wholesale-ceramic-popcorn-bucket-set-5-768x768.webp 768w, https:\/\/www.kedali.com\/wp-content\/uploads\/2025\/12\/wholesale-ceramic-popcorn-bucket-set-5-12x12.webp 12w, https:\/\/www.kedali.com\/wp-content\/uploads\/2025\/12\/wholesale-ceramic-popcorn-bucket-set-5-600x600.webp 600w, https:\/\/www.kedali.com\/wp-content\/uploads\/2025\/12\/wholesale-ceramic-popcorn-bucket-set-5-100x100.webp 100w\" sizes=\"(max-width: 800px) 100vw, 800px\" \/><\/figure>\n<\/div>\n<\/div>","protected":false},"excerpt":{"rendered":"<p>Conjunto de baldes de pipocas em cer\u00e2mica para venda a granel. Dispon\u00edvel em v\u00e1rios tamanhos, perfeito para guardar pipocas, batatas fritas, frutos secos e outros snacks. Ideal para noites de cinema em fam\u00edlia, lojas de sobremesas ou festas da moda.<\/p>\n<p>Kedali <a href=\"https:\/\/www.kedali.com\/pt\/categoria-produto\/wholesale-ceramic-kitchenware\/\" target=\"_blank\" rel=\"noopener\"><strong>fabricante de utens\u00edlios de cozinha em cer\u00e2mica<\/strong><\/a> oferece pre\u00e7os competitivos e servi\u00e7os por grosso. Contacte-nos agora!<\/p>\n<h2>Especifica\u00e7\u00f5es do Conjunto de baldes para pipocas em cer\u00e2mica<\/h2>\n<table width=\"235\">\n<tbody>\n<tr>\n<td width=\"69\">Marca<\/td>\n<td width=\"166\">KDL<\/td>\n<\/tr>\n<tr>\n<td width=\"69\">Modelo<\/td>\n<td width=\"166\">DBS2027-5-F324R<\/td>\n<\/tr>\n<tr>\n<td width=\"69\">Material<\/td>\n<td width=\"166\">cer\u00e2mica<\/td>\n<\/tr>\n<tr>\n<td width=\"69\">cor<\/td>\n<td width=\"166\">branco<\/td>\n<\/tr>\n<tr>\n<td width=\"69\">Aplica\u00e7\u00e3o<\/td>\n<td width=\"166\">ch\u00e1vena de cer\u00e2mica<\/td>\n<\/tr>\n<tr>\n<td width=\"69\">Carater\u00edstica<\/td>\n<td width=\"166\">esculpidas<\/td>\n<\/tr>\n<tr>\n<td width=\"69\">Dimens\u00f5es<\/td>\n<td width=\"166\">13,7*13,7*9,9cm 0,44kg 16,5*16,5*12,9cm 0,68kg 22,3*22,3*19,7cm 1,37kg<\/td>\n<\/tr>\n<tr>\n<td width=\"69\">Quantidade m\u00ednima de encomenda<\/td>\n<td width=\"166\">800 conjuntos<\/td>\n<\/tr>\n<\/tbody>\n<\/table>\n<p>&nbsp;<\/p>\n<p><script src=\"chrome-extension:\/\/fpelahbljekknahkcaegamhcndkfpfnc\/iFrame.js\" type=\"text\/javascript\"><\/script><\/p>","protected":false},"featured_media":1542,"comment_status":"closed","ping_status":"closed","template":"","meta":{"_acf_changed":false},"product_brand":[],"product_cat":[18],"product_tag":[],"class_list":{"0":"post-1540","1":"product","2":"type-product","3":"status-publish","4":"has-post-thumbnail","6":"product_cat-wholesale-ceramic-kitchenware","8":"first","9":"instock","10":"shipping-taxable","11":"product-type-simple"},"acf":[],"_links":{"self":[{"href":"https:\/\/www.kedali.com\/pt\/wp-json\/wp\/v2\/product\/1540","targetHints":{"allow":["GET"]}}],"collection":[{"href":"https:\/\/www.kedali.com\/pt\/wp-json\/wp\/v2\/product"}],"about":[{"href":"https:\/\/www.kedali.com\/pt\/wp-json\/wp\/v2\/types\/product"}],"replies":[{"embeddable":true,"href":"https:\/\/www.kedali.com\/pt\/wp-json\/wp\/v2\/comments?post=1540"}],"wp:featuredmedia":[{"embeddable":true,"href":"https:\/\/www.kedali.com\/pt\/wp-json\/wp\/v2\/media\/1542"}],"wp:attachment":[{"href":"https:\/\/www.kedali.com\/pt\/wp-json\/wp\/v2\/media?parent=1540"}],"wp:term":[{"taxonomy":"product_brand","embeddable":true,"href":"https:\/\/www.kedali.com\/pt\/wp-json\/wp\/v2\/product_brand?post=1540"},{"taxonomy":"product_cat","embeddable":true,"href":"https:\/\/www.kedali.com\/pt\/wp-json\/wp\/v2\/product_cat?post=1540"},{"taxonomy":"product_tag","embeddable":true,"href":"https:\/\/www.kedali.com\/pt\/wp-json\/wp\/v2\/product_tag?post=1540"}],"curies":[{"name":"wp","href":"https:\/\/api.w.org\/{rel}","templated":true}]}}