{"id":1556,"date":"2025-12-03T03:12:42","date_gmt":"2025-12-03T03:12:42","guid":{"rendered":"https:\/\/www.kedali.com\/?post_type=product&#038;p=1556"},"modified":"2025-12-03T03:40:26","modified_gmt":"2025-12-03T03:40:26","slug":"wholesale-stylish-ceramic-egg-holders","status":"publish","type":"product","link":"https:\/\/www.kedali.com\/pt\/produto\/wholesale-stylish-ceramic-egg-holders\/","title":{"rendered":"Porta-ovos de cer\u00e2mica por atacado - Dur\u00e1vel e com estilo"},"content":{"rendered":"<div class=\"wp-block-columns is-layout-flex wp-container-core-columns-is-layout-9d6595d7 wp-block-columns-is-layout-flex\">\n<div class=\"wp-block-column is-layout-flow wp-block-column-is-layout-flow\">\n<h3 class=\"wp-block-heading\">Carater\u00edsticas dos suportes para ovos em cer\u00e2mica <\/h3>\n\n\n\n<ul class=\"wp-block-list\">\n<li><strong>Est\u00e9tica: <\/strong>Ao contr\u00e1rio das caixas de cart\u00e3o ou de pl\u00e1stico normais, o suporte para ovos em cer\u00e2mica apresenta uma superf\u00edcie de cer\u00e2mica brilhante e de cores vivas, oferecendo uma forma vibrante e elegante de armazenar e expor ovos.<\/li>\n\n\n\n<li><strong>F\u00e1cil de limpar: <\/strong>A superf\u00edcie de cer\u00e2mica n\u00e3o porosa \u00e9 f\u00e1cil de limpar ou lavar, tornando a limpeza e a esteriliza\u00e7\u00e3o muito mais f\u00e1ceis em compara\u00e7\u00e3o com o cart\u00e3o.<\/li>\n\n\n\n<li><strong>Empilh\u00e1vel: <\/strong>O suporte para ovos em cer\u00e2mica foi concebido para ser empilhado de forma organizada, ajudando a poupar espa\u00e7o e a manter o seu frigor\u00edfico arrumado.<\/li>\n\n\n\n<li><strong>Reutiliz\u00e1vel: <\/strong>Substitui as caixas de ovos descart\u00e1veis de papel ou pl\u00e1stico, reduzindo os res\u00edduos de embalagens.<\/li>\n<\/ul>\n\n\n\n<h3 class=\"wp-block-heading\">Servi\u00e7o personalizado<\/h3>\n\n\n\n<ul class=\"wp-block-list\">\n<li>Suporte OEM e ODM<\/li>\n\n\n\n<li>Entrega r\u00e1pida de amostras.<\/li>\n\n\n\n<li>Fornecer forma personalizada do produto, cor, padr\u00e3o, embalagem e outros servi\u00e7os personalizados.<\/li>\n<\/ul>\n<\/div>\n\n\n\n<div class=\"wp-block-column is-layout-flow wp-block-column-is-layout-flow\">\n<figure class=\"wp-block-image size-full\"><img decoding=\"async\" width=\"800\" height=\"800\" src=\"https:\/\/www.kedali.com\/wp-content\/uploads\/2025\/12\/ceramic-egg-holder-specifications.webp\" alt=\"especifica\u00e7\u00f5es do suporte para ovos em cer\u00e2mica\" class=\"wp-image-1557\" srcset=\"https:\/\/www.kedali.com\/wp-content\/uploads\/2025\/12\/ceramic-egg-holder-specifications.webp 800w, https:\/\/www.kedali.com\/wp-content\/uploads\/2025\/12\/ceramic-egg-holder-specifications-300x300.webp 300w, https:\/\/www.kedali.com\/wp-content\/uploads\/2025\/12\/ceramic-egg-holder-specifications-150x150.webp 150w, https:\/\/www.kedali.com\/wp-content\/uploads\/2025\/12\/ceramic-egg-holder-specifications-768x768.webp 768w, https:\/\/www.kedali.com\/wp-content\/uploads\/2025\/12\/ceramic-egg-holder-specifications-12x12.webp 12w, https:\/\/www.kedali.com\/wp-content\/uploads\/2025\/12\/ceramic-egg-holder-specifications-600x600.webp 600w, https:\/\/www.kedali.com\/wp-content\/uploads\/2025\/12\/ceramic-egg-holder-specifications-100x100.webp 100w\" sizes=\"(max-width: 800px) 100vw, 800px\" \/><\/figure>\n<\/div>\n<\/div>\n\n\n\n<div class=\"wp-block-columns is-layout-flex wp-container-core-columns-is-layout-9d6595d7 wp-block-columns-is-layout-flex\">\n<div class=\"wp-block-column is-layout-flow wp-block-column-is-layout-flow\">\n<figure class=\"wp-block-image size-full\"><img decoding=\"async\" width=\"800\" height=\"800\" src=\"https:\/\/www.kedali.com\/wp-content\/uploads\/2025\/12\/wholesale-ceramic-egg-holder-6.webp\" alt=\"porta-ovos de cer\u00e2mica por atacado (6)\" class=\"wp-image-1563\" srcset=\"https:\/\/www.kedali.com\/wp-content\/uploads\/2025\/12\/wholesale-ceramic-egg-holder-6.webp 800w, https:\/\/www.kedali.com\/wp-content\/uploads\/2025\/12\/wholesale-ceramic-egg-holder-6-300x300.webp 300w, https:\/\/www.kedali.com\/wp-content\/uploads\/2025\/12\/wholesale-ceramic-egg-holder-6-150x150.webp 150w, https:\/\/www.kedali.com\/wp-content\/uploads\/2025\/12\/wholesale-ceramic-egg-holder-6-768x768.webp 768w, https:\/\/www.kedali.com\/wp-content\/uploads\/2025\/12\/wholesale-ceramic-egg-holder-6-12x12.webp 12w, https:\/\/www.kedali.com\/wp-content\/uploads\/2025\/12\/wholesale-ceramic-egg-holder-6-600x600.webp 600w, https:\/\/www.kedali.com\/wp-content\/uploads\/2025\/12\/wholesale-ceramic-egg-holder-6-100x100.webp 100w\" sizes=\"(max-width: 800px) 100vw, 800px\" \/><\/figure>\n<\/div>\n\n\n\n<div class=\"wp-block-column is-layout-flow wp-block-column-is-layout-flow\">\n<figure class=\"wp-block-image size-full\"><img decoding=\"async\" width=\"800\" height=\"800\" src=\"https:\/\/www.kedali.com\/wp-content\/uploads\/2025\/12\/wholesale-ceramic-egg-holder-7.webp\" alt=\"porta-ovos de cer\u00e2mica por atacado (7)\" class=\"wp-image-1564\" srcset=\"https:\/\/www.kedali.com\/wp-content\/uploads\/2025\/12\/wholesale-ceramic-egg-holder-7.webp 800w, https:\/\/www.kedali.com\/wp-content\/uploads\/2025\/12\/wholesale-ceramic-egg-holder-7-300x300.webp 300w, https:\/\/www.kedali.com\/wp-content\/uploads\/2025\/12\/wholesale-ceramic-egg-holder-7-150x150.webp 150w, https:\/\/www.kedali.com\/wp-content\/uploads\/2025\/12\/wholesale-ceramic-egg-holder-7-768x768.webp 768w, https:\/\/www.kedali.com\/wp-content\/uploads\/2025\/12\/wholesale-ceramic-egg-holder-7-12x12.webp 12w, https:\/\/www.kedali.com\/wp-content\/uploads\/2025\/12\/wholesale-ceramic-egg-holder-7-600x600.webp 600w, https:\/\/www.kedali.com\/wp-content\/uploads\/2025\/12\/wholesale-ceramic-egg-holder-7-100x100.webp 100w\" sizes=\"(max-width: 800px) 100vw, 800px\" \/><\/figure>\n<\/div>\n<\/div>","protected":false},"excerpt":{"rendered":"<p>Os nossos suportes para ovos em cer\u00e2mica dur\u00e1veis acrescentam estilo e praticidade \u00e0 sua cozinha. De cores vivas e resistentes, mant\u00eam os ovos no s\u00edtio com seguran\u00e7a.<\/p>\n<p>Como <a href=\"https:\/\/www.kedali.com\/pt\/categoria-produto\/wholesale-ceramic-kitchenware\/\" target=\"_blank\" rel=\"noopener\"><strong>fabricante de utens\u00edlios de cozinha em cer\u00e2mica,<\/strong><\/a> oferecemos servi\u00e7os de personaliza\u00e7\u00e3o OEM e ODM, incluindo cor, forma e embalagem. Contacte-nos hoje.<\/p>\n<h2>Especifica\u00e7\u00f5es dos suportes para ovos em cer\u00e2mica<\/h2>\n<table width=\"235\">\n<tbody>\n<tr>\n<td width=\"69\">Marca<\/td>\n<td width=\"166\">KDL<\/td>\n<\/tr>\n<tr>\n<td width=\"69\">Modelo<\/td>\n<td width=\"166\">TDQ1435<\/td>\n<\/tr>\n<tr>\n<td width=\"69\">Material<\/td>\n<td width=\"166\">cer\u00e2mica<\/td>\n<\/tr>\n<tr>\n<td width=\"69\">cor<\/td>\n<td width=\"166\">vermelho\/amarelo\/laranja\/azul<\/td>\n<\/tr>\n<tr>\n<td width=\"69\">Aplica\u00e7\u00e3o<\/td>\n<td width=\"166\">suporte para ovos<\/td>\n<\/tr>\n<tr>\n<td width=\"69\">Carater\u00edstica<\/td>\n<td width=\"166\">envidra\u00e7ado<\/td>\n<\/tr>\n<tr>\n<td width=\"69\">Dimens\u00f5es<\/td>\n<td width=\"166\">14*14*3cm<\/td>\n<\/tr>\n<tr>\n<td width=\"69\">Peso bruto (kg)<\/td>\n<td width=\"166\">0,32 kg<\/td>\n<\/tr>\n<tr>\n<td width=\"69\">Quantidade m\u00ednima de encomenda<\/td>\n<td width=\"166\">800 conjuntos<\/td>\n<\/tr>\n<\/tbody>\n<\/table>\n<p>&nbsp;<\/p>\n<p>\n<script src=\"chrome-extension:\/\/fpelahbljekknahkcaegamhcndkfpfnc\/iFrame.js\" type=\"text\/javascript\"><\/script><\/p>","protected":false},"featured_media":1558,"comment_status":"closed","ping_status":"closed","template":"","meta":{"_acf_changed":false},"product_brand":[],"product_cat":[18],"product_tag":[],"class_list":{"0":"post-1556","1":"product","2":"type-product","3":"status-publish","4":"has-post-thumbnail","6":"product_cat-wholesale-ceramic-kitchenware","8":"first","9":"instock","10":"shipping-taxable","11":"product-type-simple"},"acf":[],"_links":{"self":[{"href":"https:\/\/www.kedali.com\/pt\/wp-json\/wp\/v2\/product\/1556","targetHints":{"allow":["GET"]}}],"collection":[{"href":"https:\/\/www.kedali.com\/pt\/wp-json\/wp\/v2\/product"}],"about":[{"href":"https:\/\/www.kedali.com\/pt\/wp-json\/wp\/v2\/types\/product"}],"replies":[{"embeddable":true,"href":"https:\/\/www.kedali.com\/pt\/wp-json\/wp\/v2\/comments?post=1556"}],"wp:featuredmedia":[{"embeddable":true,"href":"https:\/\/www.kedali.com\/pt\/wp-json\/wp\/v2\/media\/1558"}],"wp:attachment":[{"href":"https:\/\/www.kedali.com\/pt\/wp-json\/wp\/v2\/media?parent=1556"}],"wp:term":[{"taxonomy":"product_brand","embeddable":true,"href":"https:\/\/www.kedali.com\/pt\/wp-json\/wp\/v2\/product_brand?post=1556"},{"taxonomy":"product_cat","embeddable":true,"href":"https:\/\/www.kedali.com\/pt\/wp-json\/wp\/v2\/product_cat?post=1556"},{"taxonomy":"product_tag","embeddable":true,"href":"https:\/\/www.kedali.com\/pt\/wp-json\/wp\/v2\/product_tag?post=1556"}],"curies":[{"name":"wp","href":"https:\/\/api.w.org\/{rel}","templated":true}]}}