{"id":1572,"date":"2025-12-03T10:09:46","date_gmt":"2025-12-03T10:09:46","guid":{"rendered":"https:\/\/www.kedali.com\/?post_type=product&#038;p=1572"},"modified":"2025-12-03T10:23:50","modified_gmt":"2025-12-03T10:23:50","slug":"bulk-ceramic-spoon-rests-wholesale","status":"publish","type":"product","link":"https:\/\/www.kedali.com\/pt\/produto\/bulk-ceramic-spoon-rests-wholesale\/","title":{"rendered":"Colheres de cer\u00e2mica por atacado - F\u00e1brica de utens\u00edlios de cozinha de cer\u00e2mica Kedali Fornecimento a granel"},"content":{"rendered":"<div class=\"wp-block-columns is-layout-flex wp-container-core-columns-is-layout-9d6595d7 wp-block-columns-is-layout-flex\">\n<div class=\"wp-block-column is-layout-flow wp-block-column-is-layout-flow\">\n<h3 class=\"wp-block-heading\">Carater\u00edsticas do descanso de colher em cer\u00e2mica<\/h3>\n\n\n\n<ul class=\"wp-block-list\">\n<li><strong>Manter as bancadas limpas: <\/strong>O descanso de colher em cer\u00e2mica foi concebido principalmente para segurar as conchas e os utens\u00edlios de cozinha, evitando que os res\u00edduos se espalhem pelas bancadas e pelos fog\u00f5es.<\/li>\n\n\n\n<li><strong>Dur\u00e1vel e resistente ao calor: <\/strong>Fabricada em cer\u00e2mica de alta qualidade, \u00e9 resistente ao calor, pelo que pode segurar em seguran\u00e7a colheres e esp\u00e1tulas quentes acabadas de retirar de panelas ou fornos.<\/li>\n\n\n\n<li><strong>Design vers\u00e1til: <\/strong>O design longo e curvo da ranhura acomoda v\u00e1rios tamanhos de talheres, desde colheres de ch\u00e1 e colheres de mexer at\u00e9 conchas e esp\u00e1tulas grandes.<\/li>\n\n\n\n<li><strong>Arruma\u00e7\u00e3o empilh\u00e1vel: <\/strong>O design empilh\u00e1vel poupa espa\u00e7o de arruma\u00e7\u00e3o.<\/li>\n<\/ul>\n\n\n\n<h3 class=\"wp-block-heading\">Servi\u00e7o personalizado<\/h3>\n\n\n\n<ul class=\"wp-block-list\">\n<li>Suporte OEM e ODM<\/li>\n\n\n\n<li>Entrega r\u00e1pida de amostras.<\/li>\n\n\n\n<li>Fornecer forma personalizada do produto, cor, padr\u00e3o, embalagem e outros servi\u00e7os personalizados.<\/li>\n<\/ul>\n<\/div>\n\n\n\n<div class=\"wp-block-column is-layout-flow wp-block-column-is-layout-flow\">\n<figure class=\"wp-block-image size-full\"><img decoding=\"async\" width=\"800\" height=\"800\" src=\"https:\/\/www.kedali.com\/wp-content\/uploads\/2025\/12\/specifications-of-ceramic-spoon-rest.webp\" alt=\"especifica\u00e7\u00f5es do descanso de colher em cer\u00e2mica\" class=\"wp-image-1574\" srcset=\"https:\/\/www.kedali.com\/wp-content\/uploads\/2025\/12\/specifications-of-ceramic-spoon-rest.webp 800w, https:\/\/www.kedali.com\/wp-content\/uploads\/2025\/12\/specifications-of-ceramic-spoon-rest-300x300.webp 300w, https:\/\/www.kedali.com\/wp-content\/uploads\/2025\/12\/specifications-of-ceramic-spoon-rest-150x150.webp 150w, https:\/\/www.kedali.com\/wp-content\/uploads\/2025\/12\/specifications-of-ceramic-spoon-rest-768x768.webp 768w, https:\/\/www.kedali.com\/wp-content\/uploads\/2025\/12\/specifications-of-ceramic-spoon-rest-12x12.webp 12w, https:\/\/www.kedali.com\/wp-content\/uploads\/2025\/12\/specifications-of-ceramic-spoon-rest-600x600.webp 600w, https:\/\/www.kedali.com\/wp-content\/uploads\/2025\/12\/specifications-of-ceramic-spoon-rest-100x100.webp 100w\" sizes=\"(max-width: 800px) 100vw, 800px\" \/><\/figure>\n<\/div>\n<\/div>\n\n\n\n<div class=\"wp-block-columns is-layout-flex wp-container-core-columns-is-layout-9d6595d7 wp-block-columns-is-layout-flex\">\n<div class=\"wp-block-column is-layout-flow wp-block-column-is-layout-flow\">\n<figure class=\"wp-block-image size-full\"><img decoding=\"async\" width=\"800\" height=\"800\" src=\"https:\/\/www.kedali.com\/wp-content\/uploads\/2025\/12\/wholesale-ceramic-spoon-rests-3.webp\" alt=\"suportes para colheres de cer\u00e2mica por atacado (3)\" class=\"wp-image-1577\" srcset=\"https:\/\/www.kedali.com\/wp-content\/uploads\/2025\/12\/wholesale-ceramic-spoon-rests-3.webp 800w, https:\/\/www.kedali.com\/wp-content\/uploads\/2025\/12\/wholesale-ceramic-spoon-rests-3-300x300.webp 300w, https:\/\/www.kedali.com\/wp-content\/uploads\/2025\/12\/wholesale-ceramic-spoon-rests-3-150x150.webp 150w, https:\/\/www.kedali.com\/wp-content\/uploads\/2025\/12\/wholesale-ceramic-spoon-rests-3-768x768.webp 768w, https:\/\/www.kedali.com\/wp-content\/uploads\/2025\/12\/wholesale-ceramic-spoon-rests-3-12x12.webp 12w, https:\/\/www.kedali.com\/wp-content\/uploads\/2025\/12\/wholesale-ceramic-spoon-rests-3-600x600.webp 600w, https:\/\/www.kedali.com\/wp-content\/uploads\/2025\/12\/wholesale-ceramic-spoon-rests-3-100x100.webp 100w\" sizes=\"(max-width: 800px) 100vw, 800px\" \/><\/figure>\n<\/div>\n\n\n\n<div class=\"wp-block-column is-layout-flow wp-block-column-is-layout-flow\">\n<figure class=\"wp-block-image size-full\"><img decoding=\"async\" width=\"800\" height=\"800\" src=\"https:\/\/www.kedali.com\/wp-content\/uploads\/2025\/12\/wholesale-ceramic-spoon-rests-4.webp\" alt=\"suportes para colheres de cer\u00e2mica por atacado (4)\" class=\"wp-image-1578\" srcset=\"https:\/\/www.kedali.com\/wp-content\/uploads\/2025\/12\/wholesale-ceramic-spoon-rests-4.webp 800w, https:\/\/www.kedali.com\/wp-content\/uploads\/2025\/12\/wholesale-ceramic-spoon-rests-4-300x300.webp 300w, https:\/\/www.kedali.com\/wp-content\/uploads\/2025\/12\/wholesale-ceramic-spoon-rests-4-150x150.webp 150w, https:\/\/www.kedali.com\/wp-content\/uploads\/2025\/12\/wholesale-ceramic-spoon-rests-4-768x768.webp 768w, https:\/\/www.kedali.com\/wp-content\/uploads\/2025\/12\/wholesale-ceramic-spoon-rests-4-12x12.webp 12w, https:\/\/www.kedali.com\/wp-content\/uploads\/2025\/12\/wholesale-ceramic-spoon-rests-4-600x600.webp 600w, https:\/\/www.kedali.com\/wp-content\/uploads\/2025\/12\/wholesale-ceramic-spoon-rests-4-100x100.webp 100w\" sizes=\"(max-width: 800px) 100vw, 800px\" \/><\/figure>\n<\/div>\n<\/div>","protected":false},"excerpt":{"rendered":"<p>Apoios para colheres em cer\u00e2mica para venda por grosso. A ranhura larga e curva proporciona um local est\u00e1vel para talheres de todos os tamanhos, prevenindo eficazmente os derrames e evitando manchas nas bancadas. Contacte-nos para um or\u00e7amento.<\/p>\n<h2>Especifica\u00e7\u00f5es do descanso de colher em cer\u00e2mica<\/h2>\n<table width=\"235\">\n<tbody>\n<tr>\n<td width=\"69\">Marca<\/td>\n<td width=\"166\">KDL<\/td>\n<\/tr>\n<tr>\n<td width=\"69\">Modelo<\/td>\n<td width=\"166\">tds892-8<\/td>\n<\/tr>\n<tr>\n<td width=\"69\">Material<\/td>\n<td width=\"166\">cer\u00e2mica<\/td>\n<\/tr>\n<tr>\n<td width=\"69\">cor<\/td>\n<td width=\"166\">branco<\/td>\n<\/tr>\n<tr>\n<td width=\"69\">Aplica\u00e7\u00e3o<\/td>\n<td width=\"166\">descanso de colher em cer\u00e2mica<\/td>\n<\/tr>\n<tr>\n<td width=\"69\">Carater\u00edstica<\/td>\n<td width=\"166\">decalque<\/td>\n<\/tr>\n<tr>\n<td width=\"69\">Dimens\u00f5es<\/td>\n<td width=\"166\">20,5*9*3,3cm<\/td>\n<\/tr>\n<tr>\n<td width=\"69\">Peso bruto (kg)<\/td>\n<td width=\"166\">0,2 kg<\/td>\n<\/tr>\n<tr>\n<td width=\"69\">Quantidade m\u00ednima de encomenda<\/td>\n<td width=\"166\">800 conjuntos<\/td>\n<\/tr>\n<\/tbody>\n<\/table>\n<p>&nbsp;<\/p>","protected":false},"featured_media":1575,"comment_status":"closed","ping_status":"closed","template":"","meta":{"_acf_changed":false},"product_brand":[],"product_cat":[18],"product_tag":[],"class_list":{"0":"post-1572","1":"product","2":"type-product","3":"status-publish","4":"has-post-thumbnail","6":"product_cat-wholesale-ceramic-kitchenware","8":"first","9":"instock","10":"shipping-taxable","11":"product-type-simple"},"acf":[],"_links":{"self":[{"href":"https:\/\/www.kedali.com\/pt\/wp-json\/wp\/v2\/product\/1572","targetHints":{"allow":["GET"]}}],"collection":[{"href":"https:\/\/www.kedali.com\/pt\/wp-json\/wp\/v2\/product"}],"about":[{"href":"https:\/\/www.kedali.com\/pt\/wp-json\/wp\/v2\/types\/product"}],"replies":[{"embeddable":true,"href":"https:\/\/www.kedali.com\/pt\/wp-json\/wp\/v2\/comments?post=1572"}],"wp:featuredmedia":[{"embeddable":true,"href":"https:\/\/www.kedali.com\/pt\/wp-json\/wp\/v2\/media\/1575"}],"wp:attachment":[{"href":"https:\/\/www.kedali.com\/pt\/wp-json\/wp\/v2\/media?parent=1572"}],"wp:term":[{"taxonomy":"product_brand","embeddable":true,"href":"https:\/\/www.kedali.com\/pt\/wp-json\/wp\/v2\/product_brand?post=1572"},{"taxonomy":"product_cat","embeddable":true,"href":"https:\/\/www.kedali.com\/pt\/wp-json\/wp\/v2\/product_cat?post=1572"},{"taxonomy":"product_tag","embeddable":true,"href":"https:\/\/www.kedali.com\/pt\/wp-json\/wp\/v2\/product_tag?post=1572"}],"curies":[{"name":"wp","href":"https:\/\/api.w.org\/{rel}","templated":true}]}}