{"id":1609,"date":"2025-12-04T03:07:57","date_gmt":"2025-12-04T03:07:57","guid":{"rendered":"https:\/\/www.kedali.com\/?post_type=product&#038;p=1609"},"modified":"2026-01-19T15:27:26","modified_gmt":"2026-01-19T15:27:26","slug":"wholesale-4-piece-ceramic-serving-bowl-set","status":"publish","type":"product","link":"https:\/\/www.kedali.com\/pt\/produto\/wholesale-4-piece-ceramic-serving-bowl-set\/","title":{"rendered":"Conjunto de ta\u00e7as de cer\u00e2mica de 4 pe\u00e7as para servir por atacado - Ta\u00e7as para snacks, sushi, molhos e molhos para churrasco"},"content":{"rendered":"<div class=\"wp-block-columns is-layout-flex wp-container-core-columns-is-layout-9d6595d7 wp-block-columns-is-layout-flex\">\n<div class=\"wp-block-column is-layout-flow wp-block-column-is-layout-flow\">\n<h3 class=\"wp-block-heading\">Carater\u00edsticas do conjunto de ta\u00e7as de servir em cer\u00e2mica de 4 pe\u00e7as<\/h3>\n\n\n\n<ul class=\"wp-block-list\">\n<li><strong>Design \u00fanico da pega: <\/strong>Uma sec\u00e7\u00e3o ligeiramente alongada funciona como uma pega subtil ou um apoio para o polegar, tornando-os mais f\u00e1ceis de pegar, transportar e movimentar \u00e0 volta da mesa.<\/li>\n\n\n\n<li><strong>Empilh\u00e1vel\/Poupan\u00e7a de espa\u00e7o: <\/strong>As ta\u00e7as de servir s\u00e3o compactas e podem ser empilhadas de forma eficiente nos arm\u00e1rios, poupando espa\u00e7o de armazenamento valioso.<\/li>\n\n\n\n<li><strong>Aplica\u00e7\u00f5es vers\u00e1teis: <\/strong>Ideal para reuni\u00f5es familiares, para guardar aperitivos, frutos secos, frutas, etc.; adequado para o servi\u00e7o de restaura\u00e7\u00e3o, servindo de recipiente para aperitivos e molhos.<\/li>\n\n\n\n<li><strong>Pre\u00e7os por grosso: <\/strong>Como uma f\u00e1brica profissional de utens\u00edlios de cozinha em cer\u00e2mica, oferecemos servi\u00e7os de produ\u00e7\u00e3o em massa e personaliza\u00e7\u00e3o de utens\u00edlios de mesa em cer\u00e2mica de alta qualidade, e fornecemos pre\u00e7os competitivos.<\/li>\n<\/ul>\n\n\n\n<h3 class=\"wp-block-heading\">Servi\u00e7o personalizado<\/h3>\n\n\n\n<ul class=\"wp-block-list\">\n<li>Suporte OEM e ODM<\/li>\n\n\n\n<li>Entrega r\u00e1pida de amostras.<\/li>\n\n\n\n<li>Fornecer forma personalizada do produto, cor, padr\u00e3o, embalagem e outros servi\u00e7os personalizados.<\/li>\n<\/ul>\n<\/div>\n\n\n\n<div class=\"wp-block-column is-layout-flow wp-block-column-is-layout-flow\">\n<figure class=\"wp-block-image size-full\"><img decoding=\"async\" width=\"1600\" height=\"1600\" src=\"https:\/\/www.kedali.com\/wp-content\/uploads\/2025\/12\/specifications-of-4-piece-ceramic-serving-bowl-set.webp\" alt=\"especifica\u00e7\u00f5es do conjunto de ta\u00e7as de servir em cer\u00e2mica com 4 pe\u00e7as\" class=\"wp-image-1610\" srcset=\"https:\/\/www.kedali.com\/wp-content\/uploads\/2025\/12\/specifications-of-4-piece-ceramic-serving-bowl-set.webp 1600w, https:\/\/www.kedali.com\/wp-content\/uploads\/2025\/12\/specifications-of-4-piece-ceramic-serving-bowl-set-300x300.webp 300w, https:\/\/www.kedali.com\/wp-content\/uploads\/2025\/12\/specifications-of-4-piece-ceramic-serving-bowl-set-150x150.webp 150w, https:\/\/www.kedali.com\/wp-content\/uploads\/2025\/12\/specifications-of-4-piece-ceramic-serving-bowl-set-768x768.webp 768w, https:\/\/www.kedali.com\/wp-content\/uploads\/2025\/12\/specifications-of-4-piece-ceramic-serving-bowl-set-12x12.webp 12w, https:\/\/www.kedali.com\/wp-content\/uploads\/2025\/12\/specifications-of-4-piece-ceramic-serving-bowl-set-1200x1200.webp 1200w, https:\/\/www.kedali.com\/wp-content\/uploads\/2025\/12\/specifications-of-4-piece-ceramic-serving-bowl-set-600x600.webp 600w, https:\/\/www.kedali.com\/wp-content\/uploads\/2025\/12\/specifications-of-4-piece-ceramic-serving-bowl-set-100x100.webp 100w\" sizes=\"(max-width: 1600px) 100vw, 1600px\" \/><\/figure>\n<\/div>\n<\/div>\n\n\n\n<div class=\"wp-block-columns is-layout-flex wp-container-core-columns-is-layout-9d6595d7 wp-block-columns-is-layout-flex\">\n<div class=\"wp-block-column is-layout-flow wp-block-column-is-layout-flow\">\n<figure class=\"wp-block-image size-full\"><img decoding=\"async\" width=\"1600\" height=\"1600\" src=\"https:\/\/www.kedali.com\/wp-content\/uploads\/2025\/12\/wholesale-4-piece-ceramic-serving-bowl-set-2.webp\" alt=\"conjunto de ta\u00e7as de cer\u00e2mica de 4 pe\u00e7as para servir por atacado (2)\" class=\"wp-image-1612\" srcset=\"https:\/\/www.kedali.com\/wp-content\/uploads\/2025\/12\/wholesale-4-piece-ceramic-serving-bowl-set-2.webp 1600w, https:\/\/www.kedali.com\/wp-content\/uploads\/2025\/12\/wholesale-4-piece-ceramic-serving-bowl-set-2-300x300.webp 300w, https:\/\/www.kedali.com\/wp-content\/uploads\/2025\/12\/wholesale-4-piece-ceramic-serving-bowl-set-2-150x150.webp 150w, https:\/\/www.kedali.com\/wp-content\/uploads\/2025\/12\/wholesale-4-piece-ceramic-serving-bowl-set-2-768x768.webp 768w, https:\/\/www.kedali.com\/wp-content\/uploads\/2025\/12\/wholesale-4-piece-ceramic-serving-bowl-set-2-12x12.webp 12w, https:\/\/www.kedali.com\/wp-content\/uploads\/2025\/12\/wholesale-4-piece-ceramic-serving-bowl-set-2-1200x1200.webp 1200w, https:\/\/www.kedali.com\/wp-content\/uploads\/2025\/12\/wholesale-4-piece-ceramic-serving-bowl-set-2-600x600.webp 600w, https:\/\/www.kedali.com\/wp-content\/uploads\/2025\/12\/wholesale-4-piece-ceramic-serving-bowl-set-2-100x100.webp 100w\" sizes=\"(max-width: 1600px) 100vw, 1600px\" \/><\/figure>\n<\/div>\n\n\n\n<div class=\"wp-block-column is-layout-flow wp-block-column-is-layout-flow\">\n<figure class=\"wp-block-image size-full\"><img decoding=\"async\" width=\"1600\" height=\"1600\" src=\"https:\/\/www.kedali.com\/wp-content\/uploads\/2025\/12\/wholesale-4-piece-ceramic-serving-bowl-set-4.webp\" alt=\"conjunto de ta\u00e7as de cer\u00e2mica de 4 pe\u00e7as para servir por atacado (4)\" class=\"wp-image-1614\" srcset=\"https:\/\/www.kedali.com\/wp-content\/uploads\/2025\/12\/wholesale-4-piece-ceramic-serving-bowl-set-4.webp 1600w, https:\/\/www.kedali.com\/wp-content\/uploads\/2025\/12\/wholesale-4-piece-ceramic-serving-bowl-set-4-300x300.webp 300w, https:\/\/www.kedali.com\/wp-content\/uploads\/2025\/12\/wholesale-4-piece-ceramic-serving-bowl-set-4-150x150.webp 150w, https:\/\/www.kedali.com\/wp-content\/uploads\/2025\/12\/wholesale-4-piece-ceramic-serving-bowl-set-4-768x768.webp 768w, https:\/\/www.kedali.com\/wp-content\/uploads\/2025\/12\/wholesale-4-piece-ceramic-serving-bowl-set-4-12x12.webp 12w, https:\/\/www.kedali.com\/wp-content\/uploads\/2025\/12\/wholesale-4-piece-ceramic-serving-bowl-set-4-1200x1200.webp 1200w, https:\/\/www.kedali.com\/wp-content\/uploads\/2025\/12\/wholesale-4-piece-ceramic-serving-bowl-set-4-600x600.webp 600w, https:\/\/www.kedali.com\/wp-content\/uploads\/2025\/12\/wholesale-4-piece-ceramic-serving-bowl-set-4-100x100.webp 100w\" sizes=\"(max-width: 1600px) 100vw, 1600px\" \/><\/figure>\n<\/div>\n<\/div>","protected":false},"excerpt":{"rendered":"<p>Conjunto de ta\u00e7as de cer\u00e2mica para servir por atacado. Cada ta\u00e7a possui uma \u201cpega\u201d \u00fanica e alargada com uma confort\u00e1vel textura estriada. A pega confort\u00e1vel facilita a recolha, o servi\u00e7o e a passagem dos alimentos. Contacte-nos para obter um or\u00e7amento.<\/p>\n<h2>Especifica\u00e7\u00f5es do Conjunto de ta\u00e7as para servir em cer\u00e2mica com 4 pe\u00e7as<\/h2>\n<table width=\"235\">\n<tbody>\n<tr>\n<td width=\"69\">Marca<\/td>\n<td width=\"166\">KDL<\/td>\n<\/tr>\n<tr>\n<td width=\"69\">Modelo<\/td>\n<td width=\"166\">TDS1780-5<\/td>\n<\/tr>\n<tr>\n<td width=\"69\">Material<\/td>\n<td width=\"166\">cer\u00e2mica<\/td>\n<\/tr>\n<tr>\n<td width=\"69\">cor<\/td>\n<td width=\"166\">preto\/branco<\/td>\n<\/tr>\n<tr>\n<td width=\"69\">Aplica\u00e7\u00e3o<\/td>\n<td width=\"166\">ta\u00e7a de servir<\/td>\n<\/tr>\n<tr>\n<td width=\"69\">Carater\u00edstica<\/td>\n<td width=\"166\">envidra\u00e7ado<\/td>\n<\/tr>\n<tr>\n<td width=\"69\">Dimens\u00f5es<\/td>\n<td width=\"166\">13\u00d710,2\u00d75,2cm<\/td>\n<\/tr>\n<tr>\n<td width=\"69\">Quantidade m\u00ednima de encomenda<\/td>\n<td width=\"166\">800 conjuntos<\/td>\n<\/tr>\n<\/tbody>\n<\/table>\n<p>&nbsp;<\/p>","protected":false},"featured_media":1611,"comment_status":"closed","ping_status":"closed","template":"","meta":{"_acf_changed":false},"product_brand":[],"product_cat":[18,39],"product_tag":[],"class_list":{"0":"post-1609","1":"product","2":"type-product","3":"status-publish","4":"has-post-thumbnail","6":"product_cat-wholesale-ceramic-kitchenware","7":"product_cat-wholesale-serving-bowls","9":"first","10":"instock","11":"shipping-taxable","12":"product-type-simple"},"acf":[],"_links":{"self":[{"href":"https:\/\/www.kedali.com\/pt\/wp-json\/wp\/v2\/product\/1609","targetHints":{"allow":["GET"]}}],"collection":[{"href":"https:\/\/www.kedali.com\/pt\/wp-json\/wp\/v2\/product"}],"about":[{"href":"https:\/\/www.kedali.com\/pt\/wp-json\/wp\/v2\/types\/product"}],"replies":[{"embeddable":true,"href":"https:\/\/www.kedali.com\/pt\/wp-json\/wp\/v2\/comments?post=1609"}],"wp:featuredmedia":[{"embeddable":true,"href":"https:\/\/www.kedali.com\/pt\/wp-json\/wp\/v2\/media\/1611"}],"wp:attachment":[{"href":"https:\/\/www.kedali.com\/pt\/wp-json\/wp\/v2\/media?parent=1609"}],"wp:term":[{"taxonomy":"product_brand","embeddable":true,"href":"https:\/\/www.kedali.com\/pt\/wp-json\/wp\/v2\/product_brand?post=1609"},{"taxonomy":"product_cat","embeddable":true,"href":"https:\/\/www.kedali.com\/pt\/wp-json\/wp\/v2\/product_cat?post=1609"},{"taxonomy":"product_tag","embeddable":true,"href":"https:\/\/www.kedali.com\/pt\/wp-json\/wp\/v2\/product_tag?post=1609"}],"curies":[{"name":"wp","href":"https:\/\/api.w.org\/{rel}","templated":true}]}}