{"id":1656,"date":"2025-12-06T02:02:17","date_gmt":"2025-12-06T02:02:17","guid":{"rendered":"https:\/\/www.kedali.com\/?post_type=product&#038;p=1656"},"modified":"2025-12-06T02:22:33","modified_gmt":"2025-12-06T02:22:33","slug":"wholesale-ceramic-fish-shaped-serving-platter","status":"publish","type":"product","link":"https:\/\/www.kedali.com\/pt\/produto\/wholesale-ceramic-fish-shaped-serving-platter\/","title":{"rendered":"Prato de servir em forma de peixe em cer\u00e2mica por atacado"},"content":{"rendered":"<div class=\"wp-block-columns is-layout-flex wp-container-core-columns-is-layout-9d6595d7 wp-block-columns-is-layout-flex\">\n<div class=\"wp-block-column is-layout-flow wp-block-column-is-layout-flow\">\n<h3 class=\"wp-block-heading\">Carater\u00edsticas da travessa de cer\u00e2mica em forma de peixe<\/h3>\n\n\n\n<ul class=\"wp-block-list\">\n<li><strong>Apresenta\u00e7\u00e3o optimizada dos alimentos: <\/strong>A forma cuidadosamente concebida acomoda perfeitamente um peixe inteiro cozido a vapor ou grelhado, criando um prato visualmente completo e apelativo.<\/li>\n\n\n\n<li><strong>Adequa\u00e7\u00e3o tem\u00e1tica:<\/strong> Ideal para servir marisco, melhorando a experi\u00eancia gastron\u00f3mica em restaurantes, casas \u00e0 beira-mar ou festas tem\u00e1ticas.<\/li>\n\n\n\n<li><strong>Textura de malha: <\/strong>A delicada textura de malha no prato d\u00e1 um toque de design e proporciona uma superf\u00edcie antiderrapante.<\/li>\n<\/ul>\n\n\n\n<h3 class=\"wp-block-heading\">Servi\u00e7o personalizado<\/h3>\n\n\n\n<ul class=\"wp-block-list\">\n<li>Suporte OEM e ODM<\/li>\n\n\n\n<li>Entrega r\u00e1pida de amostras.<\/li>\n\n\n\n<li>Fornecer forma personalizada do produto, cor, padr\u00e3o, embalagem e outros servi\u00e7os personalizados.<\/li>\n<\/ul>\n<\/div>\n\n\n\n<div class=\"wp-block-column is-layout-flow wp-block-column-is-layout-flow\">\n<figure class=\"wp-block-image size-full\"><img decoding=\"async\" width=\"1200\" height=\"1200\" src=\"https:\/\/www.kedali.com\/wp-content\/uploads\/2025\/12\/wholesale-ceramic-fish-shaped-serving-platter-6.webp\" alt=\"travessa de cer\u00e2mica em forma de peixe para venda por grosso (6)\" class=\"wp-image-1662\" srcset=\"https:\/\/www.kedali.com\/wp-content\/uploads\/2025\/12\/wholesale-ceramic-fish-shaped-serving-platter-6.webp 1200w, https:\/\/www.kedali.com\/wp-content\/uploads\/2025\/12\/wholesale-ceramic-fish-shaped-serving-platter-6-300x300.webp 300w, https:\/\/www.kedali.com\/wp-content\/uploads\/2025\/12\/wholesale-ceramic-fish-shaped-serving-platter-6-150x150.webp 150w, https:\/\/www.kedali.com\/wp-content\/uploads\/2025\/12\/wholesale-ceramic-fish-shaped-serving-platter-6-768x768.webp 768w, https:\/\/www.kedali.com\/wp-content\/uploads\/2025\/12\/wholesale-ceramic-fish-shaped-serving-platter-6-12x12.webp 12w, https:\/\/www.kedali.com\/wp-content\/uploads\/2025\/12\/wholesale-ceramic-fish-shaped-serving-platter-6-600x600.webp 600w, https:\/\/www.kedali.com\/wp-content\/uploads\/2025\/12\/wholesale-ceramic-fish-shaped-serving-platter-6-100x100.webp 100w\" sizes=\"(max-width: 1200px) 100vw, 1200px\" \/><\/figure>\n<\/div>\n<\/div>\n\n\n\n<div class=\"wp-block-columns is-layout-flex wp-container-core-columns-is-layout-9d6595d7 wp-block-columns-is-layout-flex\">\n<div class=\"wp-block-column is-layout-flow wp-block-column-is-layout-flow\">\n<figure class=\"wp-block-image size-full\"><img decoding=\"async\" width=\"1200\" height=\"1200\" src=\"https:\/\/www.kedali.com\/wp-content\/uploads\/2025\/12\/wholesale-ceramic-fish-shaped-serving-platter-2.webp\" alt=\"travessa de cer\u00e2mica em forma de peixe para venda por grosso (2)\" class=\"wp-image-1658\" srcset=\"https:\/\/www.kedali.com\/wp-content\/uploads\/2025\/12\/wholesale-ceramic-fish-shaped-serving-platter-2.webp 1200w, https:\/\/www.kedali.com\/wp-content\/uploads\/2025\/12\/wholesale-ceramic-fish-shaped-serving-platter-2-300x300.webp 300w, https:\/\/www.kedali.com\/wp-content\/uploads\/2025\/12\/wholesale-ceramic-fish-shaped-serving-platter-2-150x150.webp 150w, https:\/\/www.kedali.com\/wp-content\/uploads\/2025\/12\/wholesale-ceramic-fish-shaped-serving-platter-2-768x768.webp 768w, https:\/\/www.kedali.com\/wp-content\/uploads\/2025\/12\/wholesale-ceramic-fish-shaped-serving-platter-2-12x12.webp 12w, https:\/\/www.kedali.com\/wp-content\/uploads\/2025\/12\/wholesale-ceramic-fish-shaped-serving-platter-2-600x600.webp 600w, https:\/\/www.kedali.com\/wp-content\/uploads\/2025\/12\/wholesale-ceramic-fish-shaped-serving-platter-2-100x100.webp 100w\" sizes=\"(max-width: 1200px) 100vw, 1200px\" \/><\/figure>\n<\/div>\n\n\n\n<div class=\"wp-block-column is-layout-flow wp-block-column-is-layout-flow\">\n<figure class=\"wp-block-image size-full\"><img decoding=\"async\" width=\"1200\" height=\"1200\" src=\"https:\/\/www.kedali.com\/wp-content\/uploads\/2025\/12\/wholesale-ceramic-fish-shaped-serving-platter-3.webp\" alt=\"travessa de cer\u00e2mica em forma de peixe para venda por grosso (3)\" class=\"wp-image-1659\" srcset=\"https:\/\/www.kedali.com\/wp-content\/uploads\/2025\/12\/wholesale-ceramic-fish-shaped-serving-platter-3.webp 1200w, https:\/\/www.kedali.com\/wp-content\/uploads\/2025\/12\/wholesale-ceramic-fish-shaped-serving-platter-3-300x300.webp 300w, https:\/\/www.kedali.com\/wp-content\/uploads\/2025\/12\/wholesale-ceramic-fish-shaped-serving-platter-3-150x150.webp 150w, https:\/\/www.kedali.com\/wp-content\/uploads\/2025\/12\/wholesale-ceramic-fish-shaped-serving-platter-3-768x768.webp 768w, https:\/\/www.kedali.com\/wp-content\/uploads\/2025\/12\/wholesale-ceramic-fish-shaped-serving-platter-3-12x12.webp 12w, https:\/\/www.kedali.com\/wp-content\/uploads\/2025\/12\/wholesale-ceramic-fish-shaped-serving-platter-3-600x600.webp 600w, https:\/\/www.kedali.com\/wp-content\/uploads\/2025\/12\/wholesale-ceramic-fish-shaped-serving-platter-3-100x100.webp 100w\" sizes=\"(max-width: 1200px) 100vw, 1200px\" \/><\/figure>\n<\/div>\n<\/div>\n\n\n\n<p><\/p>","protected":false},"excerpt":{"rendered":"<p>Bem-vindo ao comprar a nossa travessa de cer\u00e2mica em forma de peixe a granel. Este prato de servir em forma de peixe, de formato \u00fanico, dar\u00e1 um toque distinto \u00e0 sua experi\u00eancia gastron\u00f3mica. \u00c9 ideal para restaurantes e lojas de retalho.<\/p>\n<p>Kedali \u00e9 um profissional <a href=\"https:\/\/www.kedali.com\/pt\/categoria-produto\/wholesale-ceramic-kitchenware\/\" target=\"_blank\" rel=\"noopener\"><strong>fabricante de utens\u00edlios de cozinha em cer\u00e2mica<\/strong><\/a>, A nossa empresa oferece uma grande variedade de produtos de cer\u00e2mica para cozinha. Contacte-nos para obter o nosso cat\u00e1logo e lista de pre\u00e7os.<\/p>\n<h2>Especifica\u00e7\u00f5es da travessa de cer\u00e2mica em forma de peixe<\/h2>\n<table width=\"235\">\n<tbody>\n<tr>\n<td width=\"69\">Marca<\/td>\n<td width=\"166\">KDL<\/td>\n<\/tr>\n<tr>\n<td width=\"69\">Modelo<\/td>\n<td width=\"166\">TDS2370-12<\/td>\n<\/tr>\n<tr>\n<td width=\"69\">Material<\/td>\n<td width=\"166\">cer\u00e2mica<\/td>\n<\/tr>\n<tr>\n<td width=\"69\">cor<\/td>\n<td width=\"166\">castanho<\/td>\n<\/tr>\n<tr>\n<td width=\"69\">Aplica\u00e7\u00e3o<\/td>\n<td width=\"166\">travessa de servir<\/td>\n<\/tr>\n<tr>\n<td width=\"69\">Carater\u00edstica<\/td>\n<td width=\"166\">envidra\u00e7ado<\/td>\n<\/tr>\n<tr>\n<td width=\"69\">Quantidade m\u00ednima de encomenda<\/td>\n<td width=\"166\">800 conjuntos<\/td>\n<\/tr>\n<\/tbody>\n<\/table>\n<p>&nbsp;<\/p>\n<p><script src=\"chrome-extension:\/\/fpelahbljekknahkcaegamhcndkfpfnc\/iFrame.js\" type=\"text\/javascript\"><\/script><\/p>","protected":false},"featured_media":1657,"comment_status":"closed","ping_status":"closed","template":"","meta":{"_acf_changed":false},"product_brand":[],"product_cat":[18],"product_tag":[],"class_list":{"0":"post-1656","1":"product","2":"type-product","3":"status-publish","4":"has-post-thumbnail","6":"product_cat-wholesale-ceramic-kitchenware","8":"first","9":"instock","10":"shipping-taxable","11":"product-type-simple"},"acf":[],"_links":{"self":[{"href":"https:\/\/www.kedali.com\/pt\/wp-json\/wp\/v2\/product\/1656","targetHints":{"allow":["GET"]}}],"collection":[{"href":"https:\/\/www.kedali.com\/pt\/wp-json\/wp\/v2\/product"}],"about":[{"href":"https:\/\/www.kedali.com\/pt\/wp-json\/wp\/v2\/types\/product"}],"replies":[{"embeddable":true,"href":"https:\/\/www.kedali.com\/pt\/wp-json\/wp\/v2\/comments?post=1656"}],"wp:featuredmedia":[{"embeddable":true,"href":"https:\/\/www.kedali.com\/pt\/wp-json\/wp\/v2\/media\/1657"}],"wp:attachment":[{"href":"https:\/\/www.kedali.com\/pt\/wp-json\/wp\/v2\/media?parent=1656"}],"wp:term":[{"taxonomy":"product_brand","embeddable":true,"href":"https:\/\/www.kedali.com\/pt\/wp-json\/wp\/v2\/product_brand?post=1656"},{"taxonomy":"product_cat","embeddable":true,"href":"https:\/\/www.kedali.com\/pt\/wp-json\/wp\/v2\/product_cat?post=1656"},{"taxonomy":"product_tag","embeddable":true,"href":"https:\/\/www.kedali.com\/pt\/wp-json\/wp\/v2\/product_tag?post=1656"}],"curies":[{"name":"wp","href":"https:\/\/api.w.org\/{rel}","templated":true}]}}