{"id":1718,"date":"2025-12-13T06:45:53","date_gmt":"2025-12-13T06:45:53","guid":{"rendered":"https:\/\/www.kedali.com\/?post_type=product&#038;p=1718"},"modified":"2026-01-09T01:05:50","modified_gmt":"2026-01-09T01:05:50","slug":"wholesale-stylish-ceramic-baking-dish-set","status":"publish","type":"product","link":"https:\/\/www.kedali.com\/pt\/produto\/wholesale-stylish-ceramic-baking-dish-set\/","title":{"rendered":"Conjunto de assadeiras rectangulares de cer\u00e2mica por atacado, pr\u00f3prias para o forno, dispon\u00edveis em v\u00e1rias cores"},"content":{"rendered":"<div class=\"wp-block-columns is-layout-flex wp-container-core-columns-is-layout-9d6595d7 wp-block-columns-is-layout-flex\">\n<div class=\"wp-block-column is-layout-flow wp-block-column-is-layout-flow\">\n<h3 class=\"wp-block-heading\">Carater\u00edsticas do conjunto de assadeiras de cer\u00e2mica<\/h3>\n\n\n\n<ul class=\"wp-block-list\">\n<li><strong>Superf\u00edcie n\u00e3o reactiva: <\/strong>Os nossos pratos para assar por atacado apresentam uma superf\u00edcie de cer\u00e2mica vidrada que n\u00e3o \u00e9 reactiva, n\u00e3o absorve os odores, sabores ou cores de alimentos \u00e1cidos e n\u00e3o lixivia metais para os alimentos, garantindo assim o sabor puro dos alimentos.<\/li>\n\n\n\n<li><strong>Versatilidade: <\/strong>Estas assadeiras s\u00e3o resistentes ao calor e podem ser colocadas diretamente no forno; t\u00eam tamb\u00e9m uma est\u00e9tica agrad\u00e1vel e podem ser servidas diretamente do forno para a mesa; este design vers\u00e1til simplifica a confe\u00e7\u00e3o e a limpeza.<\/li>\n\n\n\n<li><strong>Cores da moda<\/strong>: Esta s\u00e9rie apresenta uma gama de cores modernas e arrojadas que v\u00e3o ao encontro das tend\u00eancias contempor\u00e2neas de decora\u00e7\u00e3o dom\u00e9stica, permitindo aos consumidores combinar os seus utens\u00edlios de cozinha com o seu estilo de cozinha.<\/li>\n\n\n\n<li><strong>Compatibilidade com v\u00e1rios cen\u00e1rios:<\/strong> Compat\u00edvel com fornos, micro-ondas, frigor\u00edficos e outros equipamentos de cozinha, permitindo opera\u00e7\u00f5es integradas de \u201crefrigera\u00e7\u00e3o \u2192 grelhar \u2192 servir\u201d, melhorando a efici\u00eancia culin\u00e1ria.<\/li>\n\n\n\n<li>Suporte OEM e ODM: A Kedali \u00e9 uma f\u00e1brica profissional de utens\u00edlios para cozer cer\u00e2mica, que oferece servi\u00e7os de personaliza\u00e7\u00e3o completos, incluindo forma, tamanho, cor, esmalte, log\u00f3tipo e embalagem para satisfazer as diferentes exig\u00eancias do mercado.<\/li>\n<\/ul>\n\n\n\n<h3 class=\"wp-block-heading\">Servi\u00e7o personalizado<\/h3>\n\n\n\n<ul class=\"wp-block-list\">\n<li>Suporte OEM e ODM<\/li>\n\n\n\n<li>Entrega r\u00e1pida de amostras.<\/li>\n\n\n\n<li>Fornecer forma personalizada do produto, cor, padr\u00e3o, embalagem e outros servi\u00e7os personalizados.<\/li>\n<\/ul>\n<\/div>\n\n\n\n<div class=\"wp-block-column is-layout-flow wp-block-column-is-layout-flow\">\n<figure class=\"wp-block-image size-full\"><img decoding=\"async\" width=\"750\" height=\"750\" src=\"https:\/\/www.kedali.com\/wp-content\/uploads\/2025\/12\/baking-dish-set-specifications.webp\" alt=\"especifica\u00e7\u00f5es do conjunto de assadeiras\" class=\"wp-image-1719\" srcset=\"https:\/\/www.kedali.com\/wp-content\/uploads\/2025\/12\/baking-dish-set-specifications.webp 750w, https:\/\/www.kedali.com\/wp-content\/uploads\/2025\/12\/baking-dish-set-specifications-300x300.webp 300w, https:\/\/www.kedali.com\/wp-content\/uploads\/2025\/12\/baking-dish-set-specifications-150x150.webp 150w, https:\/\/www.kedali.com\/wp-content\/uploads\/2025\/12\/baking-dish-set-specifications-12x12.webp 12w, https:\/\/www.kedali.com\/wp-content\/uploads\/2025\/12\/baking-dish-set-specifications-600x600.webp 600w, https:\/\/www.kedali.com\/wp-content\/uploads\/2025\/12\/baking-dish-set-specifications-100x100.webp 100w\" sizes=\"(max-width: 750px) 100vw, 750px\" \/><\/figure>\n<\/div>\n<\/div>\n\n\n\n<div class=\"wp-block-columns is-layout-flex wp-container-core-columns-is-layout-9d6595d7 wp-block-columns-is-layout-flex\">\n<div class=\"wp-block-column is-layout-flow wp-block-column-is-layout-flow\">\n<figure class=\"wp-block-image size-full\"><img decoding=\"async\" width=\"750\" height=\"750\" src=\"https:\/\/www.kedali.com\/wp-content\/uploads\/2025\/12\/wholesale-colorful-baking-dishes-1.webp\" alt=\"pratos de cozinha coloridos por atacado (1)\" class=\"wp-image-1720\" srcset=\"https:\/\/www.kedali.com\/wp-content\/uploads\/2025\/12\/wholesale-colorful-baking-dishes-1.webp 750w, https:\/\/www.kedali.com\/wp-content\/uploads\/2025\/12\/wholesale-colorful-baking-dishes-1-300x300.webp 300w, https:\/\/www.kedali.com\/wp-content\/uploads\/2025\/12\/wholesale-colorful-baking-dishes-1-150x150.webp 150w, https:\/\/www.kedali.com\/wp-content\/uploads\/2025\/12\/wholesale-colorful-baking-dishes-1-12x12.webp 12w, https:\/\/www.kedali.com\/wp-content\/uploads\/2025\/12\/wholesale-colorful-baking-dishes-1-600x600.webp 600w, https:\/\/www.kedali.com\/wp-content\/uploads\/2025\/12\/wholesale-colorful-baking-dishes-1-100x100.webp 100w\" sizes=\"(max-width: 750px) 100vw, 750px\" \/><\/figure>\n<\/div>\n\n\n\n<div class=\"wp-block-column is-layout-flow wp-block-column-is-layout-flow\">\n<figure class=\"wp-block-image size-full\"><img decoding=\"async\" width=\"750\" height=\"750\" src=\"https:\/\/www.kedali.com\/wp-content\/uploads\/2025\/12\/wholesale-colorful-baking-dishes-2.webp\" alt=\"pratos de ir ao forno coloridos por atacado (2)\" class=\"wp-image-1721\" srcset=\"https:\/\/www.kedali.com\/wp-content\/uploads\/2025\/12\/wholesale-colorful-baking-dishes-2.webp 750w, https:\/\/www.kedali.com\/wp-content\/uploads\/2025\/12\/wholesale-colorful-baking-dishes-2-300x300.webp 300w, https:\/\/www.kedali.com\/wp-content\/uploads\/2025\/12\/wholesale-colorful-baking-dishes-2-150x150.webp 150w, https:\/\/www.kedali.com\/wp-content\/uploads\/2025\/12\/wholesale-colorful-baking-dishes-2-12x12.webp 12w, https:\/\/www.kedali.com\/wp-content\/uploads\/2025\/12\/wholesale-colorful-baking-dishes-2-600x600.webp 600w, https:\/\/www.kedali.com\/wp-content\/uploads\/2025\/12\/wholesale-colorful-baking-dishes-2-100x100.webp 100w\" sizes=\"(max-width: 750px) 100vw, 750px\" \/><\/figure>\n<\/div>\n<\/div>","protected":false},"excerpt":{"rendered":"<p>Assadeiras de cer\u00e2mica coloridas por atacado. As nossas panelas rectangulares de cer\u00e2mica de primeira qualidade satisfazem perfeitamente a crescente procura do mercado por utens\u00edlios de cozinha elegantes e de alto desempenho. Concebida para entusiastas da cozinha profissional e consumidores esteticamente agrad\u00e1veis, esta cole\u00e7\u00e3o combina na perfei\u00e7\u00e3o o car\u00e1cter pr\u00e1tico cl\u00e1ssico com o design moderno, garantindo o sucesso de vendas e a elevada satisfa\u00e7\u00e3o dos clientes.<\/p>\n<p>Somos uma empresa profissional <a href=\"https:\/\/www.kedali.com\/pt\/categoria-produto\/wholesale-ceramic-kitchenware\/wholesale-ceramic-bakeware\/\" target=\"_blank\" rel=\"noopener\"><strong>fabricante de assadeiras de cer\u00e2mica<\/strong><\/a>, A nossa empresa \u00e9 especializada na conce\u00e7\u00e3o, investiga\u00e7\u00e3o e desenvolvimento, e fabrico de panelas de cer\u00e2mica de alta qualidade para clientes globais. Estabelecemos capacidades OEM e ODM; os pedidos de informa\u00e7\u00e3o s\u00e3o bem-vindos.<\/p>\n<h2>Especifica\u00e7\u00f5es do Conjunto de assadeiras rectangulares de cer\u00e2mica<\/h2>\n<table width=\"235\">\n<tbody>\n<tr>\n<td width=\"69\">Marca<\/td>\n<td width=\"166\">KDL<\/td>\n<\/tr>\n<tr>\n<td width=\"69\">Modelo<\/td>\n<td width=\"166\">TDS1668<\/td>\n<\/tr>\n<tr>\n<td width=\"69\">Material<\/td>\n<td width=\"166\">cer\u00e2mica<\/td>\n<\/tr>\n<tr>\n<td width=\"69\">cor<\/td>\n<td width=\"166\">personaliz\u00e1vel<\/td>\n<\/tr>\n<tr>\n<td width=\"69\">Aplica\u00e7\u00e3o<\/td>\n<td width=\"166\">panifica\u00e7\u00e3o<\/td>\n<\/tr>\n<tr>\n<td width=\"69\">Carater\u00edstica<\/td>\n<td width=\"166\">vidrado a cores<\/td>\n<\/tr>\n<tr>\n<td width=\"69\">Dimens\u00f5es<\/td>\n<td width=\"166\">28,5*17,4*5,4cm (0,95kg) 33,8*19,5*6,2cm (1,3kg) 39,7*22,9*6,7cm (1,95kg)<\/td>\n<\/tr>\n<tr>\n<td width=\"69\">Quantidade m\u00ednima de encomenda<\/td>\n<td width=\"166\">800 conjuntos<\/td>\n<\/tr>\n<\/tbody>\n<\/table>\n<p>&nbsp;<\/p>\n<p><script src=\"chrome-extension:\/\/fpelahbljekknahkcaegamhcndkfpfnc\/iFrame.js\" type=\"text\/javascript\"><\/script><\/p>\n<p>\n<script src=\"chrome-extension:\/\/fpelahbljekknahkcaegamhcndkfpfnc\/iFrame.js\" type=\"text\/javascript\"><\/script><\/p>","protected":false},"featured_media":1720,"comment_status":"closed","ping_status":"closed","template":"","meta":{"_acf_changed":false},"product_brand":[],"product_cat":[18,34],"product_tag":[],"class_list":{"0":"post-1718","1":"product","2":"type-product","3":"status-publish","4":"has-post-thumbnail","6":"product_cat-wholesale-ceramic-kitchenware","7":"product_cat-wholesale-ceramic-bakeware","9":"first","10":"instock","11":"shipping-taxable","12":"product-type-simple"},"acf":[],"_links":{"self":[{"href":"https:\/\/www.kedali.com\/pt\/wp-json\/wp\/v2\/product\/1718","targetHints":{"allow":["GET"]}}],"collection":[{"href":"https:\/\/www.kedali.com\/pt\/wp-json\/wp\/v2\/product"}],"about":[{"href":"https:\/\/www.kedali.com\/pt\/wp-json\/wp\/v2\/types\/product"}],"replies":[{"embeddable":true,"href":"https:\/\/www.kedali.com\/pt\/wp-json\/wp\/v2\/comments?post=1718"}],"wp:featuredmedia":[{"embeddable":true,"href":"https:\/\/www.kedali.com\/pt\/wp-json\/wp\/v2\/media\/1720"}],"wp:attachment":[{"href":"https:\/\/www.kedali.com\/pt\/wp-json\/wp\/v2\/media?parent=1718"}],"wp:term":[{"taxonomy":"product_brand","embeddable":true,"href":"https:\/\/www.kedali.com\/pt\/wp-json\/wp\/v2\/product_brand?post=1718"},{"taxonomy":"product_cat","embeddable":true,"href":"https:\/\/www.kedali.com\/pt\/wp-json\/wp\/v2\/product_cat?post=1718"},{"taxonomy":"product_tag","embeddable":true,"href":"https:\/\/www.kedali.com\/pt\/wp-json\/wp\/v2\/product_tag?post=1718"}],"curies":[{"name":"wp","href":"https:\/\/api.w.org\/{rel}","templated":true}]}}