{"id":1724,"date":"2025-12-13T07:36:49","date_gmt":"2025-12-13T07:36:49","guid":{"rendered":"https:\/\/www.kedali.com\/?post_type=product&#038;p=1724"},"modified":"2026-04-21T03:04:57","modified_gmt":"2026-04-21T03:04:57","slug":"wholesale-vintage-ceramic-tableware","status":"publish","type":"product","link":"https:\/\/www.kedali.com\/pt\/produto\/wholesale-vintage-ceramic-tableware\/","title":{"rendered":"Servi\u00e7o de mesa em cer\u00e2mica vintage por grosso - Servi\u00e7o de ch\u00e1 e caf\u00e9 e servi\u00e7o de mesa"},"content":{"rendered":"<div class=\"wp-block-columns is-layout-flex wp-container-core-columns-is-layout-9d6595d7 wp-block-columns-is-layout-flex\">\n<div class=\"wp-block-column is-layout-flow wp-block-column-is-layout-flow\">\n<h3 class=\"wp-block-heading\">Carater\u00edsticas dos artigos de mesa em cer\u00e2mica Vintage<\/h3>\n\n\n\n<ul class=\"wp-block-list\">\n<li><strong>Conjunto completo:<\/strong> Este conjunto inclui tudo o que \u00e9 necess\u00e1rio para um servi\u00e7o completo de ch\u00e1\/caf\u00e9 e organiza\u00e7\u00e3o da cozinha (bule, ch\u00e1venas, pires, leiteira, a\u00e7ucareiro e frascos de arruma\u00e7\u00e3o).<\/li>\n\n\n\n<li><strong>Excelente prenda:<\/strong> Um conjunto completo e bonito, ideal para uma festa de inaugura\u00e7\u00e3o, casamento ou f\u00e9rias.<\/li>\n\n\n\n<li><strong>Cer\u00e2mica de alta qualidade: <\/strong>A cer\u00e2mica dur\u00e1vel e de paredes espessas proporciona uma excelente reten\u00e7\u00e3o de calor para ch\u00e1 e caf\u00e9.<\/li>\n\n\n\n<li><strong>Log\u00f3tipos e impress\u00f5es personalizados dispon\u00edveis: <\/strong>A tipografia, os padr\u00f5es ou a marca podem ser adaptados \u00e0s marcas privadas.<\/li>\n<\/ul>\n\n\n\n<h3 class=\"wp-block-heading\">Servi\u00e7o personalizado<\/h3>\n\n\n\n<ul class=\"wp-block-list\">\n<li>Suporte OEM e ODM<\/li>\n\n\n\n<li>Entrega r\u00e1pida de amostras.<\/li>\n\n\n\n<li>Fornecer forma personalizada do produto, cor, padr\u00e3o, embalagem e outros servi\u00e7os personalizados.<\/li>\n<\/ul>\n<\/div>\n\n\n\n<div class=\"wp-block-column is-layout-flow wp-block-column-is-layout-flow\">\n<figure class=\"wp-block-image size-full\"><img decoding=\"async\" width=\"1328\" height=\"1328\" src=\"https:\/\/www.kedali.com\/wp-content\/uploads\/2025\/12\/wholesale-vintage-ceramic-tableware-3.webp\" alt=\"artigos de mesa de cer\u00e2mica vintage por atacado (3)\" class=\"wp-image-1727\" srcset=\"https:\/\/www.kedali.com\/wp-content\/uploads\/2025\/12\/wholesale-vintage-ceramic-tableware-3.webp 1328w, https:\/\/www.kedali.com\/wp-content\/uploads\/2025\/12\/wholesale-vintage-ceramic-tableware-3-300x300.webp 300w, https:\/\/www.kedali.com\/wp-content\/uploads\/2025\/12\/wholesale-vintage-ceramic-tableware-3-150x150.webp 150w, https:\/\/www.kedali.com\/wp-content\/uploads\/2025\/12\/wholesale-vintage-ceramic-tableware-3-768x768.webp 768w, https:\/\/www.kedali.com\/wp-content\/uploads\/2025\/12\/wholesale-vintage-ceramic-tableware-3-12x12.webp 12w, https:\/\/www.kedali.com\/wp-content\/uploads\/2025\/12\/wholesale-vintage-ceramic-tableware-3-1200x1200.webp 1200w, https:\/\/www.kedali.com\/wp-content\/uploads\/2025\/12\/wholesale-vintage-ceramic-tableware-3-600x600.webp 600w, https:\/\/www.kedali.com\/wp-content\/uploads\/2025\/12\/wholesale-vintage-ceramic-tableware-3-100x100.webp 100w\" sizes=\"(max-width: 1328px) 100vw, 1328px\" \/><\/figure>\n<\/div>\n<\/div>","protected":false},"excerpt":{"rendered":"<p>Servi\u00e7o de mesa em cer\u00e2mica vintage por grosso. Cada pe\u00e7a \u00e9 fabricada em cer\u00e2mica de alta qualidade, com um acabamento em terracota quente e letras cl\u00e1ssicas. Este conjunto completo inclui um bule, uma ch\u00e1vena de caf\u00e9, uma ch\u00e1vena de ch\u00e1, um a\u00e7ucareiro e um jarro de leite, proporcionando uma solu\u00e7\u00e3o pr\u00e1tica e organizada para o servi\u00e7o de ch\u00e1 e caf\u00e9.<\/p>\n<h2>Especifica\u00e7\u00f5es dos artigos de mesa em cer\u00e2mica Vintage Ceramic<\/h2>\n<table width=\"235\">\n<tbody>\n<tr>\n<td width=\"69\">Marca<\/td>\n<td width=\"166\">KDL<\/td>\n<\/tr>\n<tr>\n<td width=\"69\">Modelo<\/td>\n<td width=\"166\">A097<\/td>\n<\/tr>\n<tr>\n<td width=\"69\">Material<\/td>\n<td width=\"166\">cer\u00e2mica<\/td>\n<\/tr>\n<tr>\n<td width=\"69\">cor<\/td>\n<td width=\"166\">Cor terracota vermelha<\/td>\n<\/tr>\n<tr>\n<td width=\"69\">Aplica\u00e7\u00e3o<\/td>\n<td width=\"166\">loi\u00e7a de mesa,<\/td>\n<\/tr>\n<tr>\n<td width=\"69\">Quantidade m\u00ednima de encomenda<\/td>\n<td width=\"166\">800 conjuntos<\/td>\n<\/tr>\n<\/tbody>\n<\/table>\n<p>&nbsp;<\/p>","protected":false},"featured_media":1725,"comment_status":"closed","ping_status":"closed","template":"","meta":{"_acf_changed":false},"product_brand":[],"product_cat":[19,57],"product_tag":[],"class_list":{"0":"post-1724","1":"product","2":"type-product","3":"status-publish","4":"has-post-thumbnail","6":"product_cat-wholesale-ceramic-tableware","7":"product_cat-wholesale-dinnerware-sets","9":"first","10":"instock","11":"shipping-taxable","12":"product-type-simple"},"acf":[],"_links":{"self":[{"href":"https:\/\/www.kedali.com\/pt\/wp-json\/wp\/v2\/product\/1724","targetHints":{"allow":["GET"]}}],"collection":[{"href":"https:\/\/www.kedali.com\/pt\/wp-json\/wp\/v2\/product"}],"about":[{"href":"https:\/\/www.kedali.com\/pt\/wp-json\/wp\/v2\/types\/product"}],"replies":[{"embeddable":true,"href":"https:\/\/www.kedali.com\/pt\/wp-json\/wp\/v2\/comments?post=1724"}],"wp:featuredmedia":[{"embeddable":true,"href":"https:\/\/www.kedali.com\/pt\/wp-json\/wp\/v2\/media\/1725"}],"wp:attachment":[{"href":"https:\/\/www.kedali.com\/pt\/wp-json\/wp\/v2\/media?parent=1724"}],"wp:term":[{"taxonomy":"product_brand","embeddable":true,"href":"https:\/\/www.kedali.com\/pt\/wp-json\/wp\/v2\/product_brand?post=1724"},{"taxonomy":"product_cat","embeddable":true,"href":"https:\/\/www.kedali.com\/pt\/wp-json\/wp\/v2\/product_cat?post=1724"},{"taxonomy":"product_tag","embeddable":true,"href":"https:\/\/www.kedali.com\/pt\/wp-json\/wp\/v2\/product_tag?post=1724"}],"curies":[{"name":"wp","href":"https:\/\/api.w.org\/{rel}","templated":true}]}}