{"id":1763,"date":"2025-12-13T09:33:44","date_gmt":"2025-12-13T09:33:44","guid":{"rendered":"https:\/\/www.kedali.com\/?post_type=product&#038;p=1763"},"modified":"2026-02-09T13:21:36","modified_gmt":"2026-02-09T13:21:36","slug":"wholesale-ceramic-pet-treat-jar","status":"publish","type":"product","link":"https:\/\/www.kedali.com\/pt\/produto\/wholesale-ceramic-pet-treat-jar\/","title":{"rendered":"Frasco de cer\u00e2mica para guloseimas para animais de estima\u00e7\u00e3o por atacado - Recipiente de cer\u00e2mica para alimentos para c\u00e3es e gatos"},"content":{"rendered":"<div class=\"wp-block-columns is-layout-flex wp-container-core-columns-is-layout-9d6595d7 wp-block-columns-is-layout-flex\">\n<div class=\"wp-block-column is-layout-flow wp-block-column-is-layout-flow\">\n<h3 class=\"wp-block-heading\">Carater\u00edsticas do frasco de cer\u00e2mica para guloseimas para animais de estima\u00e7\u00e3o<\/h3>\n\n\n\n<ul class=\"wp-block-list\">\n<li><strong>Material cer\u00e2mico seguro para alimentos: <\/strong>As nossas tigelas para c\u00e3es por atacado s\u00e3o feitas de cer\u00e2mica de alta qualidade e sem chumbo, garantindo um armazenamento seguro para guloseimas para c\u00e3es e gatos sem absor\u00e7\u00e3o de odores ou lixivia\u00e7\u00e3o qu\u00edmica.<\/li>\n\n\n\n<li><strong>Fornecimento direto da f\u00e1brica: <\/strong>Pre\u00e7os competitivos por grosso, controlo de qualidade consistente e capacidade de produ\u00e7\u00e3o fi\u00e1vel para encomendas a granel e a longo prazo.<\/li>\n\n\n\n<li><strong>Design esteticamente agrad\u00e1vel: <\/strong>O frasco de comida para animais de estima\u00e7\u00e3o apresenta um ador\u00e1vel padr\u00e3o de impress\u00e3o de patas, tornando-o mais decorativo do que os recipientes normais de pl\u00e1stico ou metal.<\/li>\n\n\n\n<li><strong>Controlo de odores:<\/strong> A natureza n\u00e3o porosa da cer\u00e2mica ajuda a controlar os odores fortes dos alimentos ou guloseimas para animais de estima\u00e7\u00e3o, mantendo a sua \u00e1rea de armazenamento livre de odores.<\/li>\n<\/ul>\n\n\n\n<h3 class=\"wp-block-heading\">Servi\u00e7o Personalizado<\/h3>\n\n\n\n<ul class=\"wp-block-list\">\n<li>O OEM e o ODM de apoio<\/li>\n\n\n\n<li>R\u00e1pida entrega da amostra.<\/li>\n\n\n\n<li>Fornecer produtos personalizados de forma, cor, padr\u00e3o, de embalagens e de outros servi\u00e7os personalizados.<\/li>\n<\/ul>\n<\/div>\n\n\n\n<div class=\"wp-block-column is-layout-flow wp-block-column-is-layout-flow\">\n<figure class=\"wp-block-image size-full\"><img decoding=\"async\" width=\"800\" height=\"800\" src=\"https:\/\/www.kedali.com\/wp-content\/uploads\/2025\/12\/specifications-of-ceramic-pet-treat-jar.webp\" alt=\"especifica\u00e7\u00f5es do frasco de cer\u00e2mica para animais de estima\u00e7\u00e3o\" class=\"wp-image-1764\" srcset=\"https:\/\/www.kedali.com\/wp-content\/uploads\/2025\/12\/specifications-of-ceramic-pet-treat-jar.webp 800w, https:\/\/www.kedali.com\/wp-content\/uploads\/2025\/12\/specifications-of-ceramic-pet-treat-jar-300x300.webp 300w, https:\/\/www.kedali.com\/wp-content\/uploads\/2025\/12\/specifications-of-ceramic-pet-treat-jar-150x150.webp 150w, https:\/\/www.kedali.com\/wp-content\/uploads\/2025\/12\/specifications-of-ceramic-pet-treat-jar-768x768.webp 768w, https:\/\/www.kedali.com\/wp-content\/uploads\/2025\/12\/specifications-of-ceramic-pet-treat-jar-12x12.webp 12w, https:\/\/www.kedali.com\/wp-content\/uploads\/2025\/12\/specifications-of-ceramic-pet-treat-jar-600x600.webp 600w, https:\/\/www.kedali.com\/wp-content\/uploads\/2025\/12\/specifications-of-ceramic-pet-treat-jar-100x100.webp 100w\" sizes=\"(max-width: 800px) 100vw, 800px\" \/><\/figure>\n<\/div>\n<\/div>\n\n\n\n<div class=\"wp-block-columns is-layout-flex wp-container-core-columns-is-layout-9d6595d7 wp-block-columns-is-layout-flex\">\n<div class=\"wp-block-column is-layout-flow wp-block-column-is-layout-flow\">\n<figure class=\"wp-block-image size-full\"><img decoding=\"async\" width=\"800\" height=\"800\" src=\"https:\/\/www.kedali.com\/wp-content\/uploads\/2025\/12\/wholesale-ceramic-pet-treat-jar-6.webp\" alt=\"frasco de cer\u00e2mica para animais de estima\u00e7\u00e3o por atacado (6)\" class=\"wp-image-1770\" srcset=\"https:\/\/www.kedali.com\/wp-content\/uploads\/2025\/12\/wholesale-ceramic-pet-treat-jar-6.webp 800w, https:\/\/www.kedali.com\/wp-content\/uploads\/2025\/12\/wholesale-ceramic-pet-treat-jar-6-300x300.webp 300w, https:\/\/www.kedali.com\/wp-content\/uploads\/2025\/12\/wholesale-ceramic-pet-treat-jar-6-150x150.webp 150w, https:\/\/www.kedali.com\/wp-content\/uploads\/2025\/12\/wholesale-ceramic-pet-treat-jar-6-768x768.webp 768w, https:\/\/www.kedali.com\/wp-content\/uploads\/2025\/12\/wholesale-ceramic-pet-treat-jar-6-12x12.webp 12w, https:\/\/www.kedali.com\/wp-content\/uploads\/2025\/12\/wholesale-ceramic-pet-treat-jar-6-600x600.webp 600w, https:\/\/www.kedali.com\/wp-content\/uploads\/2025\/12\/wholesale-ceramic-pet-treat-jar-6-100x100.webp 100w\" sizes=\"(max-width: 800px) 100vw, 800px\" \/><\/figure>\n<\/div>\n\n\n\n<div class=\"wp-block-column is-layout-flow wp-block-column-is-layout-flow\">\n<figure class=\"wp-block-image size-full\"><img decoding=\"async\" width=\"800\" height=\"800\" src=\"https:\/\/www.kedali.com\/wp-content\/uploads\/2025\/12\/wholesale-ceramic-pet-treat-jar-7.webp\" alt=\"frasco de cer\u00e2mica para animais de estima\u00e7\u00e3o por atacado (7)\" class=\"wp-image-1771\" srcset=\"https:\/\/www.kedali.com\/wp-content\/uploads\/2025\/12\/wholesale-ceramic-pet-treat-jar-7.webp 800w, https:\/\/www.kedali.com\/wp-content\/uploads\/2025\/12\/wholesale-ceramic-pet-treat-jar-7-300x300.webp 300w, https:\/\/www.kedali.com\/wp-content\/uploads\/2025\/12\/wholesale-ceramic-pet-treat-jar-7-150x150.webp 150w, https:\/\/www.kedali.com\/wp-content\/uploads\/2025\/12\/wholesale-ceramic-pet-treat-jar-7-768x768.webp 768w, https:\/\/www.kedali.com\/wp-content\/uploads\/2025\/12\/wholesale-ceramic-pet-treat-jar-7-12x12.webp 12w, https:\/\/www.kedali.com\/wp-content\/uploads\/2025\/12\/wholesale-ceramic-pet-treat-jar-7-600x600.webp 600w, https:\/\/www.kedali.com\/wp-content\/uploads\/2025\/12\/wholesale-ceramic-pet-treat-jar-7-100x100.webp 100w\" sizes=\"(max-width: 800px) 100vw, 800px\" \/><\/figure>\n<\/div>\n<\/div>","protected":false},"excerpt":{"rendered":"<p>Bem-vindo \u00e0 compra a granel do nosso frasco de cer\u00e2mica para alimentos para animais de estima\u00e7\u00e3o por atacado. Este recipiente dur\u00e1vel \u00e9 feito de cer\u00e2mica de qualidade alimentar de alta qualidade para manter as guloseimas para c\u00e3es e gatos frescas. Dispon\u00edvel a granel, \u00e9 perfeito para marcas e retalhistas de animais de estima\u00e7\u00e3o. Apoiamos a personaliza\u00e7\u00e3o completa de OEM e ODM, incluindo tamanho, cor, esmalte, marca de logotipo e embalagem personalizada. Contacte-nos hoje.<\/p>\n<h2>Especifica\u00e7\u00f5es do Frasco de cer\u00e2mica para guloseimas para animais de estima\u00e7\u00e3o<\/h2>\n<table width=\"235\">\n<tbody>\n<tr>\n<td width=\"69\">Marca<\/td>\n<td width=\"166\">KDL<\/td>\n<\/tr>\n<tr>\n<td width=\"69\">Modelo<\/td>\n<td width=\"166\">TGS1654-10AW-E208<\/td>\n<\/tr>\n<tr>\n<td width=\"69\">Material<\/td>\n<td width=\"166\">cer\u00e2mica<\/td>\n<\/tr>\n<tr>\n<td width=\"69\">cor<\/td>\n<td width=\"166\">branco<\/td>\n<\/tr>\n<tr>\n<td width=\"69\">Aplica\u00e7\u00e3o<\/td>\n<td width=\"166\">frasco de comida para animais\u00a0<\/td>\n<\/tr>\n<tr>\n<td width=\"69\">Recurso<\/td>\n<td width=\"166\">Cor vidrada<\/td>\n<\/tr>\n<tr>\n<td width=\"69\">Dimens\u00f5es<\/td>\n<td width=\"166\">12,2*12,2*25,1cm<\/td>\n<\/tr>\n<tr>\n<td width=\"69\">Peso bruto (kg)<\/td>\n<td width=\"166\">2kg<\/td>\n<\/tr>\n<tr>\n<td width=\"69\">Quantidade De Ordem M\u00ednima<\/td>\n<td width=\"166\">800 conjuntos de<\/td>\n<\/tr>\n<\/tbody>\n<\/table>\n<p>&nbsp;<\/p>\n<p>\n<script src=\"chrome-extension:\/\/fpelahbljekknahkcaegamhcndkfpfnc\/iFrame.js\" type=\"text\/javascript\"><\/script><\/p>","protected":false},"featured_media":1765,"comment_status":"closed","ping_status":"closed","template":"","meta":{"_acf_changed":false},"product_brand":[],"product_cat":[22,55],"product_tag":[],"class_list":{"0":"post-1763","1":"product","2":"type-product","3":"status-publish","4":"has-post-thumbnail","6":"product_cat-wholesale-ceramic-pet-supplies","7":"product_cat-wholesale-pet-storage","9":"first","10":"instock","11":"shipping-taxable","12":"product-type-simple"},"acf":[],"_links":{"self":[{"href":"https:\/\/www.kedali.com\/pt\/wp-json\/wp\/v2\/product\/1763","targetHints":{"allow":["GET"]}}],"collection":[{"href":"https:\/\/www.kedali.com\/pt\/wp-json\/wp\/v2\/product"}],"about":[{"href":"https:\/\/www.kedali.com\/pt\/wp-json\/wp\/v2\/types\/product"}],"replies":[{"embeddable":true,"href":"https:\/\/www.kedali.com\/pt\/wp-json\/wp\/v2\/comments?post=1763"}],"wp:featuredmedia":[{"embeddable":true,"href":"https:\/\/www.kedali.com\/pt\/wp-json\/wp\/v2\/media\/1765"}],"wp:attachment":[{"href":"https:\/\/www.kedali.com\/pt\/wp-json\/wp\/v2\/media?parent=1763"}],"wp:term":[{"taxonomy":"product_brand","embeddable":true,"href":"https:\/\/www.kedali.com\/pt\/wp-json\/wp\/v2\/product_brand?post=1763"},{"taxonomy":"product_cat","embeddable":true,"href":"https:\/\/www.kedali.com\/pt\/wp-json\/wp\/v2\/product_cat?post=1763"},{"taxonomy":"product_tag","embeddable":true,"href":"https:\/\/www.kedali.com\/pt\/wp-json\/wp\/v2\/product_tag?post=1763"}],"curies":[{"name":"wp","href":"https:\/\/api.w.org\/{rel}","templated":true}]}}