{"id":1827,"date":"2025-12-16T02:13:15","date_gmt":"2025-12-16T02:13:15","guid":{"rendered":"https:\/\/www.kedali.com\/?post_type=product&#038;p=1827"},"modified":"2026-01-09T01:12:48","modified_gmt":"2026-01-09T01:12:48","slug":"bulk-ceramic-bakeware-supplier-factory","status":"publish","type":"product","link":"https:\/\/www.kedali.com\/pt\/produto\/bulk-ceramic-bakeware-supplier-factory\/","title":{"rendered":"Fornecedor e F\u00e1brica de Assadeiras de Cer\u00e2mica a Granel - Assadeiras de Cer\u00e2mica para Venda por Atacado"},"content":{"rendered":"<div class=\"wp-block-columns is-layout-flex wp-container-core-columns-is-layout-9d6595d7 wp-block-columns-is-layout-flex\">\n<div class=\"wp-block-column is-layout-flow wp-block-column-is-layout-flow\">\n<h3 class=\"wp-block-heading\">Carater\u00edsticas dos Bakeware de cer\u00e2mica<\/h3>\n\n\n\n<ul class=\"wp-block-list\">\n<li><strong>F\u00e1cil de limpar:<\/strong> Os nossos utens\u00edlios de cozinha em cer\u00e2mica para venda por grosso apresentam um interior e um exterior esmaltados e lisos com uma base texturada, evitando que os alimentos se colem e facilitando a limpeza na m\u00e1quina de lavar lou\u00e7a ou \u00e0 m\u00e3o.<\/li>\n\n\n\n<li><strong>F\u00e1cil de manusear: <\/strong>As assadeiras rectangulares t\u00eam pegas duplas para uma remo\u00e7\u00e3o f\u00e1cil e segura do forno ou do frigor\u00edfico e para servir \u00e0 mesa.<\/li>\n\n\n\n<li><strong>Design empilh\u00e1vel: <\/strong>Os nossos utens\u00edlios de pastelaria em cer\u00e2mica para venda por grosso em v\u00e1rios tamanhos apresentam um design empilh\u00e1vel, ajudando a maximizar o espa\u00e7o do arm\u00e1rio e tornando a arruma\u00e7\u00e3o simples e eficiente.<\/li>\n\n\n\n<li><strong>Personaliza\u00e7\u00e3o dispon\u00edvel: <\/strong>Como um fabricante profissional de utens\u00edlios para assar em cer\u00e2mica na China, oferecemos pre\u00e7os por atacado e servi\u00e7os de compra a granel, e podemos personalizar os produtos de acordo com as necessidades do cliente, incluindo op\u00e7\u00f5es de cores e padr\u00f5es.<\/li>\n<\/ul>\n\n\n\n<h3 class=\"wp-block-heading\">Servi\u00e7o personalizado<\/h3>\n\n\n\n<ul class=\"wp-block-list\">\n<li>Suporte OEM e ODM<\/li>\n\n\n\n<li>Entrega r\u00e1pida de amostras.<\/li>\n\n\n\n<li>Fornecer forma personalizada do produto, cor, padr\u00e3o, embalagem e outros servi\u00e7os personalizados.<\/li>\n<\/ul>\n<\/div>\n\n\n\n<div class=\"wp-block-column is-layout-flow wp-block-column-is-layout-flow\">\n<figure class=\"wp-block-image size-full\"><img decoding=\"async\" width=\"800\" height=\"800\" src=\"https:\/\/www.kedali.com\/wp-content\/uploads\/2025\/12\/Specifications-of-ceramic-bakeware.webp\" alt=\"Especifica\u00e7\u00f5es do material cer\u00e2mico para cozer\" class=\"wp-image-1835\" srcset=\"https:\/\/www.kedali.com\/wp-content\/uploads\/2025\/12\/Specifications-of-ceramic-bakeware.webp 800w, https:\/\/www.kedali.com\/wp-content\/uploads\/2025\/12\/Specifications-of-ceramic-bakeware-300x300.webp 300w, https:\/\/www.kedali.com\/wp-content\/uploads\/2025\/12\/Specifications-of-ceramic-bakeware-150x150.webp 150w, https:\/\/www.kedali.com\/wp-content\/uploads\/2025\/12\/Specifications-of-ceramic-bakeware-768x768.webp 768w, https:\/\/www.kedali.com\/wp-content\/uploads\/2025\/12\/Specifications-of-ceramic-bakeware-12x12.webp 12w, https:\/\/www.kedali.com\/wp-content\/uploads\/2025\/12\/Specifications-of-ceramic-bakeware-600x600.webp 600w, https:\/\/www.kedali.com\/wp-content\/uploads\/2025\/12\/Specifications-of-ceramic-bakeware-100x100.webp 100w\" sizes=\"(max-width: 800px) 100vw, 800px\" \/><\/figure>\n<\/div>\n<\/div>\n\n\n\n<div class=\"wp-block-columns is-layout-flex wp-container-core-columns-is-layout-9d6595d7 wp-block-columns-is-layout-flex\">\n<div class=\"wp-block-column is-layout-flow wp-block-column-is-layout-flow\">\n<figure class=\"wp-block-image size-full\"><img decoding=\"async\" width=\"800\" height=\"800\" src=\"https:\/\/www.kedali.com\/wp-content\/uploads\/2025\/12\/Factory-Wholesale-Ceramic-Bakeware-1.webp\" alt=\"F\u00e1brica grossista de artigos para pastelaria em cer\u00e2mica (1)\" class=\"wp-image-1828\" srcset=\"https:\/\/www.kedali.com\/wp-content\/uploads\/2025\/12\/Factory-Wholesale-Ceramic-Bakeware-1.webp 800w, https:\/\/www.kedali.com\/wp-content\/uploads\/2025\/12\/Factory-Wholesale-Ceramic-Bakeware-1-300x300.webp 300w, https:\/\/www.kedali.com\/wp-content\/uploads\/2025\/12\/Factory-Wholesale-Ceramic-Bakeware-1-150x150.webp 150w, https:\/\/www.kedali.com\/wp-content\/uploads\/2025\/12\/Factory-Wholesale-Ceramic-Bakeware-1-768x768.webp 768w, https:\/\/www.kedali.com\/wp-content\/uploads\/2025\/12\/Factory-Wholesale-Ceramic-Bakeware-1-12x12.webp 12w, https:\/\/www.kedali.com\/wp-content\/uploads\/2025\/12\/Factory-Wholesale-Ceramic-Bakeware-1-600x600.webp 600w, https:\/\/www.kedali.com\/wp-content\/uploads\/2025\/12\/Factory-Wholesale-Ceramic-Bakeware-1-100x100.webp 100w\" sizes=\"(max-width: 800px) 100vw, 800px\" \/><\/figure>\n<\/div>\n\n\n\n<div class=\"wp-block-column is-layout-flow wp-block-column-is-layout-flow\">\n<figure class=\"wp-block-image size-full\"><img decoding=\"async\" width=\"800\" height=\"800\" src=\"https:\/\/www.kedali.com\/wp-content\/uploads\/2025\/12\/Factory-Wholesale-Ceramic-Bakeware-2.webp\" alt=\"F\u00e1brica de artigos para pastelaria em cer\u00e2mica por atacado (2)\" class=\"wp-image-1829\" srcset=\"https:\/\/www.kedali.com\/wp-content\/uploads\/2025\/12\/Factory-Wholesale-Ceramic-Bakeware-2.webp 800w, https:\/\/www.kedali.com\/wp-content\/uploads\/2025\/12\/Factory-Wholesale-Ceramic-Bakeware-2-300x300.webp 300w, https:\/\/www.kedali.com\/wp-content\/uploads\/2025\/12\/Factory-Wholesale-Ceramic-Bakeware-2-150x150.webp 150w, https:\/\/www.kedali.com\/wp-content\/uploads\/2025\/12\/Factory-Wholesale-Ceramic-Bakeware-2-768x768.webp 768w, https:\/\/www.kedali.com\/wp-content\/uploads\/2025\/12\/Factory-Wholesale-Ceramic-Bakeware-2-12x12.webp 12w, https:\/\/www.kedali.com\/wp-content\/uploads\/2025\/12\/Factory-Wholesale-Ceramic-Bakeware-2-600x600.webp 600w, https:\/\/www.kedali.com\/wp-content\/uploads\/2025\/12\/Factory-Wholesale-Ceramic-Bakeware-2-100x100.webp 100w\" sizes=\"(max-width: 800px) 100vw, 800px\" \/><\/figure>\n<\/div>\n<\/div>","protected":false},"excerpt":{"rendered":"<p>Os nossos artigos para pastelaria em cer\u00e2mica por atacado s\u00e3o fabricados na nossa pr\u00f3pria f\u00e1brica, o que nos permite manter padr\u00f5es de qualidade consistentes e uma capacidade de produ\u00e7\u00e3o fi\u00e1vel para encomendas a granel. Como fabricante de pastelaria de cer\u00e2mica, oferecemos pre\u00e7os por grosso altamente competitivos e quantidades m\u00ednimas de encomenda flex\u00edveis. N\u00e3o hesite em contactar-nos.<\/p>\n<p>Tamb\u00e9m oferecemos servi\u00e7os flex\u00edveis de OEM e ODM, incluindo a personaliza\u00e7\u00e3o de log\u00f3tipos e modifica\u00e7\u00f5es de design, para ajudar as marcas e os retalhistas a criarem colec\u00e7\u00f5es exclusivas de bakeware de cer\u00e2mica que satisfa\u00e7am as exig\u00eancias do mercado.<\/p>\n<h2>Especifica\u00e7\u00f5es de Bakeware de cer\u00e2mica<\/h2>\n<table width=\"235\">\n<tbody>\n<tr>\n<td width=\"69\">Marca<\/td>\n<td width=\"166\">KDL<\/td>\n<\/tr>\n<tr>\n<td width=\"69\">Modelo<\/td>\n<td width=\"166\">TDS1745<\/td>\n<\/tr>\n<tr>\n<td width=\"69\">Material<\/td>\n<td width=\"166\">cer\u00e2mica<\/td>\n<\/tr>\n<tr>\n<td width=\"69\">cor<\/td>\n<td width=\"166\">personalizado<\/td>\n<\/tr>\n<tr>\n<td width=\"69\">Aplica\u00e7\u00e3o<\/td>\n<td width=\"166\">panelas de cer\u00e2mica<\/td>\n<\/tr>\n<tr>\n<td width=\"69\">Carater\u00edstica<\/td>\n<td width=\"166\">vidrado a cores<\/td>\n<\/tr>\n<tr>\n<td width=\"69\">Dimens\u00f5es<\/td>\n<td width=\"166\">24\u00d712,7\u00d75cm (0,7kg) 33\u00d718,5\u00d75,7cm (1,46kg) 39\u00d723\u00d77cm (2,12kg)<\/td>\n<\/tr>\n<tr>\n<td width=\"69\">Quantidade m\u00ednima de encomenda<\/td>\n<td width=\"166\">800 conjuntos<\/td>\n<\/tr>\n<\/tbody>\n<\/table>\n<p>&nbsp;<\/p>\n<p>\n<script src=\"chrome-extension:\/\/fpelahbljekknahkcaegamhcndkfpfnc\/iFrame.js\" type=\"text\/javascript\"><\/script><\/p>","protected":false},"featured_media":1828,"comment_status":"closed","ping_status":"closed","template":"","meta":{"_acf_changed":false},"product_brand":[],"product_cat":[18,34],"product_tag":[],"class_list":{"0":"post-1827","1":"product","2":"type-product","3":"status-publish","4":"has-post-thumbnail","6":"product_cat-wholesale-ceramic-kitchenware","7":"product_cat-wholesale-ceramic-bakeware","9":"first","10":"instock","11":"shipping-taxable","12":"product-type-simple"},"acf":[],"_links":{"self":[{"href":"https:\/\/www.kedali.com\/pt\/wp-json\/wp\/v2\/product\/1827","targetHints":{"allow":["GET"]}}],"collection":[{"href":"https:\/\/www.kedali.com\/pt\/wp-json\/wp\/v2\/product"}],"about":[{"href":"https:\/\/www.kedali.com\/pt\/wp-json\/wp\/v2\/types\/product"}],"replies":[{"embeddable":true,"href":"https:\/\/www.kedali.com\/pt\/wp-json\/wp\/v2\/comments?post=1827"}],"wp:featuredmedia":[{"embeddable":true,"href":"https:\/\/www.kedali.com\/pt\/wp-json\/wp\/v2\/media\/1828"}],"wp:attachment":[{"href":"https:\/\/www.kedali.com\/pt\/wp-json\/wp\/v2\/media?parent=1827"}],"wp:term":[{"taxonomy":"product_brand","embeddable":true,"href":"https:\/\/www.kedali.com\/pt\/wp-json\/wp\/v2\/product_brand?post=1827"},{"taxonomy":"product_cat","embeddable":true,"href":"https:\/\/www.kedali.com\/pt\/wp-json\/wp\/v2\/product_cat?post=1827"},{"taxonomy":"product_tag","embeddable":true,"href":"https:\/\/www.kedali.com\/pt\/wp-json\/wp\/v2\/product_tag?post=1827"}],"curies":[{"name":"wp","href":"https:\/\/api.w.org\/{rel}","templated":true}]}}