{"id":1836,"date":"2025-12-16T02:44:46","date_gmt":"2025-12-16T02:44:46","guid":{"rendered":"https:\/\/www.kedali.com\/?post_type=product&#038;p=1836"},"modified":"2025-12-16T03:07:39","modified_gmt":"2025-12-16T03:07:39","slug":"wholesale-ceramic-ramekins-holiday-collection","status":"publish","type":"product","link":"https:\/\/www.kedali.com\/pt\/produto\/wholesale-ceramic-ramekins-holiday-collection\/","title":{"rendered":"Ramequins de cer\u00e2mica para cr\u00e8me br\u00fbl\u00e9e, souffl\u00e9s - Cole\u00e7\u00e3o de f\u00e9rias - Suporte para Bakeware com tema personalizado"},"content":{"rendered":"<div class=\"wp-block-columns is-layout-flex wp-container-core-columns-is-layout-9d6595d7 wp-block-columns-is-layout-flex\">\n<div class=\"wp-block-column is-layout-flow wp-block-column-is-layout-flow\">\n<h3 class=\"wp-block-heading\">Carater\u00edsticas dos Ramequins de cer\u00e2mica<\/h3>\n\n\n\n<ul class=\"wp-block-list\">\n<li><strong>Conce\u00e7\u00e3o: <\/strong>Estes ramequins de cer\u00e2mica s\u00e3o inspirados em flocos de neve, apresentando um design requintado e uma atmosfera festiva, perfeita para o Natal e satisfazendo o desejo de um sentido de ocasi\u00e3o.<\/li>\n\n\n\n<li><strong>Sele\u00e7\u00e3o de materiais:<\/strong> Os nossos ramequins de cer\u00e2mica s\u00e3o feitos de material cer\u00e2mico, combinando as carater\u00edsticas de \u201cseguran\u00e7a e sa\u00fade\u201d com \u201cpraticidade e durabilidade\u201d. O material cer\u00e2mico n\u00e3o cont\u00e9m quaisquer revestimentos nocivos e n\u00e3o liberta odores a altas temperaturas, garantindo a seguran\u00e7a alimentar.<\/li>\n\n\n\n<li><strong>Pormenores do artesanato: <\/strong>Estes produtos apresentam um esmalte mate ou um processo de \u201crelevo em floco de neve\u201d, que melhora significativamente a textura e proporciona uma est\u00e9tica bonita.<\/li>\n\n\n\n<li><strong>Aplica\u00e7\u00f5es de panifica\u00e7\u00e3o:<\/strong> Compat\u00edvel com v\u00e1rios electrodom\u00e9sticos, como fornos e micro-ondas; pode ser utilizado para fazer sobremesas como pudim de leite com duas camadas, pudim normal, souffl\u00e9s e ovos cozidos.<\/li>\n<\/ul>\n\n\n\n<h3 class=\"wp-block-heading\">Servi\u00e7o Personalizado<\/h3>\n\n\n\n<ul class=\"wp-block-list\">\n<li>O OEM e o ODM de apoio<\/li>\n\n\n\n<li>R\u00e1pida entrega da amostra.<\/li>\n\n\n\n<li>Fornecer produtos personalizados de forma, cor, padr\u00e3o, de embalagens e de outros servi\u00e7os personalizados.<\/li>\n<\/ul>\n<\/div>\n\n\n\n<div class=\"wp-block-column is-layout-flow wp-block-column-is-layout-flow\">\n<figure class=\"wp-block-image size-full\"><img decoding=\"async\" width=\"800\" height=\"800\" src=\"https:\/\/www.kedali.com\/wp-content\/uploads\/2025\/12\/specifications-of-ceramic-ramekins.webp\" alt=\"especifica\u00e7\u00f5es dos ramequins de cer\u00e2mica\" class=\"wp-image-1837\" srcset=\"https:\/\/www.kedali.com\/wp-content\/uploads\/2025\/12\/specifications-of-ceramic-ramekins.webp 800w, https:\/\/www.kedali.com\/wp-content\/uploads\/2025\/12\/specifications-of-ceramic-ramekins-300x300.webp 300w, https:\/\/www.kedali.com\/wp-content\/uploads\/2025\/12\/specifications-of-ceramic-ramekins-150x150.webp 150w, https:\/\/www.kedali.com\/wp-content\/uploads\/2025\/12\/specifications-of-ceramic-ramekins-768x768.webp 768w, https:\/\/www.kedali.com\/wp-content\/uploads\/2025\/12\/specifications-of-ceramic-ramekins-12x12.webp 12w, https:\/\/www.kedali.com\/wp-content\/uploads\/2025\/12\/specifications-of-ceramic-ramekins-600x600.webp 600w, https:\/\/www.kedali.com\/wp-content\/uploads\/2025\/12\/specifications-of-ceramic-ramekins-100x100.webp 100w\" sizes=\"(max-width: 800px) 100vw, 800px\" \/><\/figure>\n<\/div>\n<\/div>\n\n\n\n<div class=\"wp-block-columns is-layout-flex wp-container-core-columns-is-layout-9d6595d7 wp-block-columns-is-layout-flex\">\n<div class=\"wp-block-column is-layout-flow wp-block-column-is-layout-flow\">\n<figure class=\"wp-block-image size-full\"><img decoding=\"async\" width=\"800\" height=\"800\" src=\"https:\/\/www.kedali.com\/wp-content\/uploads\/2025\/12\/wholesale-ceramic-ramekins-1.webp\" alt=\"ramequins de cer\u00e2mica por atacado (1)\" class=\"wp-image-1838\" srcset=\"https:\/\/www.kedali.com\/wp-content\/uploads\/2025\/12\/wholesale-ceramic-ramekins-1.webp 800w, https:\/\/www.kedali.com\/wp-content\/uploads\/2025\/12\/wholesale-ceramic-ramekins-1-300x300.webp 300w, https:\/\/www.kedali.com\/wp-content\/uploads\/2025\/12\/wholesale-ceramic-ramekins-1-150x150.webp 150w, https:\/\/www.kedali.com\/wp-content\/uploads\/2025\/12\/wholesale-ceramic-ramekins-1-768x768.webp 768w, https:\/\/www.kedali.com\/wp-content\/uploads\/2025\/12\/wholesale-ceramic-ramekins-1-12x12.webp 12w, https:\/\/www.kedali.com\/wp-content\/uploads\/2025\/12\/wholesale-ceramic-ramekins-1-600x600.webp 600w, https:\/\/www.kedali.com\/wp-content\/uploads\/2025\/12\/wholesale-ceramic-ramekins-1-100x100.webp 100w\" sizes=\"(max-width: 800px) 100vw, 800px\" \/><\/figure>\n<\/div>\n\n\n\n<div class=\"wp-block-column is-layout-flow wp-block-column-is-layout-flow\">\n<figure class=\"wp-block-image size-full\"><img decoding=\"async\" width=\"800\" height=\"800\" src=\"https:\/\/www.kedali.com\/wp-content\/uploads\/2025\/12\/wholesale-ceramic-ramekins-5.webp\" alt=\"ramequins de cer\u00e2mica por atacado (5)\" class=\"wp-image-1842\" srcset=\"https:\/\/www.kedali.com\/wp-content\/uploads\/2025\/12\/wholesale-ceramic-ramekins-5.webp 800w, https:\/\/www.kedali.com\/wp-content\/uploads\/2025\/12\/wholesale-ceramic-ramekins-5-300x300.webp 300w, https:\/\/www.kedali.com\/wp-content\/uploads\/2025\/12\/wholesale-ceramic-ramekins-5-150x150.webp 150w, https:\/\/www.kedali.com\/wp-content\/uploads\/2025\/12\/wholesale-ceramic-ramekins-5-768x768.webp 768w, https:\/\/www.kedali.com\/wp-content\/uploads\/2025\/12\/wholesale-ceramic-ramekins-5-12x12.webp 12w, https:\/\/www.kedali.com\/wp-content\/uploads\/2025\/12\/wholesale-ceramic-ramekins-5-600x600.webp 600w, https:\/\/www.kedali.com\/wp-content\/uploads\/2025\/12\/wholesale-ceramic-ramekins-5-100x100.webp 100w\" sizes=\"(max-width: 800px) 100vw, 800px\" \/><\/figure>\n<\/div>\n<\/div>","protected":false},"excerpt":{"rendered":"<p>Bem-vindo ao comprar os nossos ramequins de cer\u00e2mica. Estes ramequins de cer\u00e2mica apresentam um design festivo, tornando-os ideais para menus sazonais ou conjuntos de oferta. Contacte-nos para um or\u00e7amento.<\/p>\n<h2>Especifica\u00e7\u00f5es de Ramequins de cer\u00e2mica<\/h2>\n<table width=\"235\">\n<tbody>\n<tr>\n<td width=\"69\">Marca<\/td>\n<td width=\"166\">KDL<\/td>\n<\/tr>\n<tr>\n<td width=\"69\">Modelo<\/td>\n<td width=\"166\">TDS2185-4Wj-F384-\u4e2d\u82f1<\/td>\n<\/tr>\n<tr>\n<td width=\"69\">Material<\/td>\n<td width=\"166\">cer\u00e2mica<\/td>\n<\/tr>\n<tr>\n<td width=\"69\">cor<\/td>\n<td width=\"166\">Branco\/vermelho\/verde<\/td>\n<\/tr>\n<tr>\n<td width=\"69\">Aplica\u00e7\u00e3o<\/td>\n<td width=\"166\">ramequins de cer\u00e2mica<\/td>\n<\/tr>\n<tr>\n<td width=\"69\">Recurso<\/td>\n<td width=\"166\">cor do vidro<\/td>\n<\/tr>\n<tr>\n<td width=\"69\">Dimens\u00f5es<\/td>\n<td width=\"166\">10,7\u00d710,7\u00d75,5cm (0,3kg)<\/td>\n<\/tr>\n<tr>\n<td width=\"69\">Quantidade De Ordem M\u00ednima<\/td>\n<td width=\"166\">800 conjuntos de<\/td>\n<\/tr>\n<\/tbody>\n<\/table>\n<p>&nbsp;<\/p>","protected":false},"featured_media":1838,"comment_status":"closed","ping_status":"closed","template":"","meta":{"_acf_changed":false},"product_brand":[],"product_cat":[18,34],"product_tag":[],"class_list":{"0":"post-1836","1":"product","2":"type-product","3":"status-publish","4":"has-post-thumbnail","6":"product_cat-wholesale-ceramic-kitchenware","7":"product_cat-wholesale-ceramic-bakeware","9":"first","10":"instock","11":"shipping-taxable","12":"product-type-simple"},"acf":[],"_links":{"self":[{"href":"https:\/\/www.kedali.com\/pt\/wp-json\/wp\/v2\/product\/1836","targetHints":{"allow":["GET"]}}],"collection":[{"href":"https:\/\/www.kedali.com\/pt\/wp-json\/wp\/v2\/product"}],"about":[{"href":"https:\/\/www.kedali.com\/pt\/wp-json\/wp\/v2\/types\/product"}],"replies":[{"embeddable":true,"href":"https:\/\/www.kedali.com\/pt\/wp-json\/wp\/v2\/comments?post=1836"}],"wp:featuredmedia":[{"embeddable":true,"href":"https:\/\/www.kedali.com\/pt\/wp-json\/wp\/v2\/media\/1838"}],"wp:attachment":[{"href":"https:\/\/www.kedali.com\/pt\/wp-json\/wp\/v2\/media?parent=1836"}],"wp:term":[{"taxonomy":"product_brand","embeddable":true,"href":"https:\/\/www.kedali.com\/pt\/wp-json\/wp\/v2\/product_brand?post=1836"},{"taxonomy":"product_cat","embeddable":true,"href":"https:\/\/www.kedali.com\/pt\/wp-json\/wp\/v2\/product_cat?post=1836"},{"taxonomy":"product_tag","embeddable":true,"href":"https:\/\/www.kedali.com\/pt\/wp-json\/wp\/v2\/product_tag?post=1836"}],"curies":[{"name":"wp","href":"https:\/\/api.w.org\/{rel}","templated":true}]}}