{"id":1844,"date":"2025-12-16T03:09:05","date_gmt":"2025-12-16T03:09:05","guid":{"rendered":"https:\/\/www.kedali.com\/?post_type=product&#038;p=1844"},"modified":"2025-12-16T03:42:12","modified_gmt":"2025-12-16T03:42:12","slug":"wholesale-large-ceramic-batter-bowls","status":"publish","type":"product","link":"https:\/\/www.kedali.com\/pt\/produto\/wholesale-large-ceramic-batter-bowls\/","title":{"rendered":"Tigelas grandes de cer\u00e2mica para a prepara\u00e7\u00e3o de alimentos"},"content":{"rendered":"<div class=\"wp-block-columns is-layout-flex wp-container-core-columns-is-layout-9d6595d7 wp-block-columns-is-layout-flex\">\n<div class=\"wp-block-column is-layout-flow wp-block-column-is-layout-flow\">\n<h3 class=\"wp-block-heading\">Carater\u00edsticas das ta\u00e7as para massa em cer\u00e2mica<\/h3>\n\n\n\n<ul class=\"wp-block-list\">\n<li><strong>Verter de forma f\u00e1cil e controlada<\/strong>: As nossas ta\u00e7as de massa para venda por grosso t\u00eam um bico de despejo, o que lhe permite verter de forma limpa e precisa a massa l\u00edquida diretamente para as formas, tabuleiros ou moldes, sem grande confus\u00e3o.<\/li>\n\n\n\n<li><strong>Pega segura<\/strong>: A pega proporciona uma forma segura e confort\u00e1vel de agarrar e levantar a ta\u00e7a, especialmente quando est\u00e1 cheia e pesada, facilitando a mistura vigorosa e o controlo do derrame.<\/li>\n\n\n\n<li><strong>Grande capacidade: <\/strong>Concebida com uma ampla capacidade para lidar com grandes lotes de ingredientes e satisfazer as necessidades de prepara\u00e7\u00e3o de alimentos comerciais.<\/li>\n\n\n\n<li><strong>F\u00e1cil de limpar:<\/strong> A nossa ta\u00e7a para massa por atacado tem superf\u00edcies interiores e exteriores lisas que resistem a manchas e odores. Tamb\u00e9m \u00e9 muito f\u00e1cil de limpar.<\/li>\n\n\n\n<li><strong>Fornecimento direto da f\u00e1brica de v\u00e1rias categorias de produtos:<\/strong> Somos uma f\u00e1brica profissional de utens\u00edlios de cozinha e de pastelaria em cer\u00e2mica, fornecendo uma gama diversificada de produtos para o processo de cozedura, incluindo pratos de cozedura por atacado, ta\u00e7as de massa e v\u00e1rios outros artigos de cozinha em cer\u00e2mica.<\/li>\n<\/ul>\n\n\n\n<h3 class=\"wp-block-heading\">Servi\u00e7o personalizado<\/h3>\n\n\n\n<ul class=\"wp-block-list\">\n<li>Suporte OEM e ODM<\/li>\n\n\n\n<li>Entrega r\u00e1pida de amostras.<\/li>\n\n\n\n<li>Fornecer forma personalizada do produto, cor, padr\u00e3o, embalagem e outros servi\u00e7os personalizados.<\/li>\n<\/ul>\n<\/div>\n\n\n\n<div class=\"wp-block-column is-layout-flow wp-block-column-is-layout-flow\">\n<figure class=\"wp-block-image size-full\"><img decoding=\"async\" width=\"750\" height=\"750\" src=\"https:\/\/www.kedali.com\/wp-content\/uploads\/2025\/12\/specifications-of-the-batter-bowl.webp\" alt=\"especifica\u00e7\u00f5es da ta\u00e7a para massa\" class=\"wp-image-1845\" srcset=\"https:\/\/www.kedali.com\/wp-content\/uploads\/2025\/12\/specifications-of-the-batter-bowl.webp 750w, https:\/\/www.kedali.com\/wp-content\/uploads\/2025\/12\/specifications-of-the-batter-bowl-300x300.webp 300w, https:\/\/www.kedali.com\/wp-content\/uploads\/2025\/12\/specifications-of-the-batter-bowl-150x150.webp 150w, https:\/\/www.kedali.com\/wp-content\/uploads\/2025\/12\/specifications-of-the-batter-bowl-12x12.webp 12w, https:\/\/www.kedali.com\/wp-content\/uploads\/2025\/12\/specifications-of-the-batter-bowl-600x600.webp 600w, https:\/\/www.kedali.com\/wp-content\/uploads\/2025\/12\/specifications-of-the-batter-bowl-100x100.webp 100w\" sizes=\"(max-width: 750px) 100vw, 750px\" \/><\/figure>\n<\/div>\n<\/div>\n\n\n\n<div class=\"wp-block-columns is-layout-flex wp-container-core-columns-is-layout-9d6595d7 wp-block-columns-is-layout-flex\">\n<div class=\"wp-block-column is-layout-flow wp-block-column-is-layout-flow\">\n<figure class=\"wp-block-image size-full\"><img decoding=\"async\" width=\"750\" height=\"750\" src=\"https:\/\/www.kedali.com\/wp-content\/uploads\/2025\/12\/wholesale-ceramic-batter-bowls-1.webp\" alt=\"ta\u00e7as para massa em cer\u00e2mica por atacado (1)\" class=\"wp-image-1846\" srcset=\"https:\/\/www.kedali.com\/wp-content\/uploads\/2025\/12\/wholesale-ceramic-batter-bowls-1.webp 750w, https:\/\/www.kedali.com\/wp-content\/uploads\/2025\/12\/wholesale-ceramic-batter-bowls-1-300x300.webp 300w, https:\/\/www.kedali.com\/wp-content\/uploads\/2025\/12\/wholesale-ceramic-batter-bowls-1-150x150.webp 150w, https:\/\/www.kedali.com\/wp-content\/uploads\/2025\/12\/wholesale-ceramic-batter-bowls-1-12x12.webp 12w, https:\/\/www.kedali.com\/wp-content\/uploads\/2025\/12\/wholesale-ceramic-batter-bowls-1-600x600.webp 600w, https:\/\/www.kedali.com\/wp-content\/uploads\/2025\/12\/wholesale-ceramic-batter-bowls-1-100x100.webp 100w\" sizes=\"(max-width: 750px) 100vw, 750px\" \/><\/figure>\n<\/div>\n\n\n\n<div class=\"wp-block-column is-layout-flow wp-block-column-is-layout-flow\">\n<figure class=\"wp-block-image size-full\"><img decoding=\"async\" width=\"750\" height=\"750\" src=\"https:\/\/www.kedali.com\/wp-content\/uploads\/2025\/12\/wholesale-ceramic-batter-bowls-6.webp\" alt=\"ta\u00e7as para massa em cer\u00e2mica por atacado (6)\" class=\"wp-image-1851\" srcset=\"https:\/\/www.kedali.com\/wp-content\/uploads\/2025\/12\/wholesale-ceramic-batter-bowls-6.webp 750w, https:\/\/www.kedali.com\/wp-content\/uploads\/2025\/12\/wholesale-ceramic-batter-bowls-6-300x300.webp 300w, https:\/\/www.kedali.com\/wp-content\/uploads\/2025\/12\/wholesale-ceramic-batter-bowls-6-150x150.webp 150w, https:\/\/www.kedali.com\/wp-content\/uploads\/2025\/12\/wholesale-ceramic-batter-bowls-6-12x12.webp 12w, https:\/\/www.kedali.com\/wp-content\/uploads\/2025\/12\/wholesale-ceramic-batter-bowls-6-600x600.webp 600w, https:\/\/www.kedali.com\/wp-content\/uploads\/2025\/12\/wholesale-ceramic-batter-bowls-6-100x100.webp 100w\" sizes=\"(max-width: 750px) 100vw, 750px\" \/><\/figure>\n<\/div>\n<\/div>","protected":false},"excerpt":{"rendered":"<p>A nossa f\u00e1brica vende por grosso ta\u00e7as de cer\u00e2mica para massa. Esta tigela de massa tem uma grande capacidade e uma base est\u00e1vel, facilitando a mistura e o batedor de ingredientes e preparando rapidamente grandes quantidades de massa, massa ou molhos. \u00c9 ideal para fam\u00edlias numerosas e cozinhas comerciais. Contacte-nos para um or\u00e7amento.<\/p>\n<h2>Especifica\u00e7\u00f5es das ta\u00e7as para massa em cer\u00e2mica<\/h2>\n<table width=\"235\">\n<tbody>\n<tr>\n<td width=\"69\">Marca<\/td>\n<td width=\"166\">KDL<\/td>\n<\/tr>\n<tr>\n<td width=\"69\">Modelo<\/td>\n<td width=\"166\">TPQ1671-12<\/td>\n<\/tr>\n<tr>\n<td width=\"69\">Material<\/td>\n<td width=\"166\">cer\u00e2mica<\/td>\n<\/tr>\n<tr>\n<td width=\"69\">cor<\/td>\n<td width=\"166\">azul\/verde\/laranja<\/td>\n<\/tr>\n<tr>\n<td width=\"69\">Aplica\u00e7\u00e3o<\/td>\n<td width=\"166\">vidrado a cores<\/td>\n<\/tr>\n<tr>\n<td width=\"69\">Carater\u00edstica<\/td>\n<td width=\"166\">decalque<\/td>\n<\/tr>\n<tr>\n<td width=\"69\">Dimens\u00f5es<\/td>\n<td width=\"166\">31,2\u00d721,8\u00d715,4cm\u00a0<\/td>\n<\/tr>\n<tr>\n<td width=\"69\">Peso bruto (kg)<\/td>\n<td width=\"166\">3kg<\/td>\n<\/tr>\n<tr>\n<td width=\"69\">Quantidade m\u00ednima de encomenda<\/td>\n<td width=\"166\">800 conjuntos<\/td>\n<\/tr>\n<\/tbody>\n<\/table>\n<p>&nbsp;<\/p>","protected":false},"featured_media":1846,"comment_status":"closed","ping_status":"closed","template":"","meta":{"_acf_changed":false},"product_brand":[],"product_cat":[18],"product_tag":[],"class_list":{"0":"post-1844","1":"product","2":"type-product","3":"status-publish","4":"has-post-thumbnail","6":"product_cat-wholesale-ceramic-kitchenware","8":"first","9":"instock","10":"shipping-taxable","11":"product-type-simple"},"acf":[],"_links":{"self":[{"href":"https:\/\/www.kedali.com\/pt\/wp-json\/wp\/v2\/product\/1844","targetHints":{"allow":["GET"]}}],"collection":[{"href":"https:\/\/www.kedali.com\/pt\/wp-json\/wp\/v2\/product"}],"about":[{"href":"https:\/\/www.kedali.com\/pt\/wp-json\/wp\/v2\/types\/product"}],"replies":[{"embeddable":true,"href":"https:\/\/www.kedali.com\/pt\/wp-json\/wp\/v2\/comments?post=1844"}],"wp:featuredmedia":[{"embeddable":true,"href":"https:\/\/www.kedali.com\/pt\/wp-json\/wp\/v2\/media\/1846"}],"wp:attachment":[{"href":"https:\/\/www.kedali.com\/pt\/wp-json\/wp\/v2\/media?parent=1844"}],"wp:term":[{"taxonomy":"product_brand","embeddable":true,"href":"https:\/\/www.kedali.com\/pt\/wp-json\/wp\/v2\/product_brand?post=1844"},{"taxonomy":"product_cat","embeddable":true,"href":"https:\/\/www.kedali.com\/pt\/wp-json\/wp\/v2\/product_cat?post=1844"},{"taxonomy":"product_tag","embeddable":true,"href":"https:\/\/www.kedali.com\/pt\/wp-json\/wp\/v2\/product_tag?post=1844"}],"curies":[{"name":"wp","href":"https:\/\/api.w.org\/{rel}","templated":true}]}}