{"id":1895,"date":"2025-12-23T03:23:58","date_gmt":"2025-12-23T03:23:58","guid":{"rendered":"https:\/\/www.kedali.com\/?post_type=product&#038;p=1895"},"modified":"2026-02-19T06:07:03","modified_gmt":"2026-02-19T06:07:03","slug":"wholesale-japanese-style-ceramic-tea-set","status":"publish","type":"product","link":"https:\/\/www.kedali.com\/pt\/produto\/wholesale-japanese-style-ceramic-tea-set\/","title":{"rendered":"Conjunto de ch\u00e1 em cer\u00e2mica de estilo japon\u00eas por grosso"},"content":{"rendered":"<div class=\"wp-block-columns is-layout-flex wp-container-core-columns-is-layout-9d6595d7 wp-block-columns-is-layout-flex\">\n<div class=\"wp-block-column is-layout-flow wp-block-column-is-layout-flow\">\n<h3 class=\"wp-block-heading\">Carater\u00edsticas do Conjunto de ch\u00e1 em cer\u00e2mica<\/h3>\n\n\n\n<ul class=\"wp-block-list\">\n<li><strong>Aspeto cl\u00e1ssico: <\/strong>O acabamento mate e a silhueta org\u00e2nica combinam a est\u00e9tica tradicional japonesa com o design moderno, tornando-a numa bela pe\u00e7a central para uma mesa de caf\u00e9 ou prateleira de cozinha.<\/li>\n\n\n\n<li><strong>Cabo em bambu natural: <\/strong>A pega de bambu arqueada n\u00e3o \u00e9 apenas est\u00e9tica; mant\u00e9m-se fria ao toque mesmo quando o bule est\u00e1 cheio de \u00e1gua a ferver, proporcionando uma ader\u00eancia confort\u00e1vel e segura.<\/li>\n\n\n\n<li><strong>Bico de precis\u00e3o:<\/strong> O bico foi concebido para um derrame est\u00e1vel e sem pingos, essencial para o ritual de servir ch\u00e1.<\/li>\n\n\n\n<li><strong>Abertura ampla: <\/strong>A grande abertura da tampa facilita a adi\u00e7\u00e3o de ch\u00e1 de folhas soltas ou de saquetas de ch\u00e1 e simplifica o processo de limpeza no interior da cafeteira.<\/li>\n<\/ul>\n\n\n\n<h3 class=\"wp-block-heading\">Servi\u00e7o personalizado<\/h3>\n\n\n\n<ul class=\"wp-block-list\">\n<li>Suporte OEM e ODM<\/li>\n\n\n\n<li>Entrega r\u00e1pida de amostras.<\/li>\n\n\n\n<li>Fornecer forma personalizada do produto, cor, padr\u00e3o, embalagem e outros servi\u00e7os personalizados.<\/li>\n<\/ul>\n<\/div>\n\n\n\n<div class=\"wp-block-column is-layout-flow wp-block-column-is-layout-flow\">\n<figure class=\"wp-block-image size-full\"><img decoding=\"async\" width=\"790\" height=\"790\" src=\"https:\/\/www.kedali.com\/wp-content\/uploads\/2025\/12\/specifications-of-japanese-style-ceramic-tea-set.webp\" alt=\"especifica\u00e7\u00f5es do servi\u00e7o de ch\u00e1 em cer\u00e2mica de estilo japon\u00eas\" class=\"wp-image-1896\" srcset=\"https:\/\/www.kedali.com\/wp-content\/uploads\/2025\/12\/specifications-of-japanese-style-ceramic-tea-set.webp 790w, https:\/\/www.kedali.com\/wp-content\/uploads\/2025\/12\/specifications-of-japanese-style-ceramic-tea-set-300x300.webp 300w, https:\/\/www.kedali.com\/wp-content\/uploads\/2025\/12\/specifications-of-japanese-style-ceramic-tea-set-150x150.webp 150w, https:\/\/www.kedali.com\/wp-content\/uploads\/2025\/12\/specifications-of-japanese-style-ceramic-tea-set-768x768.webp 768w, https:\/\/www.kedali.com\/wp-content\/uploads\/2025\/12\/specifications-of-japanese-style-ceramic-tea-set-12x12.webp 12w, https:\/\/www.kedali.com\/wp-content\/uploads\/2025\/12\/specifications-of-japanese-style-ceramic-tea-set-600x600.webp 600w, https:\/\/www.kedali.com\/wp-content\/uploads\/2025\/12\/specifications-of-japanese-style-ceramic-tea-set-100x100.webp 100w\" sizes=\"(max-width: 790px) 100vw, 790px\" \/><\/figure>\n<\/div>\n<\/div>\n\n\n\n<div class=\"wp-block-columns is-layout-flex wp-container-core-columns-is-layout-9d6595d7 wp-block-columns-is-layout-flex\">\n<div class=\"wp-block-column is-layout-flow wp-block-column-is-layout-flow\">\n<figure class=\"wp-block-image size-full\"><img decoding=\"async\" width=\"790\" height=\"790\" src=\"https:\/\/www.kedali.com\/wp-content\/uploads\/2025\/12\/wholesale-japanese-style-ceramic-tea-set-1.webp\" alt=\"conjunto de ch\u00e1 de cer\u00e2mica de estilo japon\u00eas por atacado (1)\" class=\"wp-image-1897\" srcset=\"https:\/\/www.kedali.com\/wp-content\/uploads\/2025\/12\/wholesale-japanese-style-ceramic-tea-set-1.webp 790w, https:\/\/www.kedali.com\/wp-content\/uploads\/2025\/12\/wholesale-japanese-style-ceramic-tea-set-1-300x300.webp 300w, https:\/\/www.kedali.com\/wp-content\/uploads\/2025\/12\/wholesale-japanese-style-ceramic-tea-set-1-150x150.webp 150w, https:\/\/www.kedali.com\/wp-content\/uploads\/2025\/12\/wholesale-japanese-style-ceramic-tea-set-1-768x768.webp 768w, https:\/\/www.kedali.com\/wp-content\/uploads\/2025\/12\/wholesale-japanese-style-ceramic-tea-set-1-12x12.webp 12w, https:\/\/www.kedali.com\/wp-content\/uploads\/2025\/12\/wholesale-japanese-style-ceramic-tea-set-1-600x600.webp 600w, https:\/\/www.kedali.com\/wp-content\/uploads\/2025\/12\/wholesale-japanese-style-ceramic-tea-set-1-100x100.webp 100w\" sizes=\"(max-width: 790px) 100vw, 790px\" \/><\/figure>\n<\/div>\n\n\n\n<div class=\"wp-block-column is-layout-flow wp-block-column-is-layout-flow\">\n<figure class=\"wp-block-image size-full\"><img decoding=\"async\" width=\"790\" height=\"790\" src=\"https:\/\/www.kedali.com\/wp-content\/uploads\/2025\/12\/wholesale-japanese-style-ceramic-tea-set-4.webp\" alt=\"conjunto de ch\u00e1 de cer\u00e2mica de estilo japon\u00eas por atacado (4)\" class=\"wp-image-1900\" srcset=\"https:\/\/www.kedali.com\/wp-content\/uploads\/2025\/12\/wholesale-japanese-style-ceramic-tea-set-4.webp 790w, https:\/\/www.kedali.com\/wp-content\/uploads\/2025\/12\/wholesale-japanese-style-ceramic-tea-set-4-300x300.webp 300w, https:\/\/www.kedali.com\/wp-content\/uploads\/2025\/12\/wholesale-japanese-style-ceramic-tea-set-4-150x150.webp 150w, https:\/\/www.kedali.com\/wp-content\/uploads\/2025\/12\/wholesale-japanese-style-ceramic-tea-set-4-768x768.webp 768w, https:\/\/www.kedali.com\/wp-content\/uploads\/2025\/12\/wholesale-japanese-style-ceramic-tea-set-4-12x12.webp 12w, https:\/\/www.kedali.com\/wp-content\/uploads\/2025\/12\/wholesale-japanese-style-ceramic-tea-set-4-600x600.webp 600w, https:\/\/www.kedali.com\/wp-content\/uploads\/2025\/12\/wholesale-japanese-style-ceramic-tea-set-4-100x100.webp 100w\" sizes=\"(max-width: 790px) 100vw, 790px\" \/><\/figure>\n<\/div>\n<\/div>","protected":false},"excerpt":{"rendered":"<p data-pm-slice=\"0 0 []\">Experimente a eleg\u00e2ncia da cultura tradicional japonesa do ch\u00e1 com este conjunto de ch\u00e1 em cer\u00e2mica de estilo japon\u00eas. O conjunto inclui um bule de 650 ml e quatro ch\u00e1venas de ch\u00e1 de 100 ml a condizer, fabricados em cer\u00e2mica duradoura de alta qualidade. Contacte-nos para um or\u00e7amento.<\/p>\n<h2>Especifica\u00e7\u00f5es do Conjunto de ch\u00e1 em cer\u00e2mica de estilo japon\u00eas<\/h2>\n<table width=\"235\">\n<tbody>\n<tr>\n<td width=\"69\">Marca<\/td>\n<td width=\"166\">KDL<\/td>\n<\/tr>\n<tr>\n<td width=\"69\">Modelo<\/td>\n<td width=\"166\">TPS792<\/td>\n<\/tr>\n<tr>\n<td width=\"69\">Material<\/td>\n<td width=\"166\">cer\u00e2mica<\/td>\n<\/tr>\n<tr>\n<td width=\"69\">cor<\/td>\n<td width=\"166\">preto\/vermelho<\/td>\n<\/tr>\n<tr>\n<td width=\"69\">Aplica\u00e7\u00e3o<\/td>\n<td width=\"166\">conjunto de caf\u00e9 e ch\u00e1<\/td>\n<\/tr>\n<tr>\n<td width=\"69\">Carater\u00edstica<\/td>\n<td width=\"166\">vidrado a cores<\/td>\n<\/tr>\n<tr>\n<td width=\"69\">Dimens\u00f5es<\/td>\n<td width=\"166\">Bule de ch\u00e1: 21,5\u00d716,9\u00d79,5 cm<br data-start=\"25\" data-end=\"28\" \/>Copo: 7,9\u00d77,9\u00d75,6 cm<\/td>\n<\/tr>\n<tr>\n<td width=\"69\">Peso bruto (kg)<\/td>\n<td width=\"166\">5 kg<\/td>\n<\/tr>\n<tr>\n<td width=\"69\">Quantidade m\u00ednima de encomenda<\/td>\n<td width=\"166\">800 conjuntos<\/td>\n<\/tr>\n<\/tbody>\n<\/table>\n<p>&nbsp;<\/p>","protected":false},"featured_media":1897,"comment_status":"closed","ping_status":"closed","template":"","meta":{"_acf_changed":false},"product_brand":[],"product_cat":[29,53],"product_tag":[],"class_list":{"0":"post-1895","1":"product","2":"type-product","3":"status-publish","4":"has-post-thumbnail","6":"product_cat-wholesale-ceramic-tea-sets","7":"product_cat-wholesale-coffee-and-tea-sets","9":"first","10":"instock","11":"shipping-taxable","12":"product-type-simple"},"acf":[],"_links":{"self":[{"href":"https:\/\/www.kedali.com\/pt\/wp-json\/wp\/v2\/product\/1895","targetHints":{"allow":["GET"]}}],"collection":[{"href":"https:\/\/www.kedali.com\/pt\/wp-json\/wp\/v2\/product"}],"about":[{"href":"https:\/\/www.kedali.com\/pt\/wp-json\/wp\/v2\/types\/product"}],"replies":[{"embeddable":true,"href":"https:\/\/www.kedali.com\/pt\/wp-json\/wp\/v2\/comments?post=1895"}],"wp:featuredmedia":[{"embeddable":true,"href":"https:\/\/www.kedali.com\/pt\/wp-json\/wp\/v2\/media\/1897"}],"wp:attachment":[{"href":"https:\/\/www.kedali.com\/pt\/wp-json\/wp\/v2\/media?parent=1895"}],"wp:term":[{"taxonomy":"product_brand","embeddable":true,"href":"https:\/\/www.kedali.com\/pt\/wp-json\/wp\/v2\/product_brand?post=1895"},{"taxonomy":"product_cat","embeddable":true,"href":"https:\/\/www.kedali.com\/pt\/wp-json\/wp\/v2\/product_cat?post=1895"},{"taxonomy":"product_tag","embeddable":true,"href":"https:\/\/www.kedali.com\/pt\/wp-json\/wp\/v2\/product_tag?post=1895"}],"curies":[{"name":"wp","href":"https:\/\/api.w.org\/{rel}","templated":true}]}}