{"id":1984,"date":"2026-01-13T10:21:36","date_gmt":"2026-01-13T10:21:36","guid":{"rendered":"https:\/\/www.kedali.com\/?post_type=product&#038;p=1984"},"modified":"2026-01-13T10:39:01","modified_gmt":"2026-01-13T10:39:01","slug":"memphis-inspired-geometric-bathroom-set-wholesale","status":"publish","type":"product","link":"https:\/\/www.kedali.com\/pt\/produto\/memphis-inspired-geometric-bathroom-set-wholesale\/","title":{"rendered":"Conjunto de casa de banho geom\u00e9trico inspirado em Memphis Venda por grosso"},"content":{"rendered":"<div class=\"wp-block-columns is-layout-flex wp-container-core-columns-is-layout-9d6595d7 wp-block-columns-is-layout-flex\">\n<div class=\"wp-block-column is-layout-flow wp-block-column-is-layout-flow\">\n<h3 class=\"wp-block-heading\">Carater\u00edsticas do conjunto de casa de banho<\/h3>\n\n\n\n<ul class=\"wp-block-list\">\n<li><strong>Design e est\u00e9tica:<\/strong> Este conjunto de casa de banho apresenta um design inspirado em Memphis, misturando inteligentemente v\u00e1rios padr\u00f5es e cores prim\u00e1rias para criar um aspeto visualmente apelativo e sofisticado.<\/li>\n\n\n\n<li><strong>Forte diferencia\u00e7\u00e3o no mercado: <\/strong>O design art\u00edstico \u00fanico ajuda as marcas e os retalhistas a afastarem-se dos acess\u00f3rios de casa de banho convencionais, apelando aos consumidores mais jovens, \u00e0s lojas de estilo de vida e aos mercados orientados para o design.<\/li>\n\n\n\n<li><strong>Conjunto completo coordenado: <\/strong>Inclui acess\u00f3rios de casa de banho essenciais com uma linguagem de design unificada, facilitando aos compradores a oferta de uma solu\u00e7\u00e3o de casa de banho coesa e aumentando o valor m\u00e9dio das encomendas.<\/li>\n\n\n\n<li><strong>Suporte \u00e0 personaliza\u00e7\u00e3o OEM e ODM:<\/strong> Cores, padr\u00f5es, materiais, log\u00f3tipos e embalagens personalizados dispon\u00edveis para corresponder \u00e0 identidade da marca ou \u00e0s prefer\u00eancias do mercado local.<\/li>\n<\/ul>\n\n\n\n<h3 class=\"wp-block-heading\">Servi\u00e7o personalizado<\/h3>\n\n\n\n<ul class=\"wp-block-list\">\n<li>Suporte OEM e ODM<\/li>\n\n\n\n<li>Entrega r\u00e1pida de amostras.<\/li>\n\n\n\n<li>Fornecer forma personalizada do produto, cor, padr\u00e3o, embalagem e outros servi\u00e7os personalizados.<\/li>\n\n\n\n<li><\/li>\n<\/ul>\n<\/div>\n\n\n\n<div class=\"wp-block-column is-layout-flow wp-block-column-is-layout-flow\">\n<figure class=\"wp-block-image size-full\"><img decoding=\"async\" width=\"3292\" height=\"2405\" src=\"https:\/\/www.kedali.com\/wp-content\/uploads\/2026\/01\/memphis-inspired-geometric-bathroom-set-wholesale-7.webp\" alt=\"conjunto de casa de banho geom\u00e9trico inspirado em memphis por atacado (7)\" class=\"wp-image-1991\" srcset=\"https:\/\/www.kedali.com\/wp-content\/uploads\/2026\/01\/memphis-inspired-geometric-bathroom-set-wholesale-7.webp 3292w, https:\/\/www.kedali.com\/wp-content\/uploads\/2026\/01\/memphis-inspired-geometric-bathroom-set-wholesale-7-300x219.webp 300w, https:\/\/www.kedali.com\/wp-content\/uploads\/2026\/01\/memphis-inspired-geometric-bathroom-set-wholesale-7-768x561.webp 768w, https:\/\/www.kedali.com\/wp-content\/uploads\/2026\/01\/memphis-inspired-geometric-bathroom-set-wholesale-7-16x12.webp 16w, https:\/\/www.kedali.com\/wp-content\/uploads\/2026\/01\/memphis-inspired-geometric-bathroom-set-wholesale-7-1200x877.webp 1200w, https:\/\/www.kedali.com\/wp-content\/uploads\/2026\/01\/memphis-inspired-geometric-bathroom-set-wholesale-7-600x438.webp 600w\" sizes=\"(max-width: 3292px) 100vw, 3292px\" \/><\/figure>\n<\/div>\n<\/div>\n\n\n\n<div class=\"wp-block-columns is-layout-flex wp-container-core-columns-is-layout-9d6595d7 wp-block-columns-is-layout-flex\">\n<div class=\"wp-block-column is-layout-flow wp-block-column-is-layout-flow\">\n<figure class=\"wp-block-image size-full\"><img decoding=\"async\" width=\"1600\" height=\"1600\" src=\"https:\/\/www.kedali.com\/wp-content\/uploads\/2026\/01\/memphis-inspired-geometric-bathroom-set-wholesale-1.webp\" alt=\"conjunto de casa de banho geom\u00e9trico inspirado em memphis por atacado (1)\" class=\"wp-image-1985\" srcset=\"https:\/\/www.kedali.com\/wp-content\/uploads\/2026\/01\/memphis-inspired-geometric-bathroom-set-wholesale-1.webp 1600w, https:\/\/www.kedali.com\/wp-content\/uploads\/2026\/01\/memphis-inspired-geometric-bathroom-set-wholesale-1-300x300.webp 300w, https:\/\/www.kedali.com\/wp-content\/uploads\/2026\/01\/memphis-inspired-geometric-bathroom-set-wholesale-1-150x150.webp 150w, https:\/\/www.kedali.com\/wp-content\/uploads\/2026\/01\/memphis-inspired-geometric-bathroom-set-wholesale-1-768x768.webp 768w, https:\/\/www.kedali.com\/wp-content\/uploads\/2026\/01\/memphis-inspired-geometric-bathroom-set-wholesale-1-12x12.webp 12w, https:\/\/www.kedali.com\/wp-content\/uploads\/2026\/01\/memphis-inspired-geometric-bathroom-set-wholesale-1-1200x1200.webp 1200w, https:\/\/www.kedali.com\/wp-content\/uploads\/2026\/01\/memphis-inspired-geometric-bathroom-set-wholesale-1-600x600.webp 600w, https:\/\/www.kedali.com\/wp-content\/uploads\/2026\/01\/memphis-inspired-geometric-bathroom-set-wholesale-1-100x100.webp 100w\" sizes=\"(max-width: 1600px) 100vw, 1600px\" \/><\/figure>\n<\/div>\n\n\n\n<div class=\"wp-block-column is-layout-flow wp-block-column-is-layout-flow\">\n<figure class=\"wp-block-image size-full\"><img decoding=\"async\" width=\"1600\" height=\"1600\" src=\"https:\/\/www.kedali.com\/wp-content\/uploads\/2026\/01\/memphis-inspired-geometric-bathroom-set-wholesale-2.webp\" alt=\"conjunto de casa de banho geom\u00e9trico inspirado em memphis por atacado (2)\" class=\"wp-image-1986\" srcset=\"https:\/\/www.kedali.com\/wp-content\/uploads\/2026\/01\/memphis-inspired-geometric-bathroom-set-wholesale-2.webp 1600w, https:\/\/www.kedali.com\/wp-content\/uploads\/2026\/01\/memphis-inspired-geometric-bathroom-set-wholesale-2-300x300.webp 300w, https:\/\/www.kedali.com\/wp-content\/uploads\/2026\/01\/memphis-inspired-geometric-bathroom-set-wholesale-2-150x150.webp 150w, https:\/\/www.kedali.com\/wp-content\/uploads\/2026\/01\/memphis-inspired-geometric-bathroom-set-wholesale-2-768x768.webp 768w, https:\/\/www.kedali.com\/wp-content\/uploads\/2026\/01\/memphis-inspired-geometric-bathroom-set-wholesale-2-12x12.webp 12w, https:\/\/www.kedali.com\/wp-content\/uploads\/2026\/01\/memphis-inspired-geometric-bathroom-set-wholesale-2-1200x1200.webp 1200w, https:\/\/www.kedali.com\/wp-content\/uploads\/2026\/01\/memphis-inspired-geometric-bathroom-set-wholesale-2-600x600.webp 600w, https:\/\/www.kedali.com\/wp-content\/uploads\/2026\/01\/memphis-inspired-geometric-bathroom-set-wholesale-2-100x100.webp 100w\" sizes=\"(max-width: 1600px) 100vw, 1600px\" \/><\/figure>\n<\/div>\n<\/div>","protected":false},"excerpt":{"rendered":"<p data-pm-slice=\"0 0 []\">Traga a criatividade arrojada para as casas de banho modernas com o nosso Conjunto de Casa de Banho Geom\u00e9trico Inspirado em Memphis, concebido para marcas e retalhistas que procuram colec\u00e7\u00f5es de destaque e orientadas para o design. Como fabricante profissional de acess\u00f3rios de casa de banho, combinamos o design original com uma produ\u00e7\u00e3o fi\u00e1vel em grande escala para fornecer conjuntos prontos para venda por grosso que equilibram estilo, durabilidade e funcionalidade.<\/p>\n<h2>Especifica\u00e7\u00f5es do Conjunto de casa de banho geom\u00e9trico inspirado em Memphis<\/h2>\n<table width=\"235\">\n<tbody>\n<tr>\n<td width=\"69\">Marca<\/td>\n<td width=\"166\">KDL<\/td>\n<\/tr>\n<tr>\n<td width=\"69\">Modelo<\/td>\n<td width=\"166\">DBS617<\/td>\n<\/tr>\n<tr>\n<td width=\"69\">Material<\/td>\n<td width=\"166\">cer\u00e2mica<\/td>\n<\/tr>\n<tr>\n<td width=\"69\">cor<\/td>\n<td width=\"166\">como a imagem mostra<\/td>\n<\/tr>\n<tr>\n<td width=\"69\">Aplica\u00e7\u00e3o<\/td>\n<td width=\"166\">conjunto de casa de banho em cer\u00e2mica<\/td>\n<\/tr>\n<tr>\n<td width=\"69\">Carater\u00edstica<\/td>\n<td width=\"166\">Decalque\/cor vidrada<\/td>\n<\/tr>\n<tr>\n<td width=\"69\">Dimens\u00f5es<\/td>\n<td width=\"166\">Dispensador: 7,5 \u00d7 7,5 \u00d7 19 cm<br data-start=\"46\" data-end=\"49\" \/>Suporte para escova de dentes: 7,5 \u00d7 7,5 \u00d7 12 cm<br data-start=\"85\" data-end=\"88\" \/>Saboneteira: 13,5 \u00d7 8,5 \u00d7 2,9 cm<br data-start=\"118\" data-end=\"121\" \/>Frasco de armazenamento: 8,5 \u00d7 8,5 \u00d7 12 cm<br data-start=\"151\" data-end=\"154\" \/>Porta-escovas de sanita: 10 \u00d7 10 \u00d7 18 cm<\/td>\n<\/tr>\n<tr>\n<td width=\"69\">Peso bruto (kg)<\/td>\n<td width=\"166\">3\/conjunto<\/td>\n<\/tr>\n<tr>\n<td width=\"69\">Quantidade m\u00ednima de encomenda<\/td>\n<td width=\"166\">800 conjuntos<\/td>\n<\/tr>\n<\/tbody>\n<\/table>\n<p>&nbsp;<\/p>","protected":false},"featured_media":1985,"comment_status":"closed","ping_status":"closed","template":"","meta":{"_acf_changed":false},"product_brand":[],"product_cat":[17,32],"product_tag":[],"class_list":{"0":"post-1984","1":"product","2":"type-product","3":"status-publish","4":"has-post-thumbnail","6":"product_cat-wholesale-ceramic-bathroom-accessories","7":"product_cat-wholesale-ceramic-bath-accessories-sets","9":"first","10":"instock","11":"shipping-taxable","12":"product-type-simple"},"acf":[],"_links":{"self":[{"href":"https:\/\/www.kedali.com\/pt\/wp-json\/wp\/v2\/product\/1984","targetHints":{"allow":["GET"]}}],"collection":[{"href":"https:\/\/www.kedali.com\/pt\/wp-json\/wp\/v2\/product"}],"about":[{"href":"https:\/\/www.kedali.com\/pt\/wp-json\/wp\/v2\/types\/product"}],"replies":[{"embeddable":true,"href":"https:\/\/www.kedali.com\/pt\/wp-json\/wp\/v2\/comments?post=1984"}],"wp:featuredmedia":[{"embeddable":true,"href":"https:\/\/www.kedali.com\/pt\/wp-json\/wp\/v2\/media\/1985"}],"wp:attachment":[{"href":"https:\/\/www.kedali.com\/pt\/wp-json\/wp\/v2\/media?parent=1984"}],"wp:term":[{"taxonomy":"product_brand","embeddable":true,"href":"https:\/\/www.kedali.com\/pt\/wp-json\/wp\/v2\/product_brand?post=1984"},{"taxonomy":"product_cat","embeddable":true,"href":"https:\/\/www.kedali.com\/pt\/wp-json\/wp\/v2\/product_cat?post=1984"},{"taxonomy":"product_tag","embeddable":true,"href":"https:\/\/www.kedali.com\/pt\/wp-json\/wp\/v2\/product_tag?post=1984"}],"curies":[{"name":"wp","href":"https:\/\/api.w.org\/{rel}","templated":true}]}}