{"id":1999,"date":"2026-01-13T11:05:24","date_gmt":"2026-01-13T11:05:24","guid":{"rendered":"https:\/\/www.kedali.com\/?post_type=product&#038;p=1999"},"modified":"2026-01-13T11:16:01","modified_gmt":"2026-01-13T11:16:01","slug":"terrazzo-textured-ceramic-bathroom-accessories-set-wholesale","status":"publish","type":"product","link":"https:\/\/www.kedali.com\/pt\/produto\/terrazzo-textured-ceramic-bathroom-accessories-set-wholesale\/","title":{"rendered":"Conjunto de Acess\u00f3rios de Casa de Banho em Cer\u00e2mica Texturizada Terrazzo por atacado"},"content":{"rendered":"<div class=\"wp-block-columns is-layout-flex wp-container-core-columns-is-layout-9d6595d7 wp-block-columns-is-layout-flex\">\n<div class=\"wp-block-column is-layout-flow wp-block-column-is-layout-flow\">\n<h3 class=\"wp-block-heading\">Carater\u00edsticas dos conjuntos de acess\u00f3rios de casa de banho<\/h3>\n\n\n\n<ul class=\"wp-block-list\">\n<li><strong>Est\u00e9tica intemporal do Terrazzo: <\/strong>A textura cl\u00e1ssica do terrazzo combinada com o artesanato cer\u00e2mico moderno proporciona um aspeto limpo e elegante que se adapta aos designs de casa de banho contempor\u00e2neos, minimalistas e n\u00f3rdicos.<\/li>\n\n\n\n<li><strong>Material cer\u00e2mico de qualidade superior: <\/strong>Fabricado em cer\u00e2mica de alta qualidade com um esmalte suave e uma estrutura densa, oferecendo uma excelente durabilidade, resist\u00eancia a riscos e um tato requintado.<\/li>\n\n\n\n<li><strong>Personaliza\u00e7\u00e3o OEM e ODM dispon\u00edvel: <\/strong>Como fabricante de conjuntos de casa de banho, apoiamos a personaliza\u00e7\u00e3o de padr\u00f5es de acess\u00f3rios de casa de banho, combina\u00e7\u00f5es de cores, formas, log\u00f3tipos e embalagens para satisfazer as necessidades de diferentes marcas e mercados.<\/li>\n<\/ul>\n\n\n\n<h3 class=\"wp-block-heading\">Servi\u00e7o personalizado<\/h3>\n\n\n\n<ul class=\"wp-block-list\">\n<li>Suporte OEM e ODM<\/li>\n\n\n\n<li>Entrega r\u00e1pida de amostras.<\/li>\n\n\n\n<li>Fornecer forma personalizada do produto, cor, padr\u00e3o, embalagem e outros servi\u00e7os personalizados.<\/li>\n<\/ul>\n<\/div>\n\n\n\n<div class=\"wp-block-column is-layout-flow wp-block-column-is-layout-flow\">\n<figure class=\"wp-block-image size-full\"><img decoding=\"async\" width=\"800\" height=\"800\" src=\"https:\/\/www.kedali.com\/wp-content\/uploads\/2026\/01\/specifications-of-bathroom-accessories-set.webp\" alt=\"especifica\u00e7\u00f5es do conjunto de acess\u00f3rios de casa de banho\" class=\"wp-image-2000\" srcset=\"https:\/\/www.kedali.com\/wp-content\/uploads\/2026\/01\/specifications-of-bathroom-accessories-set.webp 800w, https:\/\/www.kedali.com\/wp-content\/uploads\/2026\/01\/specifications-of-bathroom-accessories-set-300x300.webp 300w, https:\/\/www.kedali.com\/wp-content\/uploads\/2026\/01\/specifications-of-bathroom-accessories-set-150x150.webp 150w, https:\/\/www.kedali.com\/wp-content\/uploads\/2026\/01\/specifications-of-bathroom-accessories-set-768x768.webp 768w, https:\/\/www.kedali.com\/wp-content\/uploads\/2026\/01\/specifications-of-bathroom-accessories-set-12x12.webp 12w, https:\/\/www.kedali.com\/wp-content\/uploads\/2026\/01\/specifications-of-bathroom-accessories-set-600x600.webp 600w, https:\/\/www.kedali.com\/wp-content\/uploads\/2026\/01\/specifications-of-bathroom-accessories-set-100x100.webp 100w\" sizes=\"(max-width: 800px) 100vw, 800px\" \/><\/figure>\n<\/div>\n<\/div>\n\n\n\n<div class=\"wp-block-columns is-layout-flex wp-container-core-columns-is-layout-9d6595d7 wp-block-columns-is-layout-flex\">\n<div class=\"wp-block-column is-layout-flow wp-block-column-is-layout-flow\">\n<figure class=\"wp-block-image size-full\"><img decoding=\"async\" width=\"800\" height=\"800\" src=\"https:\/\/www.kedali.com\/wp-content\/uploads\/2026\/01\/terrazzo-textured-ceramic-bathroom-accessories-set-1.webp\" alt=\"conjunto de acess\u00f3rios de casa de banho em cer\u00e2mica texturizada terrazzo (1)\" class=\"wp-image-2001\" srcset=\"https:\/\/www.kedali.com\/wp-content\/uploads\/2026\/01\/terrazzo-textured-ceramic-bathroom-accessories-set-1.webp 800w, https:\/\/www.kedali.com\/wp-content\/uploads\/2026\/01\/terrazzo-textured-ceramic-bathroom-accessories-set-1-300x300.webp 300w, https:\/\/www.kedali.com\/wp-content\/uploads\/2026\/01\/terrazzo-textured-ceramic-bathroom-accessories-set-1-150x150.webp 150w, https:\/\/www.kedali.com\/wp-content\/uploads\/2026\/01\/terrazzo-textured-ceramic-bathroom-accessories-set-1-768x768.webp 768w, https:\/\/www.kedali.com\/wp-content\/uploads\/2026\/01\/terrazzo-textured-ceramic-bathroom-accessories-set-1-12x12.webp 12w, https:\/\/www.kedali.com\/wp-content\/uploads\/2026\/01\/terrazzo-textured-ceramic-bathroom-accessories-set-1-600x600.webp 600w, https:\/\/www.kedali.com\/wp-content\/uploads\/2026\/01\/terrazzo-textured-ceramic-bathroom-accessories-set-1-100x100.webp 100w\" sizes=\"(max-width: 800px) 100vw, 800px\" \/><\/figure>\n<\/div>\n\n\n\n<div class=\"wp-block-column is-layout-flow wp-block-column-is-layout-flow\">\n<figure class=\"wp-block-image size-full\"><img decoding=\"async\" width=\"800\" height=\"800\" src=\"https:\/\/www.kedali.com\/wp-content\/uploads\/2026\/01\/terrazzo-textured-ceramic-bathroom-accessories-set-2.webp\" alt=\"conjunto de acess\u00f3rios de casa de banho em cer\u00e2mica texturizada terrazzo (2)\" class=\"wp-image-2002\" srcset=\"https:\/\/www.kedali.com\/wp-content\/uploads\/2026\/01\/terrazzo-textured-ceramic-bathroom-accessories-set-2.webp 800w, https:\/\/www.kedali.com\/wp-content\/uploads\/2026\/01\/terrazzo-textured-ceramic-bathroom-accessories-set-2-300x300.webp 300w, https:\/\/www.kedali.com\/wp-content\/uploads\/2026\/01\/terrazzo-textured-ceramic-bathroom-accessories-set-2-150x150.webp 150w, https:\/\/www.kedali.com\/wp-content\/uploads\/2026\/01\/terrazzo-textured-ceramic-bathroom-accessories-set-2-768x768.webp 768w, https:\/\/www.kedali.com\/wp-content\/uploads\/2026\/01\/terrazzo-textured-ceramic-bathroom-accessories-set-2-12x12.webp 12w, https:\/\/www.kedali.com\/wp-content\/uploads\/2026\/01\/terrazzo-textured-ceramic-bathroom-accessories-set-2-600x600.webp 600w, https:\/\/www.kedali.com\/wp-content\/uploads\/2026\/01\/terrazzo-textured-ceramic-bathroom-accessories-set-2-100x100.webp 100w\" sizes=\"(max-width: 800px) 100vw, 800px\" \/><\/figure>\n<\/div>\n<\/div>","protected":false},"excerpt":{"rendered":"<p>Conjunto de acess\u00f3rios de casa de banho em cer\u00e2mica texturizada terrazzo por atacado. Esta cole\u00e7\u00e3o apresenta padr\u00f5es de terrazzo requintados e designs de cer\u00e2mica simples, acrescentando uma textura subtil e profundidade visual aos espa\u00e7os de banho modernos.<\/p>\n<p>Como profissional <a href=\"https:\/\/www.kedali.com\/pt\/categoria-produto\/wholesale-ceramic-bathroom-accessories\/\" target=\"_blank\" rel=\"noopener\"><strong>fabricante de acess\u00f3rios para casa de banho<\/strong><\/a>, A nossa empresa oferece servi\u00e7os abrangentes de OEM e ODM utilizando materiais cer\u00e2micos de primeira qualidade e t\u00e9cnicas de vitrifica\u00e7\u00e3o superiores. Contacte-nos hoje.<\/p>\n<h2>Especifica\u00e7\u00f5es do Conjunto de acess\u00f3rios de casa de banho<\/h2>\n<table width=\"235\">\n<tbody>\n<tr>\n<td width=\"69\">Marca<\/td>\n<td width=\"166\">KDL<\/td>\n<\/tr>\n<tr>\n<td width=\"69\">Modelo<\/td>\n<td width=\"166\">TBQL101-5<\/td>\n<\/tr>\n<tr>\n<td width=\"69\">Material<\/td>\n<td width=\"166\">cer\u00e2mica<\/td>\n<\/tr>\n<tr>\n<td width=\"69\">cor<\/td>\n<td width=\"166\">branco<\/td>\n<\/tr>\n<tr>\n<td width=\"69\">Aplica\u00e7\u00e3o<\/td>\n<td width=\"166\">ch\u00e1vena de cer\u00e2mica<\/td>\n<\/tr>\n<tr>\n<td width=\"69\">Carater\u00edstica<\/td>\n<td width=\"166\">decalque<\/td>\n<\/tr>\n<tr>\n<td width=\"69\">Dimens\u00f5es<\/td>\n<td width=\"166\">12,5*9*9,5cm \/ 8,5*6*6,4cm\u00a0<\/td>\n<\/tr>\n<tr>\n<td width=\"69\">Peso bruto (kg)<\/td>\n<td width=\"166\">0.32\/0.1<\/td>\n<\/tr>\n<tr>\n<td width=\"69\">Quantidade m\u00ednima de encomenda<\/td>\n<td width=\"166\">800 conjuntos<\/td>\n<\/tr>\n<\/tbody>\n<\/table>\n<p>&nbsp;<\/p>\n<p>\n<script src=\"chrome-extension:\/\/fpelahbljekknahkcaegamhcndkfpfnc\/iFrame.js\" type=\"text\/javascript\"><\/script><\/p>","protected":false},"featured_media":2001,"comment_status":"closed","ping_status":"closed","template":"","meta":{"_acf_changed":false},"product_brand":[],"product_cat":[17,32],"product_tag":[],"class_list":{"0":"post-1999","1":"product","2":"type-product","3":"status-publish","4":"has-post-thumbnail","6":"product_cat-wholesale-ceramic-bathroom-accessories","7":"product_cat-wholesale-ceramic-bath-accessories-sets","9":"first","10":"instock","11":"shipping-taxable","12":"product-type-simple"},"acf":[],"_links":{"self":[{"href":"https:\/\/www.kedali.com\/pt\/wp-json\/wp\/v2\/product\/1999","targetHints":{"allow":["GET"]}}],"collection":[{"href":"https:\/\/www.kedali.com\/pt\/wp-json\/wp\/v2\/product"}],"about":[{"href":"https:\/\/www.kedali.com\/pt\/wp-json\/wp\/v2\/types\/product"}],"replies":[{"embeddable":true,"href":"https:\/\/www.kedali.com\/pt\/wp-json\/wp\/v2\/comments?post=1999"}],"wp:featuredmedia":[{"embeddable":true,"href":"https:\/\/www.kedali.com\/pt\/wp-json\/wp\/v2\/media\/2001"}],"wp:attachment":[{"href":"https:\/\/www.kedali.com\/pt\/wp-json\/wp\/v2\/media?parent=1999"}],"wp:term":[{"taxonomy":"product_brand","embeddable":true,"href":"https:\/\/www.kedali.com\/pt\/wp-json\/wp\/v2\/product_brand?post=1999"},{"taxonomy":"product_cat","embeddable":true,"href":"https:\/\/www.kedali.com\/pt\/wp-json\/wp\/v2\/product_cat?post=1999"},{"taxonomy":"product_tag","embeddable":true,"href":"https:\/\/www.kedali.com\/pt\/wp-json\/wp\/v2\/product_tag?post=1999"}],"curies":[{"name":"wp","href":"https:\/\/api.w.org\/{rel}","templated":true}]}}