{"id":2049,"date":"2026-01-19T03:47:59","date_gmt":"2026-01-19T03:47:59","guid":{"rendered":"https:\/\/www.kedali.com\/?post_type=product&#038;p=2049"},"modified":"2026-01-19T16:01:41","modified_gmt":"2026-01-19T16:01:41","slug":"wholesale-bathtub-shaped-ceramic-soap-dishes","status":"publish","type":"product","link":"https:\/\/www.kedali.com\/pt\/produto\/wholesale-bathtub-shaped-ceramic-soap-dishes\/","title":{"rendered":"Conjunto de armazenamento de saboneteiras em cer\u00e2mica com padr\u00e3o azul - Bathtub Design"},"content":{"rendered":"<div class=\"wp-block-columns is-layout-flex wp-container-core-columns-is-layout-9d6595d7 wp-block-columns-is-layout-flex\">\n<div class=\"wp-block-column is-layout-flow wp-block-column-is-layout-flow\">\n<h3 class=\"wp-block-heading\">Carater\u00edsticas da cer\u00e2mica para casa de banho por grosso<\/h3>\n\n\n\n<ul class=\"wp-block-list\">\n<li>Design criativo da banheira: Uma r\u00e9plica em miniatura de uma banheira antiga, com pernas elevadas que reproduzem detalhes aut\u00eanticos da banheira e elevam a saboneteira para evitar a acumula\u00e7\u00e3o de \u00e1gua e o crescimento de bolor, combinando divers\u00e3o e praticidade.<\/li>\n\n\n\n<li>Material cer\u00e2mico texturado: Cer\u00e2mica cozida a alta temperatura com uma superf\u00edcie lisa e delicada que \u00e9 imperme\u00e1vel, \u00e0 prova de humidade e f\u00e1cil de limpar, adequada para o ambiente h\u00famido da casa de banho, e dur\u00e1vel e resistente \u00e0 deforma\u00e7\u00e3o.<\/li>\n\n\n\n<li>Design est\u00e9tico de m\u00e1rmore azul: Um padr\u00e3o refrescante de m\u00e1rmore azul e branco, que exala uma vibra\u00e7\u00e3o wabi-sabi digna do Instagram. N\u00e3o se trata apenas de uma ferramenta de arruma\u00e7\u00e3o, mas tamb\u00e9m de uma pe\u00e7a decorativa para a bancada da casa de banho, melhorando a est\u00e9tica geral.<\/li>\n\n\n\n<li>Combina\u00e7\u00e3o de dupla fun\u00e7\u00e3o: A vers\u00e3o mais pequena serve de saboneteira, acomodando perfeitamente uma barra de sab\u00e3o; a vers\u00e3o maior funciona como uma tigela de arruma\u00e7\u00e3o para pequenos artigos, como esponjas de banho, la\u00e7os para o cabelo e difusores de aromaterapia, proporcionando uma solu\u00e7\u00e3o \u00fanica para organizar artigos dispersos na bancada da casa de banho.<\/li>\n\n\n\n<li>Compacto e economizador de espa\u00e7o: O seu tamanho reduzido poupa espa\u00e7o na bancada, tornando-o f\u00e1cil de colocar mesmo em casas de banho pequenas, mantendo o espa\u00e7o limpo e elegante.<\/li>\n<\/ul>\n\n\n\n<h3 class=\"wp-block-heading\">Servi\u00e7o personalizado<\/h3>\n\n\n\n<ul class=\"wp-block-list\">\n<li>Suporte OEM e ODM<\/li>\n\n\n\n<li>Entrega r\u00e1pida de amostras.<\/li>\n\n\n\n<li>Fornecer forma personalizada do produto, cor, padr\u00e3o, embalagem e outros servi\u00e7os personalizados.<\/li>\n<\/ul>\n<\/div>\n\n\n\n<div class=\"wp-block-column is-layout-flow wp-block-column-is-layout-flow\">\n<figure class=\"wp-block-image size-full\"><img decoding=\"async\" width=\"1600\" height=\"1600\" src=\"https:\/\/www.kedali.com\/wp-content\/uploads\/2026\/01\/Wholesale-bathroom-ceramics-7.webp\" alt=\"\" class=\"wp-image-2056\" srcset=\"https:\/\/www.kedali.com\/wp-content\/uploads\/2026\/01\/Wholesale-bathroom-ceramics-7.webp 1600w, https:\/\/www.kedali.com\/wp-content\/uploads\/2026\/01\/Wholesale-bathroom-ceramics-7-300x300.webp 300w, https:\/\/www.kedali.com\/wp-content\/uploads\/2026\/01\/Wholesale-bathroom-ceramics-7-150x150.webp 150w, https:\/\/www.kedali.com\/wp-content\/uploads\/2026\/01\/Wholesale-bathroom-ceramics-7-768x768.webp 768w, https:\/\/www.kedali.com\/wp-content\/uploads\/2026\/01\/Wholesale-bathroom-ceramics-7-12x12.webp 12w, https:\/\/www.kedali.com\/wp-content\/uploads\/2026\/01\/Wholesale-bathroom-ceramics-7-1200x1200.webp 1200w, https:\/\/www.kedali.com\/wp-content\/uploads\/2026\/01\/Wholesale-bathroom-ceramics-7-600x600.webp 600w, https:\/\/www.kedali.com\/wp-content\/uploads\/2026\/01\/Wholesale-bathroom-ceramics-7-100x100.webp 100w\" sizes=\"(max-width: 1600px) 100vw, 1600px\" \/><\/figure>\n<\/div>\n<\/div>\n\n\n\n<div class=\"wp-block-columns is-layout-flex wp-container-core-columns-is-layout-9d6595d7 wp-block-columns-is-layout-flex\">\n<div class=\"wp-block-column is-layout-flow wp-block-column-is-layout-flow\">\n<figure class=\"wp-block-image size-full\"><img decoding=\"async\" width=\"1600\" height=\"1600\" src=\"https:\/\/www.kedali.com\/wp-content\/uploads\/2026\/01\/Wholesale-bathroom-ceramics-1.webp\" alt=\"\" class=\"wp-image-2050\" srcset=\"https:\/\/www.kedali.com\/wp-content\/uploads\/2026\/01\/Wholesale-bathroom-ceramics-1.webp 1600w, https:\/\/www.kedali.com\/wp-content\/uploads\/2026\/01\/Wholesale-bathroom-ceramics-1-300x300.webp 300w, https:\/\/www.kedali.com\/wp-content\/uploads\/2026\/01\/Wholesale-bathroom-ceramics-1-150x150.webp 150w, https:\/\/www.kedali.com\/wp-content\/uploads\/2026\/01\/Wholesale-bathroom-ceramics-1-768x768.webp 768w, https:\/\/www.kedali.com\/wp-content\/uploads\/2026\/01\/Wholesale-bathroom-ceramics-1-12x12.webp 12w, https:\/\/www.kedali.com\/wp-content\/uploads\/2026\/01\/Wholesale-bathroom-ceramics-1-1200x1200.webp 1200w, https:\/\/www.kedali.com\/wp-content\/uploads\/2026\/01\/Wholesale-bathroom-ceramics-1-600x600.webp 600w, https:\/\/www.kedali.com\/wp-content\/uploads\/2026\/01\/Wholesale-bathroom-ceramics-1-100x100.webp 100w\" sizes=\"(max-width: 1600px) 100vw, 1600px\" \/><\/figure>\n<\/div>\n\n\n\n<div class=\"wp-block-column is-layout-flow wp-block-column-is-layout-flow\">\n<figure class=\"wp-block-image size-full\"><img decoding=\"async\" width=\"1600\" height=\"1600\" src=\"https:\/\/www.kedali.com\/wp-content\/uploads\/2026\/01\/Wholesale-bathroom-ceramics-2.webp\" alt=\"\" class=\"wp-image-2051\" srcset=\"https:\/\/www.kedali.com\/wp-content\/uploads\/2026\/01\/Wholesale-bathroom-ceramics-2.webp 1600w, https:\/\/www.kedali.com\/wp-content\/uploads\/2026\/01\/Wholesale-bathroom-ceramics-2-300x300.webp 300w, https:\/\/www.kedali.com\/wp-content\/uploads\/2026\/01\/Wholesale-bathroom-ceramics-2-150x150.webp 150w, https:\/\/www.kedali.com\/wp-content\/uploads\/2026\/01\/Wholesale-bathroom-ceramics-2-768x768.webp 768w, https:\/\/www.kedali.com\/wp-content\/uploads\/2026\/01\/Wholesale-bathroom-ceramics-2-12x12.webp 12w, https:\/\/www.kedali.com\/wp-content\/uploads\/2026\/01\/Wholesale-bathroom-ceramics-2-1200x1200.webp 1200w, https:\/\/www.kedali.com\/wp-content\/uploads\/2026\/01\/Wholesale-bathroom-ceramics-2-600x600.webp 600w, https:\/\/www.kedali.com\/wp-content\/uploads\/2026\/01\/Wholesale-bathroom-ceramics-2-100x100.webp 100w\" sizes=\"(max-width: 1600px) 100vw, 1600px\" \/><\/figure>\n<\/div>\n<\/div>\n\n\n\n<div class=\"wp-block-columns is-layout-flex wp-container-core-columns-is-layout-9d6595d7 wp-block-columns-is-layout-flex\">\n<div class=\"wp-block-column is-layout-flow wp-block-column-is-layout-flow\">\n<figure class=\"wp-block-image size-full\"><img decoding=\"async\" width=\"1600\" height=\"1600\" src=\"https:\/\/www.kedali.com\/wp-content\/uploads\/2026\/01\/Wholesale-bathroom-ceramics-3.webp\" alt=\"\" class=\"wp-image-2052\" srcset=\"https:\/\/www.kedali.com\/wp-content\/uploads\/2026\/01\/Wholesale-bathroom-ceramics-3.webp 1600w, https:\/\/www.kedali.com\/wp-content\/uploads\/2026\/01\/Wholesale-bathroom-ceramics-3-300x300.webp 300w, https:\/\/www.kedali.com\/wp-content\/uploads\/2026\/01\/Wholesale-bathroom-ceramics-3-150x150.webp 150w, https:\/\/www.kedali.com\/wp-content\/uploads\/2026\/01\/Wholesale-bathroom-ceramics-3-768x768.webp 768w, https:\/\/www.kedali.com\/wp-content\/uploads\/2026\/01\/Wholesale-bathroom-ceramics-3-12x12.webp 12w, https:\/\/www.kedali.com\/wp-content\/uploads\/2026\/01\/Wholesale-bathroom-ceramics-3-1200x1200.webp 1200w, https:\/\/www.kedali.com\/wp-content\/uploads\/2026\/01\/Wholesale-bathroom-ceramics-3-600x600.webp 600w, https:\/\/www.kedali.com\/wp-content\/uploads\/2026\/01\/Wholesale-bathroom-ceramics-3-100x100.webp 100w\" sizes=\"(max-width: 1600px) 100vw, 1600px\" \/><\/figure>\n<\/div>\n\n\n\n<div class=\"wp-block-column is-layout-flow wp-block-column-is-layout-flow\">\n<figure class=\"wp-block-image size-full\"><img decoding=\"async\" width=\"1600\" height=\"1600\" src=\"https:\/\/www.kedali.com\/wp-content\/uploads\/2026\/01\/Wholesale-bathroom-ceramics-4.webp\" alt=\"\" class=\"wp-image-2053\" srcset=\"https:\/\/www.kedali.com\/wp-content\/uploads\/2026\/01\/Wholesale-bathroom-ceramics-4.webp 1600w, https:\/\/www.kedali.com\/wp-content\/uploads\/2026\/01\/Wholesale-bathroom-ceramics-4-300x300.webp 300w, https:\/\/www.kedali.com\/wp-content\/uploads\/2026\/01\/Wholesale-bathroom-ceramics-4-150x150.webp 150w, https:\/\/www.kedali.com\/wp-content\/uploads\/2026\/01\/Wholesale-bathroom-ceramics-4-768x768.webp 768w, https:\/\/www.kedali.com\/wp-content\/uploads\/2026\/01\/Wholesale-bathroom-ceramics-4-12x12.webp 12w, https:\/\/www.kedali.com\/wp-content\/uploads\/2026\/01\/Wholesale-bathroom-ceramics-4-1200x1200.webp 1200w, https:\/\/www.kedali.com\/wp-content\/uploads\/2026\/01\/Wholesale-bathroom-ceramics-4-600x600.webp 600w, https:\/\/www.kedali.com\/wp-content\/uploads\/2026\/01\/Wholesale-bathroom-ceramics-4-100x100.webp 100w\" sizes=\"(max-width: 1600px) 100vw, 1600px\" \/><\/figure>\n<\/div>\n<\/div>\n\n\n\n<div class=\"wp-block-columns is-layout-flex wp-container-core-columns-is-layout-9d6595d7 wp-block-columns-is-layout-flex\">\n<div class=\"wp-block-column is-layout-flow wp-block-column-is-layout-flow\"><\/div>\n\n\n\n<div class=\"wp-block-column is-layout-flow wp-block-column-is-layout-flow\"><\/div>\n<\/div>","protected":false},"excerpt":{"rendered":"<p>As saboneteiras de cer\u00e2mica por atacado, inspiradas no design das banheiras, combinam praticidade e beleza art\u00edstica, dando um toque elegante a qualquer casa de banho. Este conjunto por atacado \u00e9 perfeito para hot\u00e9is, resorts, casas de banho dom\u00e9sticas ou conjuntos de oferta. Contacte-nos para encomendas a granel.<\/p>\n<div class=\"is-root-container is-desktop-preview is-layout-flow wp-block-post-content block-editor-block-list__layout\">\n<div id=\"block-53fa528a-5da4-405b-9d08-ff281a1065a6\" class=\"block-editor-block-list__block wp-block wp-block-columns block-editor-block-list__layout wp-container-core-columns-is-layout-0 is-layout-flex wp-block-columns-is-layout-flex is-nowrap\" role=\"document\" aria-label=\"Bloco: Colunas\" data-block=\"53fa528a-5da4-405b-9d08-ff281a1065a6\" data-type=\"core\/columns\" data-title=\"Columns\" data-is-drop-zone=\"true\">\n<div id=\"block-a3aa2c65-d6de-4c61-8c4b-cbf1ba4af398\" class=\"block-editor-block-list__block wp-block block-core-columns wp-block-column block-editor-block-list__layout is-layout-flow wp-block-column-is-layout-flow\" role=\"document\" aria-label=\"Bloco: Coluna (1 de 2)\" data-block=\"a3aa2c65-d6de-4c61-8c4b-cbf1ba4af398\" data-type=\"core\/column\" data-title=\"Column\" data-is-drop-zone=\"true\">\n<h2 id=\"block-1c1961c1-fd0f-4a81-8239-fb60f60293ac\" class=\"block-editor-rich-text__editable block-editor-block-list__block wp-block wp-block-heading rich-text\" role=\"document\" aria-label=\"Bloco: T\u00edtulo\" data-block=\"1c1961c1-fd0f-4a81-8239-fb60f60293ac\" data-type=\"core\/heading\" data-title=\"Heading\" data-wp-block-attribute-key=\"content\">Carater\u00edsticas da saboneteira de cer\u00e2mica por atacado<\/h2>\n<\/div>\n<\/div>\n<\/div>\n<table width=\"235\">\n<tbody>\n<tr>\n<td width=\"69\">Marca<\/td>\n<td width=\"166\">KDL<\/td>\n<\/tr>\n<tr>\n<td width=\"69\">Modelo<\/td>\n<td width=\"166\">BS415<\/td>\n<\/tr>\n<tr>\n<td width=\"69\">Material<\/td>\n<td width=\"166\">cer\u00e2mica<\/td>\n<\/tr>\n<tr>\n<td width=\"69\">cor<\/td>\n<td width=\"166\">branco<\/td>\n<\/tr>\n<tr>\n<td width=\"69\">Aplica\u00e7\u00e3o<\/td>\n<td width=\"166\">Cer\u00e2mica de casa de banho por atacado<\/td>\n<\/tr>\n<tr>\n<td width=\"69\">Carater\u00edstica<\/td>\n<td width=\"166\">decalque<\/td>\n<\/tr>\n<tr>\n<td width=\"69\">Quantidade m\u00ednima de encomenda<\/td>\n<td width=\"166\">800 conjuntos<\/td>\n<\/tr>\n<\/tbody>\n<\/table>\n<p>&nbsp;<\/p>","protected":false},"featured_media":2050,"comment_status":"closed","ping_status":"closed","template":"","meta":{"_acf_changed":false},"product_brand":[],"product_cat":[17,33],"product_tag":[],"class_list":{"0":"post-2049","1":"product","2":"type-product","3":"status-publish","4":"has-post-thumbnail","6":"product_cat-wholesale-ceramic-bathroom-accessories","7":"product_cat-wholesale-ceramic-soap-dishes","9":"first","10":"instock","11":"shipping-taxable","12":"product-type-simple"},"acf":[],"_links":{"self":[{"href":"https:\/\/www.kedali.com\/pt\/wp-json\/wp\/v2\/product\/2049","targetHints":{"allow":["GET"]}}],"collection":[{"href":"https:\/\/www.kedali.com\/pt\/wp-json\/wp\/v2\/product"}],"about":[{"href":"https:\/\/www.kedali.com\/pt\/wp-json\/wp\/v2\/types\/product"}],"replies":[{"embeddable":true,"href":"https:\/\/www.kedali.com\/pt\/wp-json\/wp\/v2\/comments?post=2049"}],"wp:featuredmedia":[{"embeddable":true,"href":"https:\/\/www.kedali.com\/pt\/wp-json\/wp\/v2\/media\/2050"}],"wp:attachment":[{"href":"https:\/\/www.kedali.com\/pt\/wp-json\/wp\/v2\/media?parent=2049"}],"wp:term":[{"taxonomy":"product_brand","embeddable":true,"href":"https:\/\/www.kedali.com\/pt\/wp-json\/wp\/v2\/product_brand?post=2049"},{"taxonomy":"product_cat","embeddable":true,"href":"https:\/\/www.kedali.com\/pt\/wp-json\/wp\/v2\/product_cat?post=2049"},{"taxonomy":"product_tag","embeddable":true,"href":"https:\/\/www.kedali.com\/pt\/wp-json\/wp\/v2\/product_tag?post=2049"}],"curies":[{"name":"wp","href":"https:\/\/api.w.org\/{rel}","templated":true}]}}