{"id":2088,"date":"2026-01-26T10:30:41","date_gmt":"2026-01-26T10:30:41","guid":{"rendered":"https:\/\/www.kedali.com\/?post_type=product&#038;p=2088"},"modified":"2026-01-26T10:47:04","modified_gmt":"2026-01-26T10:47:04","slug":"wholesale-colorful-ceramic-soap-dishes","status":"publish","type":"product","link":"https:\/\/www.kedali.com\/pt\/produto\/wholesale-colorful-ceramic-soap-dishes\/","title":{"rendered":"Saboneteiras de cer\u00e2mica coloridas por atacado - Designs divertidos para banheiras"},"content":{"rendered":"<div class=\"wp-block-columns is-layout-flex wp-container-core-columns-is-layout-9d6595d7 wp-block-columns-is-layout-flex\">\n<div class=\"wp-block-column is-layout-flow wp-block-column-is-layout-flow\">\n<h3 class=\"wp-block-heading\">Carater\u00edsticas das canecas de cer\u00e2mica<\/h3>\n\n\n\n<ul class=\"wp-block-list\">\n<li><strong>Higi\u00e9nico e f\u00e1cil de limpar:<\/strong> As saboneteiras de cer\u00e2mica por grosso s\u00e3o fabricadas com uma superf\u00edcie vidrada de alta cozedura que \u00e9 naturalmente n\u00e3o porosa. Isto significa que n\u00e3o absorvem \u00e1gua, res\u00edduos de sab\u00e3o ou bact\u00e9rias, ajudando a manter um ambiente mais limpo e higi\u00e9nico, tanto nas casas de banho como nas cozinhas.<\/li>\n\n\n\n<li><strong>Dur\u00e1vel para utiliza\u00e7\u00e3o a longo prazo: <\/strong>Ao contr\u00e1rio das alternativas met\u00e1licas, a cer\u00e2mica nunca enferruja ou corr\u00f3i, mesmo com exposi\u00e7\u00e3o constante \u00e0 \u00e1gua. As cores e os padr\u00f5es queimados com o esmalte s\u00e3o fixados na superf\u00edcie, pelo que n\u00e3o desbotam, descascam ou amarelecem com o tempo, como acontece com os produtos de pl\u00e1stico.<\/li>\n\n\n\n<li><strong>Vasta gama de op\u00e7\u00f5es de cores:<\/strong> As nossas saboneteiras de cer\u00e2mica por atacado oferecem uma vasta gama de cores, desde tons neutros suaves a tons arrojados e vibrantes.<\/li>\n\n\n\n<li><strong>Pre\u00e7o de f\u00e1brica:<\/strong> Como l\u00edder <strong><a href=\"https:\/\/www.kedali.com\/pt\/categoria-produto\/wholesale-ceramic-bathroom-accessories\/\" target=\"_blank\" rel=\"noreferrer noopener\">fabricante de acess\u00f3rios para casa de banho<\/a><\/strong> na China, oferecemos pre\u00e7os competitivos diretos da f\u00e1brica, mantendo elevados padr\u00f5es de qualidade.<\/li>\n<\/ul>\n\n\n\n<h3 class=\"wp-block-heading\">Servi\u00e7o personalizado<\/h3>\n\n\n\n<ul class=\"wp-block-list\">\n<li>Suporte OEM e ODM<\/li>\n\n\n\n<li>Entrega r\u00e1pida de amostras.<\/li>\n\n\n\n<li>Fornecer forma personalizada do produto, cor, padr\u00e3o, embalagem e outros servi\u00e7os personalizados.<\/li>\n<\/ul>\n<\/div>\n\n\n\n<div class=\"wp-block-column is-layout-flow wp-block-column-is-layout-flow\">\n<figure class=\"wp-block-image size-full\"><img decoding=\"async\" width=\"750\" height=\"750\" src=\"https:\/\/www.kedali.com\/wp-content\/uploads\/2026\/01\/ceramic-soap-dishes-dimensions-1.webp\" alt=\"dimens\u00f5es das saboneteiras de cer\u00e2mica\" class=\"wp-image-2089\" srcset=\"https:\/\/www.kedali.com\/wp-content\/uploads\/2026\/01\/ceramic-soap-dishes-dimensions-1.webp 750w, https:\/\/www.kedali.com\/wp-content\/uploads\/2026\/01\/ceramic-soap-dishes-dimensions-1-300x300.webp 300w, https:\/\/www.kedali.com\/wp-content\/uploads\/2026\/01\/ceramic-soap-dishes-dimensions-1-150x150.webp 150w, https:\/\/www.kedali.com\/wp-content\/uploads\/2026\/01\/ceramic-soap-dishes-dimensions-1-12x12.webp 12w, https:\/\/www.kedali.com\/wp-content\/uploads\/2026\/01\/ceramic-soap-dishes-dimensions-1-600x600.webp 600w, https:\/\/www.kedali.com\/wp-content\/uploads\/2026\/01\/ceramic-soap-dishes-dimensions-1-100x100.webp 100w\" sizes=\"(max-width: 750px) 100vw, 750px\" \/><\/figure>\n<\/div>\n<\/div>\n\n\n\n<div class=\"wp-block-columns is-layout-flex wp-container-core-columns-is-layout-9d6595d7 wp-block-columns-is-layout-flex\">\n<div class=\"wp-block-column is-layout-flow wp-block-column-is-layout-flow\">\n<figure class=\"wp-block-image size-full\"><img decoding=\"async\" width=\"750\" height=\"750\" src=\"https:\/\/www.kedali.com\/wp-content\/uploads\/2026\/01\/wholesale-colorful-ceramic-soap-dishes-1.webp\" alt=\"saboneteiras de cer\u00e2mica coloridas por atacado (1)\" class=\"wp-image-2090\" srcset=\"https:\/\/www.kedali.com\/wp-content\/uploads\/2026\/01\/wholesale-colorful-ceramic-soap-dishes-1.webp 750w, https:\/\/www.kedali.com\/wp-content\/uploads\/2026\/01\/wholesale-colorful-ceramic-soap-dishes-1-300x300.webp 300w, https:\/\/www.kedali.com\/wp-content\/uploads\/2026\/01\/wholesale-colorful-ceramic-soap-dishes-1-150x150.webp 150w, https:\/\/www.kedali.com\/wp-content\/uploads\/2026\/01\/wholesale-colorful-ceramic-soap-dishes-1-12x12.webp 12w, https:\/\/www.kedali.com\/wp-content\/uploads\/2026\/01\/wholesale-colorful-ceramic-soap-dishes-1-600x600.webp 600w, https:\/\/www.kedali.com\/wp-content\/uploads\/2026\/01\/wholesale-colorful-ceramic-soap-dishes-1-100x100.webp 100w\" sizes=\"(max-width: 750px) 100vw, 750px\" \/><\/figure>\n<\/div>\n\n\n\n<div class=\"wp-block-column is-layout-flow wp-block-column-is-layout-flow\">\n<figure class=\"wp-block-image size-full\"><img decoding=\"async\" width=\"750\" height=\"750\" src=\"https:\/\/www.kedali.com\/wp-content\/uploads\/2026\/01\/wholesale-colorful-ceramic-soap-dishes-2.webp\" alt=\"saboneteiras de cer\u00e2mica coloridas por atacado (2)\" class=\"wp-image-2091\" srcset=\"https:\/\/www.kedali.com\/wp-content\/uploads\/2026\/01\/wholesale-colorful-ceramic-soap-dishes-2.webp 750w, https:\/\/www.kedali.com\/wp-content\/uploads\/2026\/01\/wholesale-colorful-ceramic-soap-dishes-2-300x300.webp 300w, https:\/\/www.kedali.com\/wp-content\/uploads\/2026\/01\/wholesale-colorful-ceramic-soap-dishes-2-150x150.webp 150w, https:\/\/www.kedali.com\/wp-content\/uploads\/2026\/01\/wholesale-colorful-ceramic-soap-dishes-2-12x12.webp 12w, https:\/\/www.kedali.com\/wp-content\/uploads\/2026\/01\/wholesale-colorful-ceramic-soap-dishes-2-600x600.webp 600w, https:\/\/www.kedali.com\/wp-content\/uploads\/2026\/01\/wholesale-colorful-ceramic-soap-dishes-2-100x100.webp 100w\" sizes=\"(max-width: 750px) 100vw, 750px\" \/><\/figure>\n<\/div>\n<\/div>","protected":false},"excerpt":{"rendered":"<p data-pm-slice=\"0 0 []\">Saboneteiras de cer\u00e2mica por grosso. Os nossos designs destacam-se com uma vasta gama de op\u00e7\u00f5es de cores, desde neutros suaves a esmaltes decorativos arrojados, permitindo-lhe combinar diferentes estilos de interiores ou criar colec\u00e7\u00f5es de retalho apelativas. Contacte-nos para obter um or\u00e7amento.<\/p>\n<h2>Especifica\u00e7\u00f5es de Saboneteiras de cer\u00e2mica coloridas<\/h2>\n<table width=\"235\">\n<tbody>\n<tr>\n<td width=\"69\">Marca<\/td>\n<td width=\"166\">KDL<\/td>\n<\/tr>\n<tr>\n<td width=\"69\">Modelo<\/td>\n<td width=\"166\">bs247<\/td>\n<\/tr>\n<tr>\n<td width=\"69\">Material<\/td>\n<td width=\"166\">Cer\u00e2mica<\/td>\n<\/tr>\n<tr>\n<td width=\"69\">cor<\/td>\n<td width=\"166\">Rosa\/azul\/verde\/laranja\/preto<\/td>\n<\/tr>\n<tr>\n<td width=\"69\">Aplica\u00e7\u00e3o<\/td>\n<td width=\"166\">Casa de banho<\/td>\n<\/tr>\n<tr>\n<td width=\"69\">Carater\u00edstica<\/td>\n<td width=\"166\">Cor esmaltada<\/td>\n<\/tr>\n<tr>\n<td width=\"69\">Dimens\u00f5es<\/td>\n<td width=\"166\">14,2\u00d77,7\u00d77,7cm<\/td>\n<\/tr>\n<tr>\n<td width=\"69\">Peso bruto (kg)<\/td>\n<td width=\"166\">0,3 kg\/unidade<\/td>\n<\/tr>\n<tr>\n<td width=\"69\">Quantidade m\u00ednima de encomenda<\/td>\n<td width=\"166\">800 unidades<\/td>\n<\/tr>\n<\/tbody>\n<\/table>\n<p>&nbsp;<\/p>","protected":false},"featured_media":2090,"comment_status":"closed","ping_status":"closed","template":"","meta":{"_acf_changed":false},"product_brand":[],"product_cat":[17,33],"product_tag":[],"class_list":{"0":"post-2088","1":"product","2":"type-product","3":"status-publish","4":"has-post-thumbnail","6":"product_cat-wholesale-ceramic-bathroom-accessories","7":"product_cat-wholesale-ceramic-soap-dishes","9":"first","10":"instock","11":"shipping-taxable","12":"product-type-simple"},"acf":[],"_links":{"self":[{"href":"https:\/\/www.kedali.com\/pt\/wp-json\/wp\/v2\/product\/2088","targetHints":{"allow":["GET"]}}],"collection":[{"href":"https:\/\/www.kedali.com\/pt\/wp-json\/wp\/v2\/product"}],"about":[{"href":"https:\/\/www.kedali.com\/pt\/wp-json\/wp\/v2\/types\/product"}],"replies":[{"embeddable":true,"href":"https:\/\/www.kedali.com\/pt\/wp-json\/wp\/v2\/comments?post=2088"}],"wp:featuredmedia":[{"embeddable":true,"href":"https:\/\/www.kedali.com\/pt\/wp-json\/wp\/v2\/media\/2090"}],"wp:attachment":[{"href":"https:\/\/www.kedali.com\/pt\/wp-json\/wp\/v2\/media?parent=2088"}],"wp:term":[{"taxonomy":"product_brand","embeddable":true,"href":"https:\/\/www.kedali.com\/pt\/wp-json\/wp\/v2\/product_brand?post=2088"},{"taxonomy":"product_cat","embeddable":true,"href":"https:\/\/www.kedali.com\/pt\/wp-json\/wp\/v2\/product_cat?post=2088"},{"taxonomy":"product_tag","embeddable":true,"href":"https:\/\/www.kedali.com\/pt\/wp-json\/wp\/v2\/product_tag?post=2088"}],"curies":[{"name":"wp","href":"https:\/\/api.w.org\/{rel}","templated":true}]}}