{"id":2165,"date":"2026-02-24T07:50:41","date_gmt":"2026-02-24T07:50:41","guid":{"rendered":"https:\/\/www.kedali.com\/?post_type=product&#038;p=2165"},"modified":"2026-02-24T08:20:07","modified_gmt":"2026-02-24T08:20:07","slug":"luxury-ceramic-soap-dish-wholesale","status":"publish","type":"product","link":"https:\/\/www.kedali.com\/pt\/produto\/luxury-ceramic-soap-dish-wholesale\/","title":{"rendered":"Saboneteira de luxo por atacado, Mini saboneteira de cer\u00e2mica em forma de banheira com detalhes em ouro - Fabricante de saboneteiras"},"content":{"rendered":"<div class=\"wp-block-columns is-layout-flex wp-container-core-columns-is-layout-9d6595d7 wp-block-columns-is-layout-flex\">\n<div class=\"wp-block-column is-layout-flow wp-block-column-is-layout-flow\">\n<h3 class=\"wp-block-heading\">Carater\u00edsticas das saboneteiras em cer\u00e2mica<\/h3>\n\n\n\n<ul class=\"wp-block-list\">\n<li><strong>Design e apelo visual de alta qualidade:<\/strong> Esta mini saboneteira em forma de banheira combina delicados detalhes dourados com um design cl\u00e1ssico de p\u00e9s de garra. Pode conter sab\u00e3o e, ao mesmo tempo, servir como uma pe\u00e7a de arte decorativa.<\/li>\n\n\n\n<li><strong>Funcionalidade pr\u00e1tica:<\/strong> O tamanho compacto da saboneteira adapta-se perfeitamente a lavat\u00f3rios e bancadas sem ocupar espa\u00e7o. O seu design em forma de p\u00e9 de garra elevado mant\u00e9m o sab\u00e3o afastado da \u00e1gua, garantindo que se mant\u00e9m seco.<\/li>\n\n\n\n<li><strong>Utiliza\u00e7\u00e3o vers\u00e1til e valor para oferta:<\/strong> Esta saboneteira \u00e9 ideal para uso dom\u00e9stico e tamb\u00e9m \u00e9 uma escolha perfeita para casamentos, inaugura\u00e7\u00f5es de casas ou conjuntos de presentes de luxo.<\/li>\n\n\n\n<li><strong>Fornecimento grossista fi\u00e1vel:<\/strong> Como fabricante de saboneteiras de cer\u00e2mica, oferecemos pre\u00e7os competitivos diretos da f\u00e1brica, invent\u00e1rio est\u00e1vel e controlo de qualidade consistente.<\/li>\n<\/ul>\n\n\n\n<h3 class=\"wp-block-heading\">Servi\u00e7o personalizado<\/h3>\n\n\n\n<ul class=\"wp-block-list\">\n<li>Suporte OEM e ODM<\/li>\n\n\n\n<li>Entrega r\u00e1pida de amostras.<\/li>\n\n\n\n<li>Fornecer forma personalizada do produto, cor, padr\u00e3o, embalagem e outros servi\u00e7os personalizados.<\/li>\n<\/ul>\n<\/div>\n\n\n\n<div class=\"wp-block-column is-layout-flow wp-block-column-is-layout-flow\">\n<figure class=\"wp-block-image size-full\"><img decoding=\"async\" width=\"800\" height=\"800\" src=\"https:\/\/www.kedali.com\/wp-content\/uploads\/2026\/02\/soap-dish-dimensions-1.webp\" alt=\"dimens\u00f5es da saboneteira\" class=\"wp-image-2166\" srcset=\"https:\/\/www.kedali.com\/wp-content\/uploads\/2026\/02\/soap-dish-dimensions-1.webp 800w, https:\/\/www.kedali.com\/wp-content\/uploads\/2026\/02\/soap-dish-dimensions-1-300x300.webp 300w, https:\/\/www.kedali.com\/wp-content\/uploads\/2026\/02\/soap-dish-dimensions-1-150x150.webp 150w, https:\/\/www.kedali.com\/wp-content\/uploads\/2026\/02\/soap-dish-dimensions-1-768x768.webp 768w, https:\/\/www.kedali.com\/wp-content\/uploads\/2026\/02\/soap-dish-dimensions-1-12x12.webp 12w, https:\/\/www.kedali.com\/wp-content\/uploads\/2026\/02\/soap-dish-dimensions-1-600x600.webp 600w, https:\/\/www.kedali.com\/wp-content\/uploads\/2026\/02\/soap-dish-dimensions-1-100x100.webp 100w\" sizes=\"(max-width: 800px) 100vw, 800px\" \/><\/figure>\n<\/div>\n<\/div>\n\n\n\n<div class=\"wp-block-columns is-layout-flex wp-container-core-columns-is-layout-9d6595d7 wp-block-columns-is-layout-flex\">\n<div class=\"wp-block-column is-layout-flow wp-block-column-is-layout-flow\">\n<figure class=\"wp-block-image size-full\"><img decoding=\"async\" width=\"800\" height=\"800\" src=\"https:\/\/www.kedali.com\/wp-content\/uploads\/2026\/02\/soap-dish-wholesale-4.webp\" alt=\"saboneteiras por atacado (4)\" class=\"wp-image-2170\" srcset=\"https:\/\/www.kedali.com\/wp-content\/uploads\/2026\/02\/soap-dish-wholesale-4.webp 800w, https:\/\/www.kedali.com\/wp-content\/uploads\/2026\/02\/soap-dish-wholesale-4-300x300.webp 300w, https:\/\/www.kedali.com\/wp-content\/uploads\/2026\/02\/soap-dish-wholesale-4-150x150.webp 150w, https:\/\/www.kedali.com\/wp-content\/uploads\/2026\/02\/soap-dish-wholesale-4-768x768.webp 768w, https:\/\/www.kedali.com\/wp-content\/uploads\/2026\/02\/soap-dish-wholesale-4-12x12.webp 12w, https:\/\/www.kedali.com\/wp-content\/uploads\/2026\/02\/soap-dish-wholesale-4-600x600.webp 600w, https:\/\/www.kedali.com\/wp-content\/uploads\/2026\/02\/soap-dish-wholesale-4-100x100.webp 100w\" sizes=\"(max-width: 800px) 100vw, 800px\" \/><\/figure>\n<\/div>\n\n\n\n<div class=\"wp-block-column is-layout-flow wp-block-column-is-layout-flow\">\n<figure class=\"wp-block-image size-full\"><img decoding=\"async\" width=\"800\" height=\"800\" src=\"https:\/\/www.kedali.com\/wp-content\/uploads\/2026\/02\/soap-dish-wholesale-5.webp\" alt=\"saboneteiras por atacado (5)\" class=\"wp-image-2171\" srcset=\"https:\/\/www.kedali.com\/wp-content\/uploads\/2026\/02\/soap-dish-wholesale-5.webp 800w, https:\/\/www.kedali.com\/wp-content\/uploads\/2026\/02\/soap-dish-wholesale-5-300x300.webp 300w, https:\/\/www.kedali.com\/wp-content\/uploads\/2026\/02\/soap-dish-wholesale-5-150x150.webp 150w, https:\/\/www.kedali.com\/wp-content\/uploads\/2026\/02\/soap-dish-wholesale-5-768x768.webp 768w, https:\/\/www.kedali.com\/wp-content\/uploads\/2026\/02\/soap-dish-wholesale-5-12x12.webp 12w, https:\/\/www.kedali.com\/wp-content\/uploads\/2026\/02\/soap-dish-wholesale-5-600x600.webp 600w, https:\/\/www.kedali.com\/wp-content\/uploads\/2026\/02\/soap-dish-wholesale-5-100x100.webp 100w\" sizes=\"(max-width: 800px) 100vw, 800px\" \/><\/figure>\n<\/div>\n<\/div>","protected":false},"excerpt":{"rendered":"<p>Somos uma empresa profissional <a href=\"https:\/\/www.kedali.com\/pt\/categoria-produto\/wholesale-ceramic-bathroom-accessories\/wholesale-ceramic-soap-dishes\/\" target=\"_blank\" rel=\"noopener\"><strong>fabricante de saboneteiras<\/strong><\/a>, A marca de saboneteiras de cer\u00e2mica de luxo em forma de mini banheira, que combina elegantes detalhes dourados com o design cl\u00e1ssico de p\u00e9s de garra. Cada pe\u00e7a serve tanto como um suporte de sabonete funcional como um acento decorativo. Com um controlo de qualidade fi\u00e1vel e um design elegante, estas saboneteiras s\u00e3o uma escolha popular para melhorar a est\u00e9tica da casa de banho e acrescentar um toque de luxo topo de gama.<\/p>\n<h2>Especifica\u00e7\u00f5es de Saboneteiras em cer\u00e2mica<\/h2>\n<table width=\"235\">\n<tbody>\n<tr>\n<td width=\"69\">Marca<\/td>\n<td width=\"166\">KDL<\/td>\n<\/tr>\n<tr>\n<td width=\"69\">Modelo<\/td>\n<td width=\"166\">BS247-5.5JFG<\/td>\n<\/tr>\n<tr>\n<td width=\"69\">Material<\/td>\n<td width=\"166\">cer\u00e2mica<\/td>\n<\/tr>\n<tr>\n<td width=\"69\">cor<\/td>\n<td width=\"166\">como mostra a imagem<\/td>\n<\/tr>\n<tr>\n<td width=\"69\">Aplica\u00e7\u00e3o<\/td>\n<td width=\"166\">saboneteira<\/td>\n<\/tr>\n<tr>\n<td width=\"69\">Carater\u00edstica<\/td>\n<td width=\"166\">galvanoplastia<\/td>\n<\/tr>\n<tr>\n<td width=\"69\">Dimens\u00f5es<\/td>\n<td width=\"166\">14,2\u00d77,7\u00d77,7cm<\/td>\n<\/tr>\n<tr>\n<td width=\"69\">Peso bruto (kg)<\/td>\n<td width=\"166\">0,3\/unidade<\/td>\n<\/tr>\n<tr>\n<td width=\"69\">Quantidade m\u00ednima de encomenda<\/td>\n<td width=\"166\">800 conjuntos<\/td>\n<\/tr>\n<\/tbody>\n<\/table>\n<p>&nbsp;<\/p>\n<p>\n<script src=\"chrome-extension:\/\/fpelahbljekknahkcaegamhcndkfpfnc\/iFrame.js\" type=\"text\/javascript\"><\/script><\/p>","protected":false},"featured_media":2167,"comment_status":"closed","ping_status":"closed","template":"","meta":{"_acf_changed":false},"product_brand":[],"product_cat":[17,33],"product_tag":[],"class_list":{"0":"post-2165","1":"product","2":"type-product","3":"status-publish","4":"has-post-thumbnail","6":"product_cat-wholesale-ceramic-bathroom-accessories","7":"product_cat-wholesale-ceramic-soap-dishes","9":"first","10":"instock","11":"shipping-taxable","12":"product-type-simple"},"acf":[],"_links":{"self":[{"href":"https:\/\/www.kedali.com\/pt\/wp-json\/wp\/v2\/product\/2165","targetHints":{"allow":["GET"]}}],"collection":[{"href":"https:\/\/www.kedali.com\/pt\/wp-json\/wp\/v2\/product"}],"about":[{"href":"https:\/\/www.kedali.com\/pt\/wp-json\/wp\/v2\/types\/product"}],"replies":[{"embeddable":true,"href":"https:\/\/www.kedali.com\/pt\/wp-json\/wp\/v2\/comments?post=2165"}],"wp:featuredmedia":[{"embeddable":true,"href":"https:\/\/www.kedali.com\/pt\/wp-json\/wp\/v2\/media\/2167"}],"wp:attachment":[{"href":"https:\/\/www.kedali.com\/pt\/wp-json\/wp\/v2\/media?parent=2165"}],"wp:term":[{"taxonomy":"product_brand","embeddable":true,"href":"https:\/\/www.kedali.com\/pt\/wp-json\/wp\/v2\/product_brand?post=2165"},{"taxonomy":"product_cat","embeddable":true,"href":"https:\/\/www.kedali.com\/pt\/wp-json\/wp\/v2\/product_cat?post=2165"},{"taxonomy":"product_tag","embeddable":true,"href":"https:\/\/www.kedali.com\/pt\/wp-json\/wp\/v2\/product_tag?post=2165"}],"curies":[{"name":"wp","href":"https:\/\/api.w.org\/{rel}","templated":true}]}}