{"id":2172,"date":"2026-02-24T08:29:02","date_gmt":"2026-02-24T08:29:02","guid":{"rendered":"https:\/\/www.kedali.com\/?post_type=product&#038;p=2172"},"modified":"2026-02-24T09:19:51","modified_gmt":"2026-02-24T09:19:51","slug":"colorful-bathtub-soap-dish-bulk-supply","status":"publish","type":"product","link":"https:\/\/www.kedali.com\/pt\/produto\/colorful-bathtub-soap-dish-bulk-supply\/","title":{"rendered":"Saboneteira colorida para banheira Fornecimento a granel - Fornecedor de saboneteiras em cer\u00e2mica"},"content":{"rendered":"<div class=\"wp-block-columns is-layout-flex wp-container-core-columns-is-layout-9d6595d7 wp-block-columns-is-layout-flex\">\n<div class=\"wp-block-column is-layout-flow wp-block-column-is-layout-flow\">\n<h3 class=\"wp-block-heading\">Carater\u00edsticas das saboneteiras de banheira<\/h3>\n\n\n\n<ul class=\"wp-block-list\">\n<li><strong>Forma \u00fanica da banheira:<\/strong> As nossas saboneteiras para venda a granel apresentam um design encantador inspirado na banheira que melhora o aspeto visual, mantendo o sabonete bem guardado, tornando-as um acess\u00f3rio elegante e pr\u00e1tico para casas de banho dom\u00e9sticas e de hotel.<\/li>\n\n\n\n<li><strong>Designs vibrantes e atractivos:<\/strong> As nossas saboneteiras a granel est\u00e3o dispon\u00edveis numa variedade de cores para combinar facilmente com diferentes decora\u00e7\u00f5es de casa de banho. Adequadas para venda a retalho ou como conjuntos de oferta.<\/li>\n\n\n\n<li><strong>Material cer\u00e2mico duradouro: <\/strong>Estas saboneteiras s\u00e3o feitas de cer\u00e2mica de alta qualidade, o que as torna robustas, dur\u00e1veis e resistentes a rachas e descama\u00e7\u00e3o. Podem suportar a utiliza\u00e7\u00e3o di\u00e1ria em casas movimentadas, hot\u00e9is ou spas.<\/li>\n\n\n\n<li><strong>Pre\u00e7os competitivos por grosso: <\/strong>Como fabricante de saboneteiras, as nossas saboneteiras de cer\u00e2mica est\u00e3o dispon\u00edveis em grandes quantidades a pre\u00e7os competitivos, tornando-as ideais para hot\u00e9is, retalhistas e lojas online.<\/li>\n<\/ul>\n\n\n\n<h3 class=\"wp-block-heading\">Servi\u00e7o personalizado<\/h3>\n\n\n\n<ul class=\"wp-block-list\">\n<li>Suporte OEM e ODM<\/li>\n\n\n\n<li>Entrega r\u00e1pida de amostras.<\/li>\n\n\n\n<li>Fornecer forma personalizada do produto, cor, padr\u00e3o, embalagem e outros servi\u00e7os personalizados.<\/li>\n<\/ul>\n<\/div>\n\n\n\n<div class=\"wp-block-column is-layout-flow wp-block-column-is-layout-flow\">\n<figure class=\"wp-block-image size-full\"><img decoding=\"async\" width=\"800\" height=\"800\" src=\"https:\/\/www.kedali.com\/wp-content\/uploads\/2026\/02\/bathtub-soap-dish-bulk\u200b-supply-3.webp\" alt=\"saboneteira para banheira fornecimento a granel (3)\" class=\"wp-image-2175\" srcset=\"https:\/\/www.kedali.com\/wp-content\/uploads\/2026\/02\/bathtub-soap-dish-bulk\u200b-supply-3.webp 800w, https:\/\/www.kedali.com\/wp-content\/uploads\/2026\/02\/bathtub-soap-dish-bulk\u200b-supply-3-300x300.webp 300w, https:\/\/www.kedali.com\/wp-content\/uploads\/2026\/02\/bathtub-soap-dish-bulk\u200b-supply-3-150x150.webp 150w, https:\/\/www.kedali.com\/wp-content\/uploads\/2026\/02\/bathtub-soap-dish-bulk\u200b-supply-3-768x768.webp 768w, https:\/\/www.kedali.com\/wp-content\/uploads\/2026\/02\/bathtub-soap-dish-bulk\u200b-supply-3-12x12.webp 12w, https:\/\/www.kedali.com\/wp-content\/uploads\/2026\/02\/bathtub-soap-dish-bulk\u200b-supply-3-600x600.webp 600w, https:\/\/www.kedali.com\/wp-content\/uploads\/2026\/02\/bathtub-soap-dish-bulk\u200b-supply-3-100x100.webp 100w\" sizes=\"(max-width: 800px) 100vw, 800px\" \/><\/figure>\n<\/div>\n<\/div>\n\n\n\n<div class=\"wp-block-columns is-layout-flex wp-container-core-columns-is-layout-9d6595d7 wp-block-columns-is-layout-flex\">\n<div class=\"wp-block-column is-layout-flow wp-block-column-is-layout-flow\">\n<figure class=\"wp-block-image size-full\"><img decoding=\"async\" width=\"800\" height=\"800\" src=\"https:\/\/www.kedali.com\/wp-content\/uploads\/2026\/02\/bathtub-soap-dish-bulk-supply-1.webp\" alt=\"saboneteira para banheira fornecimento a granel (1)\" class=\"wp-image-2173\" srcset=\"https:\/\/www.kedali.com\/wp-content\/uploads\/2026\/02\/bathtub-soap-dish-bulk\u200b-supply-1.webp 800w, https:\/\/www.kedali.com\/wp-content\/uploads\/2026\/02\/bathtub-soap-dish-bulk\u200b-supply-1-300x300.webp 300w, https:\/\/www.kedali.com\/wp-content\/uploads\/2026\/02\/bathtub-soap-dish-bulk\u200b-supply-1-150x150.webp 150w, https:\/\/www.kedali.com\/wp-content\/uploads\/2026\/02\/bathtub-soap-dish-bulk\u200b-supply-1-768x768.webp 768w, https:\/\/www.kedali.com\/wp-content\/uploads\/2026\/02\/bathtub-soap-dish-bulk\u200b-supply-1-12x12.webp 12w, https:\/\/www.kedali.com\/wp-content\/uploads\/2026\/02\/bathtub-soap-dish-bulk\u200b-supply-1-600x600.webp 600w, https:\/\/www.kedali.com\/wp-content\/uploads\/2026\/02\/bathtub-soap-dish-bulk\u200b-supply-1-100x100.webp 100w\" sizes=\"(max-width: 800px) 100vw, 800px\" \/><\/figure>\n<\/div>\n\n\n\n<div class=\"wp-block-column is-layout-flow wp-block-column-is-layout-flow\">\n<figure class=\"wp-block-image size-full\"><img decoding=\"async\" width=\"800\" height=\"800\" src=\"https:\/\/www.kedali.com\/wp-content\/uploads\/2026\/02\/bathtub-soap-dish-bulk\u200b-supply-2.webp\" alt=\"saboneteira para banheira fornecimento a granel (2)\" class=\"wp-image-2174\" srcset=\"https:\/\/www.kedali.com\/wp-content\/uploads\/2026\/02\/bathtub-soap-dish-bulk\u200b-supply-2.webp 800w, https:\/\/www.kedali.com\/wp-content\/uploads\/2026\/02\/bathtub-soap-dish-bulk\u200b-supply-2-300x300.webp 300w, https:\/\/www.kedali.com\/wp-content\/uploads\/2026\/02\/bathtub-soap-dish-bulk\u200b-supply-2-150x150.webp 150w, https:\/\/www.kedali.com\/wp-content\/uploads\/2026\/02\/bathtub-soap-dish-bulk\u200b-supply-2-768x768.webp 768w, https:\/\/www.kedali.com\/wp-content\/uploads\/2026\/02\/bathtub-soap-dish-bulk\u200b-supply-2-12x12.webp 12w, https:\/\/www.kedali.com\/wp-content\/uploads\/2026\/02\/bathtub-soap-dish-bulk\u200b-supply-2-600x600.webp 600w, https:\/\/www.kedali.com\/wp-content\/uploads\/2026\/02\/bathtub-soap-dish-bulk\u200b-supply-2-100x100.webp 100w\" sizes=\"(max-width: 800px) 100vw, 800px\" \/><\/figure>\n<\/div>\n<\/div>\n\n\n\n<p><\/p>","protected":false},"excerpt":{"rendered":"<p>As nossas saboneteiras de cer\u00e2mica a granel apresentam uma forma \u00fanica inspirada na banheira, cores vibrantes e material dur\u00e1vel. Concebidas para manter o sab\u00e3o seco, s\u00e3o f\u00e1ceis de limpar e ideais para hot\u00e9is, casas e spas. Personaliza\u00e7\u00e3o OEM\/ODM dispon\u00edvel.<\/p>\n<h2>Especifica\u00e7\u00f5es do Saboneteira para banheira<\/h2>\n<table width=\"235\">\n<tbody>\n<tr>\n<td width=\"69\">Marca<\/td>\n<td width=\"166\">KDL<\/td>\n<\/tr>\n<tr>\n<td width=\"69\">Modelo<\/td>\n<td width=\"166\">BS247-5.5-K889<\/td>\n<\/tr>\n<tr>\n<td width=\"69\">Material<\/td>\n<td width=\"166\">cer\u00e2mica<\/td>\n<\/tr>\n<tr>\n<td width=\"69\">cor<\/td>\n<td width=\"166\">branco\/preto\/azul\/rosa\/laranja\/verde<\/td>\n<\/tr>\n<tr>\n<td width=\"69\">Aplica\u00e7\u00e3o<\/td>\n<td width=\"166\">saboneteira<\/td>\n<\/tr>\n<tr>\n<td width=\"69\">Carater\u00edstica<\/td>\n<td width=\"166\">decalque<\/td>\n<\/tr>\n<tr>\n<td width=\"69\">Dimens\u00f5es<\/td>\n<td width=\"166\">14,2\u00d77,7\u00d77,7cm<\/td>\n<\/tr>\n<tr>\n<td width=\"69\">Peso bruto (kg)<\/td>\n<td width=\"166\">0,3\/unidade<\/td>\n<\/tr>\n<tr>\n<td width=\"69\">Quantidade m\u00ednima de encomenda<\/td>\n<td width=\"166\">800 conjuntos<\/td>\n<\/tr>\n<\/tbody>\n<\/table>\n<p>&nbsp;<\/p>\n<p>\n<script src=\"chrome-extension:\/\/fpelahbljekknahkcaegamhcndkfpfnc\/iFrame.js\" type=\"text\/javascript\"><\/script><\/p>","protected":false},"featured_media":2173,"comment_status":"closed","ping_status":"closed","template":"","meta":{"_acf_changed":false},"product_brand":[],"product_cat":[17,33],"product_tag":[],"class_list":{"0":"post-2172","1":"product","2":"type-product","3":"status-publish","4":"has-post-thumbnail","6":"product_cat-wholesale-ceramic-bathroom-accessories","7":"product_cat-wholesale-ceramic-soap-dishes","9":"first","10":"instock","11":"shipping-taxable","12":"product-type-simple"},"acf":[],"_links":{"self":[{"href":"https:\/\/www.kedali.com\/pt\/wp-json\/wp\/v2\/product\/2172","targetHints":{"allow":["GET"]}}],"collection":[{"href":"https:\/\/www.kedali.com\/pt\/wp-json\/wp\/v2\/product"}],"about":[{"href":"https:\/\/www.kedali.com\/pt\/wp-json\/wp\/v2\/types\/product"}],"replies":[{"embeddable":true,"href":"https:\/\/www.kedali.com\/pt\/wp-json\/wp\/v2\/comments?post=2172"}],"wp:featuredmedia":[{"embeddable":true,"href":"https:\/\/www.kedali.com\/pt\/wp-json\/wp\/v2\/media\/2173"}],"wp:attachment":[{"href":"https:\/\/www.kedali.com\/pt\/wp-json\/wp\/v2\/media?parent=2172"}],"wp:term":[{"taxonomy":"product_brand","embeddable":true,"href":"https:\/\/www.kedali.com\/pt\/wp-json\/wp\/v2\/product_brand?post=2172"},{"taxonomy":"product_cat","embeddable":true,"href":"https:\/\/www.kedali.com\/pt\/wp-json\/wp\/v2\/product_cat?post=2172"},{"taxonomy":"product_tag","embeddable":true,"href":"https:\/\/www.kedali.com\/pt\/wp-json\/wp\/v2\/product_tag?post=2172"}],"curies":[{"name":"wp","href":"https:\/\/api.w.org\/{rel}","templated":true}]}}