{"id":2178,"date":"2026-02-24T08:51:20","date_gmt":"2026-02-24T08:51:20","guid":{"rendered":"https:\/\/www.kedali.com\/?post_type=product&#038;p=2178"},"modified":"2026-02-24T09:17:12","modified_gmt":"2026-02-24T09:17:12","slug":"wholesale-bathtub-shaped-soap-dishes","status":"publish","type":"product","link":"https:\/\/www.kedali.com\/pt\/produto\/wholesale-bathtub-shaped-soap-dishes\/","title":{"rendered":"Saboneteira de cer\u00e2mica para banheira a granel, saboneteira em forma de banheira por atacado"},"content":{"rendered":"<div class=\"wp-block-columns is-layout-flex wp-container-core-columns-is-layout-9d6595d7 wp-block-columns-is-layout-flex\">\n<div class=\"wp-block-column is-layout-flow wp-block-column-is-layout-flow\">\n<h3 class=\"wp-block-heading\">Carater\u00edsticas das saboneteiras para banheira em cer\u00e2mica<\/h3>\n\n\n\n<ul class=\"wp-block-list\">\n<li><strong>Design exclusivo da banheira: <\/strong>Esta saboneteira tem um design em forma de banheira, o que a distingue das saboneteiras comuns e melhora a est\u00e9tica geral de qualquer espa\u00e7o.<\/li>\n\n\n\n<li><strong>Pormenores elegantes: <\/strong>As saboneteiras por grosso s\u00e3o adornadas com belos padr\u00f5es florais, apresentando um artesanato requintado e aten\u00e7\u00e3o aos detalhes, combinando perfeitamente com v\u00e1rios estilos de casa de banho.<\/li>\n\n\n\n<li><strong>Suporte de sab\u00e3o funcional:<\/strong> As nossas saboneteiras por atacado apresentam um design em relevo com perfura\u00e7\u00f5es internas para manter o sab\u00e3o elevado e seco, evitando que se encharque e manche as bancadas.<\/li>\n\n\n\n<li><strong>F\u00e1cil de limpar e manter:<\/strong> A superf\u00edcie lisa e vidrada da cer\u00e2mica facilita a limpeza. Basta enxaguar com \u00e1gua ou passar um pano h\u00famido para remover os res\u00edduos de sab\u00e3o, tornando-o pr\u00e1tico para utiliza\u00e7\u00e3o di\u00e1ria, mantendo um acabamento limpo e brilhante.<\/li>\n\n\n\n<li><strong>A granel e por grosso:<\/strong> As nossas saboneteiras s\u00e3o vendidas a pre\u00e7os de f\u00e1brica competitivos, o que as torna ideais para retalhistas, lojas de presentes, hot\u00e9is e organizadores de eventos, e perfeitas como complemento da sua linha de produtos.<\/li>\n<\/ul>\n\n\n\n<h3 class=\"wp-block-heading\">Servi\u00e7o personalizado<\/h3>\n\n\n\n<ul class=\"wp-block-list\">\n<li>Suporte OEM e ODM<\/li>\n\n\n\n<li>Entrega r\u00e1pida de amostras.<\/li>\n\n\n\n<li>Fornecer forma personalizada do produto, cor, padr\u00e3o, embalagem e outros servi\u00e7os personalizados.<\/li>\n<\/ul>\n<\/div>\n\n\n\n<div class=\"wp-block-column is-layout-flow wp-block-column-is-layout-flow\">\n<figure class=\"wp-block-image size-full\"><img decoding=\"async\" width=\"750\" height=\"750\" src=\"https:\/\/www.kedali.com\/wp-content\/uploads\/2026\/02\/Bathtub-shaped-soap-dish-dimensions.webp\" alt=\"Dimens\u00f5es da saboneteira em forma de banheira\" class=\"wp-image-2179\" srcset=\"https:\/\/www.kedali.com\/wp-content\/uploads\/2026\/02\/Bathtub-shaped-soap-dish-dimensions.webp 750w, https:\/\/www.kedali.com\/wp-content\/uploads\/2026\/02\/Bathtub-shaped-soap-dish-dimensions-300x300.webp 300w, https:\/\/www.kedali.com\/wp-content\/uploads\/2026\/02\/Bathtub-shaped-soap-dish-dimensions-150x150.webp 150w, https:\/\/www.kedali.com\/wp-content\/uploads\/2026\/02\/Bathtub-shaped-soap-dish-dimensions-12x12.webp 12w, https:\/\/www.kedali.com\/wp-content\/uploads\/2026\/02\/Bathtub-shaped-soap-dish-dimensions-600x600.webp 600w, https:\/\/www.kedali.com\/wp-content\/uploads\/2026\/02\/Bathtub-shaped-soap-dish-dimensions-100x100.webp 100w\" sizes=\"(max-width: 750px) 100vw, 750px\" \/><\/figure>\n<\/div>\n<\/div>\n\n\n\n<div class=\"wp-block-columns is-layout-flex wp-container-core-columns-is-layout-9d6595d7 wp-block-columns-is-layout-flex\">\n<div class=\"wp-block-column is-layout-flow wp-block-column-is-layout-flow\"><\/div>\n\n\n\n<div class=\"wp-block-column is-layout-flow wp-block-column-is-layout-flow\"><\/div>\n<\/div>\n\n\n\n<div class=\"wp-block-columns is-layout-flex wp-container-core-columns-is-layout-9d6595d7 wp-block-columns-is-layout-flex\">\n<div class=\"wp-block-column is-layout-flow wp-block-column-is-layout-flow\">\n<figure class=\"wp-block-image size-full\"><img decoding=\"async\" width=\"800\" height=\"800\" src=\"https:\/\/www.kedali.com\/wp-content\/uploads\/2026\/02\/wholesale-bathtub-shaped-soap-dish-2.webp\" alt=\"saboneteira em forma de banheira por atacado (2)\" class=\"wp-image-2181\" srcset=\"https:\/\/www.kedali.com\/wp-content\/uploads\/2026\/02\/wholesale-bathtub-shaped-soap-dish-2.webp 800w, https:\/\/www.kedali.com\/wp-content\/uploads\/2026\/02\/wholesale-bathtub-shaped-soap-dish-2-300x300.webp 300w, https:\/\/www.kedali.com\/wp-content\/uploads\/2026\/02\/wholesale-bathtub-shaped-soap-dish-2-150x150.webp 150w, https:\/\/www.kedali.com\/wp-content\/uploads\/2026\/02\/wholesale-bathtub-shaped-soap-dish-2-768x768.webp 768w, https:\/\/www.kedali.com\/wp-content\/uploads\/2026\/02\/wholesale-bathtub-shaped-soap-dish-2-12x12.webp 12w, https:\/\/www.kedali.com\/wp-content\/uploads\/2026\/02\/wholesale-bathtub-shaped-soap-dish-2-600x600.webp 600w, https:\/\/www.kedali.com\/wp-content\/uploads\/2026\/02\/wholesale-bathtub-shaped-soap-dish-2-100x100.webp 100w\" sizes=\"(max-width: 800px) 100vw, 800px\" \/><\/figure>\n<\/div>\n\n\n\n<div class=\"wp-block-column is-layout-flow wp-block-column-is-layout-flow\">\n<figure class=\"wp-block-image size-full\"><img decoding=\"async\" width=\"800\" height=\"800\" src=\"https:\/\/www.kedali.com\/wp-content\/uploads\/2026\/02\/wholesale-bathtub-shaped-soap-dish-4.webp\" alt=\"saboneteira em forma de banheira por atacado (4)\" class=\"wp-image-2183\" srcset=\"https:\/\/www.kedali.com\/wp-content\/uploads\/2026\/02\/wholesale-bathtub-shaped-soap-dish-4.webp 800w, https:\/\/www.kedali.com\/wp-content\/uploads\/2026\/02\/wholesale-bathtub-shaped-soap-dish-4-300x300.webp 300w, https:\/\/www.kedali.com\/wp-content\/uploads\/2026\/02\/wholesale-bathtub-shaped-soap-dish-4-150x150.webp 150w, https:\/\/www.kedali.com\/wp-content\/uploads\/2026\/02\/wholesale-bathtub-shaped-soap-dish-4-768x768.webp 768w, https:\/\/www.kedali.com\/wp-content\/uploads\/2026\/02\/wholesale-bathtub-shaped-soap-dish-4-12x12.webp 12w, https:\/\/www.kedali.com\/wp-content\/uploads\/2026\/02\/wholesale-bathtub-shaped-soap-dish-4-600x600.webp 600w, https:\/\/www.kedali.com\/wp-content\/uploads\/2026\/02\/wholesale-bathtub-shaped-soap-dish-4-100x100.webp 100w\" sizes=\"(max-width: 800px) 100vw, 800px\" \/><\/figure>\n<\/div>\n<\/div>","protected":false},"excerpt":{"rendered":"<p data-pm-slice=\"0 0 []\">Saboneteiras de cer\u00e2mica para banheira por grosso. Esta saboneteira em forma de banheira \u00e9 multifuncional, perfeita para guardar sabonetes, pequenas bugigangas ou pormenores decorativos. Ideal como um presente atencioso para a decora\u00e7\u00e3o da casa ou da casa de banho. Como uma f\u00e1brica de saboneteiras de cer\u00e2mica, fornecemos produtos de alta qualidade a pre\u00e7os competitivos no atacado.<\/p>\n<h2>Especifica\u00e7\u00f5es de Saboneteiras de cer\u00e2mica para banheira<\/h2>\n<table width=\"235\">\n<tbody>\n<tr>\n<td width=\"69\">Marca<\/td>\n<td width=\"166\">KDL<\/td>\n<\/tr>\n<tr>\n<td width=\"69\">Modelo<\/td>\n<td width=\"166\">BS247-5.5<\/td>\n<\/tr>\n<tr>\n<td width=\"69\">Material<\/td>\n<td width=\"166\">cer\u00e2mica<\/td>\n<\/tr>\n<tr>\n<td width=\"69\">cor<\/td>\n<td width=\"166\">branco<\/td>\n<\/tr>\n<tr>\n<td width=\"69\">Aplica\u00e7\u00e3o<\/td>\n<td width=\"166\">saboneteira<\/td>\n<\/tr>\n<tr>\n<td width=\"69\">Carater\u00edstica<\/td>\n<td width=\"166\">decalque<\/td>\n<\/tr>\n<tr>\n<td width=\"69\">Dimens\u00f5es<\/td>\n<td width=\"166\">14,2\u00d77,7\u00d77,7cm<\/td>\n<\/tr>\n<tr>\n<td width=\"69\">Peso bruto (kg)<\/td>\n<td width=\"166\">0,3 kg\/unidade<\/td>\n<\/tr>\n<tr>\n<td width=\"69\">Quantidade m\u00ednima de encomenda<\/td>\n<td width=\"166\">800 conjuntos<\/td>\n<\/tr>\n<\/tbody>\n<\/table>\n<p>&nbsp;<\/p>\n<p>&nbsp;<\/p>\n<p>&nbsp;<\/p>\n<p>\n<script src=\"chrome-extension:\/\/fpelahbljekknahkcaegamhcndkfpfnc\/iFrame.js\" type=\"text\/javascript\"><\/script><\/p>","protected":false},"featured_media":2181,"comment_status":"closed","ping_status":"closed","template":"","meta":{"_acf_changed":false},"product_brand":[],"product_cat":[17,33],"product_tag":[],"class_list":{"0":"post-2178","1":"product","2":"type-product","3":"status-publish","4":"has-post-thumbnail","6":"product_cat-wholesale-ceramic-bathroom-accessories","7":"product_cat-wholesale-ceramic-soap-dishes","9":"first","10":"instock","11":"shipping-taxable","12":"product-type-simple"},"acf":[],"_links":{"self":[{"href":"https:\/\/www.kedali.com\/pt\/wp-json\/wp\/v2\/product\/2178","targetHints":{"allow":["GET"]}}],"collection":[{"href":"https:\/\/www.kedali.com\/pt\/wp-json\/wp\/v2\/product"}],"about":[{"href":"https:\/\/www.kedali.com\/pt\/wp-json\/wp\/v2\/types\/product"}],"replies":[{"embeddable":true,"href":"https:\/\/www.kedali.com\/pt\/wp-json\/wp\/v2\/comments?post=2178"}],"wp:featuredmedia":[{"embeddable":true,"href":"https:\/\/www.kedali.com\/pt\/wp-json\/wp\/v2\/media\/2181"}],"wp:attachment":[{"href":"https:\/\/www.kedali.com\/pt\/wp-json\/wp\/v2\/media?parent=2178"}],"wp:term":[{"taxonomy":"product_brand","embeddable":true,"href":"https:\/\/www.kedali.com\/pt\/wp-json\/wp\/v2\/product_brand?post=2178"},{"taxonomy":"product_cat","embeddable":true,"href":"https:\/\/www.kedali.com\/pt\/wp-json\/wp\/v2\/product_cat?post=2178"},{"taxonomy":"product_tag","embeddable":true,"href":"https:\/\/www.kedali.com\/pt\/wp-json\/wp\/v2\/product_tag?post=2178"}],"curies":[{"name":"wp","href":"https:\/\/api.w.org\/{rel}","templated":true}]}}