{"id":2469,"date":"2026-03-28T08:25:14","date_gmt":"2026-03-28T08:25:14","guid":{"rendered":"https:\/\/www.kedali.com\/?post_type=product&#038;p=2469"},"modified":"2026-04-02T03:41:02","modified_gmt":"2026-04-02T03:41:02","slug":"wholesale-playful-and-fun-ceramic-mugs","status":"publish","type":"product","link":"https:\/\/www.kedali.com\/pt\/produto\/wholesale-playful-and-fun-ceramic-mugs\/","title":{"rendered":"Wholesale Playful and Fun Ceramic Mugs in Various Colors \u2013 Functional Drinkware &amp; Home D\u00e9cor Accent"},"content":{"rendered":"<div class=\"wp-block-columns is-layout-flex wp-container-core-columns-is-layout-9d6595d7 wp-block-columns-is-layout-flex\">\n<div class=\"wp-block-column is-layout-flow wp-block-column-is-layout-flow\">\n<h3 class=\"wp-block-heading\">Carater\u00edsticas das canecas de cer\u00e2mica<\/h3>\n\n\n\n<ul class=\"wp-block-list\">\n<li><strong>Enhance the decorative appeal of your space: <\/strong>The ceramic mugs, with their vibrant colors and creative designs, can easily elevate coffee tables, kitchen countertops, or open display cabinets, enhancing the aesthetics of your interior d\u00e9cor.<\/li>\n\n\n\n<li><strong>Color Variety for Styling Flexibility: <\/strong>Available in a wide range of colors, these ceramic mugs make it easy to match different interior themes or seasonal d\u00e9cor.<\/li>\n\n\n\n<li><strong>Ideal for Display &amp; Gifting: <\/strong>Thanks to their fun and artistic look, these mugs are perfect for gift shops, lifestyle stores, and home d\u00e9cor retailers.<\/li>\n\n\n\n<li><strong>Functional Meets Aesthetic: <\/strong>Despite their decorative appeal, these mugs are fully practical for everyday use. The ergonomically designed handles ensure a comfortable grip, making them suitable for daily beverages while maintaining their stylish look.<\/li>\n\n\n\n<li><strong>Non-Toxic &amp; FDA-Compliant for Safe Use: <\/strong>Made from high-quality, food-safe materials, these ceramic mugs are non-toxic and meet FDA standards.<\/li>\n\n\n\n<li><strong>Factory Prices for B2B buyers<\/strong>: Offered at competitive wholesale pricing, these ceramic mugs are ideal for bulk purchasing. They provide excellent resale potential for retailers looking to expand their home d\u00e9cor or giftware collections.<\/li>\n<\/ul>\n\n\n\n<h3 class=\"wp-block-heading\">Servi\u00e7o personalizado<\/h3>\n\n\n\n<ul class=\"wp-block-list\">\n<li>Suporte OEM e ODM<\/li>\n\n\n\n<li>Entrega r\u00e1pida de amostras.<\/li>\n\n\n\n<li>Fornecer forma personalizada do produto, cor, padr\u00e3o, embalagem e outros servi\u00e7os personalizados.<\/li>\n<\/ul>\n<\/div>\n\n\n\n<div class=\"wp-block-column is-layout-flow wp-block-column-is-layout-flow\">\n<figure class=\"wp-block-image size-full\"><img decoding=\"async\" width=\"800\" height=\"800\" src=\"https:\/\/www.kedali.com\/wp-content\/uploads\/2026\/03\/TBS1718-5SG-7.webp\" alt=\"\" class=\"wp-image-2476\" srcset=\"https:\/\/www.kedali.com\/wp-content\/uploads\/2026\/03\/TBS1718-5SG-7.webp 800w, https:\/\/www.kedali.com\/wp-content\/uploads\/2026\/03\/TBS1718-5SG-7-300x300.webp 300w, https:\/\/www.kedali.com\/wp-content\/uploads\/2026\/03\/TBS1718-5SG-7-150x150.webp 150w, https:\/\/www.kedali.com\/wp-content\/uploads\/2026\/03\/TBS1718-5SG-7-768x768.webp 768w, https:\/\/www.kedali.com\/wp-content\/uploads\/2026\/03\/TBS1718-5SG-7-12x12.webp 12w, https:\/\/www.kedali.com\/wp-content\/uploads\/2026\/03\/TBS1718-5SG-7-600x600.webp 600w, https:\/\/www.kedali.com\/wp-content\/uploads\/2026\/03\/TBS1718-5SG-7-100x100.webp 100w\" sizes=\"(max-width: 800px) 100vw, 800px\" \/><\/figure>\n<\/div>\n<\/div>\n\n\n\n<div class=\"wp-block-columns is-layout-flex wp-container-core-columns-is-layout-9d6595d7 wp-block-columns-is-layout-flex\">\n<div class=\"wp-block-column is-layout-flow wp-block-column-is-layout-flow\">\n<figure class=\"wp-block-image size-full\"><img decoding=\"async\" width=\"800\" height=\"800\" src=\"https:\/\/www.kedali.com\/wp-content\/uploads\/2026\/03\/TBS1718-5SG-2.webp\" alt=\"\" class=\"wp-image-2471\" srcset=\"https:\/\/www.kedali.com\/wp-content\/uploads\/2026\/03\/TBS1718-5SG-2.webp 800w, https:\/\/www.kedali.com\/wp-content\/uploads\/2026\/03\/TBS1718-5SG-2-300x300.webp 300w, https:\/\/www.kedali.com\/wp-content\/uploads\/2026\/03\/TBS1718-5SG-2-150x150.webp 150w, https:\/\/www.kedali.com\/wp-content\/uploads\/2026\/03\/TBS1718-5SG-2-768x768.webp 768w, https:\/\/www.kedali.com\/wp-content\/uploads\/2026\/03\/TBS1718-5SG-2-12x12.webp 12w, https:\/\/www.kedali.com\/wp-content\/uploads\/2026\/03\/TBS1718-5SG-2-600x600.webp 600w, https:\/\/www.kedali.com\/wp-content\/uploads\/2026\/03\/TBS1718-5SG-2-100x100.webp 100w\" sizes=\"(max-width: 800px) 100vw, 800px\" \/><\/figure>\n<\/div>\n\n\n\n<div class=\"wp-block-column is-layout-flow wp-block-column-is-layout-flow\">\n<figure class=\"wp-block-image size-full\"><img decoding=\"async\" width=\"800\" height=\"800\" src=\"https:\/\/www.kedali.com\/wp-content\/uploads\/2026\/03\/TBS1718-5SG-4.webp\" alt=\"\" class=\"wp-image-2473\" srcset=\"https:\/\/www.kedali.com\/wp-content\/uploads\/2026\/03\/TBS1718-5SG-4.webp 800w, https:\/\/www.kedali.com\/wp-content\/uploads\/2026\/03\/TBS1718-5SG-4-300x300.webp 300w, https:\/\/www.kedali.com\/wp-content\/uploads\/2026\/03\/TBS1718-5SG-4-150x150.webp 150w, https:\/\/www.kedali.com\/wp-content\/uploads\/2026\/03\/TBS1718-5SG-4-768x768.webp 768w, https:\/\/www.kedali.com\/wp-content\/uploads\/2026\/03\/TBS1718-5SG-4-12x12.webp 12w, https:\/\/www.kedali.com\/wp-content\/uploads\/2026\/03\/TBS1718-5SG-4-600x600.webp 600w, https:\/\/www.kedali.com\/wp-content\/uploads\/2026\/03\/TBS1718-5SG-4-100x100.webp 100w\" sizes=\"(max-width: 800px) 100vw, 800px\" \/><\/figure>\n<\/div>\n<\/div>\n\n\n\n<div class=\"wp-block-columns is-layout-flex wp-container-core-columns-is-layout-9d6595d7 wp-block-columns-is-layout-flex\">\n<div class=\"wp-block-column is-layout-flow wp-block-column-is-layout-flow\">\n<figure class=\"wp-block-image size-full\"><img decoding=\"async\" width=\"800\" height=\"800\" src=\"https:\/\/www.kedali.com\/wp-content\/uploads\/2026\/03\/TBS1718-5SG-4.webp\" alt=\"\" class=\"wp-image-2473\" srcset=\"https:\/\/www.kedali.com\/wp-content\/uploads\/2026\/03\/TBS1718-5SG-4.webp 800w, https:\/\/www.kedali.com\/wp-content\/uploads\/2026\/03\/TBS1718-5SG-4-300x300.webp 300w, https:\/\/www.kedali.com\/wp-content\/uploads\/2026\/03\/TBS1718-5SG-4-150x150.webp 150w, https:\/\/www.kedali.com\/wp-content\/uploads\/2026\/03\/TBS1718-5SG-4-768x768.webp 768w, https:\/\/www.kedali.com\/wp-content\/uploads\/2026\/03\/TBS1718-5SG-4-12x12.webp 12w, https:\/\/www.kedali.com\/wp-content\/uploads\/2026\/03\/TBS1718-5SG-4-600x600.webp 600w, https:\/\/www.kedali.com\/wp-content\/uploads\/2026\/03\/TBS1718-5SG-4-100x100.webp 100w\" sizes=\"(max-width: 800px) 100vw, 800px\" \/><\/figure>\n<\/div>\n\n\n\n<div class=\"wp-block-column is-layout-flow wp-block-column-is-layout-flow\">\n<figure class=\"wp-block-image size-full\"><img decoding=\"async\" width=\"800\" height=\"800\" src=\"https:\/\/www.kedali.com\/wp-content\/uploads\/2026\/03\/TBS1718-5SG-6.webp\" alt=\"\" class=\"wp-image-2475\" srcset=\"https:\/\/www.kedali.com\/wp-content\/uploads\/2026\/03\/TBS1718-5SG-6.webp 800w, https:\/\/www.kedali.com\/wp-content\/uploads\/2026\/03\/TBS1718-5SG-6-300x300.webp 300w, https:\/\/www.kedali.com\/wp-content\/uploads\/2026\/03\/TBS1718-5SG-6-150x150.webp 150w, https:\/\/www.kedali.com\/wp-content\/uploads\/2026\/03\/TBS1718-5SG-6-768x768.webp 768w, https:\/\/www.kedali.com\/wp-content\/uploads\/2026\/03\/TBS1718-5SG-6-12x12.webp 12w, https:\/\/www.kedali.com\/wp-content\/uploads\/2026\/03\/TBS1718-5SG-6-600x600.webp 600w, https:\/\/www.kedali.com\/wp-content\/uploads\/2026\/03\/TBS1718-5SG-6-100x100.webp 100w\" sizes=\"(max-width: 800px) 100vw, 800px\" \/><\/figure>\n<\/div>\n<\/div>\n\n\n\n<p><\/p>","protected":false},"excerpt":{"rendered":"<p>Wholesale playful and fun ceramic mugs in various colors. These uniquely designed mugs, with bold colors and creative shapes, bring individuality into everyday life. They are not just beverages, but also expressive decorative items that reflect one&#8217;s personality.<\/p>\n<p>We welcome retailers, gift shops, and B2B buyers worldwide to contact us. As a ceramic mug manufacturer, we offer factory quotes and customization support.<\/p>\n<h2>Especifica\u00e7\u00f5es das canecas de cer\u00e2mica por atacado<\/h2>\n<table style=\"border-collapse: collapse; width: 272.27pt;\" border=\"0\" width=\"363\" cellspacing=\"0\" cellpadding=\"0\">\n<tbody>\n<tr style=\"height: 13.50pt;\">\n<td class=\"et2\" style=\"height: 13.50pt; width: 80.25pt;\" width=\"107\" height=\"18\">Marca<\/td>\n<td class=\"et2\" style=\"width: 192.00pt;\" width=\"256\">KDL<\/td>\n<\/tr>\n<tr style=\"height: 13.50pt;\">\n<td class=\"et2\" style=\"height: 13.50pt; width: 80.25pt;\" width=\"107\" height=\"18\">Modelo<\/td>\n<td class=\"et2\" style=\"width: 192.00pt;\" width=\"256\">TBS1718-5SG<\/td>\n<\/tr>\n<tr style=\"height: 13.50pt;\">\n<td class=\"et2\" style=\"height: 13.50pt; width: 80.25pt;\" width=\"107\" height=\"18\">Material<\/td>\n<td class=\"et2\" style=\"width: 192.00pt;\" width=\"256\">cer\u00e2mica<\/td>\n<\/tr>\n<tr style=\"height: 13.50pt;\">\n<td class=\"et2\" style=\"height: 13.50pt; width: 80.25pt;\" width=\"107\" height=\"18\">cor<\/td>\n<td class=\"et2\" style=\"width: 192.00pt;\" width=\"256\">Blue\/Orange\/Gray\/Purple<\/td>\n<\/tr>\n<tr style=\"height: 13.50pt;\">\n<td class=\"et2\" style=\"height: 13.50pt; width: 80.25pt;\" width=\"107\" height=\"18\">Aplica\u00e7\u00e3o<\/td>\n<td class=\"et2\" style=\"width: 192.00pt;\" width=\"256\">caneca de cer\u00e2mica<\/td>\n<\/tr>\n<tr style=\"height: 38.00pt;\">\n<td class=\"et2\" style=\"height: 38.00pt; width: 80.25pt;\" width=\"107\" height=\"50\">Dimens\u00f5es<\/td>\n<td class=\"et2\" style=\"width: 192.00pt;\" width=\"256\">13*8,7*10,4cm<\/td>\n<\/tr>\n<tr style=\"height: 27.00pt;\">\n<td class=\"et2\" style=\"height: 27.00pt; width: 80.25pt;\" width=\"107\" height=\"36\">Peso bruto (kg)<\/td>\n<td class=\"et2\" style=\"width: 192.00pt;\" width=\"256\">0.67kg<\/td>\n<\/tr>\n<tr style=\"height: 13.50pt;\">\n<td class=\"et2\" style=\"height: 13.50pt; width: 80.25pt;\" width=\"107\" height=\"18\">Carater\u00edstica<\/td>\n<td class=\"et2\" style=\"width: 192.00pt;\" width=\"256\">vidrado a cores<\/td>\n<\/tr>\n<tr style=\"height: 40.50pt;\">\n<td class=\"et2\" style=\"height: 40.50pt; width: 80.25pt;\" width=\"107\" height=\"54\">Quantidade m\u00ednima de encomenda<\/td>\n<td class=\"et2\" style=\"width: 192.00pt;\" width=\"256\">800sets<\/td>\n<\/tr>\n<\/tbody>\n<\/table>\n<p>&nbsp;<\/p>\n<p>&nbsp;<\/p>\n<p>\n<script src=\"chrome-extension:\/\/fpelahbljekknahkcaegamhcndkfpfnc\/iFrame.js\" type=\"text\/javascript\"><\/script><\/p>","protected":false},"featured_media":2470,"comment_status":"closed","ping_status":"closed","template":"","meta":{"_acf_changed":false},"product_brand":[],"product_cat":[21,59],"product_tag":[],"class_list":{"0":"post-2469","1":"product","2":"type-product","3":"status-publish","4":"has-post-thumbnail","6":"product_cat-wholesale-ceramic-mugs-and-cups","7":"product_cat-wholesale-ceramic-mugs","9":"first","10":"instock","11":"shipping-taxable","12":"product-type-simple"},"acf":[],"_links":{"self":[{"href":"https:\/\/www.kedali.com\/pt\/wp-json\/wp\/v2\/product\/2469","targetHints":{"allow":["GET"]}}],"collection":[{"href":"https:\/\/www.kedali.com\/pt\/wp-json\/wp\/v2\/product"}],"about":[{"href":"https:\/\/www.kedali.com\/pt\/wp-json\/wp\/v2\/types\/product"}],"replies":[{"embeddable":true,"href":"https:\/\/www.kedali.com\/pt\/wp-json\/wp\/v2\/comments?post=2469"}],"wp:featuredmedia":[{"embeddable":true,"href":"https:\/\/www.kedali.com\/pt\/wp-json\/wp\/v2\/media\/2470"}],"wp:attachment":[{"href":"https:\/\/www.kedali.com\/pt\/wp-json\/wp\/v2\/media?parent=2469"}],"wp:term":[{"taxonomy":"product_brand","embeddable":true,"href":"https:\/\/www.kedali.com\/pt\/wp-json\/wp\/v2\/product_brand?post=2469"},{"taxonomy":"product_cat","embeddable":true,"href":"https:\/\/www.kedali.com\/pt\/wp-json\/wp\/v2\/product_cat?post=2469"},{"taxonomy":"product_tag","embeddable":true,"href":"https:\/\/www.kedali.com\/pt\/wp-json\/wp\/v2\/product_tag?post=2469"}],"curies":[{"name":"wp","href":"https:\/\/api.w.org\/{rel}","templated":true}]}}