{"id":2552,"date":"2026-04-01T01:15:45","date_gmt":"2026-04-01T01:15:45","guid":{"rendered":"https:\/\/www.kedali.com\/?post_type=product&#038;p=2552"},"modified":"2026-04-01T01:15:47","modified_gmt":"2026-04-01T01:15:47","slug":"wholesale-ceramic-milk-cartons","status":"publish","type":"product","link":"https:\/\/www.kedali.com\/pt\/produto\/wholesale-ceramic-milk-cartons\/","title":{"rendered":"Caixas de leite de cer\u00e2mica por atacado, frasco de a\u00e7\u00facar - armazenamento pr\u00e1tico e recipientes decorativos elegantes"},"content":{"rendered":"<div class=\"wp-block-columns is-layout-flex wp-container-core-columns-is-layout-9d6595d7 wp-block-columns-is-layout-flex\">\n<div class=\"wp-block-column is-layout-flow wp-block-column-is-layout-flow\">\n<h3 class=\"wp-block-heading\">Carater\u00edsticas do Caixa de leite em cer\u00e2mica<\/h3>\n\n\n\n<ul class=\"wp-block-list\">\n<li><strong>Vibe retro: <\/strong>Este pacote de leite em cer\u00e2mica, com o seu acabamento cremoso, letras vermelhas arrojadas e carimbo \u201cAA\u201d, evoca o estilo americano dos anos 50 ou a est\u00e9tica de uma mercearia cl\u00e1ssica.<\/li>\n\n\n\n<li><strong>Decora\u00e7\u00e3o vers\u00e1til: <\/strong>Mais do que um pr\u00e1tico recipiente de arruma\u00e7\u00e3o, combina na perfei\u00e7\u00e3o com uma variedade de estilos populares de design de interiores, tornando-o perfeito para melhorar a decora\u00e7\u00e3o da casa, caf\u00e9s e espa\u00e7os tem\u00e1ticos.<\/li>\n\n\n\n<li><strong>Arruma\u00e7\u00e3o multifuncional: <\/strong>Este pacote de leite em cer\u00e2mica pode ser utilizado para conter leite, bebidas ou armazenar criativamente snacks e pequenos artigos, tornando-o adequado para cozinhas dom\u00e9sticas e como decora\u00e7\u00e3o de mesa e pe\u00e7a de exposi\u00e7\u00e3o em restaurantes.<\/li>\n\n\n\n<li><strong>Seguro para alimentos e n\u00e3o t\u00f3xico: <\/strong>Fabricado com materiais de qualidade alimentar e vidros seguros, em conformidade com as normas internacionais, garantindo um contacto seguro com alimentos e bebidas.<\/li>\n<\/ul>\n\n\n\n<h3 class=\"wp-block-heading\">Servi\u00e7o personalizado<\/h3>\n\n\n\n<ul class=\"wp-block-list\">\n<li>Suporte OEM e ODM<\/li>\n\n\n\n<li>Entrega r\u00e1pida de amostras.<\/li>\n\n\n\n<li>Fornecer forma personalizada do produto, cor, padr\u00e3o, embalagem e outros servi\u00e7os personalizados.<\/li>\n<\/ul>\n<\/div>\n\n\n\n<div class=\"wp-block-column is-layout-flow wp-block-column-is-layout-flow\">\n<figure class=\"wp-block-image size-full\"><img decoding=\"async\" width=\"1600\" height=\"1600\" src=\"https:\/\/www.kedali.com\/wp-content\/uploads\/2026\/03\/TPS167-J-3-7.jpg\" alt=\"\" class=\"wp-image-2560\" srcset=\"https:\/\/www.kedali.com\/wp-content\/uploads\/2026\/03\/TPS167-J-3-7.jpg 1600w, https:\/\/www.kedali.com\/wp-content\/uploads\/2026\/03\/TPS167-J-3-7-300x300.jpg 300w, https:\/\/www.kedali.com\/wp-content\/uploads\/2026\/03\/TPS167-J-3-7-150x150.jpg 150w, https:\/\/www.kedali.com\/wp-content\/uploads\/2026\/03\/TPS167-J-3-7-768x768.jpg 768w, https:\/\/www.kedali.com\/wp-content\/uploads\/2026\/03\/TPS167-J-3-7-12x12.jpg 12w, https:\/\/www.kedali.com\/wp-content\/uploads\/2026\/03\/TPS167-J-3-7-1200x1200.jpg 1200w, https:\/\/www.kedali.com\/wp-content\/uploads\/2026\/03\/TPS167-J-3-7-600x600.jpg 600w, https:\/\/www.kedali.com\/wp-content\/uploads\/2026\/03\/TPS167-J-3-7-100x100.jpg 100w\" sizes=\"(max-width: 1600px) 100vw, 1600px\" \/><\/figure>\n<\/div>\n<\/div>\n\n\n\n<div class=\"wp-block-columns is-layout-flex wp-container-core-columns-is-layout-9d6595d7 wp-block-columns-is-layout-flex\">\n<div class=\"wp-block-column is-layout-flow wp-block-column-is-layout-flow\">\n<figure class=\"wp-block-image size-full\"><img decoding=\"async\" width=\"1838\" height=\"1838\" src=\"https:\/\/www.kedali.com\/wp-content\/uploads\/2026\/03\/TPS167-J-3-1.png\" alt=\"\" class=\"wp-image-2554\" srcset=\"https:\/\/www.kedali.com\/wp-content\/uploads\/2026\/03\/TPS167-J-3-1.png 1838w, https:\/\/www.kedali.com\/wp-content\/uploads\/2026\/03\/TPS167-J-3-1-300x300.png 300w, https:\/\/www.kedali.com\/wp-content\/uploads\/2026\/03\/TPS167-J-3-1-150x150.png 150w, https:\/\/www.kedali.com\/wp-content\/uploads\/2026\/03\/TPS167-J-3-1-768x768.png 768w, https:\/\/www.kedali.com\/wp-content\/uploads\/2026\/03\/TPS167-J-3-1-12x12.png 12w, https:\/\/www.kedali.com\/wp-content\/uploads\/2026\/03\/TPS167-J-3-1-1200x1200.png 1200w, https:\/\/www.kedali.com\/wp-content\/uploads\/2026\/03\/TPS167-J-3-1-600x600.png 600w, https:\/\/www.kedali.com\/wp-content\/uploads\/2026\/03\/TPS167-J-3-1-100x100.png 100w\" sizes=\"(max-width: 1838px) 100vw, 1838px\" \/><\/figure>\n<\/div>\n\n\n\n<div class=\"wp-block-column is-layout-flow wp-block-column-is-layout-flow\">\n<figure class=\"wp-block-image size-full\"><img decoding=\"async\" width=\"2048\" height=\"2048\" src=\"https:\/\/www.kedali.com\/wp-content\/uploads\/2026\/03\/TPS167-J-3-3.jpg\" alt=\"\" class=\"wp-image-2556\" srcset=\"https:\/\/www.kedali.com\/wp-content\/uploads\/2026\/03\/TPS167-J-3-3.jpg 2048w, https:\/\/www.kedali.com\/wp-content\/uploads\/2026\/03\/TPS167-J-3-3-300x300.jpg 300w, https:\/\/www.kedali.com\/wp-content\/uploads\/2026\/03\/TPS167-J-3-3-150x150.jpg 150w, https:\/\/www.kedali.com\/wp-content\/uploads\/2026\/03\/TPS167-J-3-3-768x768.jpg 768w, https:\/\/www.kedali.com\/wp-content\/uploads\/2026\/03\/TPS167-J-3-3-12x12.jpg 12w, https:\/\/www.kedali.com\/wp-content\/uploads\/2026\/03\/TPS167-J-3-3-1200x1200.jpg 1200w, https:\/\/www.kedali.com\/wp-content\/uploads\/2026\/03\/TPS167-J-3-3-600x600.jpg 600w, https:\/\/www.kedali.com\/wp-content\/uploads\/2026\/03\/TPS167-J-3-3-100x100.jpg 100w\" sizes=\"(max-width: 2048px) 100vw, 2048px\" \/><\/figure>\n<\/div>\n<\/div>\n\n\n\n<div class=\"wp-block-columns is-layout-flex wp-container-core-columns-is-layout-9d6595d7 wp-block-columns-is-layout-flex\">\n<div class=\"wp-block-column is-layout-flow wp-block-column-is-layout-flow\">\n<figure class=\"wp-block-image size-full\"><img decoding=\"async\" width=\"2048\" height=\"2048\" src=\"https:\/\/www.kedali.com\/wp-content\/uploads\/2026\/03\/TPS167-J-3-1.jpg\" alt=\"\" class=\"wp-image-2553\" srcset=\"https:\/\/www.kedali.com\/wp-content\/uploads\/2026\/03\/TPS167-J-3-1.jpg 2048w, https:\/\/www.kedali.com\/wp-content\/uploads\/2026\/03\/TPS167-J-3-1-300x300.jpg 300w, https:\/\/www.kedali.com\/wp-content\/uploads\/2026\/03\/TPS167-J-3-1-150x150.jpg 150w, https:\/\/www.kedali.com\/wp-content\/uploads\/2026\/03\/TPS167-J-3-1-768x768.jpg 768w, https:\/\/www.kedali.com\/wp-content\/uploads\/2026\/03\/TPS167-J-3-1-12x12.jpg 12w, https:\/\/www.kedali.com\/wp-content\/uploads\/2026\/03\/TPS167-J-3-1-1200x1200.jpg 1200w, https:\/\/www.kedali.com\/wp-content\/uploads\/2026\/03\/TPS167-J-3-1-600x600.jpg 600w, https:\/\/www.kedali.com\/wp-content\/uploads\/2026\/03\/TPS167-J-3-1-100x100.jpg 100w\" sizes=\"(max-width: 2048px) 100vw, 2048px\" \/><\/figure>\n<\/div>\n\n\n\n<div class=\"wp-block-column is-layout-flow wp-block-column-is-layout-flow\">\n<figure class=\"wp-block-image size-full\"><img decoding=\"async\" width=\"1262\" height=\"1262\" src=\"https:\/\/www.kedali.com\/wp-content\/uploads\/2026\/03\/TPS167-J-3-4.jpg\" alt=\"\" class=\"wp-image-2557\" srcset=\"https:\/\/www.kedali.com\/wp-content\/uploads\/2026\/03\/TPS167-J-3-4.jpg 1262w, https:\/\/www.kedali.com\/wp-content\/uploads\/2026\/03\/TPS167-J-3-4-300x300.jpg 300w, https:\/\/www.kedali.com\/wp-content\/uploads\/2026\/03\/TPS167-J-3-4-150x150.jpg 150w, https:\/\/www.kedali.com\/wp-content\/uploads\/2026\/03\/TPS167-J-3-4-768x768.jpg 768w, https:\/\/www.kedali.com\/wp-content\/uploads\/2026\/03\/TPS167-J-3-4-12x12.jpg 12w, https:\/\/www.kedali.com\/wp-content\/uploads\/2026\/03\/TPS167-J-3-4-1200x1200.jpg 1200w, https:\/\/www.kedali.com\/wp-content\/uploads\/2026\/03\/TPS167-J-3-4-600x600.jpg 600w, https:\/\/www.kedali.com\/wp-content\/uploads\/2026\/03\/TPS167-J-3-4-100x100.jpg 100w\" sizes=\"(max-width: 1262px) 100vw, 1262px\" \/><\/figure>\n<\/div>\n<\/div>","protected":false},"excerpt":{"rendered":"<p>Estes pacotes de leite em cer\u00e2mica s\u00e3o mais do que simples contentores funcionais. Foram concebidos para elevar qualquer espa\u00e7o com a sua forma \u00fanica e divertida. A forma ic\u00f3nica do pacote de leite, combinada com acabamentos suaves em cer\u00e2mica, torna-os numa pe\u00e7a decorativa de destaque para cozinhas, mesas de caf\u00e9, caf\u00e9s e expositores de retalho.<\/p>\n<h2>Especifica\u00e7\u00f5es de Caixas de leite de cer\u00e2mica<\/h2>\n<table width=\"235\">\n<tbody>\n<tr>\n<td width=\"69\">Marca<\/td>\n<td width=\"166\">KDL<\/td>\n<\/tr>\n<tr>\n<td width=\"69\">Modelo<\/td>\n<td width=\"166\">TPS167-J-3.5Y-B428B<\/td>\n<\/tr>\n<tr>\n<td width=\"69\">Material<\/td>\n<td width=\"166\">cer\u00e2mica<\/td>\n<\/tr>\n<tr>\n<td width=\"69\">cor<\/td>\n<td width=\"166\">vermelho\/azul<\/td>\n<\/tr>\n<tr>\n<td width=\"69\">Aplica\u00e7\u00e3o<\/td>\n<td width=\"166\">recipiente de cer\u00e2mica<\/td>\n<\/tr>\n<tr>\n<td width=\"69\">Carater\u00edstica<\/td>\n<td width=\"166\">decalque<\/td>\n<\/tr>\n<tr>\n<td width=\"69\">Dimens\u00f5es<\/td>\n<td width=\"166\">\n<p>chaleira:8*6,9*9,5cm\/<\/p>\n<p>lata:7*7*9,8cm<\/p>\n<\/td>\n<\/tr>\n<tr>\n<td width=\"69\">Quantidade m\u00ednima de encomenda<\/td>\n<td width=\"166\">800 conjuntos<\/td>\n<\/tr>\n<\/tbody>\n<\/table>\n<p>&nbsp;<\/p>\n<p>&nbsp;<\/p>\n<p>&nbsp;<\/p>","protected":false},"featured_media":2555,"comment_status":"closed","ping_status":"closed","template":"","meta":{"_acf_changed":false},"product_brand":[],"product_cat":[19],"product_tag":[],"class_list":{"0":"post-2552","1":"product","2":"type-product","3":"status-publish","4":"has-post-thumbnail","6":"product_cat-wholesale-ceramic-tableware","8":"first","9":"instock","10":"shipping-taxable","11":"product-type-simple"},"acf":[],"_links":{"self":[{"href":"https:\/\/www.kedali.com\/pt\/wp-json\/wp\/v2\/product\/2552","targetHints":{"allow":["GET"]}}],"collection":[{"href":"https:\/\/www.kedali.com\/pt\/wp-json\/wp\/v2\/product"}],"about":[{"href":"https:\/\/www.kedali.com\/pt\/wp-json\/wp\/v2\/types\/product"}],"replies":[{"embeddable":true,"href":"https:\/\/www.kedali.com\/pt\/wp-json\/wp\/v2\/comments?post=2552"}],"wp:featuredmedia":[{"embeddable":true,"href":"https:\/\/www.kedali.com\/pt\/wp-json\/wp\/v2\/media\/2555"}],"wp:attachment":[{"href":"https:\/\/www.kedali.com\/pt\/wp-json\/wp\/v2\/media?parent=2552"}],"wp:term":[{"taxonomy":"product_brand","embeddable":true,"href":"https:\/\/www.kedali.com\/pt\/wp-json\/wp\/v2\/product_brand?post=2552"},{"taxonomy":"product_cat","embeddable":true,"href":"https:\/\/www.kedali.com\/pt\/wp-json\/wp\/v2\/product_cat?post=2552"},{"taxonomy":"product_tag","embeddable":true,"href":"https:\/\/www.kedali.com\/pt\/wp-json\/wp\/v2\/product_tag?post=2552"}],"curies":[{"name":"wp","href":"https:\/\/api.w.org\/{rel}","templated":true}]}}