{"id":464,"date":"2025-10-19T06:31:30","date_gmt":"2025-10-19T06:31:30","guid":{"rendered":"https:\/\/www.kedali.com\/?post_type=product&#038;p=464"},"modified":"2026-02-02T09:00:48","modified_gmt":"2026-02-02T09:00:48","slug":"wholesale-bathtub-shaped-storage-containers","status":"publish","type":"product","link":"https:\/\/www.kedali.com\/pt\/produto\/wholesale-bathtub-shaped-storage-containers\/","title":{"rendered":"Acess\u00f3rios de casa de banho por atacado - Sabonete em forma de banheira, recipiente para guardar j\u00f3ias"},"content":{"rendered":"<div class=\"wp-block-columns is-layout-flex wp-container-core-columns-is-layout-9d6595d7 wp-block-columns-is-layout-flex\">\n<div class=\"wp-block-column is-layout-flow wp-block-column-is-layout-flow\">\n<h3 class=\"wp-block-heading\">Acess\u00f3rios de casa de banho Carater\u00edsticas<\/h3>\n\n\n\n<ul class=\"wp-block-list\">\n<li><strong>Design patenteado:<\/strong> Este produto \u00e9 um produto patenteado desenvolvido de forma independente pela nossa empresa. Trata-se de um dep\u00f3sito de cer\u00e2mica em forma de banheira.<\/li>\n\n\n\n<li><strong>Constru\u00e7\u00e3o em cer\u00e2mica de alta qualidade: <\/strong>Cada pe\u00e7a do conjunto \u00e9 meticulosamente trabalhada em cer\u00e2mica de alta qualidade, garantindo durabilidade e longevidade. O acabamento suave e vidrado acrescenta um toque de sofistica\u00e7\u00e3o \u00e0 decora\u00e7\u00e3o da sua casa de banho.<\/li>\n\n\n\n<li><strong>Grande durabilidade: <\/strong>Devido ao processo de fabrico e \u00e0s carater\u00edsticas do material da porcelana dur\u00e1vel, tem uma forte resist\u00eancia ao calor e ao impacto, n\u00e3o \u00e9 f\u00e1cil de partir e tem uma longa vida \u00fatil, sendo adequada para utiliza\u00e7\u00e3o di\u00e1ria.<\/li>\n\n\n\n<li><strong>F\u00e1cil de limpar:<\/strong> Manter a higiene na sua casa de banho \u00e9 f\u00e1cil com o nosso conjunto de acess\u00f3rios de cer\u00e2mica. Basta limpar com um pano h\u00famido para os manter com um aspeto impec\u00e1vel dia ap\u00f3s dia.<\/li>\n<\/ul>\n\n\n\n<h3 class=\"wp-block-heading\">Servi\u00e7o de acess\u00f3rios de casa de banho personalizados<\/h3>\n\n\n\n<ul class=\"wp-block-list\">\n<li>Suporte OEM e ODM<\/li>\n\n\n\n<li>Entrega r\u00e1pida de amostras.<\/li>\n\n\n\n<li>Fornecer forma personalizada do produto, cor, padr\u00e3o, embalagem e outros servi\u00e7os personalizados.<\/li>\n<\/ul>\n<\/div>\n\n\n\n<div class=\"wp-block-column is-layout-flow wp-block-column-is-layout-flow\">\n<figure class=\"wp-block-image size-full\"><img decoding=\"async\" width=\"800\" height=\"800\" src=\"https:\/\/www.kedali.com\/wp-content\/uploads\/2025\/10\/Ceramic-storage-box-dimensions.webp\" alt=\"Dimens\u00f5es da caixa de arruma\u00e7\u00e3o em cer\u00e2mica\" class=\"wp-image-470\" srcset=\"https:\/\/www.kedali.com\/wp-content\/uploads\/2025\/10\/Ceramic-storage-box-dimensions.webp 800w, https:\/\/www.kedali.com\/wp-content\/uploads\/2025\/10\/Ceramic-storage-box-dimensions-300x300.webp 300w, https:\/\/www.kedali.com\/wp-content\/uploads\/2025\/10\/Ceramic-storage-box-dimensions-150x150.webp 150w, https:\/\/www.kedali.com\/wp-content\/uploads\/2025\/10\/Ceramic-storage-box-dimensions-768x768.webp 768w, https:\/\/www.kedali.com\/wp-content\/uploads\/2025\/10\/Ceramic-storage-box-dimensions-600x600.webp 600w, https:\/\/www.kedali.com\/wp-content\/uploads\/2025\/10\/Ceramic-storage-box-dimensions-100x100.webp 100w\" sizes=\"(max-width: 800px) 100vw, 800px\" \/><\/figure>\n<\/div>\n<\/div>\n\n\n\n<div class=\"wp-block-columns is-layout-flex wp-container-core-columns-is-layout-9d6595d7 wp-block-columns-is-layout-flex\">\n<div class=\"wp-block-column is-layout-flow wp-block-column-is-layout-flow\">\n<figure class=\"wp-block-image size-full\"><img decoding=\"async\" width=\"800\" height=\"800\" src=\"https:\/\/www.kedali.com\/wp-content\/uploads\/2025\/10\/bathroom-shaped-ceramic-storage-box-4.webp\" alt=\"caixa de arruma\u00e7\u00e3o em cer\u00e2mica em forma de casa de banho (4)\" class=\"wp-image-468\" srcset=\"https:\/\/www.kedali.com\/wp-content\/uploads\/2025\/10\/bathroom-shaped-ceramic-storage-box-4.webp 800w, https:\/\/www.kedali.com\/wp-content\/uploads\/2025\/10\/bathroom-shaped-ceramic-storage-box-4-300x300.webp 300w, https:\/\/www.kedali.com\/wp-content\/uploads\/2025\/10\/bathroom-shaped-ceramic-storage-box-4-150x150.webp 150w, https:\/\/www.kedali.com\/wp-content\/uploads\/2025\/10\/bathroom-shaped-ceramic-storage-box-4-768x768.webp 768w, https:\/\/www.kedali.com\/wp-content\/uploads\/2025\/10\/bathroom-shaped-ceramic-storage-box-4-600x600.webp 600w, https:\/\/www.kedali.com\/wp-content\/uploads\/2025\/10\/bathroom-shaped-ceramic-storage-box-4-100x100.webp 100w\" sizes=\"(max-width: 800px) 100vw, 800px\" \/><\/figure>\n<\/div>\n\n\n\n<div class=\"wp-block-column is-layout-flow wp-block-column-is-layout-flow\">\n<figure class=\"wp-block-image size-full\"><img decoding=\"async\" width=\"800\" height=\"800\" src=\"https:\/\/www.kedali.com\/wp-content\/uploads\/2025\/10\/bathroom-shaped-ceramic-storage-box-5.webp\" alt=\"caixa de arruma\u00e7\u00e3o em cer\u00e2mica em forma de casa de banho (5)\" class=\"wp-image-469\" srcset=\"https:\/\/www.kedali.com\/wp-content\/uploads\/2025\/10\/bathroom-shaped-ceramic-storage-box-5.webp 800w, https:\/\/www.kedali.com\/wp-content\/uploads\/2025\/10\/bathroom-shaped-ceramic-storage-box-5-300x300.webp 300w, https:\/\/www.kedali.com\/wp-content\/uploads\/2025\/10\/bathroom-shaped-ceramic-storage-box-5-150x150.webp 150w, https:\/\/www.kedali.com\/wp-content\/uploads\/2025\/10\/bathroom-shaped-ceramic-storage-box-5-768x768.webp 768w, https:\/\/www.kedali.com\/wp-content\/uploads\/2025\/10\/bathroom-shaped-ceramic-storage-box-5-600x600.webp 600w, https:\/\/www.kedali.com\/wp-content\/uploads\/2025\/10\/bathroom-shaped-ceramic-storage-box-5-100x100.webp 100w\" sizes=\"(max-width: 800px) 100vw, 800px\" \/><\/figure>\n<\/div>\n<\/div>","protected":false},"excerpt":{"rendered":"<p>Este recipiente de armazenamento em cer\u00e2mica patenteado em forma de banheira \u00e9 um acess\u00f3rio de casa de banho \u00fanico e de alta qualidade que combina estilo e funcionalidade - perfeito para guardar sabonete, j\u00f3ias ou pequenos objectos essenciais. Contacte-nos para um or\u00e7amento.<\/p>\n<h2>Especifica\u00e7\u00f5es do contentor de armazenamento em forma de banheira<\/h2>\n<table style=\"border-collapse: collapse;width: 689px;height: 247px\" border=\"0\" width=\"447\" cellspacing=\"0\" cellpadding=\"0\">\n<tbody>\n<tr style=\"height: 13.50pt\">\n<td class=\"et2\" style=\"height: 13.50pt;width: 110.25pt\" width=\"147\" height=\"18\">Marca<\/td>\n<td class=\"et2\" style=\"width: 225.00pt\" width=\"300\">KDL<\/td>\n<\/tr>\n<tr style=\"height: 13.50pt\">\n<td class=\"et2\" style=\"height: 13.50pt;width: 110.25pt\" width=\"147\" height=\"18\">Modelo<\/td>\n<td class=\"et2\" style=\"width: 225.00pt\" width=\"300\">BDL205-10-K306&amp;K146<\/td>\n<\/tr>\n<tr style=\"height: 13.50pt\">\n<td class=\"et2\" style=\"height: 13.50pt;width: 110.25pt\" width=\"147\" height=\"18\">Cor<\/td>\n<td class=\"et2\" style=\"width: 225.00pt\" width=\"300\">branco<\/td>\n<\/tr>\n<tr style=\"height: 13.50pt\">\n<td class=\"et2\" style=\"height: 13.50pt;width: 110.25pt\" width=\"147\" height=\"18\">Material<\/td>\n<td class=\"et2\" style=\"width: 225.00pt\" width=\"300\">cer\u00e2mica<\/td>\n<\/tr>\n<tr style=\"height: 13.50pt\">\n<td class=\"et2\" style=\"height: 13.50pt;width: 110.25pt\" width=\"147\" height=\"18\">Aplica\u00e7\u00e3o<\/td>\n<td class=\"et2\" style=\"width: 225.00pt\" width=\"300\">arruma\u00e7\u00e3o da casa de banho<\/td>\n<\/tr>\n<tr style=\"height: 14.00pt\">\n<td class=\"et2\" style=\"height: 14.00pt;width: 110.25pt\" width=\"147\" height=\"18\">Dimens\u00f5es<\/td>\n<td class=\"et2\" style=\"width: 225.00pt\" width=\"300\">24,3*12,7*11cm<\/td>\n<\/tr>\n<tr style=\"height: 14.00pt\">\n<td class=\"et2\" style=\"height: 14.00pt;width: 110.25pt\" width=\"147\" height=\"18\">Peso bruto (kg)<\/td>\n<td class=\"et2\" style=\"width: 225.00pt\" width=\"300\">0,58 kg\/conjunto<\/td>\n<\/tr>\n<tr style=\"height: 13.50pt\">\n<td class=\"et2\" style=\"height: 13.50pt;width: 110.25pt\" width=\"147\" height=\"18\">Carater\u00edstica<\/td>\n<td class=\"et2\" style=\"width: 225.00pt\" width=\"300\">Decalque<\/td>\n<\/tr>\n<tr style=\"height: 27.00pt\">\n<td class=\"et2\" style=\"height: 27.00pt;width: 110.25pt\" width=\"147\" height=\"36\">Quantidade m\u00ednima de encomenda<\/td>\n<td class=\"et2\" style=\"width: 225.00pt\" width=\"300\">800 unidades<\/td>\n<\/tr>\n<\/tbody>\n<\/table>","protected":false},"featured_media":465,"comment_status":"closed","ping_status":"closed","template":"","meta":{"_acf_changed":false},"product_brand":[],"product_cat":[17,31],"product_tag":[],"class_list":{"0":"post-464","1":"product","2":"type-product","3":"status-publish","4":"has-post-thumbnail","6":"product_cat-wholesale-ceramic-bathroom-accessories","7":"product_cat-wholesale-ceramic-bath-storage","9":"first","10":"instock","11":"shipping-taxable","12":"product-type-simple"},"acf":[],"_links":{"self":[{"href":"https:\/\/www.kedali.com\/pt\/wp-json\/wp\/v2\/product\/464","targetHints":{"allow":["GET"]}}],"collection":[{"href":"https:\/\/www.kedali.com\/pt\/wp-json\/wp\/v2\/product"}],"about":[{"href":"https:\/\/www.kedali.com\/pt\/wp-json\/wp\/v2\/types\/product"}],"replies":[{"embeddable":true,"href":"https:\/\/www.kedali.com\/pt\/wp-json\/wp\/v2\/comments?post=464"}],"wp:featuredmedia":[{"embeddable":true,"href":"https:\/\/www.kedali.com\/pt\/wp-json\/wp\/v2\/media\/465"}],"wp:attachment":[{"href":"https:\/\/www.kedali.com\/pt\/wp-json\/wp\/v2\/media?parent=464"}],"wp:term":[{"taxonomy":"product_brand","embeddable":true,"href":"https:\/\/www.kedali.com\/pt\/wp-json\/wp\/v2\/product_brand?post=464"},{"taxonomy":"product_cat","embeddable":true,"href":"https:\/\/www.kedali.com\/pt\/wp-json\/wp\/v2\/product_cat?post=464"},{"taxonomy":"product_tag","embeddable":true,"href":"https:\/\/www.kedali.com\/pt\/wp-json\/wp\/v2\/product_tag?post=464"}],"curies":[{"name":"wp","href":"https:\/\/api.w.org\/{rel}","templated":true}]}}