{"id":472,"date":"2025-10-19T06:47:58","date_gmt":"2025-10-19T06:47:58","guid":{"rendered":"https:\/\/www.kedali.com\/?post_type=product&#038;p=472"},"modified":"2026-02-02T08:59:08","modified_gmt":"2026-02-02T08:59:08","slug":"bulk-ceramic-bathroom-accessories","status":"publish","type":"product","link":"https:\/\/www.kedali.com\/pt\/produto\/bulk-ceramic-bathroom-accessories\/","title":{"rendered":"Acess\u00f3rios de casa de banho em cer\u00e2mica a granel - Organizadores de mini banheiras em cer\u00e2mica"},"content":{"rendered":"<div class=\"wp-block-columns is-layout-flex wp-container-core-columns-is-layout-9d6595d7 wp-block-columns-is-layout-flex\">\n<div class=\"wp-block-column is-layout-flow wp-block-column-is-layout-flow\">\n<h3 class=\"wp-block-heading\">Carater\u00edsticas dos organizadores de mini banheiras em cer\u00e2mica<\/h3>\n\n\n\n<ul class=\"wp-block-list\">\n<li><strong>Forma \u00fanica: <\/strong>Adopta a forma de uma banheira e pode ser utilizada como decora\u00e7\u00e3o e como objeto de arruma\u00e7\u00e3o.<\/li>\n\n\n\n<li><strong>Decalques de padr\u00f5es: <\/strong>O padr\u00e3o adopta o processo de decalque e a tecnologia de cozedura a 800 graus, que n\u00e3o se desvanece ap\u00f3s uma utiliza\u00e7\u00e3o prolongada e mant\u00e9m as cores vivas.<\/li>\n\n\n\n<li><strong>Suporte \u00e0 personaliza\u00e7\u00e3o: <\/strong>Fornecemos pre\u00e7os por grosso e servi\u00e7os de compra a granel, e podemos personaliz\u00e1-los de acordo com as necessidades do cliente, incluindo a sele\u00e7\u00e3o de cores e padr\u00f5es, para satisfazer as diversas necessidades de empresas e particulares.<\/li>\n\n\n\n<li><strong>Tamanho correto:<\/strong> O recipiente de cer\u00e2mica para arruma\u00e7\u00e3o da casa de banho \u00e9 suficientemente comprido para guardar escovas ou toalhas sem ocupar muito espa\u00e7o, ajudando-o a tirar o m\u00e1ximo partido da sua \u00e1rea de toucador limitada.<\/li>\n\n\n\n<li><strong>Dur\u00e1vel e f\u00e1cil de limpar: <\/strong>Os nossos acess\u00f3rios de casa de banho por atacado s\u00e3o feitos de materiais cer\u00e2micos de alta qualidade para garantir resist\u00eancia a fissuras, resist\u00eancia \u00e0 humidade, f\u00e1cil limpeza e manuten\u00e7\u00e3o, e mant\u00ea-los t\u00e3o brilhantes como novos durante a utiliza\u00e7\u00e3o a longo prazo.<\/li>\n<\/ul>\n\n\n\n<h3 class=\"wp-block-heading\">Servi\u00e7o personalizado<\/h3>\n\n\n\n<ul class=\"wp-block-list\">\n<li>Suporte OEM e ODM<\/li>\n\n\n\n<li>Entrega r\u00e1pida de amostras.<\/li>\n\n\n\n<li>Fornecer forma personalizada do produto, cor, padr\u00e3o, embalagem e outros servi\u00e7os personalizados.<\/li>\n<\/ul>\n<\/div>\n\n\n\n<div class=\"wp-block-column is-layout-flow wp-block-column-is-layout-flow\">\n<figure class=\"wp-block-image size-full\"><img decoding=\"async\" width=\"750\" height=\"750\" src=\"https:\/\/www.kedali.com\/wp-content\/uploads\/2025\/10\/Ceramic-mini-bathtub-organizer-dimensions.webp\" alt=\"Dimens\u00f5es do organizador de mini-banheira em cer\u00e2mica\" class=\"wp-image-473\" srcset=\"https:\/\/www.kedali.com\/wp-content\/uploads\/2025\/10\/Ceramic-mini-bathtub-organizer-dimensions.webp 750w, https:\/\/www.kedali.com\/wp-content\/uploads\/2025\/10\/Ceramic-mini-bathtub-organizer-dimensions-300x300.webp 300w, https:\/\/www.kedali.com\/wp-content\/uploads\/2025\/10\/Ceramic-mini-bathtub-organizer-dimensions-150x150.webp 150w, https:\/\/www.kedali.com\/wp-content\/uploads\/2025\/10\/Ceramic-mini-bathtub-organizer-dimensions-600x600.webp 600w, https:\/\/www.kedali.com\/wp-content\/uploads\/2025\/10\/Ceramic-mini-bathtub-organizer-dimensions-100x100.webp 100w\" sizes=\"(max-width: 750px) 100vw, 750px\" \/><\/figure>\n<\/div>\n<\/div>\n\n\n\n<div class=\"wp-block-columns is-layout-flex wp-container-core-columns-is-layout-9d6595d7 wp-block-columns-is-layout-flex\">\n<div class=\"wp-block-column is-layout-flow wp-block-column-is-layout-flow\">\n<figure class=\"wp-block-image size-full\"><img decoding=\"async\" width=\"750\" height=\"750\" src=\"https:\/\/www.kedali.com\/wp-content\/uploads\/2025\/10\/ceramic-mini-bathtub-organizers-4.webp\" alt=\"organizadores de mini-banheira em cer\u00e2mica (4)\" class=\"wp-image-477\" srcset=\"https:\/\/www.kedali.com\/wp-content\/uploads\/2025\/10\/ceramic-mini-bathtub-organizers-4.webp 750w, https:\/\/www.kedali.com\/wp-content\/uploads\/2025\/10\/ceramic-mini-bathtub-organizers-4-300x300.webp 300w, https:\/\/www.kedali.com\/wp-content\/uploads\/2025\/10\/ceramic-mini-bathtub-organizers-4-150x150.webp 150w, https:\/\/www.kedali.com\/wp-content\/uploads\/2025\/10\/ceramic-mini-bathtub-organizers-4-600x600.webp 600w, https:\/\/www.kedali.com\/wp-content\/uploads\/2025\/10\/ceramic-mini-bathtub-organizers-4-100x100.webp 100w\" sizes=\"(max-width: 750px) 100vw, 750px\" \/><\/figure>\n<\/div>\n\n\n\n<div class=\"wp-block-column is-layout-flow wp-block-column-is-layout-flow\">\n<figure class=\"wp-block-image size-full\"><img decoding=\"async\" width=\"750\" height=\"750\" src=\"https:\/\/www.kedali.com\/wp-content\/uploads\/2025\/10\/ceramic-mini-bathtub-organizers-5.webp\" alt=\"organizadores de mini-banheira em cer\u00e2mica (5)\" class=\"wp-image-478\" srcset=\"https:\/\/www.kedali.com\/wp-content\/uploads\/2025\/10\/ceramic-mini-bathtub-organizers-5.webp 750w, https:\/\/www.kedali.com\/wp-content\/uploads\/2025\/10\/ceramic-mini-bathtub-organizers-5-300x300.webp 300w, https:\/\/www.kedali.com\/wp-content\/uploads\/2025\/10\/ceramic-mini-bathtub-organizers-5-150x150.webp 150w, https:\/\/www.kedali.com\/wp-content\/uploads\/2025\/10\/ceramic-mini-bathtub-organizers-5-600x600.webp 600w, https:\/\/www.kedali.com\/wp-content\/uploads\/2025\/10\/ceramic-mini-bathtub-organizers-5-100x100.webp 100w\" sizes=\"(max-width: 750px) 100vw, 750px\" \/><\/figure>\n<\/div>\n<\/div>","protected":false},"excerpt":{"rendered":"<p>Acess\u00f3rios de casa de banho em cer\u00e2mica para venda por grosso, este ador\u00e1vel organizador de mini banheiras em cer\u00e2mica tem um apelo \u00fanico e elegante. De tamanho perfeito, cabe perfeitamente na sua vaidade ou bancada de casa de banho, armazenando convenientemente itens essenciais como pinc\u00e9is de maquilhagem, toalhas enroladas, sabonete ou ferramentas de beleza - uma solu\u00e7\u00e3o pr\u00e1tica e bonita.<\/p>\n<p>Como fabricante profissional de porcelana dom\u00e9stica, oferecemos acess\u00f3rios de cer\u00e2mica para casa de banho a granel a pre\u00e7os de f\u00e1brica e apoiamos servi\u00e7os OEM e ODM. Contacte-nos para obter um or\u00e7amento.<\/p>\n<h2>Especifica\u00e7\u00f5es dos acess\u00f3rios cer\u00e2micos para casa de banho<\/h2>\n<table style=\"border-collapse: collapse;width: 676px;height: 250px\" border=\"0\" width=\"635\" cellspacing=\"0\" cellpadding=\"0\">\n<tbody>\n<tr style=\"height: 13.50pt\">\n<td class=\"et2\" style=\"height: 13.50pt;width: 110.25pt\" width=\"147\" height=\"18\">Marca<\/td>\n<td class=\"et2\" style=\"width: 366.00pt\" width=\"488\">KDL<\/td>\n<\/tr>\n<tr style=\"height: 13.50pt\">\n<td class=\"et2\" style=\"height: 13.50pt;width: 110.25pt\" width=\"147\" height=\"18\">Modelo<\/td>\n<td class=\"et2\" style=\"width: 366.00pt\" width=\"488\">BDL205-10-K306&amp;K146<\/td>\n<\/tr>\n<tr style=\"height: 13.50pt\">\n<td class=\"et2\" style=\"height: 13.50pt;width: 110.25pt\" width=\"147\" height=\"18\">Cor<\/td>\n<td class=\"et2\" style=\"width: 366.00pt\" width=\"488\">branco<\/td>\n<\/tr>\n<tr style=\"height: 13.50pt\">\n<td class=\"et2\" style=\"height: 13.50pt;width: 110.25pt\" width=\"147\" height=\"18\">Material<\/td>\n<td class=\"et2\" style=\"width: 366.00pt\" width=\"488\">cer\u00e2mica<\/td>\n<\/tr>\n<tr style=\"height: 13.50pt\">\n<td class=\"et2\" style=\"height: 13.50pt;width: 110.25pt\" width=\"147\" height=\"18\">Aplica\u00e7\u00e3o<\/td>\n<td class=\"et2\" style=\"width: 366.00pt\" width=\"488\">arruma\u00e7\u00e3o da casa de banho<\/td>\n<\/tr>\n<tr style=\"height: 14.00pt\">\n<td class=\"et2\" style=\"height: 14.00pt;width: 110.25pt\" width=\"147\" height=\"18\">Dimens\u00f5es<\/td>\n<td class=\"et2\" style=\"width: 366.00pt\" width=\"488\">24,3*12,7*11cm<\/td>\n<\/tr>\n<tr style=\"height: 14.00pt\">\n<td class=\"et2\" style=\"height: 14.00pt;width: 110.25pt\" width=\"147\" height=\"18\">Peso bruto (kg)<\/td>\n<td class=\"et2\" style=\"width: 366.00pt\" width=\"488\">0,58 kg\/conjunto<\/td>\n<\/tr>\n<tr style=\"height: 13.50pt\">\n<td class=\"et2\" style=\"height: 13.50pt;width: 110.25pt\" width=\"147\" height=\"18\">Carater\u00edstica<\/td>\n<td class=\"et2\" style=\"width: 366.00pt\" width=\"488\">Decalque<\/td>\n<\/tr>\n<tr style=\"height: 27.00pt\">\n<td class=\"et2\" style=\"height: 27.00pt;width: 110.25pt\" width=\"147\" height=\"36\">Quantidade m\u00ednima de encomenda<\/td>\n<td class=\"et2\" style=\"width: 366.00pt\" width=\"488\">800 unidades<\/td>\n<\/tr>\n<\/tbody>\n<\/table>","protected":false},"featured_media":474,"comment_status":"closed","ping_status":"closed","template":"","meta":{"_acf_changed":false},"product_brand":[],"product_cat":[17,31],"product_tag":[],"class_list":{"0":"post-472","1":"product","2":"type-product","3":"status-publish","4":"has-post-thumbnail","6":"product_cat-wholesale-ceramic-bathroom-accessories","7":"product_cat-wholesale-ceramic-bath-storage","9":"first","10":"instock","11":"shipping-taxable","12":"product-type-simple"},"acf":[],"_links":{"self":[{"href":"https:\/\/www.kedali.com\/pt\/wp-json\/wp\/v2\/product\/472","targetHints":{"allow":["GET"]}}],"collection":[{"href":"https:\/\/www.kedali.com\/pt\/wp-json\/wp\/v2\/product"}],"about":[{"href":"https:\/\/www.kedali.com\/pt\/wp-json\/wp\/v2\/types\/product"}],"replies":[{"embeddable":true,"href":"https:\/\/www.kedali.com\/pt\/wp-json\/wp\/v2\/comments?post=472"}],"wp:featuredmedia":[{"embeddable":true,"href":"https:\/\/www.kedali.com\/pt\/wp-json\/wp\/v2\/media\/474"}],"wp:attachment":[{"href":"https:\/\/www.kedali.com\/pt\/wp-json\/wp\/v2\/media?parent=472"}],"wp:term":[{"taxonomy":"product_brand","embeddable":true,"href":"https:\/\/www.kedali.com\/pt\/wp-json\/wp\/v2\/product_brand?post=472"},{"taxonomy":"product_cat","embeddable":true,"href":"https:\/\/www.kedali.com\/pt\/wp-json\/wp\/v2\/product_cat?post=472"},{"taxonomy":"product_tag","embeddable":true,"href":"https:\/\/www.kedali.com\/pt\/wp-json\/wp\/v2\/product_tag?post=472"}],"curies":[{"name":"wp","href":"https:\/\/api.w.org\/{rel}","templated":true}]}}