{"id":479,"date":"2025-10-19T07:30:00","date_gmt":"2025-10-19T07:30:00","guid":{"rendered":"https:\/\/www.kedali.com\/?post_type=product&#038;p=479"},"modified":"2026-01-22T08:55:40","modified_gmt":"2026-01-22T08:55:40","slug":"wholesale-ceramic-toothbrush-holders","status":"publish","type":"product","link":"https:\/\/www.kedali.com\/pt\/produto\/wholesale-ceramic-toothbrush-holders\/","title":{"rendered":"Suporte para escova de dentes em cer\u00e2mica com etiqueta de identifica\u00e7\u00e3o"},"content":{"rendered":"<div class=\"wp-block-columns is-layout-flex wp-container-core-columns-is-layout-9d6595d7 wp-block-columns-is-layout-flex\">\n<div class=\"wp-block-column is-layout-flow wp-block-column-is-layout-flow\">\n<h3 class=\"wp-block-heading\">Ceramic Toothbrush Holder Features<\/h3>\n\n\n\n<ul class=\"wp-block-list\">\n<li><strong>Material Advantages: <\/strong>Ceramic offers a smooth, delicate surface that resists water stains. It&#8217;s more durable than plastic and resists mold and discoloration. The glazed finish effectively reduces bacterial growth and is easy to clean; daily maintenance requires only a damp cloth.<\/li>\n\n\n\n<li><strong>Design sem furos: <\/strong>Ceramic toothbrush holders can be placed directly on countertops without damaging walls. They are also durable and suitable for small bathrooms or rentals.<\/li>\n\n\n\n<li><strong>Promotes Hygiene: <\/strong>Unlike communal cups or glasses, these individual ceramic toothbrush holders keep each toothbrush separate and upright. This design allows the toothbrush heads to air dry completely after use.<\/li>\n\n\n\n<li><strong>Family Identification and Customization: <\/strong>Available in a variety of styles with different designs like &#8220;Mom,&#8221; &#8220;Dad,&#8221; &#8220;Girl,&#8221; and &#8220;Boy.&#8221; This makes it easy for every family member, especially children, to find their toothbrush.<\/li>\n\n\n\n<li><strong>Personaliza\u00e7\u00e3o dispon\u00edvel: <\/strong>We offer wholesale pricing and bulk purchasing services, and can customize them to meet the diverse needs of businesses and individuals, including color and pattern options.<\/li>\n<\/ul>\n\n\n\n<h3 class=\"wp-block-heading\">Servi\u00e7o personalizado<\/h3>\n\n\n\n<ul class=\"wp-block-list\">\n<li>Suporte OEM e ODM<\/li>\n\n\n\n<li>Entrega r\u00e1pida de amostras.<\/li>\n\n\n\n<li>Fornecer forma personalizada do produto, cor, padr\u00e3o, embalagem e outros servi\u00e7os personalizados.<\/li>\n<\/ul>\n<\/div>\n\n\n\n<div class=\"wp-block-column is-layout-flow wp-block-column-is-layout-flow\">\n<figure class=\"wp-block-image size-full\"><img decoding=\"async\" width=\"800\" height=\"800\" src=\"https:\/\/www.kedali.com\/wp-content\/uploads\/2025\/10\/Wholesale-Ceramic-Toothbrush-Holder-Dimensions.webp\" alt=\"Wholesale Ceramic Toothbrush Holder Dimensions\" class=\"wp-image-486\" srcset=\"https:\/\/www.kedali.com\/wp-content\/uploads\/2025\/10\/Wholesale-Ceramic-Toothbrush-Holder-Dimensions.webp 800w, https:\/\/www.kedali.com\/wp-content\/uploads\/2025\/10\/Wholesale-Ceramic-Toothbrush-Holder-Dimensions-300x300.webp 300w, https:\/\/www.kedali.com\/wp-content\/uploads\/2025\/10\/Wholesale-Ceramic-Toothbrush-Holder-Dimensions-150x150.webp 150w, https:\/\/www.kedali.com\/wp-content\/uploads\/2025\/10\/Wholesale-Ceramic-Toothbrush-Holder-Dimensions-768x768.webp 768w, https:\/\/www.kedali.com\/wp-content\/uploads\/2025\/10\/Wholesale-Ceramic-Toothbrush-Holder-Dimensions-600x600.webp 600w, https:\/\/www.kedali.com\/wp-content\/uploads\/2025\/10\/Wholesale-Ceramic-Toothbrush-Holder-Dimensions-100x100.webp 100w\" sizes=\"(max-width: 800px) 100vw, 800px\" \/><\/figure>\n<\/div>\n<\/div>\n\n\n\n<div class=\"wp-block-columns is-layout-flex wp-container-core-columns-is-layout-9d6595d7 wp-block-columns-is-layout-flex\">\n<div class=\"wp-block-column is-layout-flow wp-block-column-is-layout-flow\">\n<figure class=\"wp-block-image size-full\"><img decoding=\"async\" width=\"800\" height=\"800\" src=\"https:\/\/www.kedali.com\/wp-content\/uploads\/2025\/10\/Wholesale-Ceramic-Toothbrush-Holder-5.webp\" alt=\"Wholesale Ceramic Toothbrush Holder (5)\" class=\"wp-image-484\" srcset=\"https:\/\/www.kedali.com\/wp-content\/uploads\/2025\/10\/Wholesale-Ceramic-Toothbrush-Holder-5.webp 800w, https:\/\/www.kedali.com\/wp-content\/uploads\/2025\/10\/Wholesale-Ceramic-Toothbrush-Holder-5-300x300.webp 300w, https:\/\/www.kedali.com\/wp-content\/uploads\/2025\/10\/Wholesale-Ceramic-Toothbrush-Holder-5-150x150.webp 150w, https:\/\/www.kedali.com\/wp-content\/uploads\/2025\/10\/Wholesale-Ceramic-Toothbrush-Holder-5-768x768.webp 768w, https:\/\/www.kedali.com\/wp-content\/uploads\/2025\/10\/Wholesale-Ceramic-Toothbrush-Holder-5-600x600.webp 600w, https:\/\/www.kedali.com\/wp-content\/uploads\/2025\/10\/Wholesale-Ceramic-Toothbrush-Holder-5-100x100.webp 100w\" sizes=\"(max-width: 800px) 100vw, 800px\" \/><\/figure>\n<\/div>\n\n\n\n<div class=\"wp-block-column is-layout-flow wp-block-column-is-layout-flow\">\n<figure class=\"wp-block-image size-full\"><img decoding=\"async\" width=\"800\" height=\"800\" src=\"https:\/\/www.kedali.com\/wp-content\/uploads\/2025\/10\/Wholesale-Ceramic-Toothbrush-Holder-6.webp\" alt=\"Wholesale Ceramic Toothbrush Holder (6)\" class=\"wp-image-485\" srcset=\"https:\/\/www.kedali.com\/wp-content\/uploads\/2025\/10\/Wholesale-Ceramic-Toothbrush-Holder-6.webp 800w, https:\/\/www.kedali.com\/wp-content\/uploads\/2025\/10\/Wholesale-Ceramic-Toothbrush-Holder-6-300x300.webp 300w, https:\/\/www.kedali.com\/wp-content\/uploads\/2025\/10\/Wholesale-Ceramic-Toothbrush-Holder-6-150x150.webp 150w, https:\/\/www.kedali.com\/wp-content\/uploads\/2025\/10\/Wholesale-Ceramic-Toothbrush-Holder-6-768x768.webp 768w, https:\/\/www.kedali.com\/wp-content\/uploads\/2025\/10\/Wholesale-Ceramic-Toothbrush-Holder-6-600x600.webp 600w, https:\/\/www.kedali.com\/wp-content\/uploads\/2025\/10\/Wholesale-Ceramic-Toothbrush-Holder-6-100x100.webp 100w\" sizes=\"(max-width: 800px) 100vw, 800px\" \/><\/figure>\n<\/div>\n<\/div>","protected":false},"excerpt":{"rendered":"<p>Wholesale ceramic toothbrush holders. This excellent retail product meets consumers&#8217; growing demand for hygienic, personalized home storage. Its key commercial advantage lies in offering a wide variety of SKUs with clear family categorization (mom, dad, girl, boy, etc.), encouraging customers to purchase the complete set, thereby increasing average transaction value. This product is ideal for homeware retailers and boutique gift shops.<\/p>\n<p>Como fornecedor profissional de acess\u00f3rios de cer\u00e2mica para casa de banho, oferecemos acess\u00f3rios de cer\u00e2mica para casa de banho a granel a pre\u00e7os de f\u00e1brica. Contacte-nos para compras a granel.<\/p>\n<h2>Especifica\u00e7\u00f5es dos suportes para escovas de dentes em cer\u00e2mica por atacado<\/h2>\n<table style=\"border-collapse: collapse; width: 701px; height: 250px;\" border=\"0\" width=\"635\" cellspacing=\"0\" cellpadding=\"0\">\n<tbody>\n<tr style=\"height: 13.50pt;\">\n<td class=\"et2\" style=\"height: 13.50pt; width: 110.25pt;\" width=\"147\" height=\"18\">Marca<\/td>\n<td class=\"et2\" style=\"width: 366.00pt;\" width=\"488\">KDL<\/td>\n<\/tr>\n<tr style=\"height: 13.50pt;\">\n<td class=\"et2\" style=\"height: 13.50pt; width: 110.25pt;\" width=\"147\" height=\"18\">Modelo<\/td>\n<td class=\"et2\" style=\"width: 366.00pt;\" width=\"488\">BQ534<\/td>\n<\/tr>\n<tr style=\"height: 13.50pt;\">\n<td class=\"et2\" style=\"height: 13.50pt; width: 110.25pt;\" width=\"147\" height=\"18\">Cor<\/td>\n<td class=\"et2\" style=\"width: 366.00pt;\" width=\"488\">branco<\/td>\n<\/tr>\n<tr style=\"height: 13.50pt;\">\n<td class=\"et2\" style=\"height: 13.50pt; width: 110.25pt;\" width=\"147\" height=\"18\">Material<\/td>\n<td class=\"et2\" style=\"width: 366.00pt;\" width=\"488\">cer\u00e2mica<\/td>\n<\/tr>\n<tr style=\"height: 13.50pt;\">\n<td class=\"et2\" style=\"height: 13.50pt; width: 110.25pt;\" width=\"147\" height=\"18\">Aplica\u00e7\u00e3o<\/td>\n<td class=\"et2\" style=\"width: 366.00pt;\" width=\"488\">suporte para escova de dentes em cer\u00e2mica<\/td>\n<\/tr>\n<tr style=\"height: 14.00pt;\">\n<td class=\"et2\" style=\"height: 14.00pt; width: 110.25pt;\" width=\"147\" height=\"18\">Dimens\u00f5es<\/td>\n<td class=\"et2\" style=\"width: 366.00pt;\" width=\"488\">5,6*4,6*4,5 0cm<\/td>\n<\/tr>\n<tr style=\"height: 14.00pt;\">\n<td class=\"et2\" style=\"height: 14.00pt; width: 110.25pt;\" width=\"147\" height=\"18\">Peso bruto (kg)<\/td>\n<td class=\"et2\" style=\"width: 366.00pt;\" width=\"488\">0,1 kg\/conjunto<\/td>\n<\/tr>\n<tr style=\"height: 13.50pt;\">\n<td class=\"et2\" style=\"height: 13.50pt; width: 110.25pt;\" width=\"147\" height=\"18\">Carater\u00edstica<\/td>\n<td class=\"et2\" style=\"width: 366.00pt;\" width=\"488\">Decalque<\/td>\n<\/tr>\n<tr style=\"height: 27.00pt;\">\n<td class=\"et2\" style=\"height: 27.00pt; width: 110.25pt;\" width=\"147\" height=\"36\">Quantidade m\u00ednima de encomenda<\/td>\n<td class=\"et2\" style=\"width: 366.00pt;\" width=\"488\">800 unidades<\/td>\n<\/tr>\n<\/tbody>\n<\/table>\n<p>&nbsp;<\/p>\n<p><script src=\"chrome-extension:\/\/fpelahbljekknahkcaegamhcndkfpfnc\/iFrame.js\" type=\"text\/javascript\"><\/script><\/p>\n<p><script src=\"chrome-extension:\/\/fpelahbljekknahkcaegamhcndkfpfnc\/iFrame.js\" type=\"text\/javascript\"><\/script><\/p>","protected":false},"featured_media":480,"comment_status":"closed","ping_status":"closed","template":"","meta":{"_acf_changed":false},"product_brand":[],"product_cat":[17,42],"product_tag":[],"class_list":{"0":"post-479","1":"product","2":"type-product","3":"status-publish","4":"has-post-thumbnail","6":"product_cat-wholesale-ceramic-bathroom-accessories","7":"product_cat-wholesale-ceramic-toothbrush-holders","9":"first","10":"instock","11":"shipping-taxable","12":"product-type-simple"},"acf":[],"_links":{"self":[{"href":"https:\/\/www.kedali.com\/pt\/wp-json\/wp\/v2\/product\/479","targetHints":{"allow":["GET"]}}],"collection":[{"href":"https:\/\/www.kedali.com\/pt\/wp-json\/wp\/v2\/product"}],"about":[{"href":"https:\/\/www.kedali.com\/pt\/wp-json\/wp\/v2\/types\/product"}],"replies":[{"embeddable":true,"href":"https:\/\/www.kedali.com\/pt\/wp-json\/wp\/v2\/comments?post=479"}],"wp:featuredmedia":[{"embeddable":true,"href":"https:\/\/www.kedali.com\/pt\/wp-json\/wp\/v2\/media\/480"}],"wp:attachment":[{"href":"https:\/\/www.kedali.com\/pt\/wp-json\/wp\/v2\/media?parent=479"}],"wp:term":[{"taxonomy":"product_brand","embeddable":true,"href":"https:\/\/www.kedali.com\/pt\/wp-json\/wp\/v2\/product_brand?post=479"},{"taxonomy":"product_cat","embeddable":true,"href":"https:\/\/www.kedali.com\/pt\/wp-json\/wp\/v2\/product_cat?post=479"},{"taxonomy":"product_tag","embeddable":true,"href":"https:\/\/www.kedali.com\/pt\/wp-json\/wp\/v2\/product_tag?post=479"}],"curies":[{"name":"wp","href":"https:\/\/api.w.org\/{rel}","templated":true}]}}