{"id":488,"date":"2025-10-21T07:52:08","date_gmt":"2025-10-21T07:52:08","guid":{"rendered":"https:\/\/www.kedali.com\/?post_type=product&#038;p=488"},"modified":"2026-01-08T06:19:59","modified_gmt":"2026-01-08T06:19:59","slug":"wholesale-6-piece-luxury-ceramic-bathroom-accessories-set","status":"publish","type":"product","link":"https:\/\/www.kedali.com\/pt\/produto\/wholesale-6-piece-luxury-ceramic-bathroom-accessories-set\/","title":{"rendered":"Conjunto de 6 pe\u00e7as de acess\u00f3rios de casa de banho em cer\u00e2mica de luxo com dispensador, copo, jarra e saboneteira"},"content":{"rendered":"<div class=\"wp-block-columns is-layout-flex wp-container-core-columns-is-layout-9d6595d7 wp-block-columns-is-layout-flex\">\n<div class=\"wp-block-column is-layout-flow wp-block-column-is-layout-flow\">\n<h3 class=\"wp-block-heading\">Conjunto de acess\u00f3rios de casa de banho em cer\u00e2mica Carater\u00edsticas<\/h3>\n\n\n\n<ul class=\"wp-block-list\">\n<li><strong>Est\u00e9tica elegante: <\/strong>Esta cole\u00e7\u00e3o de acess\u00f3rios de casa de banho em cer\u00e2mica cria um visual unificado e de alta qualidade em qualquer casa de banho, criando uma luxuosa est\u00e9tica francesa ou cl\u00e1ssica moderna.<\/li>\n\n\n\n<li><strong>Variedade de estilos: <\/strong>A cole\u00e7\u00e3o inclui v\u00e1rios estilos, cada um com uma rica sele\u00e7\u00e3o de acess\u00f3rios de casa de banho, oferecendo um elevado valor percebido pelo consumidor final, tornando-a um artigo de retalho atrativo em artigos para a casa, lojas de presentes e grandes armaz\u00e9ns.<\/li>\n\n\n\n<li><strong>Durabilidade: <\/strong>A elevada dureza e a resist\u00eancia ao desgaste da cer\u00e2mica tornam-na resistente a riscos e danos causados pela utiliza\u00e7\u00e3o di\u00e1ria. Mant\u00e9m uma superf\u00edcie lisa ao longo do tempo, reduzindo o risco de bact\u00e9rias provenientes de superf\u00edcies rugosas.<\/li>\n\n\n\n<li><strong>F\u00e1cil de limpar e manter: <\/strong>A superf\u00edcie da cer\u00e2mica resiste \u00e0s manchas, tornando a limpeza di\u00e1ria r\u00e1pida e f\u00e1cil, garantindo uma limpeza e beleza duradouras.<\/li>\n\n\n\n<li><strong>Forte estabilidade:<\/strong> A elevada densidade do material torna-o muito resistente \u00e0 deforma\u00e7\u00e3o e aos danos causados pela humidade e pela press\u00e3o, garantindo uma longa vida \u00fatil.<\/li>\n<\/ul>\n\n\n\n<h3 class=\"wp-block-heading\">Servi\u00e7o personalizado<\/h3>\n\n\n\n<ul class=\"wp-block-list\">\n<li>Suporte OEM e ODM<\/li>\n\n\n\n<li>Entrega r\u00e1pida de amostras.<\/li>\n\n\n\n<li>Fornecer forma personalizada do produto, cor, padr\u00e3o, embalagem e outros servi\u00e7os personalizados.<\/li>\n<\/ul>\n<\/div>\n\n\n\n<div class=\"wp-block-column is-layout-flow wp-block-column-is-layout-flow\">\n<figure class=\"wp-block-image size-full\"><img decoding=\"async\" width=\"790\" height=\"790\" src=\"https:\/\/www.kedali.com\/wp-content\/uploads\/2025\/10\/wholesale-ceramic-bathroom-accessories-sets-1.webp\" alt=\"conjuntos de acess\u00f3rios de casa de banho em cer\u00e2mica por atacado (1)\" class=\"wp-image-489\" srcset=\"https:\/\/www.kedali.com\/wp-content\/uploads\/2025\/10\/wholesale-ceramic-bathroom-accessories-sets-1.webp 790w, https:\/\/www.kedali.com\/wp-content\/uploads\/2025\/10\/wholesale-ceramic-bathroom-accessories-sets-1-300x300.webp 300w, https:\/\/www.kedali.com\/wp-content\/uploads\/2025\/10\/wholesale-ceramic-bathroom-accessories-sets-1-150x150.webp 150w, https:\/\/www.kedali.com\/wp-content\/uploads\/2025\/10\/wholesale-ceramic-bathroom-accessories-sets-1-768x768.webp 768w, https:\/\/www.kedali.com\/wp-content\/uploads\/2025\/10\/wholesale-ceramic-bathroom-accessories-sets-1-600x600.webp 600w, https:\/\/www.kedali.com\/wp-content\/uploads\/2025\/10\/wholesale-ceramic-bathroom-accessories-sets-1-100x100.webp 100w\" sizes=\"(max-width: 790px) 100vw, 790px\" \/><\/figure>\n<\/div>\n<\/div>\n\n\n\n<div class=\"wp-block-columns is-layout-flex wp-container-core-columns-is-layout-9d6595d7 wp-block-columns-is-layout-flex\">\n<div class=\"wp-block-column is-layout-flow wp-block-column-is-layout-flow\">\n<figure class=\"wp-block-image size-full\"><img decoding=\"async\" width=\"750\" height=\"750\" src=\"https:\/\/www.kedali.com\/wp-content\/uploads\/2025\/10\/wholesale-ceramic-bathroom-accessories-sets-6.webp\" alt=\"conjuntos de acess\u00f3rios de casa de banho em cer\u00e2mica por atacado (6)\" class=\"wp-image-494\" srcset=\"https:\/\/www.kedali.com\/wp-content\/uploads\/2025\/10\/wholesale-ceramic-bathroom-accessories-sets-6.webp 750w, https:\/\/www.kedali.com\/wp-content\/uploads\/2025\/10\/wholesale-ceramic-bathroom-accessories-sets-6-300x300.webp 300w, https:\/\/www.kedali.com\/wp-content\/uploads\/2025\/10\/wholesale-ceramic-bathroom-accessories-sets-6-150x150.webp 150w, https:\/\/www.kedali.com\/wp-content\/uploads\/2025\/10\/wholesale-ceramic-bathroom-accessories-sets-6-600x600.webp 600w, https:\/\/www.kedali.com\/wp-content\/uploads\/2025\/10\/wholesale-ceramic-bathroom-accessories-sets-6-100x100.webp 100w\" sizes=\"(max-width: 750px) 100vw, 750px\" \/><\/figure>\n<\/div>\n\n\n\n<div class=\"wp-block-column is-layout-flow wp-block-column-is-layout-flow\">\n<figure class=\"wp-block-image size-full\"><img decoding=\"async\" width=\"790\" height=\"790\" src=\"https:\/\/www.kedali.com\/wp-content\/uploads\/2025\/10\/wholesale-ceramic-bathroom-accessories-sets-8.webp\" alt=\"conjuntos de acess\u00f3rios de casa de banho em cer\u00e2mica por atacado (8)\" class=\"wp-image-496\" srcset=\"https:\/\/www.kedali.com\/wp-content\/uploads\/2025\/10\/wholesale-ceramic-bathroom-accessories-sets-8.webp 790w, https:\/\/www.kedali.com\/wp-content\/uploads\/2025\/10\/wholesale-ceramic-bathroom-accessories-sets-8-300x300.webp 300w, https:\/\/www.kedali.com\/wp-content\/uploads\/2025\/10\/wholesale-ceramic-bathroom-accessories-sets-8-150x150.webp 150w, https:\/\/www.kedali.com\/wp-content\/uploads\/2025\/10\/wholesale-ceramic-bathroom-accessories-sets-8-768x768.webp 768w, https:\/\/www.kedali.com\/wp-content\/uploads\/2025\/10\/wholesale-ceramic-bathroom-accessories-sets-8-600x600.webp 600w, https:\/\/www.kedali.com\/wp-content\/uploads\/2025\/10\/wholesale-ceramic-bathroom-accessories-sets-8-100x100.webp 100w\" sizes=\"(max-width: 790px) 100vw, 790px\" \/><\/figure>\n<\/div>\n<\/div>","protected":false},"excerpt":{"rendered":"<p>Conjunto de acess\u00f3rios de casa de banho em cer\u00e2mica de luxo por atacado, combinando beleza e praticidade. Inclui um dispensador de sabonete l\u00edquido com uma elegante bomba cromada, um suporte para escova de dentes, um copo para enxaguar, uma saboneteira, um recipiente para guardar cotonetes ou bolas de algod\u00e3o com tampa e um suporte para escova de sanita. Contacte-nos para obter pre\u00e7os por grosso.<\/p>\n<h2>Especifica\u00e7\u00f5es do Conjunto de acess\u00f3rios de casa de banho em cer\u00e2mica<\/h2>\n<table style=\"height: 348px;\" width=\"702\">\n<tbody>\n<tr>\n<td style=\"text-align: center;\" width=\"147\">Marca<\/td>\n<td style=\"text-align: center;\" width=\"488\">KDL<\/td>\n<\/tr>\n<tr>\n<td style=\"text-align: center;\" width=\"147\">Modelo<\/td>\n<td style=\"text-align: center;\" width=\"488\">BQ537-K738<\/td>\n<\/tr>\n<tr>\n<td width=\"147\">Cor<\/td>\n<td width=\"488\">branco<\/td>\n<\/tr>\n<tr>\n<td width=\"147\">Material<\/td>\n<td width=\"488\">cer\u00e2mica<\/td>\n<\/tr>\n<tr>\n<td width=\"147\">Aplica\u00e7\u00e3o<\/td>\n<td width=\"488\">conjunto de acess\u00f3rios de casa de banho<\/td>\n<\/tr>\n<tr>\n<td style=\"text-align: center;\" width=\"147\">Dimens\u00f5es<\/td>\n<td style=\"text-align: center;\" width=\"488\">Dispensador:7*7*21,5cm; Tambor:7*7*11,5cm; Suporte para escova de dentes:11,3*6,6*12cm; Saboneteira:14,6*10*3cm; Suporte para escova de dentes:10*10*13cm; Frasco:10*10*16cm;<\/td>\n<\/tr>\n<tr>\n<td width=\"147\">Peso bruto (kg)<\/td>\n<td width=\"488\">4kg\/conjunto<\/td>\n<\/tr>\n<tr>\n<td width=\"147\">Carater\u00edstica<\/td>\n<td width=\"488\">galvanoplastia<\/td>\n<\/tr>\n<tr>\n<td style=\"text-align: center;\" width=\"147\">Quantidade m\u00ednima de encomenda<\/td>\n<td style=\"text-align: center;\" width=\"488\">800sets<\/td>\n<\/tr>\n<\/tbody>\n<\/table>\n<p>&nbsp;<\/p>\n<p><script src=\"chrome-extension:\/\/fpelahbljekknahkcaegamhcndkfpfnc\/iFrame.js\" type=\"text\/javascript\"><\/script><\/p>","protected":false},"featured_media":489,"comment_status":"closed","ping_status":"closed","template":"","meta":{"_acf_changed":false},"product_brand":[],"product_cat":[17,32],"product_tag":[],"class_list":{"0":"post-488","1":"product","2":"type-product","3":"status-publish","4":"has-post-thumbnail","6":"product_cat-wholesale-ceramic-bathroom-accessories","7":"product_cat-wholesale-ceramic-bath-accessories-sets","9":"first","10":"instock","11":"shipping-taxable","12":"product-type-simple"},"acf":[],"_links":{"self":[{"href":"https:\/\/www.kedali.com\/pt\/wp-json\/wp\/v2\/product\/488","targetHints":{"allow":["GET"]}}],"collection":[{"href":"https:\/\/www.kedali.com\/pt\/wp-json\/wp\/v2\/product"}],"about":[{"href":"https:\/\/www.kedali.com\/pt\/wp-json\/wp\/v2\/types\/product"}],"replies":[{"embeddable":true,"href":"https:\/\/www.kedali.com\/pt\/wp-json\/wp\/v2\/comments?post=488"}],"wp:featuredmedia":[{"embeddable":true,"href":"https:\/\/www.kedali.com\/pt\/wp-json\/wp\/v2\/media\/489"}],"wp:attachment":[{"href":"https:\/\/www.kedali.com\/pt\/wp-json\/wp\/v2\/media?parent=488"}],"wp:term":[{"taxonomy":"product_brand","embeddable":true,"href":"https:\/\/www.kedali.com\/pt\/wp-json\/wp\/v2\/product_brand?post=488"},{"taxonomy":"product_cat","embeddable":true,"href":"https:\/\/www.kedali.com\/pt\/wp-json\/wp\/v2\/product_cat?post=488"},{"taxonomy":"product_tag","embeddable":true,"href":"https:\/\/www.kedali.com\/pt\/wp-json\/wp\/v2\/product_tag?post=488"}],"curies":[{"name":"wp","href":"https:\/\/api.w.org\/{rel}","templated":true}]}}