{"id":513,"date":"2025-10-19T09:10:59","date_gmt":"2025-10-19T09:10:59","guid":{"rendered":"https:\/\/www.kedali.com\/?post_type=product&#038;p=513"},"modified":"2025-11-13T03:47:45","modified_gmt":"2025-11-13T03:47:45","slug":"wholesale-ceramic-7-piece-bathroom-set-multiple-colors-for-retailers-and-importers","status":"publish","type":"product","link":"https:\/\/www.kedali.com\/pt\/produto\/wholesale-ceramic-7-piece-bathroom-set-multiple-colors-for-retailers-and-importers\/","title":{"rendered":"Conjunto de casa de banho de 7 pe\u00e7as em cer\u00e2mica - V\u00e1rias cores para retalhistas e importadores"},"content":{"rendered":"<div class=\"wp-block-columns is-layout-flex wp-container-core-columns-is-layout-9d6595d7 wp-block-columns-is-layout-flex\">\n<div class=\"wp-block-column is-layout-flow wp-block-column-is-layout-flow\">\n<h3 class=\"wp-block-heading\">Conjunto de casa de banho em cer\u00e2mica de 7 pe\u00e7as Carater\u00edsticas<\/h3>\n\n\n\n<ul class=\"wp-block-list\">\n<li><strong>Constru\u00e7\u00e3o em cer\u00e2mica de alta qualidade:<\/strong> Cada pe\u00e7a do conjunto \u00e9 meticulosamente trabalhada em cer\u00e2mica de alta qualidade, garantindo durabilidade e longevidade. O acabamento suave e vidrado acrescenta um toque de sofistica\u00e7\u00e3o \u00e0 decora\u00e7\u00e3o da sua casa de banho.<\/li>\n\n\n\n<li><strong>Conjunto completo:<\/strong> Este conjunto completo inclui todos os acess\u00f3rios de casa de banho essenciais para simplificar a sua rotina di\u00e1ria. Desde um elegante dispensador de sabonete a um suporte para escovas de dentes e muito mais, a Kedali tem tudo o que precisa.<\/li>\n\n\n\n<li><strong>Op\u00e7\u00f5es de cores diversas e modernas: <\/strong>A cole\u00e7\u00e3o oferece uma variedade de elegantes acabamentos mate e esmaltados, incluindo o branco cl\u00e1ssico, o taupe sofisticado, o preto marcante e o procurado verde s\u00e1lvia suave.<\/li>\n\n\n\n<li><strong>Prote\u00e7\u00e3o do ambiente e da sa\u00fade: <\/strong>As cer\u00e2micas de gr\u00e9s utilizam mat\u00e9rias-primas naturais durante o processo de cozedura, sem res\u00edduos met\u00e1licos nocivos, seguras e n\u00e3o t\u00f3xicas, o que est\u00e1 em conformidade com a procura de prote\u00e7\u00e3o ambiental e de uma filosofia de vida saud\u00e1vel por parte das pessoas modernas.<\/li>\n\n\n\n<li><strong>Pre\u00e7os por grosso: <\/strong>Como fabricante de acess\u00f3rios de casa de banho da China, os nossos conjuntos de acess\u00f3rios de casa de banho por atacado t\u00eam pre\u00e7os muito competitivos para importadores e retalhistas.<\/li>\n<\/ul>\n\n\n\n<h3 class=\"wp-block-heading\">Servi\u00e7o personalizado<\/h3>\n\n\n\n<ul class=\"wp-block-list\">\n<li>Suporte OEM e ODM<\/li>\n\n\n\n<li>Entrega r\u00e1pida de amostras.<\/li>\n\n\n\n<li>Fornecer forma personalizada do produto, cor, padr\u00e3o, embalagem e outros servi\u00e7os personalizados.<\/li>\n<\/ul>\n<\/div>\n\n\n\n<div class=\"wp-block-column is-layout-flow wp-block-column-is-layout-flow\">\n<figure class=\"wp-block-image size-full\"><img decoding=\"async\" width=\"800\" height=\"800\" src=\"https:\/\/www.kedali.com\/wp-content\/uploads\/2025\/10\/wholesale-7-Piece-ceramic-Bathroom-Set-9.webp\" alt=\"Conjunto de casa de banho em cer\u00e2mica de 7 pe\u00e7as por atacado (9)\" class=\"wp-image-522\" srcset=\"https:\/\/www.kedali.com\/wp-content\/uploads\/2025\/10\/wholesale-7-Piece-ceramic-Bathroom-Set-9.webp 800w, https:\/\/www.kedali.com\/wp-content\/uploads\/2025\/10\/wholesale-7-Piece-ceramic-Bathroom-Set-9-300x300.webp 300w, https:\/\/www.kedali.com\/wp-content\/uploads\/2025\/10\/wholesale-7-Piece-ceramic-Bathroom-Set-9-150x150.webp 150w, https:\/\/www.kedali.com\/wp-content\/uploads\/2025\/10\/wholesale-7-Piece-ceramic-Bathroom-Set-9-768x768.webp 768w, https:\/\/www.kedali.com\/wp-content\/uploads\/2025\/10\/wholesale-7-Piece-ceramic-Bathroom-Set-9-600x600.webp 600w, https:\/\/www.kedali.com\/wp-content\/uploads\/2025\/10\/wholesale-7-Piece-ceramic-Bathroom-Set-9-100x100.webp 100w\" sizes=\"(max-width: 800px) 100vw, 800px\" \/><\/figure>\n<\/div>\n<\/div>\n\n\n\n<div class=\"wp-block-columns is-layout-flex wp-container-core-columns-is-layout-9d6595d7 wp-block-columns-is-layout-flex\">\n<div class=\"wp-block-column is-layout-flow wp-block-column-is-layout-flow\">\n<figure class=\"wp-block-image size-full\"><img decoding=\"async\" width=\"800\" height=\"800\" src=\"https:\/\/www.kedali.com\/wp-content\/uploads\/2025\/10\/wholesale-7-Piece-ceramic-Bathroom-Set-7.webp\" alt=\"Conjunto de casa de banho em cer\u00e2mica de 7 pe\u00e7as por atacado (7)\" class=\"wp-image-520\" srcset=\"https:\/\/www.kedali.com\/wp-content\/uploads\/2025\/10\/wholesale-7-Piece-ceramic-Bathroom-Set-7.webp 800w, https:\/\/www.kedali.com\/wp-content\/uploads\/2025\/10\/wholesale-7-Piece-ceramic-Bathroom-Set-7-300x300.webp 300w, https:\/\/www.kedali.com\/wp-content\/uploads\/2025\/10\/wholesale-7-Piece-ceramic-Bathroom-Set-7-150x150.webp 150w, https:\/\/www.kedali.com\/wp-content\/uploads\/2025\/10\/wholesale-7-Piece-ceramic-Bathroom-Set-7-768x768.webp 768w, https:\/\/www.kedali.com\/wp-content\/uploads\/2025\/10\/wholesale-7-Piece-ceramic-Bathroom-Set-7-600x600.webp 600w, https:\/\/www.kedali.com\/wp-content\/uploads\/2025\/10\/wholesale-7-Piece-ceramic-Bathroom-Set-7-100x100.webp 100w\" sizes=\"(max-width: 800px) 100vw, 800px\" \/><\/figure>\n<\/div>\n\n\n\n<div class=\"wp-block-column is-layout-flow wp-block-column-is-layout-flow\">\n<figure class=\"wp-block-image size-full\"><img decoding=\"async\" width=\"800\" height=\"800\" src=\"https:\/\/www.kedali.com\/wp-content\/uploads\/2025\/10\/wholesale-7-Piece-ceramic-Bathroom-Set-8.webp\" alt=\"Conjunto de casa de banho em cer\u00e2mica de 7 pe\u00e7as por atacado (8)\" class=\"wp-image-521\" srcset=\"https:\/\/www.kedali.com\/wp-content\/uploads\/2025\/10\/wholesale-7-Piece-ceramic-Bathroom-Set-8.webp 800w, https:\/\/www.kedali.com\/wp-content\/uploads\/2025\/10\/wholesale-7-Piece-ceramic-Bathroom-Set-8-300x300.webp 300w, https:\/\/www.kedali.com\/wp-content\/uploads\/2025\/10\/wholesale-7-Piece-ceramic-Bathroom-Set-8-150x150.webp 150w, https:\/\/www.kedali.com\/wp-content\/uploads\/2025\/10\/wholesale-7-Piece-ceramic-Bathroom-Set-8-768x768.webp 768w, https:\/\/www.kedali.com\/wp-content\/uploads\/2025\/10\/wholesale-7-Piece-ceramic-Bathroom-Set-8-600x600.webp 600w, https:\/\/www.kedali.com\/wp-content\/uploads\/2025\/10\/wholesale-7-Piece-ceramic-Bathroom-Set-8-100x100.webp 100w\" sizes=\"(max-width: 800px) 100vw, 800px\" \/><\/figure>\n<\/div>\n<\/div>","protected":false},"excerpt":{"rendered":"<p>Conjunto de acess\u00f3rios de casa de banho de 7 pe\u00e7as por atacado. Esta cole\u00e7\u00e3o de cer\u00e2mica duradoura apresenta cores modernas e atractivas, como o verde salva, o branco e o preto, perfeitas para qualquer estilo de casa de banho. Cada pe\u00e7a \u00e9 fabricada em cer\u00e2mica espessa e robusta, para maior estabilidade e durabilidade, e \u00e9 resistente \u00e0 humidade e \u00e0 ferrugem, garantindo anos de beleza e praticidade. Contacte-nos para um or\u00e7amento.<\/p>\n<h2>Especifica\u00e7\u00f5es do Conjunto de casa de banho em cer\u00e2mica de 7 pe\u00e7as\u00a0<\/h2>\n<table width=\"635\">\n<tbody>\n<tr>\n<td width=\"147\">Marca<\/td>\n<td width=\"488\">KDL<\/td>\n<\/tr>\n<tr>\n<td width=\"147\">Modelo<\/td>\n<td width=\"488\">BS415-F055<\/td>\n<\/tr>\n<tr>\n<td width=\"147\">Nome<\/td>\n<td width=\"488\">conjunto de acess\u00f3rios de casa de banho em cer\u00e2mica<\/td>\n<\/tr>\n<tr>\n<td width=\"147\">Cor<\/td>\n<td width=\"488\">branco<\/td>\n<\/tr>\n<tr>\n<td width=\"147\">Material<\/td>\n<td width=\"488\">cer\u00e2mica<\/td>\n<\/tr>\n<tr>\n<td width=\"147\">Aplica\u00e7\u00e3o<\/td>\n<td width=\"488\">casa de banho\u00a0<\/td>\n<\/tr>\n<tr>\n<td rowspan=\"7\" width=\"147\">Dimens\u00f5es<\/td>\n<td width=\"488\">Dispenser:6.8*6.8*19cm\u00a0\u00a0\u00a0\u00a0\u00a0\u00a0\u00a0\u00a0\u00a0\u00a0\u00a0\u00a0\u00a0\u00a0\u00a0\u00a0\u00a0\u00a0\u00a0\u00a0\u00a0\u00a0\u00a0\u00a0\u00a0\u00a0\u00a0\u00a0\u00a0\u00a0\u00a0\u00a0\u00a0\u00a0\u00a0\u00a0\u00a0\u00a0\u00a0\u00a0\u00a0\u00a0\u00a0\u00a0<\/td>\n<\/tr>\n<tr>\n<td width=\"488\">Copo: 6,8*6,8*10cm\u00a0\u00a0<\/td>\n<\/tr>\n<tr>\n<td width=\"488\">Toothbrush holder:6.8*6.8*11.3cm<\/td>\n<\/tr>\n<tr>\n<td width=\"488\">Saboneteira:13,5*9,8*3cm\u00a0<\/td>\n<\/tr>\n<tr>\n<td width=\"488\">Saboneteira em forma de banheira:14,2*7,7*7,7cm\u00a0\u00a0<\/td>\n<\/tr>\n<tr>\n<td width=\"488\">Armazenamento em forma de banheira:17,5*8,8*9,3cm\u00a0\u00a0\u00a0<\/td>\n<\/tr>\n<tr>\n<td width=\"488\">Armazenamento em forma de cuba grande:23*11,8*12,8cm<\/td>\n<\/tr>\n<tr>\n<td width=\"147\">Peso bruto (kg)<\/td>\n<td width=\"488\">4kg\/conjunto<\/td>\n<\/tr>\n<tr>\n<td width=\"147\">Carater\u00edstica<\/td>\n<td width=\"488\">Esculpido<\/td>\n<\/tr>\n<tr>\n<td width=\"147\">Quantidade m\u00ednima de encomenda<\/td>\n<td width=\"488\">800sets<\/td>\n<\/tr>\n<\/tbody>\n<\/table>\n<p><script src=\"chrome-extension:\/\/fpelahbljekknahkcaegamhcndkfpfnc\/iFrame.js\" type=\"text\/javascript\"><\/script><\/p>","protected":false},"featured_media":514,"comment_status":"closed","ping_status":"closed","template":"","meta":{"_acf_changed":false},"product_brand":[],"product_cat":[17,32],"product_tag":[],"class_list":{"0":"post-513","1":"product","2":"type-product","3":"status-publish","4":"has-post-thumbnail","6":"product_cat-wholesale-ceramic-bathroom-accessories","7":"product_cat-wholesale-ceramic-bath-accessories-sets","9":"first","10":"instock","11":"shipping-taxable","12":"product-type-simple"},"acf":[],"_links":{"self":[{"href":"https:\/\/www.kedali.com\/pt\/wp-json\/wp\/v2\/product\/513","targetHints":{"allow":["GET"]}}],"collection":[{"href":"https:\/\/www.kedali.com\/pt\/wp-json\/wp\/v2\/product"}],"about":[{"href":"https:\/\/www.kedali.com\/pt\/wp-json\/wp\/v2\/types\/product"}],"replies":[{"embeddable":true,"href":"https:\/\/www.kedali.com\/pt\/wp-json\/wp\/v2\/comments?post=513"}],"wp:featuredmedia":[{"embeddable":true,"href":"https:\/\/www.kedali.com\/pt\/wp-json\/wp\/v2\/media\/514"}],"wp:attachment":[{"href":"https:\/\/www.kedali.com\/pt\/wp-json\/wp\/v2\/media?parent=513"}],"wp:term":[{"taxonomy":"product_brand","embeddable":true,"href":"https:\/\/www.kedali.com\/pt\/wp-json\/wp\/v2\/product_brand?post=513"},{"taxonomy":"product_cat","embeddable":true,"href":"https:\/\/www.kedali.com\/pt\/wp-json\/wp\/v2\/product_cat?post=513"},{"taxonomy":"product_tag","embeddable":true,"href":"https:\/\/www.kedali.com\/pt\/wp-json\/wp\/v2\/product_tag?post=513"}],"curies":[{"name":"wp","href":"https:\/\/api.w.org\/{rel}","templated":true}]}}