{"id":666,"date":"2025-10-21T09:05:42","date_gmt":"2025-10-21T09:05:42","guid":{"rendered":"https:\/\/www.kedali.com\/?post_type=product&#038;p=666"},"modified":"2026-02-19T06:07:27","modified_gmt":"2026-02-19T06:07:27","slug":"wholesale-elegant-embossed-ceramic-tea-set","status":"publish","type":"product","link":"https:\/\/www.kedali.com\/pt\/produto\/wholesale-elegant-embossed-ceramic-tea-set\/","title":{"rendered":"Conjunto de ch\u00e1 em cer\u00e2mica com relevo por atacado - 3 cores dispon\u00edveis"},"content":{"rendered":"<div class=\"wp-block-columns is-layout-flex wp-container-core-columns-is-layout-9d6595d7 wp-block-columns-is-layout-flex\">\n<div class=\"wp-block-column is-layout-flow wp-block-column-is-layout-flow\">\n<h3 class=\"wp-block-heading\">&nbsp;Conjunto de ch\u00e1 em cer\u00e2mica com 4 pe\u00e7as Carater\u00edsticas<\/h3>\n\n\n\n<ul class=\"wp-block-list\">\n<li><strong>V\u00e1rias op\u00e7\u00f5es de cores:<\/strong> Esta s\u00e9rie oferece tons como o branco puro, o rosa claro e o cinzento azulado para satisfazer diversas prefer\u00eancias est\u00e9ticas e adaptar-se facilmente a qualquer estilo de casa.<\/li>\n\n\n\n<li><strong>Configura\u00e7\u00e3o de conjunto completo: <\/strong>O conjunto de ch\u00e1 inclui componentes essenciais como um bule, ch\u00e1venas de ch\u00e1, um jarro de leite e um a\u00e7ucareiro, satisfazendo todas as suas necessidades de prepara\u00e7\u00e3o, consumo e armazenamento de ch\u00e1, o que o torna muito pr\u00e1tico.<\/li>\n\n\n\n<li><strong>Ideia de presente perfeita: <\/strong>O design topo de gama, as diversas op\u00e7\u00f5es de cores e o conjunto completo fazem dele um presente atencioso para uma festa de inaugura\u00e7\u00e3o, casamento, Dia da M\u00e3e ou para qualquer amante de ch\u00e1.<\/li>\n\n\n\n<li><strong>Desenho em relevo:<\/strong> Utilizando a tecnologia tradicional de escultura manual, a textura \u00e9 delicada e estratificada, e o efeito visual \u00e9 tridimensional e v\u00edvido.<\/li>\n\n\n\n<li><strong>Cor est\u00e1vel do esmalte: <\/strong>A cozedura a alta temperatura forma uma pel\u00edcula protetora na superf\u00edcie do esmalte, combinando beleza e seguran\u00e7a.<\/li>\n<\/ul>\n\n\n\n<h3 class=\"wp-block-heading\">Servi\u00e7o personalizado<\/h3>\n\n\n\n<ul class=\"wp-block-list\">\n<li>Suporte OEM e ODM<\/li>\n\n\n\n<li>Entrega r\u00e1pida de amostras.<\/li>\n\n\n\n<li>Fornecer forma personalizada do produto, cor, padr\u00e3o, embalagem e outros servi\u00e7os personalizados.<\/li>\n<\/ul>\n<\/div>\n\n\n\n<div class=\"wp-block-column is-layout-flow wp-block-column-is-layout-flow\">\n<figure class=\"wp-block-image size-full\"><img decoding=\"async\" width=\"800\" height=\"800\" src=\"https:\/\/www.kedali.com\/wp-content\/uploads\/2025\/10\/ceramic-tea-set-dimensions-2.webp\" alt=\"dimens\u00f5es do servi\u00e7o de ch\u00e1 em cer\u00e2mica\" class=\"wp-image-667\" srcset=\"https:\/\/www.kedali.com\/wp-content\/uploads\/2025\/10\/ceramic-tea-set-dimensions-2.webp 800w, https:\/\/www.kedali.com\/wp-content\/uploads\/2025\/10\/ceramic-tea-set-dimensions-2-300x300.webp 300w, https:\/\/www.kedali.com\/wp-content\/uploads\/2025\/10\/ceramic-tea-set-dimensions-2-150x150.webp 150w, https:\/\/www.kedali.com\/wp-content\/uploads\/2025\/10\/ceramic-tea-set-dimensions-2-768x768.webp 768w, https:\/\/www.kedali.com\/wp-content\/uploads\/2025\/10\/ceramic-tea-set-dimensions-2-600x600.webp 600w, https:\/\/www.kedali.com\/wp-content\/uploads\/2025\/10\/ceramic-tea-set-dimensions-2-100x100.webp 100w\" sizes=\"(max-width: 800px) 100vw, 800px\" \/><\/figure>\n<\/div>\n<\/div>\n\n\n\n<div class=\"wp-block-columns is-layout-flex wp-container-core-columns-is-layout-9d6595d7 wp-block-columns-is-layout-flex\">\n<div class=\"wp-block-column is-layout-flow wp-block-column-is-layout-flow\">\n<figure class=\"wp-block-image size-full\"><img decoding=\"async\" width=\"800\" height=\"800\" src=\"https:\/\/www.kedali.com\/wp-content\/uploads\/2025\/10\/wholesale-ceramic-tea-sets-6.webp\" alt=\"jogos de ch\u00e1 em cer\u00e2mica por atacado (6)\" class=\"wp-image-673\" srcset=\"https:\/\/www.kedali.com\/wp-content\/uploads\/2025\/10\/wholesale-ceramic-tea-sets-6.webp 800w, https:\/\/www.kedali.com\/wp-content\/uploads\/2025\/10\/wholesale-ceramic-tea-sets-6-300x300.webp 300w, https:\/\/www.kedali.com\/wp-content\/uploads\/2025\/10\/wholesale-ceramic-tea-sets-6-150x150.webp 150w, https:\/\/www.kedali.com\/wp-content\/uploads\/2025\/10\/wholesale-ceramic-tea-sets-6-768x768.webp 768w, https:\/\/www.kedali.com\/wp-content\/uploads\/2025\/10\/wholesale-ceramic-tea-sets-6-600x600.webp 600w, https:\/\/www.kedali.com\/wp-content\/uploads\/2025\/10\/wholesale-ceramic-tea-sets-6-100x100.webp 100w\" sizes=\"(max-width: 800px) 100vw, 800px\" \/><\/figure>\n<\/div>\n\n\n\n<div class=\"wp-block-column is-layout-flow wp-block-column-is-layout-flow\">\n<figure class=\"wp-block-image size-full\"><img decoding=\"async\" width=\"800\" height=\"800\" src=\"https:\/\/www.kedali.com\/wp-content\/uploads\/2025\/10\/wholesale-ceramic-tea-sets-7-1.webp\" alt=\"jogos de ch\u00e1 em cer\u00e2mica por atacado (7)\" class=\"wp-image-674\" srcset=\"https:\/\/www.kedali.com\/wp-content\/uploads\/2025\/10\/wholesale-ceramic-tea-sets-7-1.webp 800w, https:\/\/www.kedali.com\/wp-content\/uploads\/2025\/10\/wholesale-ceramic-tea-sets-7-1-300x300.webp 300w, https:\/\/www.kedali.com\/wp-content\/uploads\/2025\/10\/wholesale-ceramic-tea-sets-7-1-150x150.webp 150w, https:\/\/www.kedali.com\/wp-content\/uploads\/2025\/10\/wholesale-ceramic-tea-sets-7-1-768x768.webp 768w, https:\/\/www.kedali.com\/wp-content\/uploads\/2025\/10\/wholesale-ceramic-tea-sets-7-1-600x600.webp 600w, https:\/\/www.kedali.com\/wp-content\/uploads\/2025\/10\/wholesale-ceramic-tea-sets-7-1-100x100.webp 100w\" sizes=\"(max-width: 800px) 100vw, 800px\" \/><\/figure>\n<\/div>\n<\/div>","protected":false},"excerpt":{"rendered":"<p>Servi\u00e7o de ch\u00e1 em cer\u00e2mica por grosso. Dispon\u00edvel a granel na f\u00e1brica. Experimente a eleg\u00e2ncia intemporal de um conjunto de ch\u00e1 cl\u00e1ssico com este requintado conjunto de ch\u00e1 de cer\u00e2mica em relevo. Dispon\u00edvel em tr\u00eas cores requintadas para complementar a decora\u00e7\u00e3o da sua casa. Contacte-nos para um or\u00e7amento.<\/p>\n<h2>Especifica\u00e7\u00f5es do Conjunto de ch\u00e1 em cer\u00e2mica<\/h2>\n<table width=\"444\">\n<tbody>\n<tr>\n<td width=\"107\">Marca<\/td>\n<td width=\"337\">KDL<\/td>\n<\/tr>\n<tr>\n<td width=\"107\">Modelo<\/td>\n<td width=\"337\">TPQ069-F027<\/td>\n<\/tr>\n<tr>\n<td width=\"107\">Material<\/td>\n<td width=\"337\">Cer\u00e2mica<\/td>\n<\/tr>\n<tr>\n<td width=\"107\">Aplica\u00e7\u00e3o<\/td>\n<td width=\"337\">conjunto de caf\u00e9 e ch\u00e1<\/td>\n<\/tr>\n<tr>\n<td width=\"107\">Dimens\u00f5es<\/td>\n<td width=\"337\">Bule de ch\u00e1:21,8*13,4*14,5cm<br \/>Frasco de a\u00e7\u00facar:9,6*9,9*9,2cm<br \/>Frasco de leite:13,4*8,3*7,6cm<br \/>Ch\u00e1vena:11,2*8,9*6,3cm<br \/>Pires:11,2*8,9*6,3<\/td>\n<\/tr>\n<tr>\n<td width=\"107\">Peso bruto (kg)<\/td>\n<td width=\"337\">5 kg<\/td>\n<\/tr>\n<tr>\n<td width=\"107\">Carater\u00edstica<\/td>\n<td width=\"337\">revestimento<\/td>\n<\/tr>\n<tr>\n<td width=\"107\">Quantidade m\u00ednima de encomenda<\/td>\n<td width=\"337\">800 conjuntos<\/td>\n<\/tr>\n<\/tbody>\n<\/table>\n<p>&nbsp;<\/p>","protected":false},"featured_media":668,"comment_status":"closed","ping_status":"closed","template":"","meta":{"_acf_changed":false},"product_brand":[],"product_cat":[29,53],"product_tag":[],"class_list":{"0":"post-666","1":"product","2":"type-product","3":"status-publish","4":"has-post-thumbnail","6":"product_cat-wholesale-ceramic-tea-sets","7":"product_cat-wholesale-coffee-and-tea-sets","9":"first","10":"instock","11":"shipping-taxable","12":"product-type-simple"},"acf":[],"_links":{"self":[{"href":"https:\/\/www.kedali.com\/pt\/wp-json\/wp\/v2\/product\/666","targetHints":{"allow":["GET"]}}],"collection":[{"href":"https:\/\/www.kedali.com\/pt\/wp-json\/wp\/v2\/product"}],"about":[{"href":"https:\/\/www.kedali.com\/pt\/wp-json\/wp\/v2\/types\/product"}],"replies":[{"embeddable":true,"href":"https:\/\/www.kedali.com\/pt\/wp-json\/wp\/v2\/comments?post=666"}],"wp:featuredmedia":[{"embeddable":true,"href":"https:\/\/www.kedali.com\/pt\/wp-json\/wp\/v2\/media\/668"}],"wp:attachment":[{"href":"https:\/\/www.kedali.com\/pt\/wp-json\/wp\/v2\/media?parent=666"}],"wp:term":[{"taxonomy":"product_brand","embeddable":true,"href":"https:\/\/www.kedali.com\/pt\/wp-json\/wp\/v2\/product_brand?post=666"},{"taxonomy":"product_cat","embeddable":true,"href":"https:\/\/www.kedali.com\/pt\/wp-json\/wp\/v2\/product_cat?post=666"},{"taxonomy":"product_tag","embeddable":true,"href":"https:\/\/www.kedali.com\/pt\/wp-json\/wp\/v2\/product_tag?post=666"}],"curies":[{"name":"wp","href":"https:\/\/api.w.org\/{rel}","templated":true}]}}