{"id":709,"date":"2026-04-16T10:41:16","date_gmt":"2026-04-16T10:41:16","guid":{"rendered":"https:\/\/www.kedali.com\/?post_type=product&#038;p=709"},"modified":"2026-04-21T03:07:30","modified_gmt":"2026-04-21T03:07:30","slug":"wholesale-comprehensive-ceramic-tableware-sets","status":"publish","type":"product","link":"https:\/\/www.kedali.com\/pt\/produto\/wholesale-comprehensive-ceramic-tableware-sets\/","title":{"rendered":"Conjuntos de loi\u00e7a de cer\u00e2mica por grosso com uma vasta gama de acess\u00f3rios - uma solu\u00e7\u00e3o completa para jantar e servir"},"content":{"rendered":"<div class=\"wp-block-columns is-layout-flex wp-container-core-columns-is-layout-9d6595d7 wp-block-columns-is-layout-flex\">\n<div class=\"wp-block-column is-layout-flow wp-block-column-is-layout-flow\">\n<h3 class=\"wp-block-heading\">Conjunto de utens\u00edlios de mesa em cer\u00e2mica Carater\u00edsticas<\/h3>\n\n\n\n<ul class=\"wp-block-list\">\n<li><strong>Servi\u00e7o de mesa completo:<\/strong> Este conjunto de utens\u00edlios de mesa inclui tigelas, pratos de jantar, ch\u00e1venas de caf\u00e9, canecas e um suporte para sobremesas, satisfazendo as necessidades di\u00e1rias de refei\u00e7\u00f5es, tais como servir arroz, pratos, ch\u00e1\/caf\u00e9 e expor pratos. \u00c9 perfeito tanto para uso familiar como para receber convidados.<\/li>\n\n\n\n<li><strong>Pode ir ao micro-ondas: <\/strong>A cer\u00e2mica \u00e9 resistente ao calor e \u00e0 corros\u00e3o, resistindo \u00e0 deforma\u00e7\u00e3o e \u00e0 fissura\u00e7\u00e3o com a utiliza\u00e7\u00e3o di\u00e1ria, mantendo a sua qualidade ao longo do tempo.<\/li>\n\n\n\n<li><strong>Pormenores bem pensados:<\/strong> As ta\u00e7as curvas seguram facilmente os alimentos; as pegas ergon\u00f3micas proporcionam uma ader\u00eancia confort\u00e1vel; e o suporte para sobremesas permite sobremesas em camadas, melhorando a experi\u00eancia de jantar.<\/li>\n\n\n\n<li><strong>F\u00e1cil de limpar: <\/strong>A superf\u00edcie lisa de cer\u00e2mica limpa facilmente a gordura e os res\u00edduos alimentares e pode ser lavada na m\u00e1quina de lavar loi\u00e7a para uma manuten\u00e7\u00e3o di\u00e1ria sem preocupa\u00e7\u00f5es.<\/li>\n<\/ul>\n\n\n\n<h3 class=\"wp-block-heading\">Servi\u00e7o personalizado<\/h3>\n\n\n\n<ul class=\"wp-block-list\">\n<li>Suporte OEM e ODM<\/li>\n\n\n\n<li>Entrega r\u00e1pida de amostras.<\/li>\n\n\n\n<li>Fornecer forma personalizada do produto, cor, padr\u00e3o, embalagem e outros servi\u00e7os personalizados.<\/li>\n<\/ul>\n<\/div>\n\n\n\n<div class=\"wp-block-column is-layout-flow wp-block-column-is-layout-flow\">\n<figure class=\"wp-block-image size-full\"><img decoding=\"async\" width=\"1600\" height=\"1600\" src=\"https:\/\/www.kedali.com\/wp-content\/uploads\/2025\/10\/ceramic-tableware-set-dimensions.webp\" alt=\"dimens\u00f5es do servi\u00e7o de mesa em cer\u00e2mica\" class=\"wp-image-710\" srcset=\"https:\/\/www.kedali.com\/wp-content\/uploads\/2025\/10\/ceramic-tableware-set-dimensions.webp 1600w, https:\/\/www.kedali.com\/wp-content\/uploads\/2025\/10\/ceramic-tableware-set-dimensions-300x300.webp 300w, https:\/\/www.kedali.com\/wp-content\/uploads\/2025\/10\/ceramic-tableware-set-dimensions-150x150.webp 150w, https:\/\/www.kedali.com\/wp-content\/uploads\/2025\/10\/ceramic-tableware-set-dimensions-768x768.webp 768w, https:\/\/www.kedali.com\/wp-content\/uploads\/2025\/10\/ceramic-tableware-set-dimensions-1200x1200.webp 1200w, https:\/\/www.kedali.com\/wp-content\/uploads\/2025\/10\/ceramic-tableware-set-dimensions-600x600.webp 600w, https:\/\/www.kedali.com\/wp-content\/uploads\/2025\/10\/ceramic-tableware-set-dimensions-100x100.webp 100w\" sizes=\"(max-width: 1600px) 100vw, 1600px\" \/><\/figure>\n<\/div>\n<\/div>\n\n\n\n<div class=\"wp-block-columns is-layout-flex wp-container-core-columns-is-layout-9d6595d7 wp-block-columns-is-layout-flex\">\n<div class=\"wp-block-column is-layout-flow wp-block-column-is-layout-flow\">\n<figure class=\"wp-block-image size-full\"><img decoding=\"async\" width=\"1600\" height=\"1600\" src=\"https:\/\/www.kedali.com\/wp-content\/uploads\/2025\/10\/wholesale-ceramic-tableware-sets-1.webp\" alt=\"conjuntos de loi\u00e7a de cer\u00e2mica por atacado (1)\" class=\"wp-image-711\" srcset=\"https:\/\/www.kedali.com\/wp-content\/uploads\/2025\/10\/wholesale-ceramic-tableware-sets-1.webp 1600w, https:\/\/www.kedali.com\/wp-content\/uploads\/2025\/10\/wholesale-ceramic-tableware-sets-1-300x300.webp 300w, https:\/\/www.kedali.com\/wp-content\/uploads\/2025\/10\/wholesale-ceramic-tableware-sets-1-150x150.webp 150w, https:\/\/www.kedali.com\/wp-content\/uploads\/2025\/10\/wholesale-ceramic-tableware-sets-1-768x768.webp 768w, https:\/\/www.kedali.com\/wp-content\/uploads\/2025\/10\/wholesale-ceramic-tableware-sets-1-1200x1200.webp 1200w, https:\/\/www.kedali.com\/wp-content\/uploads\/2025\/10\/wholesale-ceramic-tableware-sets-1-600x600.webp 600w, https:\/\/www.kedali.com\/wp-content\/uploads\/2025\/10\/wholesale-ceramic-tableware-sets-1-100x100.webp 100w\" sizes=\"(max-width: 1600px) 100vw, 1600px\" \/><\/figure>\n<\/div>\n\n\n\n<div class=\"wp-block-column is-layout-flow wp-block-column-is-layout-flow\">\n<figure class=\"wp-block-image size-full\"><img decoding=\"async\" width=\"1600\" height=\"1600\" src=\"https:\/\/www.kedali.com\/wp-content\/uploads\/2025\/10\/wholesale-ceramic-tableware-sets-2.webp\" alt=\"conjuntos de loi\u00e7a de cer\u00e2mica por atacado (2)\" class=\"wp-image-712\" srcset=\"https:\/\/www.kedali.com\/wp-content\/uploads\/2025\/10\/wholesale-ceramic-tableware-sets-2.webp 1600w, https:\/\/www.kedali.com\/wp-content\/uploads\/2025\/10\/wholesale-ceramic-tableware-sets-2-300x300.webp 300w, https:\/\/www.kedali.com\/wp-content\/uploads\/2025\/10\/wholesale-ceramic-tableware-sets-2-150x150.webp 150w, https:\/\/www.kedali.com\/wp-content\/uploads\/2025\/10\/wholesale-ceramic-tableware-sets-2-768x768.webp 768w, https:\/\/www.kedali.com\/wp-content\/uploads\/2025\/10\/wholesale-ceramic-tableware-sets-2-1200x1200.webp 1200w, https:\/\/www.kedali.com\/wp-content\/uploads\/2025\/10\/wholesale-ceramic-tableware-sets-2-600x600.webp 600w, https:\/\/www.kedali.com\/wp-content\/uploads\/2025\/10\/wholesale-ceramic-tableware-sets-2-100x100.webp 100w\" sizes=\"(max-width: 1600px) 100vw, 1600px\" \/><\/figure>\n<\/div>\n<\/div>","protected":false},"excerpt":{"rendered":"<p>Servi\u00e7o de mesa em cer\u00e2mica por grosso. Este extenso conjunto de loi\u00e7a de mesa inclui todos os elementos essenciais para jantar, tomar ch\u00e1, servir e arrumar, incluindo pratos, tigelas, travessas, bules, jarras, suportes para bolos e tr\u00eas tamanhos de jarras com tampa. Perfeito para hot\u00e9is ou presentes. Contacte-nos para obter pre\u00e7os por grosso.<\/p>\n<h2>Especifica\u00e7\u00f5es do Conjunto de lou\u00e7a de cer\u00e2mica por atacado<\/h2>\n<table style=\"border-collapse: collapse; width: 333.02pt;\" border=\"0\" width=\"444\" cellspacing=\"0\" cellpadding=\"0\">\n<tbody>\n<tr style=\"height: 13.50pt;\">\n<td class=\"et2\" style=\"height: 13.50pt; width: 80.25pt;\" width=\"107\" height=\"18\">Marca<\/td>\n<td class=\"et2\" style=\"width: 252.75pt;\" width=\"337\">KDL<\/td>\n<\/tr>\n<tr style=\"height: 13.50pt;\">\n<td class=\"et2\" style=\"height: 13.50pt; width: 80.25pt;\" width=\"107\" height=\"18\">Modelo<\/td>\n<td class=\"et2\" style=\"width: 252.75pt;\" width=\"337\">F414<\/td>\n<\/tr>\n<tr style=\"height: 13.50pt;\">\n<td class=\"et2\" style=\"height: 13.50pt; width: 80.25pt;\" width=\"107\" height=\"18\">Material<\/td>\n<td class=\"et2\" style=\"width: 252.75pt;\" width=\"337\">cer\u00e2mica<\/td>\n<\/tr>\n<tr style=\"height: 13.50pt;\">\n<td class=\"et2\" style=\"height: 13.50pt; width: 80.25pt;\" width=\"107\" height=\"18\">cor<\/td>\n<td class=\"et2\" style=\"width: 252.75pt;\" width=\"337\">cor-de-rosa\/azul<\/td>\n<\/tr>\n<tr style=\"height: 13.50pt;\">\n<td class=\"et2\" style=\"height: 13.50pt; width: 80.25pt;\" width=\"107\" height=\"18\">Aplica\u00e7\u00e3o<\/td>\n<td class=\"et2\" style=\"width: 252.75pt;\" width=\"337\">loi\u00e7a de mesa<\/td>\n<\/tr>\n<tr style=\"height: 40.50pt;\">\n<td class=\"et2\" style=\"height: 40.50pt; width: 80.25pt;\" width=\"107\" height=\"54\">Quantidade m\u00ednima de encomenda<\/td>\n<td class=\"et2\" style=\"width: 252.75pt;\" width=\"337\">800sets<\/td>\n<\/tr>\n<\/tbody>\n<\/table>\n<p><script src=\"chrome-extension:\/\/fpelahbljekknahkcaegamhcndkfpfnc\/iFrame.js\" type=\"text\/javascript\"><\/script><\/p>","protected":false},"featured_media":711,"comment_status":"closed","ping_status":"closed","template":"","meta":{"_acf_changed":false},"product_brand":[],"product_cat":[19,57],"product_tag":[],"class_list":{"0":"post-709","1":"product","2":"type-product","3":"status-publish","4":"has-post-thumbnail","6":"product_cat-wholesale-ceramic-tableware","7":"product_cat-wholesale-dinnerware-sets","9":"first","10":"instock","11":"shipping-taxable","12":"product-type-simple"},"acf":[],"_links":{"self":[{"href":"https:\/\/www.kedali.com\/pt\/wp-json\/wp\/v2\/product\/709","targetHints":{"allow":["GET"]}}],"collection":[{"href":"https:\/\/www.kedali.com\/pt\/wp-json\/wp\/v2\/product"}],"about":[{"href":"https:\/\/www.kedali.com\/pt\/wp-json\/wp\/v2\/types\/product"}],"replies":[{"embeddable":true,"href":"https:\/\/www.kedali.com\/pt\/wp-json\/wp\/v2\/comments?post=709"}],"wp:featuredmedia":[{"embeddable":true,"href":"https:\/\/www.kedali.com\/pt\/wp-json\/wp\/v2\/media\/711"}],"wp:attachment":[{"href":"https:\/\/www.kedali.com\/pt\/wp-json\/wp\/v2\/media?parent=709"}],"wp:term":[{"taxonomy":"product_brand","embeddable":true,"href":"https:\/\/www.kedali.com\/pt\/wp-json\/wp\/v2\/product_brand?post=709"},{"taxonomy":"product_cat","embeddable":true,"href":"https:\/\/www.kedali.com\/pt\/wp-json\/wp\/v2\/product_cat?post=709"},{"taxonomy":"product_tag","embeddable":true,"href":"https:\/\/www.kedali.com\/pt\/wp-json\/wp\/v2\/product_tag?post=709"}],"curies":[{"name":"wp","href":"https:\/\/api.w.org\/{rel}","templated":true}]}}