{"id":779,"date":"2025-10-18T09:03:45","date_gmt":"2025-10-18T09:03:45","guid":{"rendered":"https:\/\/www.kedali.com\/?post_type=product&#038;p=779"},"modified":"2025-11-13T03:29:09","modified_gmt":"2025-11-13T03:29:09","slug":"wholesale-ceramic-beverage-cups","status":"publish","type":"product","link":"https:\/\/www.kedali.com\/pt\/produto\/wholesale-ceramic-beverage-cups\/","title":{"rendered":"Copo de cer\u00e2mica para bebidas com alfabeto e tampa de silicone - V\u00e1rias cores divertidas \u00e0 escolha"},"content":{"rendered":"<div class=\"wp-block-columns is-layout-flex wp-container-core-columns-is-layout-9d6595d7 wp-block-columns-is-layout-flex\">\n<div class=\"wp-block-column is-layout-flow wp-block-column-is-layout-flow\">\n<h3 class=\"wp-block-heading\">Carater\u00edsticas da ch\u00e1vena de cer\u00e2mica<\/h3>\n\n\n\n<ul class=\"wp-block-list\">\n<li><strong>S\u00e9rie Alphabet &amp; Polka Dot Design: <\/strong>Cada ch\u00e1vena de cer\u00e2mica apresenta uma etiqueta com letras distintas (A\/B\/C\/D) em tipografia preta cl\u00e1ssica, enquadrada por elegantes padr\u00f5es de volutas ou vinhas para um toque requintado.<\/li>\n<\/ul>\n\n\n\n<ul class=\"wp-block-list\">\n<li><strong>Paleta de cores brilhantes e harmoniosas: <\/strong>Dispon\u00edvel numa variedade de tons frescos e vibrantes. As combina\u00e7\u00f5es de cores criam uma est\u00e9tica viva e alegre que ilumina qualquer cozinha ou secret\u00e1ria de escrit\u00f3rio.<\/li>\n<\/ul>\n\n\n\n<ul class=\"wp-block-list\">\n<li><strong>Pr\u00e1tica tampa de silicone:<\/strong> Cada ch\u00e1vena de cer\u00e2mica vem com uma tampa de silicone que \u00e9 flex\u00edvel, resistente a fugas e f\u00e1cil de abrir com uma m\u00e3o.<\/li>\n<\/ul>\n\n\n\n<ul class=\"wp-block-list\">\n<li><strong>Pormenores decorativos:<\/strong> Cada ch\u00e1vena de cer\u00e2mica capta um equil\u00edbrio entre requinte e divers\u00e3o, perfeito para oferecer ou desfrutar diariamente.<\/li>\n<\/ul>\n\n\n\n<h3 class=\"wp-block-heading\">Servi\u00e7o personalizado<\/h3>\n\n\n\n<ul class=\"wp-block-list\">\n<li>Suporte OEM e ODM<\/li>\n\n\n\n<li>Entrega r\u00e1pida de amostras.<\/li>\n\n\n\n<li>Fornecer forma personalizada do produto, cor, padr\u00e3o, embalagem e outros servi\u00e7os personalizados.<\/li>\n<\/ul>\n<\/div>\n\n\n\n<div class=\"wp-block-column is-layout-flow wp-block-column-is-layout-flow\">\n<figure class=\"wp-block-image size-full\"><img decoding=\"async\" width=\"750\" height=\"750\" src=\"https:\/\/www.kedali.com\/wp-content\/uploads\/2025\/10\/wholesale-ceramic-cup-5.webp\" alt=\"ta\u00e7a de cer\u00e2mica por atacado 5\" class=\"wp-image-789\" srcset=\"https:\/\/www.kedali.com\/wp-content\/uploads\/2025\/10\/wholesale-ceramic-cup-5.webp 750w, https:\/\/www.kedali.com\/wp-content\/uploads\/2025\/10\/wholesale-ceramic-cup-5-300x300.webp 300w, https:\/\/www.kedali.com\/wp-content\/uploads\/2025\/10\/wholesale-ceramic-cup-5-150x150.webp 150w, https:\/\/www.kedali.com\/wp-content\/uploads\/2025\/10\/wholesale-ceramic-cup-5-600x600.webp 600w, https:\/\/www.kedali.com\/wp-content\/uploads\/2025\/10\/wholesale-ceramic-cup-5-100x100.webp 100w\" sizes=\"(max-width: 750px) 100vw, 750px\" \/><\/figure>\n<\/div>\n<\/div>\n\n\n\n<div class=\"wp-block-columns is-layout-flex wp-container-core-columns-is-layout-9d6595d7 wp-block-columns-is-layout-flex\">\n<div class=\"wp-block-column is-layout-flow wp-block-column-is-layout-flow\">\n<figure class=\"wp-block-image size-full\"><img decoding=\"async\" width=\"800\" height=\"800\" src=\"https:\/\/www.kedali.com\/wp-content\/uploads\/2025\/10\/wholesale-ceramic-cup-3.webp\" alt=\"ta\u00e7a de cer\u00e2mica por atacado 3\" class=\"wp-image-787\" srcset=\"https:\/\/www.kedali.com\/wp-content\/uploads\/2025\/10\/wholesale-ceramic-cup-3.webp 800w, https:\/\/www.kedali.com\/wp-content\/uploads\/2025\/10\/wholesale-ceramic-cup-3-300x300.webp 300w, https:\/\/www.kedali.com\/wp-content\/uploads\/2025\/10\/wholesale-ceramic-cup-3-150x150.webp 150w, https:\/\/www.kedali.com\/wp-content\/uploads\/2025\/10\/wholesale-ceramic-cup-3-768x768.webp 768w, https:\/\/www.kedali.com\/wp-content\/uploads\/2025\/10\/wholesale-ceramic-cup-3-600x600.webp 600w, https:\/\/www.kedali.com\/wp-content\/uploads\/2025\/10\/wholesale-ceramic-cup-3-100x100.webp 100w\" sizes=\"(max-width: 800px) 100vw, 800px\" \/><\/figure>\n<\/div>\n\n\n\n<div class=\"wp-block-column is-layout-flow wp-block-column-is-layout-flow\">\n<figure class=\"wp-block-image size-full\"><img decoding=\"async\" width=\"800\" height=\"800\" src=\"https:\/\/www.kedali.com\/wp-content\/uploads\/2025\/10\/wholesale-ceramic-cup-4.webp\" alt=\"ta\u00e7a de cer\u00e2mica por atacado 4\" class=\"wp-image-788\" srcset=\"https:\/\/www.kedali.com\/wp-content\/uploads\/2025\/10\/wholesale-ceramic-cup-4.webp 800w, https:\/\/www.kedali.com\/wp-content\/uploads\/2025\/10\/wholesale-ceramic-cup-4-300x300.webp 300w, https:\/\/www.kedali.com\/wp-content\/uploads\/2025\/10\/wholesale-ceramic-cup-4-150x150.webp 150w, https:\/\/www.kedali.com\/wp-content\/uploads\/2025\/10\/wholesale-ceramic-cup-4-768x768.webp 768w, https:\/\/www.kedali.com\/wp-content\/uploads\/2025\/10\/wholesale-ceramic-cup-4-600x600.webp 600w, https:\/\/www.kedali.com\/wp-content\/uploads\/2025\/10\/wholesale-ceramic-cup-4-100x100.webp 100w\" sizes=\"(max-width: 800px) 100vw, 800px\" \/><\/figure>\n<\/div>\n<\/div>","protected":false},"excerpt":{"rendered":"<p>Ch\u00e1venas de cer\u00e2mica por grosso. Fabricadas em porcelana dur\u00e1vel com uma tampa de silicone de toque suave, estas ch\u00e1venas combinam um design divertido com a praticidade do dia a dia - ideal para caf\u00e9, ch\u00e1 ou momentos de viagem cheios de personalidade. Contacte-nos para obter um pre\u00e7o de f\u00e1brica!<\/p>\n<h2>Especifica\u00e7\u00f5es do copo de cer\u00e2mica<\/h2>\n<table style=\"border-collapse: collapse; width: 235.03pt;\" border=\"0\" width=\"235\" cellspacing=\"0\" cellpadding=\"0\">\n<tbody>\n<tr style=\"height: 17.00pt;\">\n<td class=\"et2\" style=\"height: 17.00pt; width: 69.55pt;\" width=\"69\" height=\"17\">Marca<\/td>\n<td class=\"et2\" style=\"width: 166.40pt;\" width=\"166\">KDL<\/td>\n<\/tr>\n<tr style=\"height: 17.00pt;\">\n<td class=\"et2\" style=\"height: 17.00pt; width: 69.55pt;\" width=\"69\" height=\"17\">Modelo<\/td>\n<td class=\"et2\" style=\"width: 166.40pt;\" width=\"166\">TBQ945-6+G-A966<\/td>\n<\/tr>\n<tr style=\"height: 17.00pt;\">\n<td class=\"et2\" style=\"height: 17.00pt; width: 69.55pt;\" width=\"69\" height=\"17\">Material<\/td>\n<td class=\"et2\" style=\"width: 166.40pt;\" width=\"166\">cer\u00e2mica<\/td>\n<\/tr>\n<tr style=\"height: 17.00pt;\">\n<td class=\"et2\" style=\"height: 17.00pt; width: 69.55pt;\" width=\"69\" height=\"17\">cor<\/td>\n<td class=\"et2\" style=\"width: 166.40pt;\" width=\"166\">azul\/amarelo\/vermelho<\/td>\n<\/tr>\n<tr style=\"height: 17.00pt;\">\n<td class=\"et2\" style=\"height: 17.00pt; width: 69.55pt;\" width=\"69\" height=\"17\">Aplica\u00e7\u00e3o<\/td>\n<td class=\"et2\" style=\"width: 166.40pt;\" width=\"166\">\n<p>caneca de cer\u00e2mica<\/p>\n<\/td>\n<\/tr>\n<tr style=\"height: 17.00pt;\">\n<td class=\"et2\" style=\"height: 17.00pt; width: 69.55pt;\" width=\"69\" height=\"17\">Carater\u00edstica<\/td>\n<td class=\"et2\" style=\"width: 166.40pt;\" width=\"166\">decalque<\/td>\n<\/tr>\n<tr style=\"height: 17.00pt;\">\n<td class=\"et2\" style=\"height: 17.00pt; width: 69.55pt;\" width=\"69\" height=\"17\">Dimens\u00f5es<\/td>\n<td class=\"et2\" style=\"width: 166.40pt;\" width=\"166\">9,9*9,9*15,2cm<\/td>\n<\/tr>\n<tr style=\"height: 34.00pt;\">\n<td class=\"et2\" style=\"height: 34.00pt; width: 69.55pt;\" width=\"69\" height=\"34\">Peso bruto (kg)<\/td>\n<td class=\"et2\" style=\"width: 166.40pt;\" align=\"right\" width=\"166\">0.4<\/td>\n<\/tr>\n<tr style=\"height: 51.00pt;\">\n<td class=\"et2\" style=\"height: 51.00pt; width: 69.55pt;\" width=\"69\" height=\"51\">Quantidade m\u00ednima de encomenda<\/td>\n<td class=\"et2\" style=\"width: 166.40pt;\" width=\"166\">800 conjuntos<\/td>\n<\/tr>\n<\/tbody>\n<\/table>\n<p>&nbsp;<\/p>\n<p><script src=\"chrome-extension:\/\/fpelahbljekknahkcaegamhcndkfpfnc\/iFrame.js\" type=\"text\/javascript\"><\/script><\/p>\n<p><script src=\"chrome-extension:\/\/fpelahbljekknahkcaegamhcndkfpfnc\/iFrame.js\" type=\"text\/javascript\"><\/script><\/p>","protected":false},"featured_media":788,"comment_status":"closed","ping_status":"closed","template":"","meta":{"_acf_changed":false},"product_brand":[],"product_cat":[21],"product_tag":[],"class_list":{"0":"post-779","1":"product","2":"type-product","3":"status-publish","4":"has-post-thumbnail","6":"product_cat-wholesale-ceramic-mugs-and-cups","8":"first","9":"instock","10":"shipping-taxable","11":"product-type-simple"},"acf":[],"_links":{"self":[{"href":"https:\/\/www.kedali.com\/pt\/wp-json\/wp\/v2\/product\/779","targetHints":{"allow":["GET"]}}],"collection":[{"href":"https:\/\/www.kedali.com\/pt\/wp-json\/wp\/v2\/product"}],"about":[{"href":"https:\/\/www.kedali.com\/pt\/wp-json\/wp\/v2\/types\/product"}],"replies":[{"embeddable":true,"href":"https:\/\/www.kedali.com\/pt\/wp-json\/wp\/v2\/comments?post=779"}],"wp:featuredmedia":[{"embeddable":true,"href":"https:\/\/www.kedali.com\/pt\/wp-json\/wp\/v2\/media\/788"}],"wp:attachment":[{"href":"https:\/\/www.kedali.com\/pt\/wp-json\/wp\/v2\/media?parent=779"}],"wp:term":[{"taxonomy":"product_brand","embeddable":true,"href":"https:\/\/www.kedali.com\/pt\/wp-json\/wp\/v2\/product_brand?post=779"},{"taxonomy":"product_cat","embeddable":true,"href":"https:\/\/www.kedali.com\/pt\/wp-json\/wp\/v2\/product_cat?post=779"},{"taxonomy":"product_tag","embeddable":true,"href":"https:\/\/www.kedali.com\/pt\/wp-json\/wp\/v2\/product_tag?post=779"}],"curies":[{"name":"wp","href":"https:\/\/api.w.org\/{rel}","templated":true}]}}