{"id":797,"date":"2025-10-18T09:58:56","date_gmt":"2025-10-18T09:58:56","guid":{"rendered":"https:\/\/www.kedali.com\/?post_type=product&#038;p=797"},"modified":"2025-11-13T03:34:58","modified_gmt":"2025-11-13T03:34:58","slug":"bulk-ceramic-mugs-supply","status":"publish","type":"product","link":"https:\/\/www.kedali.com\/pt\/produto\/bulk-ceramic-mugs-supply\/","title":{"rendered":"Canecas de cer\u00e2mica a granel com padr\u00e3o de folhas do alfabeto - Fornecedor de canecas de cer\u00e2mica divertidas"},"content":{"rendered":"<div class=\"wp-block-columns is-layout-flex wp-container-core-columns-is-layout-9d6595d7 wp-block-columns-is-layout-flex\">\n<div class=\"wp-block-column is-layout-flow wp-block-column-is-layout-flow\">\n<h3 class=\"wp-block-heading\">Carater\u00edsticas das canecas de cer\u00e2mica<\/h3>\n\n\n\n<ul class=\"wp-block-list\">\n<li><strong>Alphabet &amp; Leaf Pattern<\/strong>: Each ceramic cup showcases a central capital letter in refined artistic typography, surrounded by symmetrical black leafy motifs. Simple yet expressive.<\/li>\n<\/ul>\n\n\n\n<ul class=\"wp-block-list\">\n<li><strong>Cabo ergon\u00f3mico: <\/strong>The dark C-shaped handle, available in matte or glossy finish, provides a firm and comfortable grip, ensuring everyday practicality with aesthetic consistency.<\/li>\n<\/ul>\n\n\n\n<ul class=\"wp-block-list\">\n<li><strong>Premium Ceramic:<\/strong> Made from high-quality white ceramic, the cup&#8217;s surface is smooth, glazed, and slightly glossy, offering a timeless, minimalist look.<\/li>\n<\/ul>\n\n\n\n<ul class=\"wp-block-list\">\n<li><strong>Unified Series, Unique Identity:<\/strong> Each ceramic cup retains the same artistic theme, striking the perfect balance between individuality and visual unity. <\/li>\n<\/ul>\n\n\n\n<h3 class=\"wp-block-heading\">Servi\u00e7o personalizado<\/h3>\n\n\n\n<ul class=\"wp-block-list\">\n<li>Suporte OEM e ODM<\/li>\n\n\n\n<li>Entrega r\u00e1pida de amostras.<\/li>\n\n\n\n<li>Fornecer forma personalizada do produto, cor, padr\u00e3o, embalagem e outros servi\u00e7os personalizados.<\/li>\n<\/ul>\n<\/div>\n\n\n\n<div class=\"wp-block-column is-layout-flow wp-block-column-is-layout-flow\">\n<figure class=\"wp-block-image size-full\"><img decoding=\"async\" width=\"1328\" height=\"1328\" src=\"https:\/\/www.kedali.com\/wp-content\/uploads\/2025\/10\/bulk-ceramic-cup-wholeslaer-4.webp\" alt=\"copo de cer\u00e2mica a granel grossista 4\" class=\"wp-image-801\" srcset=\"https:\/\/www.kedali.com\/wp-content\/uploads\/2025\/10\/bulk-ceramic-cup-wholeslaer-4.webp 1328w, https:\/\/www.kedali.com\/wp-content\/uploads\/2025\/10\/bulk-ceramic-cup-wholeslaer-4-300x300.webp 300w, https:\/\/www.kedali.com\/wp-content\/uploads\/2025\/10\/bulk-ceramic-cup-wholeslaer-4-150x150.webp 150w, https:\/\/www.kedali.com\/wp-content\/uploads\/2025\/10\/bulk-ceramic-cup-wholeslaer-4-768x768.webp 768w, https:\/\/www.kedali.com\/wp-content\/uploads\/2025\/10\/bulk-ceramic-cup-wholeslaer-4-1200x1200.webp 1200w, https:\/\/www.kedali.com\/wp-content\/uploads\/2025\/10\/bulk-ceramic-cup-wholeslaer-4-600x600.webp 600w, https:\/\/www.kedali.com\/wp-content\/uploads\/2025\/10\/bulk-ceramic-cup-wholeslaer-4-100x100.webp 100w\" sizes=\"(max-width: 1328px) 100vw, 1328px\" \/><\/figure>\n<\/div>\n<\/div>\n\n\n\n<div class=\"wp-block-columns is-layout-flex wp-container-core-columns-is-layout-9d6595d7 wp-block-columns-is-layout-flex\">\n<div class=\"wp-block-column is-layout-flow wp-block-column-is-layout-flow\">\n<figure class=\"wp-block-image size-full\"><img decoding=\"async\" width=\"1328\" height=\"1328\" src=\"https:\/\/www.kedali.com\/wp-content\/uploads\/2025\/10\/bulk-ceramic-cup-wholeslaer-3.webp\" alt=\"bulk ceramic cup wholeslaer 3\" class=\"wp-image-800\" srcset=\"https:\/\/www.kedali.com\/wp-content\/uploads\/2025\/10\/bulk-ceramic-cup-wholeslaer-3.webp 1328w, https:\/\/www.kedali.com\/wp-content\/uploads\/2025\/10\/bulk-ceramic-cup-wholeslaer-3-300x300.webp 300w, https:\/\/www.kedali.com\/wp-content\/uploads\/2025\/10\/bulk-ceramic-cup-wholeslaer-3-150x150.webp 150w, https:\/\/www.kedali.com\/wp-content\/uploads\/2025\/10\/bulk-ceramic-cup-wholeslaer-3-768x768.webp 768w, https:\/\/www.kedali.com\/wp-content\/uploads\/2025\/10\/bulk-ceramic-cup-wholeslaer-3-1200x1200.webp 1200w, https:\/\/www.kedali.com\/wp-content\/uploads\/2025\/10\/bulk-ceramic-cup-wholeslaer-3-600x600.webp 600w, https:\/\/www.kedali.com\/wp-content\/uploads\/2025\/10\/bulk-ceramic-cup-wholeslaer-3-100x100.webp 100w\" sizes=\"(max-width: 1328px) 100vw, 1328px\" \/><\/figure>\n<\/div>\n\n\n\n<div class=\"wp-block-column is-layout-flow wp-block-column-is-layout-flow\">\n<figure class=\"wp-block-image size-full\"><img decoding=\"async\" width=\"1328\" height=\"1328\" src=\"https:\/\/www.kedali.com\/wp-content\/uploads\/2025\/10\/bulk-ceramic-cup-wholeslaer-1.webp\" alt=\"bulk ceramic cup wholeslaer 1\" class=\"wp-image-798\" srcset=\"https:\/\/www.kedali.com\/wp-content\/uploads\/2025\/10\/bulk-ceramic-cup-wholeslaer-1.webp 1328w, https:\/\/www.kedali.com\/wp-content\/uploads\/2025\/10\/bulk-ceramic-cup-wholeslaer-1-300x300.webp 300w, https:\/\/www.kedali.com\/wp-content\/uploads\/2025\/10\/bulk-ceramic-cup-wholeslaer-1-150x150.webp 150w, https:\/\/www.kedali.com\/wp-content\/uploads\/2025\/10\/bulk-ceramic-cup-wholeslaer-1-768x768.webp 768w, https:\/\/www.kedali.com\/wp-content\/uploads\/2025\/10\/bulk-ceramic-cup-wholeslaer-1-1200x1200.webp 1200w, https:\/\/www.kedali.com\/wp-content\/uploads\/2025\/10\/bulk-ceramic-cup-wholeslaer-1-600x600.webp 600w, https:\/\/www.kedali.com\/wp-content\/uploads\/2025\/10\/bulk-ceramic-cup-wholeslaer-1-100x100.webp 100w\" sizes=\"(max-width: 1328px) 100vw, 1328px\" \/><\/figure>\n<\/div>\n<\/div>","protected":false},"excerpt":{"rendered":"<p>Ch\u00e1venas de cer\u00e2mica com o alfabeto por grosso. Cada ch\u00e1vena de cer\u00e2mica apresenta uma letra mai\u00fascula arrojada rodeada por uma elegante folhagem preta, combinando a personaliza\u00e7\u00e3o com a est\u00e9tica natural. Como uma f\u00e1brica de cer\u00e2mica, apoiamos OEM e ODM. Obtenha um or\u00e7amento por grosso agora!<\/p>\n<h2>Especifica\u00e7\u00f5es da Caneca de cer\u00e2mica<\/h2>\n<table width=\"235\">\n<tbody>\n<tr>\n<td width=\"69\">Marca<\/td>\n<td width=\"166\">KDL<\/td>\n<\/tr>\n<tr>\n<td width=\"69\">Modelo<\/td>\n<td width=\"166\">TBQL101-5<\/td>\n<\/tr>\n<tr>\n<td width=\"69\">Material<\/td>\n<td width=\"166\">cer\u00e2mica<\/td>\n<\/tr>\n<tr>\n<td width=\"69\">cor<\/td>\n<td width=\"166\">branco<\/td>\n<\/tr>\n<tr>\n<td width=\"69\">Aplica\u00e7\u00e3o<\/td>\n<td width=\"166\">ch\u00e1vena de cer\u00e2mica<\/td>\n<\/tr>\n<tr>\n<td width=\"69\">Carater\u00edstica<\/td>\n<td width=\"166\">decalque<\/td>\n<\/tr>\n<tr>\n<td width=\"69\">Dimens\u00f5es<\/td>\n<td width=\"166\">12,5*9*9,5cm \/ 8,5*6*6,4cm\u00a0<\/td>\n<\/tr>\n<tr>\n<td width=\"69\">Peso bruto (kg)<\/td>\n<td width=\"166\">0.32\/0.1<\/td>\n<\/tr>\n<tr>\n<td width=\"69\">Quantidade m\u00ednima de encomenda<\/td>\n<td width=\"166\">800 conjuntos<\/td>\n<\/tr>\n<\/tbody>\n<\/table>\n<p>&nbsp;<\/p>\n<p><script src=\"chrome-extension:\/\/fpelahbljekknahkcaegamhcndkfpfnc\/iFrame.js\" type=\"text\/javascript\"><\/script><\/p>","protected":false},"featured_media":799,"comment_status":"closed","ping_status":"closed","template":"","meta":{"_acf_changed":false},"product_brand":[],"product_cat":[21],"product_tag":[],"class_list":{"0":"post-797","1":"product","2":"type-product","3":"status-publish","4":"has-post-thumbnail","6":"product_cat-wholesale-ceramic-mugs-and-cups","8":"first","9":"instock","10":"shipping-taxable","11":"product-type-simple"},"acf":[],"_links":{"self":[{"href":"https:\/\/www.kedali.com\/pt\/wp-json\/wp\/v2\/product\/797","targetHints":{"allow":["GET"]}}],"collection":[{"href":"https:\/\/www.kedali.com\/pt\/wp-json\/wp\/v2\/product"}],"about":[{"href":"https:\/\/www.kedali.com\/pt\/wp-json\/wp\/v2\/types\/product"}],"replies":[{"embeddable":true,"href":"https:\/\/www.kedali.com\/pt\/wp-json\/wp\/v2\/comments?post=797"}],"wp:featuredmedia":[{"embeddable":true,"href":"https:\/\/www.kedali.com\/pt\/wp-json\/wp\/v2\/media\/799"}],"wp:attachment":[{"href":"https:\/\/www.kedali.com\/pt\/wp-json\/wp\/v2\/media?parent=797"}],"wp:term":[{"taxonomy":"product_brand","embeddable":true,"href":"https:\/\/www.kedali.com\/pt\/wp-json\/wp\/v2\/product_brand?post=797"},{"taxonomy":"product_cat","embeddable":true,"href":"https:\/\/www.kedali.com\/pt\/wp-json\/wp\/v2\/product_cat?post=797"},{"taxonomy":"product_tag","embeddable":true,"href":"https:\/\/www.kedali.com\/pt\/wp-json\/wp\/v2\/product_tag?post=797"}],"curies":[{"name":"wp","href":"https:\/\/api.w.org\/{rel}","templated":true}]}}