{"id":917,"date":"2025-10-05T09:03:27","date_gmt":"2025-10-05T09:03:27","guid":{"rendered":"https:\/\/www.kedali.com\/?post_type=product&#038;p=917"},"modified":"2025-11-13T02:49:19","modified_gmt":"2025-11-13T02:49:19","slug":"bulk-classic-ceramic-coffee-cup-supply","status":"publish","type":"product","link":"https:\/\/www.kedali.com\/pt\/produto\/bulk-classic-ceramic-coffee-cup-supply\/","title":{"rendered":"Fornecimento de ch\u00e1venas de caf\u00e9 em cer\u00e2mica cl\u00e1ssica a granel - com pega dourada elegante"},"content":{"rendered":"<div class=\"wp-block-columns is-layout-flex wp-container-core-columns-is-layout-9d6595d7 wp-block-columns-is-layout-flex\">\n<div class=\"wp-block-column is-layout-flow wp-block-column-is-layout-flow\">\n<h3 class=\"wp-block-heading\">Carater\u00edsticas da ch\u00e1vena de caf\u00e9 em cer\u00e2mica<\/h3>\n\n\n\n<ul class=\"wp-block-list\">\n<li><strong>Design da pega dourada: <\/strong>Cada ch\u00e1vena de caf\u00e9 em cer\u00e2mica \u00e9 fornecida com uma pega em metal dourado com formas \u00fanicas - desde an\u00e9is circulares a barras geom\u00e9tricas e esferas minimalistas, acrescentando um toque de luxo e um toque art\u00edstico.<\/li>\n<\/ul>\n\n\n\n<ul class=\"wp-block-list\">\n<li><strong>Cer\u00e2mica lisa Acabamento:<\/strong> Fabricadas em cer\u00e2mica vidrada de primeira qualidade, as ch\u00e1venas de caf\u00e9 em cer\u00e2mica s\u00e3o suaves ao toque, f\u00e1ceis de limpar e altamente dur\u00e1veis. <\/li>\n<\/ul>\n\n\n\n<ul class=\"wp-block-list\">\n<li><strong>Forma moderna e design ergon\u00f3mico: <\/strong>Com silhuetas cil\u00edndricas suavemente arredondadas, cada ch\u00e1vena oferece uma pega confort\u00e1vel e um peso equilibrado. <\/li>\n<\/ul>\n\n\n\n<ul class=\"wp-block-list\">\n<li><strong>Elegante para qualquer ocasi\u00e3o: <\/strong>Dos momentos de pequeno-almo\u00e7o ao ch\u00e1 da tarde, esta ch\u00e1vena de caf\u00e9 em cer\u00e2mica complementa os interiores minimalistas, n\u00f3rdicos ou contempor\u00e2neos.<\/li>\n<\/ul>\n\n\n\n<h3 class=\"wp-block-heading\">Servi\u00e7o personalizado<\/h3>\n\n\n\n<ul class=\"wp-block-list\">\n<li>Suporte OEM e ODM<\/li>\n\n\n\n<li>Entrega r\u00e1pida de amostras.<\/li>\n\n\n\n<li>Fornecer forma personalizada do produto, cor, padr\u00e3o, embalagem e outros servi\u00e7os personalizados.<\/li>\n<\/ul>\n<\/div>\n\n\n\n<div class=\"wp-block-column is-layout-flow wp-block-column-is-layout-flow\">\n<figure class=\"wp-block-image size-full\"><img decoding=\"async\" width=\"800\" height=\"800\" src=\"https:\/\/www.kedali.com\/wp-content\/uploads\/2025\/11\/bulk-elegant-ceramic-coffee-cup-6.webp\" alt=\"ch\u00e1vena de caf\u00e9 de cer\u00e2mica elegante a granel 6\" class=\"wp-image-923\" srcset=\"https:\/\/www.kedali.com\/wp-content\/uploads\/2025\/11\/bulk-elegant-ceramic-coffee-cup-6.webp 800w, https:\/\/www.kedali.com\/wp-content\/uploads\/2025\/11\/bulk-elegant-ceramic-coffee-cup-6-300x300.webp 300w, https:\/\/www.kedali.com\/wp-content\/uploads\/2025\/11\/bulk-elegant-ceramic-coffee-cup-6-150x150.webp 150w, https:\/\/www.kedali.com\/wp-content\/uploads\/2025\/11\/bulk-elegant-ceramic-coffee-cup-6-768x768.webp 768w, https:\/\/www.kedali.com\/wp-content\/uploads\/2025\/11\/bulk-elegant-ceramic-coffee-cup-6-600x600.webp 600w, https:\/\/www.kedali.com\/wp-content\/uploads\/2025\/11\/bulk-elegant-ceramic-coffee-cup-6-100x100.webp 100w\" sizes=\"(max-width: 800px) 100vw, 800px\" \/><\/figure>\n<\/div>\n<\/div>\n\n\n\n<div class=\"wp-block-columns is-layout-flex wp-container-core-columns-is-layout-9d6595d7 wp-block-columns-is-layout-flex\">\n<div class=\"wp-block-column is-layout-flow wp-block-column-is-layout-flow\">\n<figure class=\"wp-block-image size-full\"><img decoding=\"async\" width=\"800\" height=\"800\" src=\"https:\/\/www.kedali.com\/wp-content\/uploads\/2025\/11\/bulk-elegant-ceramic-coffee-cup-5.webp\" alt=\"ch\u00e1vena de caf\u00e9 de cer\u00e2mica elegante a granel 5\" class=\"wp-image-922\" srcset=\"https:\/\/www.kedali.com\/wp-content\/uploads\/2025\/11\/bulk-elegant-ceramic-coffee-cup-5.webp 800w, https:\/\/www.kedali.com\/wp-content\/uploads\/2025\/11\/bulk-elegant-ceramic-coffee-cup-5-300x300.webp 300w, https:\/\/www.kedali.com\/wp-content\/uploads\/2025\/11\/bulk-elegant-ceramic-coffee-cup-5-150x150.webp 150w, https:\/\/www.kedali.com\/wp-content\/uploads\/2025\/11\/bulk-elegant-ceramic-coffee-cup-5-768x768.webp 768w, https:\/\/www.kedali.com\/wp-content\/uploads\/2025\/11\/bulk-elegant-ceramic-coffee-cup-5-600x600.webp 600w, https:\/\/www.kedali.com\/wp-content\/uploads\/2025\/11\/bulk-elegant-ceramic-coffee-cup-5-100x100.webp 100w\" sizes=\"(max-width: 800px) 100vw, 800px\" \/><\/figure>\n<\/div>\n\n\n\n<div class=\"wp-block-column is-layout-flow wp-block-column-is-layout-flow\">\n<figure class=\"wp-block-image size-full\"><img decoding=\"async\" width=\"800\" height=\"800\" src=\"https:\/\/www.kedali.com\/wp-content\/uploads\/2025\/11\/bulk-elegant-ceramic-coffee-cup-3.webp\" alt=\"ch\u00e1vena de caf\u00e9 de cer\u00e2mica elegante a granel 3\" class=\"wp-image-920\" srcset=\"https:\/\/www.kedali.com\/wp-content\/uploads\/2025\/11\/bulk-elegant-ceramic-coffee-cup-3.webp 800w, https:\/\/www.kedali.com\/wp-content\/uploads\/2025\/11\/bulk-elegant-ceramic-coffee-cup-3-300x300.webp 300w, https:\/\/www.kedali.com\/wp-content\/uploads\/2025\/11\/bulk-elegant-ceramic-coffee-cup-3-150x150.webp 150w, https:\/\/www.kedali.com\/wp-content\/uploads\/2025\/11\/bulk-elegant-ceramic-coffee-cup-3-768x768.webp 768w, https:\/\/www.kedali.com\/wp-content\/uploads\/2025\/11\/bulk-elegant-ceramic-coffee-cup-3-600x600.webp 600w, https:\/\/www.kedali.com\/wp-content\/uploads\/2025\/11\/bulk-elegant-ceramic-coffee-cup-3-100x100.webp 100w\" sizes=\"(max-width: 800px) 100vw, 800px\" \/><\/figure>\n<\/div>\n<\/div>","protected":false},"excerpt":{"rendered":"<p>Ch\u00e1venas de caf\u00e9 em cer\u00e2mica por grosso. A nossa ch\u00e1vena de caf\u00e9 em cer\u00e2mica apresenta acabamentos vidrados suaves, op\u00e7\u00f5es de cores ricas e pegas douradas luxuosas. Perfeitas para caf\u00e9s em casa, escrit\u00f3rios ou presentes atenciosos - onde o estilo encontra a fun\u00e7\u00e3o. Obtenha o seu or\u00e7amento agora!<\/p>\n<h2>Especifica\u00e7\u00f5es da Ch\u00e1vena de caf\u00e9 em cer\u00e2mica<\/h2>\n<table width=\"235\">\n<tbody>\n<tr>\n<td width=\"69\">Marca<\/td>\n<td width=\"166\">KDL<\/td>\n<\/tr>\n<tr>\n<td width=\"69\">Modelo<\/td>\n<td width=\"166\">TBS588<\/td>\n<\/tr>\n<tr>\n<td width=\"69\">Material<\/td>\n<td width=\"166\">cer\u00e2mica<\/td>\n<\/tr>\n<tr>\n<td width=\"69\">cor<\/td>\n<td width=\"166\">personalizado<\/td>\n<\/tr>\n<tr>\n<td width=\"69\">Aplica\u00e7\u00e3o<\/td>\n<td width=\"166\">ch\u00e1vena de caf\u00e9 em cer\u00e2mica<\/td>\n<\/tr>\n<tr>\n<td width=\"69\">Carater\u00edstica<\/td>\n<td width=\"166\">vidrado a cores<\/td>\n<\/tr>\n<tr>\n<td width=\"69\">Dimens\u00f5es<\/td>\n<td width=\"166\">11,7*8,2*9,1cm<\/td>\n<\/tr>\n<tr>\n<td width=\"69\">Peso bruto (kg)<\/td>\n<td width=\"166\">0.33<\/td>\n<\/tr>\n<tr>\n<td width=\"69\">Quantidade m\u00ednima de encomenda<\/td>\n<td width=\"166\">800 conjuntos<\/td>\n<\/tr>\n<\/tbody>\n<\/table>\n<p>&nbsp;<\/p>\n<p><script src=\"chrome-extension:\/\/fpelahbljekknahkcaegamhcndkfpfnc\/iFrame.js\" type=\"text\/javascript\"><\/script><\/p>","protected":false},"featured_media":918,"comment_status":"closed","ping_status":"closed","template":"","meta":{"_acf_changed":false},"product_brand":[],"product_cat":[21],"product_tag":[],"class_list":{"0":"post-917","1":"product","2":"type-product","3":"status-publish","4":"has-post-thumbnail","6":"product_cat-wholesale-ceramic-mugs-and-cups","8":"first","9":"instock","10":"shipping-taxable","11":"product-type-simple"},"acf":[],"_links":{"self":[{"href":"https:\/\/www.kedali.com\/pt\/wp-json\/wp\/v2\/product\/917","targetHints":{"allow":["GET"]}}],"collection":[{"href":"https:\/\/www.kedali.com\/pt\/wp-json\/wp\/v2\/product"}],"about":[{"href":"https:\/\/www.kedali.com\/pt\/wp-json\/wp\/v2\/types\/product"}],"replies":[{"embeddable":true,"href":"https:\/\/www.kedali.com\/pt\/wp-json\/wp\/v2\/comments?post=917"}],"wp:featuredmedia":[{"embeddable":true,"href":"https:\/\/www.kedali.com\/pt\/wp-json\/wp\/v2\/media\/918"}],"wp:attachment":[{"href":"https:\/\/www.kedali.com\/pt\/wp-json\/wp\/v2\/media?parent=917"}],"wp:term":[{"taxonomy":"product_brand","embeddable":true,"href":"https:\/\/www.kedali.com\/pt\/wp-json\/wp\/v2\/product_brand?post=917"},{"taxonomy":"product_cat","embeddable":true,"href":"https:\/\/www.kedali.com\/pt\/wp-json\/wp\/v2\/product_cat?post=917"},{"taxonomy":"product_tag","embeddable":true,"href":"https:\/\/www.kedali.com\/pt\/wp-json\/wp\/v2\/product_tag?post=917"}],"curies":[{"name":"wp","href":"https:\/\/api.w.org\/{rel}","templated":true}]}}