{"id":940,"date":"2025-10-05T08:53:46","date_gmt":"2025-10-05T08:53:46","guid":{"rendered":"https:\/\/www.kedali.com\/?post_type=product&#038;p=940"},"modified":"2025-11-13T02:47:03","modified_gmt":"2025-11-13T02:47:03","slug":"wholesale-cute-ceramic-mugs","status":"publish","type":"product","link":"https:\/\/www.kedali.com\/pt\/produto\/wholesale-cute-ceramic-mugs\/","title":{"rendered":"Canecas de cer\u00e2mica bonitas por atacado - Empilh\u00e1veis"},"content":{"rendered":"<div class=\"wp-block-columns is-layout-flex wp-container-core-columns-is-layout-9d6595d7 wp-block-columns-is-layout-flex\">\n<div class=\"wp-block-column is-layout-flow wp-block-column-is-layout-flow\">\n<h3 class=\"wp-block-heading\">Carater\u00edsticas da Caneca de Cer\u00e2mica Fofa<\/h3>\n\n\n\n<ul class=\"wp-block-list\">\n<li><strong>Design inspirado na natureza: <\/strong>Cada caneca inspira-se em elementos da natureza. As frases em ingl\u00eas, escritas \u00e0 m\u00e3o, transmitem otimismo e calor emocional, misturando arte e vida quotidiana.<\/li>\n<\/ul>\n\n\n\n<ul class=\"wp-block-list\">\n<li><strong>Formas criativas de pegas: <\/strong>As pegas s\u00e3o apresentadas em silhuetas divertidas, acrescentando conforto e individualidade. O seu design arredondado e ergon\u00f3mico garante uma ader\u00eancia confort\u00e1vel, transformando uma simples pausa para o caf\u00e9 num momento de prazer t\u00e1til.<\/li>\n<\/ul>\n\n\n\n<ul class=\"wp-block-list\">\n<li><strong>Cole\u00e7\u00e3o unificada com variedade l\u00fadica: <\/strong>Cada caneca de cer\u00e2mica tem o seu pr\u00f3prio padr\u00e3o e mensagem, mas partilha a mesma linguagem de design. Perfeita para oferecer, colecionar ou partilhar o caf\u00e9 da manh\u00e3 com os seus entes queridos.<\/li>\n<\/ul>\n\n\n\n<ul class=\"wp-block-list\">\n<li><strong>Cer\u00e2mica lisa Artesanato: <\/strong>Fabricadas em cer\u00e2mica de alta qualidade com um esmalte fino e brilhante, estas canecas s\u00e3o suaves ao toque, f\u00e1ceis de limpar e visualmente requintadas.<\/li>\n<\/ul>\n\n\n\n<h3 class=\"wp-block-heading\">Servi\u00e7o personalizado<\/h3>\n\n\n\n<ul class=\"wp-block-list\">\n<li>Suporte OEM e ODM<\/li>\n\n\n\n<li>Entrega r\u00e1pida de amostras.<\/li>\n\n\n\n<li>Fornecer forma personalizada do produto, cor, padr\u00e3o, embalagem e outros servi\u00e7os personalizados.<\/li>\n<\/ul>\n<\/div>\n\n\n\n<div class=\"wp-block-column is-layout-flow wp-block-column-is-layout-flow\">\n<figure class=\"wp-block-image size-full\"><img decoding=\"async\" width=\"800\" height=\"800\" src=\"https:\/\/www.kedali.com\/wp-content\/uploads\/2025\/11\/bulk-cute-ceramic-mug-7.webp\" alt=\"caneca de cer\u00e2mica bonita a granel 7\" class=\"wp-image-947\" srcset=\"https:\/\/www.kedali.com\/wp-content\/uploads\/2025\/11\/bulk-cute-ceramic-mug-7.webp 800w, https:\/\/www.kedali.com\/wp-content\/uploads\/2025\/11\/bulk-cute-ceramic-mug-7-300x300.webp 300w, https:\/\/www.kedali.com\/wp-content\/uploads\/2025\/11\/bulk-cute-ceramic-mug-7-150x150.webp 150w, https:\/\/www.kedali.com\/wp-content\/uploads\/2025\/11\/bulk-cute-ceramic-mug-7-768x768.webp 768w, https:\/\/www.kedali.com\/wp-content\/uploads\/2025\/11\/bulk-cute-ceramic-mug-7-600x600.webp 600w, https:\/\/www.kedali.com\/wp-content\/uploads\/2025\/11\/bulk-cute-ceramic-mug-7-100x100.webp 100w\" sizes=\"(max-width: 800px) 100vw, 800px\" \/><\/figure>\n<\/div>\n<\/div>\n\n\n\n<div class=\"wp-block-columns is-layout-flex wp-container-core-columns-is-layout-9d6595d7 wp-block-columns-is-layout-flex\">\n<div class=\"wp-block-column is-layout-flow wp-block-column-is-layout-flow\">\n<figure class=\"wp-block-image size-full\"><img decoding=\"async\" width=\"800\" height=\"800\" src=\"https:\/\/www.kedali.com\/wp-content\/uploads\/2025\/11\/bulk-cute-ceramic-mug-5.webp\" alt=\"caneca de cer\u00e2mica bonita a granel 5\" class=\"wp-image-945\" srcset=\"https:\/\/www.kedali.com\/wp-content\/uploads\/2025\/11\/bulk-cute-ceramic-mug-5.webp 800w, https:\/\/www.kedali.com\/wp-content\/uploads\/2025\/11\/bulk-cute-ceramic-mug-5-300x300.webp 300w, https:\/\/www.kedali.com\/wp-content\/uploads\/2025\/11\/bulk-cute-ceramic-mug-5-150x150.webp 150w, https:\/\/www.kedali.com\/wp-content\/uploads\/2025\/11\/bulk-cute-ceramic-mug-5-768x768.webp 768w, https:\/\/www.kedali.com\/wp-content\/uploads\/2025\/11\/bulk-cute-ceramic-mug-5-600x600.webp 600w, https:\/\/www.kedali.com\/wp-content\/uploads\/2025\/11\/bulk-cute-ceramic-mug-5-100x100.webp 100w\" sizes=\"(max-width: 800px) 100vw, 800px\" \/><\/figure>\n<\/div>\n\n\n\n<div class=\"wp-block-column is-layout-flow wp-block-column-is-layout-flow\">\n<figure class=\"wp-block-image size-full\"><img decoding=\"async\" width=\"800\" height=\"800\" src=\"https:\/\/www.kedali.com\/wp-content\/uploads\/2025\/11\/bulk-cute-ceramic-mug-6.webp\" alt=\"caneca de cer\u00e2mica fofa a granel 6\" class=\"wp-image-946\" srcset=\"https:\/\/www.kedali.com\/wp-content\/uploads\/2025\/11\/bulk-cute-ceramic-mug-6.webp 800w, https:\/\/www.kedali.com\/wp-content\/uploads\/2025\/11\/bulk-cute-ceramic-mug-6-300x300.webp 300w, https:\/\/www.kedali.com\/wp-content\/uploads\/2025\/11\/bulk-cute-ceramic-mug-6-150x150.webp 150w, https:\/\/www.kedali.com\/wp-content\/uploads\/2025\/11\/bulk-cute-ceramic-mug-6-768x768.webp 768w, https:\/\/www.kedali.com\/wp-content\/uploads\/2025\/11\/bulk-cute-ceramic-mug-6-600x600.webp 600w, https:\/\/www.kedali.com\/wp-content\/uploads\/2025\/11\/bulk-cute-ceramic-mug-6-100x100.webp 100w\" sizes=\"(max-width: 800px) 100vw, 800px\" \/><\/figure>\n<\/div>\n<\/div>","protected":false},"excerpt":{"rendered":"<p>Venda por grosso de canecas de cer\u00e2mica giras, empilh\u00e1veis. Cada caneca de cer\u00e2mica apresenta motivos divertidos da natureza combinados com cita\u00e7\u00f5es edificantes que despertam o calor e a positividade. Com o seu acabamento em cer\u00e2mica lisa e pegas de forma \u00fanica, esta cole\u00e7\u00e3o celebra as alegrias simples da vida em cada gole. Os grossistas e retalhistas podem fazer encomendas a granel.<\/p>\n<h2>Especifica\u00e7\u00f5es da Caneca de cer\u00e2mica<\/h2>\n<table width=\"235\">\n<tbody>\n<tr>\n<td width=\"69\">Marca<\/td>\n<td width=\"166\">KDL<\/td>\n<\/tr>\n<tr>\n<td width=\"69\">Modelo<\/td>\n<td width=\"166\">TBS1726-5AW-B031<\/td>\n<\/tr>\n<tr>\n<td width=\"69\">Material<\/td>\n<td width=\"166\">cer\u00e2mica<\/td>\n<\/tr>\n<tr>\n<td width=\"69\">cor<\/td>\n<td width=\"166\">personalizado<\/td>\n<\/tr>\n<tr>\n<td width=\"69\">Aplica\u00e7\u00e3o<\/td>\n<td width=\"166\">caneca de cer\u00e2mica<\/td>\n<\/tr>\n<tr>\n<td width=\"69\">Carater\u00edstica<\/td>\n<td width=\"166\">vidrado a cores<\/td>\n<\/tr>\n<tr>\n<td width=\"69\">Dimens\u00f5es<\/td>\n<td width=\"166\">12,9*9*8,5cm<\/td>\n<\/tr>\n<tr>\n<td width=\"69\">Peso bruto (kg)<\/td>\n<td width=\"166\">0.32<\/td>\n<\/tr>\n<tr>\n<td width=\"69\">Quantidade m\u00ednima de encomenda<\/td>\n<td width=\"166\">800 conjuntos<\/td>\n<\/tr>\n<\/tbody>\n<\/table>\n<p>&nbsp;<\/p>\n<p><script src=\"chrome-extension:\/\/fpelahbljekknahkcaegamhcndkfpfnc\/iFrame.js\" type=\"text\/javascript\"><\/script><\/p>","protected":false},"featured_media":944,"comment_status":"closed","ping_status":"closed","template":"","meta":{"_acf_changed":false},"product_brand":[],"product_cat":[21],"product_tag":[],"class_list":{"0":"post-940","1":"product","2":"type-product","3":"status-publish","4":"has-post-thumbnail","6":"product_cat-wholesale-ceramic-mugs-and-cups","8":"first","9":"instock","10":"shipping-taxable","11":"product-type-simple"},"acf":[],"_links":{"self":[{"href":"https:\/\/www.kedali.com\/pt\/wp-json\/wp\/v2\/product\/940","targetHints":{"allow":["GET"]}}],"collection":[{"href":"https:\/\/www.kedali.com\/pt\/wp-json\/wp\/v2\/product"}],"about":[{"href":"https:\/\/www.kedali.com\/pt\/wp-json\/wp\/v2\/types\/product"}],"replies":[{"embeddable":true,"href":"https:\/\/www.kedali.com\/pt\/wp-json\/wp\/v2\/comments?post=940"}],"wp:featuredmedia":[{"embeddable":true,"href":"https:\/\/www.kedali.com\/pt\/wp-json\/wp\/v2\/media\/944"}],"wp:attachment":[{"href":"https:\/\/www.kedali.com\/pt\/wp-json\/wp\/v2\/media?parent=940"}],"wp:term":[{"taxonomy":"product_brand","embeddable":true,"href":"https:\/\/www.kedali.com\/pt\/wp-json\/wp\/v2\/product_brand?post=940"},{"taxonomy":"product_cat","embeddable":true,"href":"https:\/\/www.kedali.com\/pt\/wp-json\/wp\/v2\/product_cat?post=940"},{"taxonomy":"product_tag","embeddable":true,"href":"https:\/\/www.kedali.com\/pt\/wp-json\/wp\/v2\/product_tag?post=940"}],"curies":[{"name":"wp","href":"https:\/\/api.w.org\/{rel}","templated":true}]}}