{"id":968,"date":"2025-10-05T10:52:14","date_gmt":"2025-10-05T10:52:14","guid":{"rendered":"https:\/\/www.kedali.com\/?post_type=product&#038;p=968"},"modified":"2026-02-09T13:22:15","modified_gmt":"2026-02-09T13:22:15","slug":"wholesale-ceramic-cat-bowl-set","status":"publish","type":"product","link":"https:\/\/www.kedali.com\/pt\/produto\/wholesale-ceramic-cat-bowl-set\/","title":{"rendered":"Conjunto de ta\u00e7as de cer\u00e2mica para gatos por grosso, design ador\u00e1vel de orelhas de gato"},"content":{"rendered":"<div class=\"wp-block-columns is-layout-flex wp-container-core-columns-is-layout-9d6595d7 wp-block-columns-is-layout-flex\">\n<div class=\"wp-block-column is-layout-flow wp-block-column-is-layout-flow\">\n<h3 class=\"wp-block-heading\">Carater\u00edsticas do conjunto de tigelas de cer\u00e2mica para gatos<\/h3>\n\n\n\n<ul class=\"wp-block-list\">\n<li><strong>Antibacteriano e resistente ao bolor: <\/strong>A superf\u00edcie lisa de cer\u00e2mica impede a acumula\u00e7\u00e3o de res\u00edduos de alimentos, facilitando a limpeza e reduzindo eficazmente o crescimento bacteriano, ajudando assim a manter a sa\u00fade digestiva do seu animal de estima\u00e7\u00e3o.<\/li>\n\n\n\n<li><strong>Design de ta\u00e7a dupla:<\/strong> Uma grelha met\u00e1lica suporta duas tigelas em simult\u00e2neo, o que \u00e9 conveniente para o seu animal de estima\u00e7\u00e3o beber e comer. Estimula o apetite: As cores quentes e o design das tigelas de cer\u00e2mica aumentam o apelo visual dos alimentos, estimulando indiretamente o apetite do seu animal de estima\u00e7\u00e3o.<\/li>\n\n\n\n<li><strong>F\u00e1cil de limpar: <\/strong>Feitas de cer\u00e2mica suave e delicada, as tigelas para animais de estima\u00e7\u00e3o podem ser lavadas diretamente com \u00e1gua com excelentes resultados de limpeza.<\/li>\n\n\n\n<li><strong>Personaliza\u00e7\u00e3o dispon\u00edvel: <\/strong>Oferecemos pre\u00e7os por grosso e servi\u00e7os de compra a granel, e podemos personalizar para satisfazer as diversas necessidades de empresas e indiv\u00edduos, incluindo a sele\u00e7\u00e3o de cores e padr\u00f5es.<\/li>\n<\/ul>\n\n\n\n<h3 class=\"wp-block-heading\">Servi\u00e7o personalizado<\/h3>\n\n\n\n<ul class=\"wp-block-list\">\n<li>Suporte OEM e ODM<\/li>\n\n\n\n<li>Entrega r\u00e1pida de amostras.<\/li>\n\n\n\n<li>Fornecer forma personalizada do produto, cor, padr\u00e3o, embalagem e outros servi\u00e7os personalizados.<\/li>\n<\/ul>\n<\/div>\n\n\n\n<div class=\"wp-block-column is-layout-flow wp-block-column-is-layout-flow\">\n<figure class=\"wp-block-image size-full\"><img decoding=\"async\" width=\"800\" height=\"800\" src=\"https:\/\/www.kedali.com\/wp-content\/uploads\/2025\/11\/wholesale-ceramic-cat-bowl-8.webp\" alt=\"ta\u00e7a de cer\u00e2mica para gatos por atacado (8)\" class=\"wp-image-976\" srcset=\"https:\/\/www.kedali.com\/wp-content\/uploads\/2025\/11\/wholesale-ceramic-cat-bowl-8.webp 800w, https:\/\/www.kedali.com\/wp-content\/uploads\/2025\/11\/wholesale-ceramic-cat-bowl-8-300x300.webp 300w, https:\/\/www.kedali.com\/wp-content\/uploads\/2025\/11\/wholesale-ceramic-cat-bowl-8-150x150.webp 150w, https:\/\/www.kedali.com\/wp-content\/uploads\/2025\/11\/wholesale-ceramic-cat-bowl-8-768x768.webp 768w, https:\/\/www.kedali.com\/wp-content\/uploads\/2025\/11\/wholesale-ceramic-cat-bowl-8-600x600.webp 600w, https:\/\/www.kedali.com\/wp-content\/uploads\/2025\/11\/wholesale-ceramic-cat-bowl-8-100x100.webp 100w\" sizes=\"(max-width: 800px) 100vw, 800px\" \/><\/figure>\n<\/div>\n<\/div>\n\n\n\n<div class=\"wp-block-columns is-layout-flex wp-container-core-columns-is-layout-9d6595d7 wp-block-columns-is-layout-flex\">\n<div class=\"wp-block-column is-layout-flow wp-block-column-is-layout-flow\">\n<figure class=\"wp-block-image size-full\"><img decoding=\"async\" width=\"800\" height=\"800\" src=\"https:\/\/www.kedali.com\/wp-content\/uploads\/2025\/11\/wholesale-ceramic-cat-bowl-6.webp\" alt=\"tigela de cer\u00e2mica para gatos por atacado (6)\" class=\"wp-image-974\" srcset=\"https:\/\/www.kedali.com\/wp-content\/uploads\/2025\/11\/wholesale-ceramic-cat-bowl-6.webp 800w, https:\/\/www.kedali.com\/wp-content\/uploads\/2025\/11\/wholesale-ceramic-cat-bowl-6-300x300.webp 300w, https:\/\/www.kedali.com\/wp-content\/uploads\/2025\/11\/wholesale-ceramic-cat-bowl-6-150x150.webp 150w, https:\/\/www.kedali.com\/wp-content\/uploads\/2025\/11\/wholesale-ceramic-cat-bowl-6-768x768.webp 768w, https:\/\/www.kedali.com\/wp-content\/uploads\/2025\/11\/wholesale-ceramic-cat-bowl-6-600x600.webp 600w, https:\/\/www.kedali.com\/wp-content\/uploads\/2025\/11\/wholesale-ceramic-cat-bowl-6-100x100.webp 100w\" sizes=\"(max-width: 800px) 100vw, 800px\" \/><\/figure>\n<\/div>\n\n\n\n<div class=\"wp-block-column is-layout-flow wp-block-column-is-layout-flow\">\n<figure class=\"wp-block-image size-full\"><img decoding=\"async\" width=\"800\" height=\"800\" src=\"https:\/\/www.kedali.com\/wp-content\/uploads\/2025\/11\/wholesale-ceramic-cat-bowl-1.webp\" alt=\"ta\u00e7a de cer\u00e2mica para gatos por atacado (1)\" class=\"wp-image-969\" srcset=\"https:\/\/www.kedali.com\/wp-content\/uploads\/2025\/11\/wholesale-ceramic-cat-bowl-1.webp 800w, https:\/\/www.kedali.com\/wp-content\/uploads\/2025\/11\/wholesale-ceramic-cat-bowl-1-300x300.webp 300w, https:\/\/www.kedali.com\/wp-content\/uploads\/2025\/11\/wholesale-ceramic-cat-bowl-1-150x150.webp 150w, https:\/\/www.kedali.com\/wp-content\/uploads\/2025\/11\/wholesale-ceramic-cat-bowl-1-768x768.webp 768w, https:\/\/www.kedali.com\/wp-content\/uploads\/2025\/11\/wholesale-ceramic-cat-bowl-1-600x600.webp 600w, https:\/\/www.kedali.com\/wp-content\/uploads\/2025\/11\/wholesale-ceramic-cat-bowl-1-100x100.webp 100w\" sizes=\"(max-width: 800px) 100vw, 800px\" \/><\/figure>\n<\/div>\n<\/div>\n\n\n\n<p><\/p>","protected":false},"excerpt":{"rendered":"<p>Conjuntos de tigelas para gatos em cer\u00e2mica de alta qualidade, designs ador\u00e1veis com orelhas de gato e um esmalte liso e brilhante. Fabricados em cer\u00e2mica de alta qualidade, s\u00e3o dur\u00e1veis, resistentes e f\u00e1ceis de limpar. Ideal para boutiques de animais de estima\u00e7\u00e3o, lojas de artigos para o lar e lojas de presentes. Oferecemos or\u00e7amentos de f\u00e1brica; contacte-nos.<\/p>\n<h2>Especifica\u00e7\u00f5es do Conjunto de tigelas de cer\u00e2mica para gatos<\/h2>\n<table style=\"border-collapse: collapse; width: 272.27pt;\" border=\"0\" width=\"363\" cellspacing=\"0\" cellpadding=\"0\">\n<tbody>\n<tr style=\"height: 13.50pt;\">\n<td class=\"et2\" style=\"height: 13.50pt; width: 80.25pt;\" width=\"107\" height=\"18\">Marca<\/td>\n<td class=\"et2\" style=\"width: 192.00pt;\" width=\"256\">KDL<\/td>\n<\/tr>\n<tr style=\"height: 13.50pt;\">\n<td class=\"et2\" style=\"height: 13.50pt; width: 80.25pt;\" width=\"107\" height=\"18\">Modelo<\/td>\n<td class=\"et2\" style=\"width: 192.00pt;\" width=\"256\">DTOS446<\/td>\n<\/tr>\n<tr style=\"height: 13.50pt;\">\n<td class=\"et2\" style=\"height: 13.50pt; width: 80.25pt;\" width=\"107\" height=\"18\">Material<\/td>\n<td class=\"et2\" style=\"width: 192.00pt;\" width=\"256\">cer\u00e2mica<\/td>\n<\/tr>\n<tr style=\"height: 13.50pt;\">\n<td class=\"et2\" style=\"height: 13.50pt; width: 80.25pt;\" width=\"107\" height=\"18\">cor<\/td>\n<td class=\"et2\" style=\"width: 192.00pt;\" width=\"256\">personalizado<\/td>\n<\/tr>\n<tr style=\"height: 13.50pt;\">\n<td class=\"et2\" style=\"height: 13.50pt; width: 80.25pt;\" width=\"107\" height=\"18\">Aplica\u00e7\u00e3o<\/td>\n<td class=\"et2\" style=\"width: 192.00pt;\" width=\"256\">armazenamento de alimentos para animais de estima\u00e7\u00e3o<\/td>\n<\/tr>\n<tr style=\"height: 13.50pt;\">\n<td class=\"et2\" style=\"height: 13.50pt; width: 80.25pt;\" width=\"107\" height=\"18\">Carater\u00edstica<\/td>\n<td class=\"et2\" style=\"width: 192.00pt;\" width=\"256\">Cor vidrada<\/td>\n<\/tr>\n<tr style=\"height: 13.50pt;\">\n<td class=\"et2\" style=\"height: 13.50pt; width: 80.25pt;\" width=\"107\" height=\"18\">Dimens\u00f5es<\/td>\n<td class=\"et2\" style=\"width: 192.00pt;\" width=\"256\">ta\u00e7a:15,5*15,5*7,9cm<\/td>\n<\/tr>\n<tr style=\"height: 27.00pt;\">\n<td class=\"et2\" style=\"height: 27.00pt; width: 80.25pt;\" width=\"107\" height=\"36\">Peso bruto (kg)<\/td>\n<td class=\"et2\" style=\"width: 192.00pt;\" width=\"256\">1,5 kg<\/td>\n<\/tr>\n<tr style=\"height: 40.50pt;\">\n<td class=\"et2\" style=\"height: 40.50pt; width: 80.25pt;\" width=\"107\" height=\"54\">Quantidade m\u00ednima de encomenda<\/td>\n<td class=\"et2\" style=\"width: 192.00pt;\" width=\"256\">800 conjuntos<\/td>\n<\/tr>\n<\/tbody>\n<\/table>\n<p><script src=\"chrome-extension:\/\/fpelahbljekknahkcaegamhcndkfpfnc\/iFrame.js\" type=\"text\/javascript\"><\/script><\/p>","protected":false},"featured_media":969,"comment_status":"closed","ping_status":"closed","template":"","meta":{"_acf_changed":false},"product_brand":[],"product_cat":[22,54],"product_tag":[],"class_list":{"0":"post-968","1":"product","2":"type-product","3":"status-publish","4":"has-post-thumbnail","6":"product_cat-wholesale-ceramic-pet-supplies","7":"product_cat-wholesale-ceramic-pet-bowls","9":"first","10":"instock","11":"shipping-taxable","12":"product-type-simple"},"acf":[],"_links":{"self":[{"href":"https:\/\/www.kedali.com\/pt\/wp-json\/wp\/v2\/product\/968","targetHints":{"allow":["GET"]}}],"collection":[{"href":"https:\/\/www.kedali.com\/pt\/wp-json\/wp\/v2\/product"}],"about":[{"href":"https:\/\/www.kedali.com\/pt\/wp-json\/wp\/v2\/types\/product"}],"replies":[{"embeddable":true,"href":"https:\/\/www.kedali.com\/pt\/wp-json\/wp\/v2\/comments?post=968"}],"wp:featuredmedia":[{"embeddable":true,"href":"https:\/\/www.kedali.com\/pt\/wp-json\/wp\/v2\/media\/969"}],"wp:attachment":[{"href":"https:\/\/www.kedali.com\/pt\/wp-json\/wp\/v2\/media?parent=968"}],"wp:term":[{"taxonomy":"product_brand","embeddable":true,"href":"https:\/\/www.kedali.com\/pt\/wp-json\/wp\/v2\/product_brand?post=968"},{"taxonomy":"product_cat","embeddable":true,"href":"https:\/\/www.kedali.com\/pt\/wp-json\/wp\/v2\/product_cat?post=968"},{"taxonomy":"product_tag","embeddable":true,"href":"https:\/\/www.kedali.com\/pt\/wp-json\/wp\/v2\/product_tag?post=968"}],"curies":[{"name":"wp","href":"https:\/\/api.w.org\/{rel}","templated":true}]}}