{"id":988,"date":"2025-10-05T11:42:47","date_gmt":"2025-10-05T11:42:47","guid":{"rendered":"https:\/\/www.kedali.com\/?post_type=product&#038;p=988"},"modified":"2025-11-13T03:02:03","modified_gmt":"2025-11-13T03:02:03","slug":"wholesale-ceramic-jug-vase","status":"publish","type":"product","link":"https:\/\/www.kedali.com\/pt\/produto\/wholesale-ceramic-jug-vase\/","title":{"rendered":"Vaso de cer\u00e2mica para jarras de estilo rural por atacado, esmalte de cor creme"},"content":{"rendered":"<div class=\"wp-block-columns is-layout-flex wp-container-core-columns-is-layout-9d6595d7 wp-block-columns-is-layout-flex\">\n<div class=\"wp-block-column is-layout-flow wp-block-column-is-layout-flow\">\n<h3 class=\"wp-block-heading\">Carater\u00edsticas da Jarra de cer\u00e2mica<\/h3>\n\n\n\n<ul class=\"wp-block-list\">\n<li><strong>Conce\u00e7\u00e3o est\u00e9tica:<\/strong> Este vaso combina praticidade e arte, com os seus contornos arredondados e curvas elegantes a integrarem-se perfeitamente em v\u00e1rios estilos de decora\u00e7\u00e3o.<\/li>\n\n\n\n<li><strong>Aplica\u00e7\u00e3o vers\u00e1til:<\/strong> Pode ser colocado de forma flex\u00edvel em mesas de centro de salas de estar, mesas de cabeceira de quartos, secret\u00e1rias e outras \u00e1reas. Em conjunto com vegeta\u00e7\u00e3o e flores frescas, eleva instantaneamente o estilo do espa\u00e7o, dando um toque de ritual \u00e0 vida.<\/li>\n\n\n\n<li><strong>Praticidade: <\/strong>Fabricado em cer\u00e2mica dur\u00e1vel, a sua excelente veda\u00e7\u00e3o proporciona um ambiente de crescimento est\u00e1vel para as flores, prolongando o seu per\u00edodo de flora\u00e7\u00e3o. O design de abertura do vaso \u00e9 adequado para v\u00e1rias flores, satisfazendo as necessidades di\u00e1rias de arranjos florais.<\/li>\n\n\n\n<li><strong>Resson\u00e2ncia emocional: <\/strong>A combina\u00e7\u00e3o de flores frescas e um vaso pode acalmar a alma, aliviar o stress e tornar a vida mais calorosa e convidativa.<\/li>\n\n\n\n<li><strong>Personaliza\u00e7\u00e3o dispon\u00edvel:<\/strong> Oferecemos pre\u00e7os por grosso e servi\u00e7os de compra a granel, e podemos personalizar de acordo com as necessidades do cliente, incluindo a sele\u00e7\u00e3o de cores e padr\u00f5es, para satisfazer as diversas necessidades de empresas e particulares.<\/li>\n<\/ul>\n\n\n\n<h3 class=\"wp-block-heading\">Servi\u00e7o personalizado<\/h3>\n\n\n\n<ul class=\"wp-block-list\">\n<li>Suporte OEM e ODM<\/li>\n\n\n\n<li>Entrega r\u00e1pida de amostras.<\/li>\n\n\n\n<li>Fornecer forma personalizada do produto, cor, padr\u00e3o, embalagem e outros servi\u00e7os personalizados.<\/li>\n<\/ul>\n<\/div>\n\n\n\n<div class=\"wp-block-column is-layout-flow wp-block-column-is-layout-flow\">\n<figure class=\"wp-block-image size-full\"><img decoding=\"async\" width=\"800\" height=\"800\" src=\"https:\/\/www.kedali.com\/wp-content\/uploads\/2025\/11\/wholesale-ceramic-vase5.webp\" alt=\"vaso de cer\u00e2mica por atacado(5)\" class=\"wp-image-998\" srcset=\"https:\/\/www.kedali.com\/wp-content\/uploads\/2025\/11\/wholesale-ceramic-vase5.webp 800w, https:\/\/www.kedali.com\/wp-content\/uploads\/2025\/11\/wholesale-ceramic-vase5-300x300.webp 300w, https:\/\/www.kedali.com\/wp-content\/uploads\/2025\/11\/wholesale-ceramic-vase5-150x150.webp 150w, https:\/\/www.kedali.com\/wp-content\/uploads\/2025\/11\/wholesale-ceramic-vase5-768x768.webp 768w, https:\/\/www.kedali.com\/wp-content\/uploads\/2025\/11\/wholesale-ceramic-vase5-600x600.webp 600w, https:\/\/www.kedali.com\/wp-content\/uploads\/2025\/11\/wholesale-ceramic-vase5-100x100.webp 100w\" sizes=\"(max-width: 800px) 100vw, 800px\" \/><\/figure>\n<\/div>\n<\/div>\n\n\n\n<div class=\"wp-block-columns is-layout-flex wp-container-core-columns-is-layout-9d6595d7 wp-block-columns-is-layout-flex\">\n<div class=\"wp-block-column is-layout-flow wp-block-column-is-layout-flow\">\n<figure class=\"wp-block-image size-full\"><img decoding=\"async\" width=\"800\" height=\"800\" src=\"https:\/\/www.kedali.com\/wp-content\/uploads\/2025\/11\/wholesale-ceramic-vase3.webp\" alt=\"vaso de cer\u00e2mica por atacado(3)\" class=\"wp-image-996\" srcset=\"https:\/\/www.kedali.com\/wp-content\/uploads\/2025\/11\/wholesale-ceramic-vase3.webp 800w, https:\/\/www.kedali.com\/wp-content\/uploads\/2025\/11\/wholesale-ceramic-vase3-300x300.webp 300w, https:\/\/www.kedali.com\/wp-content\/uploads\/2025\/11\/wholesale-ceramic-vase3-150x150.webp 150w, https:\/\/www.kedali.com\/wp-content\/uploads\/2025\/11\/wholesale-ceramic-vase3-768x768.webp 768w, https:\/\/www.kedali.com\/wp-content\/uploads\/2025\/11\/wholesale-ceramic-vase3-600x600.webp 600w, https:\/\/www.kedali.com\/wp-content\/uploads\/2025\/11\/wholesale-ceramic-vase3-100x100.webp 100w\" sizes=\"(max-width: 800px) 100vw, 800px\" \/><\/figure>\n<\/div>\n\n\n\n<div class=\"wp-block-column is-layout-flow wp-block-column-is-layout-flow\">\n<figure class=\"wp-block-image size-full\"><img decoding=\"async\" width=\"800\" height=\"800\" src=\"https:\/\/www.kedali.com\/wp-content\/uploads\/2025\/11\/wholesale-ceramic-vase1.webp\" alt=\"vaso de cer\u00e2mica por atacado(1)\" class=\"wp-image-994\" srcset=\"https:\/\/www.kedali.com\/wp-content\/uploads\/2025\/11\/wholesale-ceramic-vase1.webp 800w, https:\/\/www.kedali.com\/wp-content\/uploads\/2025\/11\/wholesale-ceramic-vase1-300x300.webp 300w, https:\/\/www.kedali.com\/wp-content\/uploads\/2025\/11\/wholesale-ceramic-vase1-150x150.webp 150w, https:\/\/www.kedali.com\/wp-content\/uploads\/2025\/11\/wholesale-ceramic-vase1-768x768.webp 768w, https:\/\/www.kedali.com\/wp-content\/uploads\/2025\/11\/wholesale-ceramic-vase1-600x600.webp 600w, https:\/\/www.kedali.com\/wp-content\/uploads\/2025\/11\/wholesale-ceramic-vase1-100x100.webp 100w\" sizes=\"(max-width: 800px) 100vw, 800px\" \/><\/figure>\n<\/div>\n<\/div>","protected":false},"excerpt":{"rendered":"<p>Vasos de cer\u00e2mica por grosso. Este ador\u00e1vel vaso de cer\u00e2mica de cor creme, com a forma de uma chaleira, \u00e9 perfeito para exibir girass\u00f3is e outras flores, acrescentando eleg\u00e2ncia a qualquer espa\u00e7o. Contacte-nos para obter uma cota\u00e7\u00e3o de f\u00e1brica.<\/p>\n<h2>Especifica\u00e7\u00f5es da Jarra de cer\u00e2mica<\/h2>\n<table width=\"363\">\n<tbody>\n<tr>\n<td width=\"107\">Marca<\/td>\n<td width=\"256\">KDL<\/td>\n<\/tr>\n<tr>\n<td width=\"107\">Modelo<\/td>\n<td width=\"256\">BQ1722-GE-f238\u00a0<\/td>\n<\/tr>\n<tr>\n<td width=\"107\">Material<\/td>\n<td width=\"256\">cer\u00e2mica<\/td>\n<\/tr>\n<tr>\n<td width=\"107\">cor<\/td>\n<td width=\"256\">marfim<\/td>\n<\/tr>\n<tr>\n<td width=\"107\">Aplica\u00e7\u00e3o<\/td>\n<td width=\"256\">decora\u00e7\u00e3o em cer\u00e2mica<\/td>\n<\/tr>\n<tr>\n<td width=\"107\">Carater\u00edstica<\/td>\n<td width=\"256\">Serigrafia<\/td>\n<\/tr>\n<tr>\n<td width=\"107\">Dimens\u00f5es<\/td>\n<td width=\"256\">19*15,5*18,5cm<\/td>\n<\/tr>\n<tr>\n<td width=\"107\">Peso bruto (kg)<\/td>\n<td width=\"256\">1,3 kg<\/td>\n<\/tr>\n<tr>\n<td width=\"107\">Quantidade m\u00ednima de encomenda<\/td>\n<td width=\"256\">800 conjuntos<\/td>\n<\/tr>\n<\/tbody>\n<\/table>\n<p>&nbsp;<\/p>\n<p><script src=\"chrome-extension:\/\/fpelahbljekknahkcaegamhcndkfpfnc\/iFrame.js\" type=\"text\/javascript\"><\/script><\/p>","protected":false},"featured_media":994,"comment_status":"closed","ping_status":"closed","template":"","meta":{"_acf_changed":false},"product_brand":[],"product_cat":[38],"product_tag":[],"class_list":{"0":"post-988","1":"product","2":"type-product","3":"status-publish","4":"has-post-thumbnail","6":"product_cat-wholesale-ceramic-home-decor","8":"first","9":"instock","10":"shipping-taxable","11":"product-type-simple"},"acf":[],"_links":{"self":[{"href":"https:\/\/www.kedali.com\/pt\/wp-json\/wp\/v2\/product\/988","targetHints":{"allow":["GET"]}}],"collection":[{"href":"https:\/\/www.kedali.com\/pt\/wp-json\/wp\/v2\/product"}],"about":[{"href":"https:\/\/www.kedali.com\/pt\/wp-json\/wp\/v2\/types\/product"}],"replies":[{"embeddable":true,"href":"https:\/\/www.kedali.com\/pt\/wp-json\/wp\/v2\/comments?post=988"}],"wp:featuredmedia":[{"embeddable":true,"href":"https:\/\/www.kedali.com\/pt\/wp-json\/wp\/v2\/media\/994"}],"wp:attachment":[{"href":"https:\/\/www.kedali.com\/pt\/wp-json\/wp\/v2\/media?parent=988"}],"wp:term":[{"taxonomy":"product_brand","embeddable":true,"href":"https:\/\/www.kedali.com\/pt\/wp-json\/wp\/v2\/product_brand?post=988"},{"taxonomy":"product_cat","embeddable":true,"href":"https:\/\/www.kedali.com\/pt\/wp-json\/wp\/v2\/product_cat?post=988"},{"taxonomy":"product_tag","embeddable":true,"href":"https:\/\/www.kedali.com\/pt\/wp-json\/wp\/v2\/product_tag?post=988"}],"curies":[{"name":"wp","href":"https:\/\/api.w.org\/{rel}","templated":true}]}}